{"id":4193,"date":"2025-07-23T14:48:29","date_gmt":"2025-07-23T14:48:29","guid":{"rendered":"https:\/\/smallagrimachinery.com\/?post_type=product&#038;p=4193"},"modified":"2025-07-24T06:37:45","modified_gmt":"2025-07-24T06:37:45","slug":"brand-high-quality-air-pneumatic-oil-filter-machine-edible-oil-filtration","status":"publish","type":"product","link":"https:\/\/smallagrimachinery.com\/vi\/product\/brand-high-quality-air-pneumatic-oil-filter-machine-edible-oil-filtration\/","title":{"rendered":"M\u00e1y l\u1ecdc d\u1ea7u kh\u00ed n\u00e9n ch\u1ea5t l\u01b0\u1ee3ng cao th\u01b0\u01a1ng hi\u1ec7u l\u1ecdc d\u1ea7u \u0103n"},"content":{"rendered":"<h2>Gi\u1edbi thi\u1ec7u<\/h2>\n<p>M\u00e1y L\u1ecdc D\u1ea7u \u00c1p Su\u1ea5t Kh\u00ed l\u00e0 gi\u1ea3i ph\u00e1p l\u1ecdc hi\u1ec7n \u0111\u1ea1i \u0111\u01b0\u1ee3c thi\u1ebft k\u1ebf \u0111\u1eb7c bi\u1ec7t \u0111\u1ec3 b\u1ed5 sung cho m\u00e1y \u00e9p d\u1ea7u v\u00e0 mang l\u1ea1i d\u1ea7u \u0103n s\u1ea1ch h\u01a1n, ch\u1ea5t l\u01b0\u1ee3ng cao h\u01a1n. B\u1eb1ng c\u00e1ch t\u00edch h\u1ee3p b\u1ed9 l\u1ecdc n\u00e0y v\u1edbi m\u00e1y \u00e9p d\u1ea7u tr\u1ee5c v\u00edt, b\u1ea1n c\u00f3 th\u1ec3 x\u00e2y d\u1ef1ng m\u1ed9t d\u00e2y chuy\u1ec1n s\u1ea3n xu\u1ea5t d\u1ea7u \u0103n ho\u00e0n ch\u1ec9nh - t\u1eeb \u00e9p h\u1ea1t th\u00f4 \u0111\u1ebfn s\u1ea3n xu\u1ea5t d\u1ea7u tinh luy\u1ec7n - gi\u00fap tinh g\u1ecdn ho\u1ea1t \u0111\u1ed9ng v\u00e0 t\u0103ng l\u1ee3i nhu\u1eadn.<\/p>\n<h3><strong><b>C\u00e1ch th\u1ee9c ho\u1ea1t \u0111\u1ed9ng:<\/b><\/strong><\/h3>\n<p>B\u1ed9 l\u1ecdc s\u1eed d\u1ee5ng kh\u00ed n\u00e9n l\u00e0m \u0111\u1ed9ng l\u1ef1c \u0111\u1ec3 \u0111\u1ea9y d\u1ea7u th\u00f4 qua v\u1eadt li\u1ec7u l\u1ecdc ch\u1ea5t l\u01b0\u1ee3ng cao. Qu\u00e1 tr\u00ecnh n\u00e0y nhanh ch\u00f3ng v\u00e0 hi\u1ec7u qu\u1ea3 t\u00e1ch c\u1eb7n d\u1ea7u v\u00e0 t\u1ea1p ch\u1ea5t, kh\u1eafc ph\u1ee5c c\u00e1c v\u1ea5n \u0111\u1ec1 th\u01b0\u1eddng g\u1eb7p v\u1ec1 r\u00f2 r\u1ec9, th\u1ea5t tho\u00e1t d\u1ea7u v\u00e0 v\u1eadn h\u00e0nh ph\u1ee9c t\u1ea1p c\u1ee7a c\u00e1c b\u1ed9 l\u1ecdc d\u1ea1ng t\u1ea5m v\u00e0 khung truy\u1ec1n th\u1ed1ng. K\u1ebft qu\u1ea3 l\u00e0 d\u1ea7u trong, s\u00e1ng, s\u1eb5n s\u00e0ng \u0111\u1ec3 s\u1eed d\u1ee5ng tr\u1ef1c ti\u1ebfp ho\u1eb7c tinh ch\u1ebf th\u00eam.<\/p>\n<h4><strong><b>C\u00e1c t\u00ednh n\u0103ng v\u00e0 l\u1ee3i \u00edch ch\u00ednh:<\/b><\/strong><\/h4>\n<ul>\n<li>Hi\u1ec7u su\u1ea5t t\u00e1ch m\u1ea1nh: Lo\u1ea1i b\u1ecf t\u1ea1p ch\u1ea5t hi\u1ec7u qu\u1ea3, ng\u0103n ng\u1eeba \u00f4 nhi\u1ec5m v\u00e0 c\u1ea3i thi\u1ec7n ch\u1ea5t l\u01b0\u1ee3ng d\u1ea7u.<\/li>\n<li>Thi\u1ebft k\u1ebf nh\u1ecf g\u1ecdn v\u00e0 ch\u1eafc ch\u1eafn: \u0110\u01b0\u1ee3c ch\u1ebf t\u1ea1o b\u1eb1ng c\u00e1c linh ki\u1ec7n ch\u1ea5t l\u01b0\u1ee3ng cao \u0111\u1ec3 \u0111\u1ea3m b\u1ea3o tu\u1ed5i th\u1ecd l\u00e2u d\u00e0i v\u00e0 hi\u1ec7u su\u1ea5t \u0111\u00e1ng tin c\u1eady.<\/li>\n<li>D\u1ec5 s\u1eed d\u1ee5ng: \u0110i\u1ec1u khi\u1ec3n v\u1eadn h\u00e0nh \u0111\u01a1n gi\u1ea3n v\u00e0 b\u1ea3o tr\u00ec thu\u1eadn ti\u1ec7n khi\u1ebfn s\u1ea3n ph\u1ea9m ph\u00f9 h\u1ee3p v\u1edbi c\u1ea3 x\u01b0\u1edfng nh\u1ecf v\u00e0 c\u01a1 s\u1edf ch\u1ebf bi\u1ebfn l\u1edbn.<\/li>\n<li>\u1ee8ng d\u1ee5ng r\u1ed9ng r\u00e3i: L\u00fd t\u01b0\u1edfng \u0111\u1ec3 l\u1ecdc c\u00e1c lo\u1ea1i d\u1ea7u \u0103n nh\u01b0 d\u1ea7u \u0111\u1eadu n\u00e0nh, d\u1ea7u \u0111\u1eadu ph\u1ed9ng, d\u1ea7u h\u01b0\u1edbng d\u01b0\u01a1ng, d\u1ea7u h\u1ea1t c\u1ea3i, v.v.<\/li>\n<\/ul>\n<p>Cho d\u00f9 b\u1ea1n l\u00e0 ng\u01b0\u1eddi ch\u1ebf bi\u1ebfn ri\u00eang l\u1ebb hay \u0111i\u1ec1u h\u00e0nh m\u1ed9t nh\u00e0 m\u00e1y l\u1ecdc d\u1ea7u nh\u1ecf, M\u00e1y l\u1ecdc d\u1ea7u \u00e1p su\u1ea5t kh\u00f4ng kh\u00ed n\u00e0y cung c\u1ea5p gi\u1ea3i ph\u00e1p chuy\u00ean nghi\u1ec7p, hi\u1ec7u qu\u1ea3 v\u00e0 th\u00e2n thi\u1ec7n v\u1edbi ng\u01b0\u1eddi d\u00f9ng \u0111\u1ec3 n\u00e2ng cao ch\u1ea5t l\u01b0\u1ee3ng v\u00e0 hi\u1ec7u qu\u1ea3 s\u1ea3n xu\u1ea5t d\u1ea7u c\u1ee7a b\u1ea1n.<\/p>\n<table border=\"1\">\n<tbody>\n<tr bgcolor=\"#123F53\">\n<th style=\"text-align: center;\" colspan=\"3\"><strong><span style=\"color: #fff;\">M\u00e1y l\u1ecdc d\u1ea7u \u00e1p su\u1ea5t kh\u00ed ch\u1ea5t l\u01b0\u1ee3ng cao<br \/>\n<\/span><\/strong><\/th>\n<\/tr>\n<tr>\n<th>Ng\u01b0\u1eddi m\u1eabu<\/th>\n<th>GX600*1<\/th>\n<th>GX600*2<\/th>\n<\/tr>\n<tr>\n<th>C\u00f4ng su\u1ea5t x\u1eed l\u00fd (L\/h)<\/th>\n<td>80<\/td>\n<td>140<\/td>\n<\/tr>\n<tr>\n<th>\u00c1p su\u1ea5t l\u00e0m vi\u1ec7c (MPa)<\/th>\n<td>\u22640,60<\/td>\n<td>\u22640,60<\/td>\n<\/tr>\n<tr>\n<th>\u0110i\u1ec7n \u00e1p (V)<\/th>\n<td>380<\/td>\n<td>380<\/td>\n<\/tr>\n<tr>\n<th>C\u00f4ng su\u1ea5t \u0111i\u1ec7n (kW)<\/th>\n<td>1.5<\/td>\n<td>1.5<\/td>\n<\/tr>\n<tr>\n<th>Di\u1ec7n t\u00edch l\u1ecdc (m\u00b2)<\/th>\n<td>0.21<\/td>\n<td>0.42<\/td>\n<\/tr>\n<tr>\n<th>K\u00edch th\u01b0\u1edbc (D*R*C) (mm)<\/th>\n<td>1160*850*1050<\/td>\n<td>1700*830*1050<\/td>\n<\/tr>\n<tr>\n<th>Tr\u1ecdng l\u01b0\u1ee3ng (kg)<\/th>\n<td>185<\/td>\n<td>266<\/td>\n<\/tr>\n<\/tbody>\n<\/table>\n<p><img fetchpriority=\"high\" decoding=\"async\" class=\"alignnone size-full wp-image-4202\" src=\"https:\/\/smallagrimachinery.com\/wp-content\/uploads\/2025\/07\/Brand-high-quality-Air-Pressure-Oil-Filter-Machine-edible-oil-filtration-8.webp\" alt=\"\" width=\"720\" height=\"480\" srcset=\"https:\/\/smallagrimachinery.com\/wp-content\/uploads\/2025\/07\/Brand-high-quality-Air-Pressure-Oil-Filter-Machine-edible-oil-filtration-8.webp 720w, https:\/\/smallagrimachinery.com\/wp-content\/uploads\/2025\/07\/Brand-high-quality-Air-Pressure-Oil-Filter-Machine-edible-oil-filtration-8-500x333.webp 500w, https:\/\/smallagrimachinery.com\/wp-content\/uploads\/2025\/07\/Brand-high-quality-Air-Pressure-Oil-Filter-Machine-edible-oil-filtration-8-18x12.webp 18w, https:\/\/smallagrimachinery.com\/wp-content\/uploads\/2025\/07\/Brand-high-quality-Air-Pressure-Oil-Filter-Machine-edible-oil-filtration-8-700x467.webp 700w\" sizes=\"(max-width: 720px) 100vw, 720px\" \/> <img decoding=\"async\" class=\"alignnone size-full wp-image-4205\" src=\"https:\/\/smallagrimachinery.com\/wp-content\/uploads\/2025\/07\/Brand-high-quality-Air-Pressure-Oil-Filter-Machine-edible-oil-filtration-7.webp\" alt=\"\" width=\"720\" height=\"604\" srcset=\"https:\/\/smallagrimachinery.com\/wp-content\/uploads\/2025\/07\/Brand-high-quality-Air-Pressure-Oil-Filter-Machine-edible-oil-filtration-7.webp 720w, https:\/\/smallagrimachinery.com\/wp-content\/uploads\/2025\/07\/Brand-high-quality-Air-Pressure-Oil-Filter-Machine-edible-oil-filtration-7-500x419.webp 500w, https:\/\/smallagrimachinery.com\/wp-content\/uploads\/2025\/07\/Brand-high-quality-Air-Pressure-Oil-Filter-Machine-edible-oil-filtration-7-14x12.webp 14w, https:\/\/smallagrimachinery.com\/wp-content\/uploads\/2025\/07\/Brand-high-quality-Air-Pressure-Oil-Filter-Machine-edible-oil-filtration-7-700x587.webp 700w\" sizes=\"(max-width: 720px) 100vw, 720px\" \/> <img decoding=\"async\" class=\"alignnone  wp-image-4203\" src=\"https:\/\/smallagrimachinery.com\/wp-content\/uploads\/2025\/07\/Brand-high-quality-Air-Pressure-Oil-Filter-Machine-edible-oil-filtration-Details-1.webp\" alt=\"\" width=\"720\" height=\"720\" srcset=\"https:\/\/smallagrimachinery.com\/wp-content\/uploads\/2025\/07\/Brand-high-quality-Air-Pressure-Oil-Filter-Machine-edible-oil-filtration-Details-1.webp 900w, https:\/\/smallagrimachinery.com\/wp-content\/uploads\/2025\/07\/Brand-high-quality-Air-Pressure-Oil-Filter-Machine-edible-oil-filtration-Details-1-500x500.webp 500w, https:\/\/smallagrimachinery.com\/wp-content\/uploads\/2025\/07\/Brand-high-quality-Air-Pressure-Oil-Filter-Machine-edible-oil-filtration-Details-1-150x150.webp 150w, https:\/\/smallagrimachinery.com\/wp-content\/uploads\/2025\/07\/Brand-high-quality-Air-Pressure-Oil-Filter-Machine-edible-oil-filtration-Details-1-768x768.webp 768w, https:\/\/smallagrimachinery.com\/wp-content\/uploads\/2025\/07\/Brand-high-quality-Air-Pressure-Oil-Filter-Machine-edible-oil-filtration-Details-1-12x12.webp 12w, https:\/\/smallagrimachinery.com\/wp-content\/uploads\/2025\/07\/Brand-high-quality-Air-Pressure-Oil-Filter-Machine-edible-oil-filtration-Details-1-300x300.webp 300w, https:\/\/smallagrimachinery.com\/wp-content\/uploads\/2025\/07\/Brand-high-quality-Air-Pressure-Oil-Filter-Machine-edible-oil-filtration-Details-1-700x700.webp 700w, https:\/\/smallagrimachinery.com\/wp-content\/uploads\/2025\/07\/Brand-high-quality-Air-Pressure-Oil-Filter-Machine-edible-oil-filtration-Details-1-100x100.webp 100w\" sizes=\"(max-width: 720px) 100vw, 720px\" \/> <img loading=\"lazy\" decoding=\"async\" class=\"alignnone  wp-image-4204\" src=\"https:\/\/smallagrimachinery.com\/wp-content\/uploads\/2025\/07\/Brand-high-quality-Air-Pressure-Oil-Filter-Machine-edible-oil-filtration-Details-1-2.webp\" alt=\"\" width=\"720\" height=\"720\" srcset=\"https:\/\/smallagrimachinery.com\/wp-content\/uploads\/2025\/07\/Brand-high-quality-Air-Pressure-Oil-Filter-Machine-edible-oil-filtration-Details-1-2.webp 900w, https:\/\/smallagrimachinery.com\/wp-content\/uploads\/2025\/07\/Brand-high-quality-Air-Pressure-Oil-Filter-Machine-edible-oil-filtration-Details-1-2-500x500.webp 500w, https:\/\/smallagrimachinery.com\/wp-content\/uploads\/2025\/07\/Brand-high-quality-Air-Pressure-Oil-Filter-Machine-edible-oil-filtration-Details-1-2-150x150.webp 150w, https:\/\/smallagrimachinery.com\/wp-content\/uploads\/2025\/07\/Brand-high-quality-Air-Pressure-Oil-Filter-Machine-edible-oil-filtration-Details-1-2-768x768.webp 768w, https:\/\/smallagrimachinery.com\/wp-content\/uploads\/2025\/07\/Brand-high-quality-Air-Pressure-Oil-Filter-Machine-edible-oil-filtration-Details-1-2-12x12.webp 12w, https:\/\/smallagrimachinery.com\/wp-content\/uploads\/2025\/07\/Brand-high-quality-Air-Pressure-Oil-Filter-Machine-edible-oil-filtration-Details-1-2-300x300.webp 300w, https:\/\/smallagrimachinery.com\/wp-content\/uploads\/2025\/07\/Brand-high-quality-Air-Pressure-Oil-Filter-Machine-edible-oil-filtration-Details-1-2-700x700.webp 700w, https:\/\/smallagrimachinery.com\/wp-content\/uploads\/2025\/07\/Brand-high-quality-Air-Pressure-Oil-Filter-Machine-edible-oil-filtration-Details-1-2-100x100.webp 100w\" sizes=\"(max-width: 720px) 100vw, 720px\" \/><\/p>","protected":false},"excerpt":{"rendered":"<ul>\n<li><b><\/b><strong><b>L\u1ecdc d\u1ea7u th\u00f4 hi\u1ec7u su\u1ea5t cao: <\/b><\/strong>T\u00e1ch d\u1ea7u th\u00f4 v\u00e0 c\u1eb7n nhanh ch\u00f3ng, \u0111\u1ea3m b\u1ea3o d\u1ea7u \u0103n tinh khi\u1ebft, trong su\u1ed1t v\u1edbi l\u01b0\u1ee3ng th\u1ea5t tho\u00e1t t\u1ed1i thi\u1ec3u.<\/li>\n<li><b><\/b><strong><b>C\u00f4ng ngh\u1ec7 l\u1ecdc \u00e1p su\u1ea5t kh\u00f4ng kh\u00ed ti\u00ean ti\u1ebfn: <\/b><\/strong>S\u1eed d\u1ee5ng kh\u00ed n\u00e9n l\u00e0m \u0111\u1ed9ng l\u1ef1c \u0111\u1ec3 \u0111\u1ea1t hi\u1ec7u su\u1ea5t l\u1ecdc \u00e1p su\u1ea5t cao, kh\u00f4ng r\u00f2 r\u1ec9.<\/li>\n<li><b><\/b><strong><b>Gi\u1ea3i ph\u00e1p \u00e9p v\u00e0 l\u1ecdc d\u1ea7u t\u00edch h\u1ee3p: <\/b><\/strong>\u0110\u01b0\u1ee3c thi\u1ebft k\u1ebf \u0111\u1ec3 ho\u1ea1t \u0111\u1ed9ng li\u1ec1n m\u1ea1ch v\u1edbi m\u00e1y \u00e9p d\u1ea7u tr\u1ee5c v\u00edt, t\u1ea1o th\u00e0nh d\u00e2y chuy\u1ec1n s\u1ea3n xu\u1ea5t d\u1ea7u \u0103n ho\u00e0n ch\u1ec9nh.<\/li>\n<li><b><\/b><strong><b>B\u1ec1n, d\u1ec5 v\u1eadn h\u00e0nh v\u00e0 b\u1ea3o tr\u00ec: <\/b><\/strong>\u0110i\u1ec1u khi\u1ec3n \u0111\u01a1n gi\u1ea3n, k\u1ebft c\u1ea5u ch\u1eafc ch\u1eafn v\u00e0 thi\u1ebft k\u1ebf \u00edt b\u1ea3o tr\u00ec \u0111\u1ec3 s\u1eed d\u1ee5ng \u0111\u00e1ng tin c\u1eady l\u00e2u d\u00e0i.<\/li>\n<\/ul>","protected":false},"featured_media":4200,"comment_status":"open","ping_status":"closed","template":"","meta":[],"product_brand":[],"product_cat":[41],"product_tag":[44],"class_list":{"0":"post-4193","1":"product","2":"type-product","3":"status-publish","4":"has-post-thumbnail","6":"product_cat-oil-filter-machine","7":"product_tag-pneumatic-oil-filter","9":"first","10":"instock","11":"taxable","12":"shipping-taxable","13":"product-type-simple"},"_links":{"self":[{"href":"https:\/\/smallagrimachinery.com\/vi\/wp-json\/wp\/v2\/product\/4193","targetHints":{"allow":["GET"]}}],"collection":[{"href":"https:\/\/smallagrimachinery.com\/vi\/wp-json\/wp\/v2\/product"}],"about":[{"href":"https:\/\/smallagrimachinery.com\/vi\/wp-json\/wp\/v2\/types\/product"}],"replies":[{"embeddable":true,"href":"https:\/\/smallagrimachinery.com\/vi\/wp-json\/wp\/v2\/comments?post=4193"}],"wp:featuredmedia":[{"embeddable":true,"href":"https:\/\/smallagrimachinery.com\/vi\/wp-json\/wp\/v2\/media\/4200"}],"wp:attachment":[{"href":"https:\/\/smallagrimachinery.com\/vi\/wp-json\/wp\/v2\/media?parent=4193"}],"wp:term":[{"taxonomy":"product_brand","embeddable":true,"href":"https:\/\/smallagrimachinery.com\/vi\/wp-json\/wp\/v2\/product_brand?post=4193"},{"taxonomy":"product_cat","embeddable":true,"href":"https:\/\/smallagrimachinery.com\/vi\/wp-json\/wp\/v2\/product_cat?post=4193"},{"taxonomy":"product_tag","embeddable":true,"href":"https:\/\/smallagrimachinery.com\/vi\/wp-json\/wp\/v2\/product_tag?post=4193"}],"curies":[{"name":"wp","href":"https:\/\/api.w.org\/{rel}","templated":true}]}}