{"id":4110,"date":"2025-07-20T08:14:46","date_gmt":"2025-07-20T08:14:46","guid":{"rendered":"https:\/\/smallagrimachinery.com\/?post_type=product&#038;p=4110"},"modified":"2025-07-20T08:14:46","modified_gmt":"2025-07-20T08:14:46","slug":"vacuum-oil-filter-for-filtering-crude-oil-in-vegetable-oil-processing-plants","status":"publish","type":"product","link":"https:\/\/smallagrimachinery.com\/vi\/product\/vacuum-oil-filter-for-filtering-crude-oil-in-vegetable-oil-processing-plants\/","title":{"rendered":"B\u1ed9 l\u1ecdc d\u1ea7u ch\u00e2n kh\u00f4ng d\u00f9ng \u0111\u1ec3 l\u1ecdc d\u1ea7u th\u00f4 trong c\u00e1c nh\u00e0 m\u00e1y ch\u1ebf bi\u1ebfn d\u1ea7u th\u1ef1c v\u1eadt"},"content":{"rendered":"<h2>Gi\u1edbi thi\u1ec7u<\/h2>\n<p><strong>B\u1ed9 l\u1ecdc d\u1ea7u ch\u00e2n kh\u00f4ng<\/strong> <strong>M\u00e1y m\u00f3c<\/strong> l\u00e0 thi\u1ebft b\u1ecb thi\u1ebft y\u1ebfu cho c\u00e1c nh\u00e0 m\u00e1y ch\u1ebf bi\u1ebfn d\u1ea7u th\u1ef1c v\u1eadt, h\u01b0\u1edbng \u0111\u1ebfn s\u1ea3n xu\u1ea5t d\u1ea7u \u0103n s\u1ea1ch, s\u1eb5n s\u00e0ng cung c\u1ea5p ra th\u1ecb tr\u01b0\u1eddng. \u0110\u01b0\u1ee3c thi\u1ebft k\u1ebf \u0111\u1ec3 l\u1ecdc d\u1ea7u th\u00f4 chi\u1ebft xu\u1ea5t t\u1eeb c\u00e1c lo\u1ea1i h\u1ea1t nh\u01b0 \u0111\u1eadu ph\u1ed9ng, h\u01b0\u1edbng d\u01b0\u01a1ng, v\u1eebng, lanh v\u00e0 h\u1ea1t tr\u00e0, m\u00e1y n\u00e0y lo\u1ea1i b\u1ecf hi\u1ec7u qu\u1ea3 c\u00e1c h\u1ea1t r\u1eafn, b\u00e3 c\u00f2n s\u00f3t l\u1ea1i v\u00e0 \u0111\u1ed9 \u1ea9m.<\/p>\n<p><strong>C\u00f3 s\u1eb5n trong hai c\u1ea5u h\u00ecnh\u2014YX50-1 (b\u00ecnh \u0111\u01a1n) v\u00e0 YX50-2 (b\u00ecnh \u0111\u00f4i)<\/strong>\u2014mang l\u1ea1i s\u1ef1 linh ho\u1ea1t cho c\u00e1c kh\u1ed1i l\u01b0\u1ee3ng x\u1eed l\u00fd kh\u00e1c nhau. Thi\u1ebft k\u1ebf hai th\u00f9ng cho ph\u00e9p s\u1eed d\u1ee5ng lu\u00e2n phi\u00ean gi\u1eefa c\u00e1c th\u00f9ng, \u0111\u1ea3m b\u1ea3o ho\u1ea1t \u0111\u1ed9ng li\u00ean t\u1ee5c v\u00e0 t\u0103ng n\u0103ng su\u1ea5t.<\/p>\n<p>S\u1eed d\u1ee5ng \u00e1p su\u1ea5t ch\u00e2n kh\u00f4ng, m\u00e1y t\u0103ng t\u1ed1c qu\u00e1 tr\u00ecnh l\u1ecdc \u0111\u1ed3ng th\u1eddi gi\u1ea3m thi\u1ec3u qu\u00e1 tr\u00ecnh oxy h\u00f3a, gi\u00fap b\u1ea3o qu\u1ea3n ch\u1ea5t l\u01b0\u1ee3ng d\u1ea7u, k\u00e9o d\u00e0i th\u1eddi h\u1ea1n s\u1eed d\u1ee5ng v\u00e0 c\u1ea3i thi\u1ec7n h\u01b0\u01a1ng v\u1ecb c\u0169ng nh\u01b0 h\u00ecnh th\u1ee9c.<\/p>\n<p>B\u1ed9 l\u1ecdc d\u1ea7u ch\u00e2n kh\u00f4ng n\u00e0y t\u00edch h\u1ee3p li\u1ec1n m\u1ea1ch v\u1edbi h\u1ea7u h\u1ebft c\u00e1c m\u00e1y \u00e9p d\u1ea7u tr\u1ee5c v\u00edt, khi\u1ebfn n\u00f3 tr\u1edf th\u00e0nh s\u1ef1 b\u1ed5 sung ho\u00e0n h\u1ea3o cho c\u00e1c m\u00e1y \u00e9p d\u1ea7u v\u1eeba v\u00e0 nh\u1ecf.<strong>d\u00e2y chuy\u1ec1n s\u1ea3n xu\u1ea5t d\u1ea7u \u0103n quy m\u00f4<\/strong>. Cho d\u00f9 b\u1ea1n l\u1ecdc d\u1ea7u \u0111\u1eadu ph\u1ed9ng t\u1ea1i c\u00e1c nh\u00e0 m\u00e1y \u1edf n\u00f4ng th\u00f4n hay d\u1ea7u h\u01b0\u1edbng d\u01b0\u01a1ng trong m\u1ed9t x\u01b0\u1edfng th\u01b0\u01a1ng m\u1ea1i, m\u00e1y n\u00e0y \u0111\u1ec1u \u0111\u1ea3m b\u1ea3o k\u1ebft qu\u1ea3 l\u1ecdc nh\u1ea5t qu\u00e1n v\u1edbi m\u1ee9c b\u1ea3o tr\u00ec t\u1ed1i thi\u1ec3u.<br \/>\nL\u00fd t\u01b0\u1edfng cho c\u00e1c nh\u00e0 ch\u1ebf bi\u1ebfn d\u1ea7u \u0111ang t\u00ecm ki\u1ebfm gi\u1ea3i ph\u00e1p l\u1ecdc d\u1ea7u th\u00f4 hi\u1ec7u qu\u1ea3, \u0111\u1ea1t ti\u00eau chu\u1ea9n th\u1ef1c ph\u1ea9m v\u00e0 ti\u1ebft ki\u1ec7m chi ph\u00ed.<\/p>\n<table>\n<tbody>\n<tr bgcolor=\"#123F53\">\n<th style=\"text-align: center;\" colspan=\"3\"><strong><span style=\"color: #fff;\">B\u1ed9 l\u1ecdc ch\u00e2n kh\u00f4ng l\u1ecdc d\u1ea7u th\u00f4 d\u1ea7u th\u1ef1c v\u1eadt<\/span><\/strong><\/th>\n<\/tr>\n<tr>\n<th>Ng\u01b0\u1eddi m\u1eabu<\/th>\n<th>YX50-1<\/th>\n<th>YX50-2<\/th>\n<\/tr>\n<tr>\n<th>\u0110\u1ed9 ch\u00ednh x\u00e1c l\u1ecdc<\/th>\n<td>100 micron<\/td>\n<td>100 micron<\/td>\n<\/tr>\n<tr>\n<th>C\u00f4ng su\u1ea5t (W)<\/th>\n<td>1.1<\/td>\n<td>2.2<\/td>\n<\/tr>\n<tr>\n<th>C\u00f4ng su\u1ea5t x\u1eed l\u00fd (L\/h)<\/th>\n<td>50<\/td>\n<td>260<\/td>\n<\/tr>\n<tr>\n<th>Di\u1ec7n t\u00edch l\u1ecdc (\u33a1)<\/th>\n<td>0.2<\/td>\n<td>0.6<\/td>\n<\/tr>\n<tr>\n<th>T\u1ed1c \u0111\u1ed9 h\u00fat kh\u00ed (L\/s)<\/th>\n<td>5<\/td>\n<td>15<\/td>\n<\/tr>\n<tr>\n<th>Tr\u1ecdng l\u01b0\u1ee3ng (kg)<\/th>\n<td>120<\/td>\n<td>320<\/td>\n<\/tr>\n<tr>\n<th>K\u00edch th\u01b0\u1edbc (D\u00d7R\u00d7C)<\/th>\n<td>790\u00d7650\u00d71005<\/td>\n<td>1380\u00d71220\u00d7780<\/td>\n<\/tr>\n<\/tbody>\n<\/table>","protected":false},"excerpt":{"rendered":"<ul>\n<li><b><\/b><strong><b>T\u00f9y ch\u1ecdn b\u00ecnh ch\u1ee9a \u0111\u00f4i ho\u1eb7c b\u00ecnh ch\u1ee9a \u0111\u01a1n \u0111\u1ec3 s\u1eed d\u1ee5ng linh ho\u1ea1t:<\/b><\/strong>L\u1ef1a ch\u1ecdn gi\u1eefa c\u00e1c m\u1eabu YX50-1 (b\u1ec3 \u0111\u01a1n) ho\u1eb7c YX50-2 (b\u1ec3 \u0111\u00f4i) \u0111\u1ec3 ph\u00f9 h\u1ee3p v\u1edbi n\u0103ng l\u1ef1c s\u1ea3n xu\u1ea5t v\u00e0 quy tr\u00ecnh l\u00e0m vi\u1ec7c c\u1ee7a b\u1ea1n.<\/li>\n<li><b><\/b><strong><b>L\u1ecdc m\u1ecbn cho \u0111\u1ea7u ra d\u1ea7u th\u00f4 s\u1ea1ch h\u01a1n:<\/b><\/strong>Lo\u1ea1i b\u1ecf hi\u1ec7u qu\u1ea3 t\u1ea1p ch\u1ea5t, ch\u1ea5t r\u1eafn v\u00e0 c\u00e1c h\u1ea1t l\u01a1 l\u1eedng kh\u1ecfi d\u1ea7u th\u1ef1c v\u1eadt th\u00f4 \u0111\u1ec3 \u0111\u1ea3m b\u1ea3o \u0111\u1ed9 tinh khi\u1ebft v\u00e0 th\u1eddi h\u1ea1n s\u1eed d\u1ee5ng cao h\u01a1n.<\/li>\n<li><b><\/b><strong><b>Thi\u1ebft k\u1ebf t\u00edch h\u1ee3p cho d\u00e2y chuy\u1ec1n \u00e9p d\u1ea7u:<\/b><\/strong>D\u1ec5 d\u00e0ng k\u1ebft h\u1ee3p v\u1edbi m\u00e1y \u00e9p d\u1ea7u tr\u1ee5c v\u00edt \u0111\u1ec3 t\u1ea1o th\u00e0nh h\u1ec7 th\u1ed1ng s\u1ea3n xu\u1ea5t d\u1ea7u \u0103n ho\u00e0n ch\u1ec9nh v\u00e0 hi\u1ec7u qu\u1ea3, gi\u1ea3m nh\u00e2n c\u00f4ng v\u00e0 th\u1eddi gian.<\/li>\n<li><b><\/b><strong><b>H\u1ec7 th\u1ed1ng \u00e1p su\u1ea5t ch\u00e2n kh\u00f4ng t\u0103ng c\u01b0\u1eddng t\u1ed1c \u0111\u1ed9 l\u1ecdc v\u00e0 \u0111\u1ed9 an to\u00e0n:<\/b><\/strong>S\u1eed d\u1ee5ng \u00e1p su\u1ea5t ch\u00e2n kh\u00f4ng \u0111\u1ec3 t\u0103ng t\u1ed1c \u0111\u1ed9 l\u1ecdc \u0111\u1ed3ng th\u1eddi ng\u0103n ng\u1eeba qu\u00e1 tr\u00ecnh oxy h\u00f3a d\u1ea7u, b\u1ea3o qu\u1ea3n m\u00e0u s\u1eafc v\u00e0 ch\u1ea5t l\u01b0\u1ee3ng dinh d\u01b0\u1ee1ng c\u1ee7a d\u1ea7u.<\/li>\n<\/ul>","protected":false},"featured_media":4111,"comment_status":"open","ping_status":"closed","template":"","meta":[],"product_brand":[],"product_cat":[41],"product_tag":[43],"class_list":{"0":"post-4110","1":"product","2":"type-product","3":"status-publish","4":"has-post-thumbnail","6":"product_cat-oil-filter-machine","7":"product_tag-vacuum-oil-filter","9":"first","10":"instock","11":"taxable","12":"shipping-taxable","13":"product-type-simple"},"_links":{"self":[{"href":"https:\/\/smallagrimachinery.com\/vi\/wp-json\/wp\/v2\/product\/4110","targetHints":{"allow":["GET"]}}],"collection":[{"href":"https:\/\/smallagrimachinery.com\/vi\/wp-json\/wp\/v2\/product"}],"about":[{"href":"https:\/\/smallagrimachinery.com\/vi\/wp-json\/wp\/v2\/types\/product"}],"replies":[{"embeddable":true,"href":"https:\/\/smallagrimachinery.com\/vi\/wp-json\/wp\/v2\/comments?post=4110"}],"wp:featuredmedia":[{"embeddable":true,"href":"https:\/\/smallagrimachinery.com\/vi\/wp-json\/wp\/v2\/media\/4111"}],"wp:attachment":[{"href":"https:\/\/smallagrimachinery.com\/vi\/wp-json\/wp\/v2\/media?parent=4110"}],"wp:term":[{"taxonomy":"product_brand","embeddable":true,"href":"https:\/\/smallagrimachinery.com\/vi\/wp-json\/wp\/v2\/product_brand?post=4110"},{"taxonomy":"product_cat","embeddable":true,"href":"https:\/\/smallagrimachinery.com\/vi\/wp-json\/wp\/v2\/product_cat?post=4110"},{"taxonomy":"product_tag","embeddable":true,"href":"https:\/\/smallagrimachinery.com\/vi\/wp-json\/wp\/v2\/product_tag?post=4110"}],"curies":[{"name":"wp","href":"https:\/\/api.w.org\/{rel}","templated":true}]}}