{"id":4081,"date":"2025-07-17T14:23:09","date_gmt":"2025-07-17T14:23:09","guid":{"rendered":"https:\/\/smallagrimachinery.com\/?post_type=product&#038;p=4081"},"modified":"2025-07-17T14:23:10","modified_gmt":"2025-07-17T14:23:10","slug":"high-quality-food-grade-juice-wine-food-oil-filter-press-machine","status":"publish","type":"product","link":"https:\/\/smallagrimachinery.com\/vi\/product\/high-quality-food-grade-juice-wine-food-oil-filter-press-machine\/","title":{"rendered":"M\u00e1y \u00e9p d\u1ea7u th\u1ef1c ph\u1ea9m, n\u01b0\u1edbc \u00e9p, r\u01b0\u1ee3u vang ch\u1ea5t l\u01b0\u1ee3ng cao"},"content":{"rendered":"<h2>Gi\u1edbi thi\u1ec7u<\/h2>\n<p>M\u00e1y \u00e9p l\u1ecdc b\u1eb1ng th\u00e9p kh\u00f4ng g\u1ec9 SS304\/316 hi\u1ec7u su\u1ea5t cao n\u00e0y \u0111\u01b0\u1ee3c thi\u1ebft k\u1ebf \u0111\u1eb7c bi\u1ec7t \u0111\u1ec3 l\u1ecdc v\u00f2ng k\u00edn c\u00e1c ch\u1ea5t l\u1ecfng c\u00f3 \u0111\u1ed9 nh\u1edbt th\u1ea5p (h\u00e0m l\u01b0\u1ee3ng ch\u1ea5t r\u1eafn d\u01b0\u1edbi 50%). M\u00e1y l\u00fd t\u01b0\u1edfng cho c\u00e1c nh\u00e0 m\u00e1y d\u1ea7u n\u00f4ng nghi\u1ec7p, ch\u1ebf bi\u1ebfn n\u01b0\u1edbc \u00e9p v\u00e0 l\u1ecdc chi\u1ebft xu\u1ea5t th\u1ea3o d\u01b0\u1ee3c. M\u00e1y th\u01b0\u1eddng \u0111\u01b0\u1ee3c s\u1eed d\u1ee5ng \u0111\u1ec3 lo\u1ea1i b\u1ecf t\u1ea1p ch\u1ea5t, \u0111\u1ea1t \u0111\u1ed9 trong v\u00e0 th\u1ef1c hi\u1ec7n qu\u00e1 tr\u00ecnh tinh ch\u1ebf v\u00f4 tr\u00f9ng. M\u00e1y c\u00f3 di\u1ec7n t\u00edch l\u1ecdc v\u00e0 l\u01b0u l\u01b0\u1ee3ng l\u1edbn, c\u00f9ng nhi\u1ec1u \u1ee9ng d\u1ee5ng \u0111a d\u1ea1ng. M\u00e1y r\u1ea5t ph\u1ed5 bi\u1ebfn trong ch\u1ebf bi\u1ebfn d\u1ea7u n\u00f4ng nghi\u1ec7p, d\u01b0\u1ee3c ph\u1ea9m, h\u00f3a ch\u1ea5t, s\u1ea3n xu\u1ea5t bia, l\u1ecdc n\u01b0\u1edbc \u00e9p v\u00e0 c\u00e1c l\u0129nh v\u1ef1c kh\u00e1c.<\/p>\n<p><strong><b>C\u1ea5u tr\u00fac &amp; Ch\u1ee9c n\u0103ng<\/b><\/strong><br \/>\nThi\u1ebft b\u1ecb n\u00e0y c\u00f3 khung nhi\u1ec1u l\u1edbp v\u1edbi c\u00e1c t\u1ea5m l\u1ecdc d\u1ea1ng s\u00f3ng (l\u00f5m-l\u1ed3i) gi\u00fap t\u0103ng di\u1ec7n t\u00edch b\u1ec1 m\u1eb7t l\u1ecdc v\u00e0 gi\u1ea3m thi\u1ec3u l\u1ef1c c\u1ea3n. Thi\u1ebft k\u1ebf n\u00e0y lo\u1ea1i b\u1ecf c\u00e1c g\u00f3c ch\u1ebft v\u00e0 gi\u00fap duy tr\u00ec \u0111\u1ed9 \u0111\u1eb7c c\u1ee7a d\u1ea7u ho\u1eb7c ch\u1ea5t l\u1ecfng \u0111\u00e3 l\u1ecdc. Thi\u1ebft k\u1ebf n\u00e0y \u0111\u1eb7c bi\u1ec7t h\u1eefu \u00edch trong ch\u1ebf bi\u1ebfn d\u1ea7u \u0103n t\u1eeb c\u00e1c lo\u1ea1i h\u1ea1t nh\u01b0 h\u01b0\u1edbng d\u01b0\u01a1ng, \u0111\u1eadu n\u00e0nh v\u00e0 \u0111\u1eadu ph\u1ed9ng.<\/p>\n<p><strong><b>Kh\u1ea3 n\u0103ng t\u01b0\u01a1ng th\u00edch c\u1ee7a ph\u01b0\u01a1ng ti\u1ec7n l\u1ecdc<\/b><\/strong><br \/>\nT\u01b0\u01a1ng th\u00edch v\u1edbi gi\u1ea5y l\u1ecdc, v\u1ea3i l\u1ecdc v\u00e0 m\u00e0ng l\u1ecdc vi x\u1ed1p. C\u00e1c l\u00f5i l\u1ecdc c\u00f3 th\u1ec3 d\u1ec5 d\u00e0ng thay th\u1ebf t\u00f9y theo y\u00eau c\u1ea7u v\u1ec1 \u0111\u1ed9 ch\u00ednh x\u00e1c\u2014t\u1eeb l\u1ecdc th\u00f4 \u0111\u1ebfn l\u1ecdc v\u00f4 tr\u00f9ng.<\/p>\n<p><strong><b>Ni\u00eam phong &amp; Ph\u00f2ng ng\u1eeba r\u00f2 r\u1ec9<\/b><\/strong><br \/>\nM\u1ed7i \u0111i\u1ec3m ti\u1ebfp x\u00fac \u0111\u1ec1u \u0111\u01b0\u1ee3c b\u1ecbt k\u00edn b\u1eb1ng v\u00f2ng silicon tr\u1eafng, \u0111\u1ea1t ti\u00eau chu\u1ea9n th\u1ef1c ph\u1ea9m, c\u00f3 \u0111\u1ed9 tinh khi\u1ebft cao. Nh\u1eefng v\u00f2ng n\u00e0y kh\u00f4ng \u0111\u1ed9c h\u1ea1i, ch\u1ecbu nhi\u1ec7t v\u00e0 \u0111\u1ea3m b\u1ea3o kh\u00f4ng r\u00f2 r\u1ec9 trong qu\u00e1 tr\u00ecnh v\u1eadn h\u00e0nh. V\u00f2ng \u0111\u1ec7m \u0111\u01b0\u1ee3c l\u1eafp \u0111\u1eb7t \u1edf c\u1ea3 c\u1ed5ng v\u00e0o\/ra v\u00e0 gi\u1eefa c\u00e1c t\u1ea5m l\u1ecdc \u0111\u1ec3 duy tr\u00ec t\u00ednh to\u00e0n v\u1eb9n c\u1ee7a \u00e1p su\u1ea5t.<\/p>\n<p><strong><b>C\u00f3 th\u1ec3 t\u00f9y ch\u1ec9nh theo nhu c\u1ea7u x\u1eed l\u00fd<\/b><\/strong><br \/>\nNg\u01b0\u1eddi d\u00f9ng c\u00f3 th\u1ec3 \u0111i\u1ec1u ch\u1ec9nh s\u1ed1 l\u1edbp l\u1ecdc ho\u1eb7c thay \u0111\u1ed5i m\u00e0ng l\u1ecdc t\u00f9y theo quy m\u00f4 s\u1ea3n xu\u1ea5t v\u00e0 \u0111\u1ed9 trong mong mu\u1ed1n. T\u00ednh linh ho\u1ea1t n\u00e0y gi\u00fap m\u00e1y ph\u00f9 h\u1ee3p cho vi\u1ec7c tinh ch\u1ebf d\u1ea7u \u00e9p l\u1ea1nh, tinh ch\u1ebf chi\u1ebft xu\u1ea5t th\u1ea3o d\u01b0\u1ee3c ho\u1eb7c l\u00e0m trong n\u01b0\u1edbc \u00e9p t\u1ea1i c\u00e1c trang tr\u1ea1i nh\u1ecf ho\u1eb7c x\u01b0\u1edfng ch\u1ebf bi\u1ebfn n\u00f4ng th\u00f4n.<\/p>\n<p><strong><b>L\u1ecdc vi m\u00f4 c\u1ea5p v\u00f4 tr\u00f9ng<\/b><\/strong><br \/>\n\u0110\u1ed1i v\u1edbi c\u00e1c \u1ee9ng d\u1ee5ng y\u00eau c\u1ea7u lo\u1ea1i b\u1ecf vi khu\u1ea9n (nh\u01b0 s\u1eed d\u1ee5ng tinh d\u1ea7u ho\u1eb7c d\u01b0\u1ee3c ph\u1ea9m), c\u00f3 th\u1ec3 l\u1eafp \u0111\u1eb7t b\u1ed9 l\u1ecdc m\u00e0ng vi x\u1ed1p \u0111\u1ec3 \u0111\u1ea1t \u0111\u01b0\u1ee3c kh\u1ea3 n\u0103ng l\u1ecdc v\u00f4 tr\u00f9ng xu\u1ed1ng \u0111\u1ebfn 0,45\u03bcm.<\/p>\n<table border=\"1\">\n<tbody>\n<tr bgcolor=\"#123F53\">\n<th style=\"text-align: center;\" colspan=\"9\"><strong><span style=\"color: #fff;\">M\u00e1y \u00e9p l\u1ecdc d\u1ea7u ch\u1ea5t l\u01b0\u1ee3ng cao<br \/>\n<\/span><\/strong><\/th>\n<\/tr>\n<tr>\n<th>Ng\u01b0\u1eddi m\u1eabu<\/th>\n<th>L\u1edbp s\u1ed1<\/th>\n<th>Di\u1ec7n t\u00edch l\u1ecdc (m\u00b2)<\/th>\n<th>K\u00edch th\u01b0\u1edbc t\u1ea5m (mm)<\/th>\n<th>\u0110\u1ed9 ch\u00ednh x\u00e1c l\u1ecdc (\u03bcm)<\/th>\n<th>\u00c1p su\u1ea5t l\u1ecdc \/ Mpa<\/th>\n<th>L\u01b0u l\u01b0\u1ee3ng n\u01b0\u1edbc (t\/h)<\/th>\n<th>C\u00f4ng su\u1ea5t b\u01a1m c\u1ea5p (kW)<\/th>\n<th>K\u00edch th\u01b0\u1edbc (D x R x C mm)<\/th>\n<\/tr>\n<tr>\n<th>ZCR\u2013100<\/th>\n<td>10<\/td>\n<td>0.078<\/td>\n<td>\u03a6100<\/td>\n<td>0,22\u2013100<\/td>\n<td>0.3<\/td>\n<td>0.8<\/td>\n<td>0.37<\/td>\n<td>600\u00d7300\u00d7600<\/td>\n<\/tr>\n<tr>\n<th>ZCR\u2013150<\/th>\n<td>10<\/td>\n<td>0.17<\/td>\n<td>\u03a6150<\/td>\n<td>0,22\u2013100<\/td>\n<td>0.3<\/td>\n<td>1.5<\/td>\n<td>0.55<\/td>\n<td>650\u00d7380\u00d7650<\/td>\n<\/tr>\n<tr>\n<th>ZCR\u2013200<\/th>\n<td>10<\/td>\n<td>0.34<\/td>\n<td>\u03a6200<\/td>\n<td>0,22\u2013100<\/td>\n<td>0.3<\/td>\n<td>2<\/td>\n<td>0.75<\/td>\n<td>650\u00d7400\u00d7700<\/td>\n<\/tr>\n<tr>\n<th>ZCR\u2013300<\/th>\n<td>10<\/td>\n<td>0.7<\/td>\n<td>\u03a6300<\/td>\n<td>0,22\u2013100<\/td>\n<td>0.3<\/td>\n<td>4<\/td>\n<td>0.75<\/td>\n<td>700\u00d7500\u00d7800<\/td>\n<\/tr>\n<tr>\n<th>ZCR\u2013400<\/th>\n<td>10<\/td>\n<td>1.25<\/td>\n<td>\u03a6400<\/td>\n<td>0,22\u2013100<\/td>\n<td>0.3<\/td>\n<td>6<\/td>\n<td>1.1<\/td>\n<td>900\u00d7600\u00d71000<\/td>\n<\/tr>\n<tr>\n<th>ZCR\u2013400<\/th>\n<td>16<\/td>\n<td>2<\/td>\n<td>\u03a6400<\/td>\n<td>0,22\u2013100<\/td>\n<td>0.3<\/td>\n<td>9<\/td>\n<td>1.5<\/td>\n<td>1000\u00d7600\u00d71000<\/td>\n<\/tr>\n<tr>\n<th>ZCR\u2013400<\/th>\n<td>20<\/td>\n<td>2.5<\/td>\n<td>\u03a6400<\/td>\n<td>0,22\u2013100<\/td>\n<td>0.3<\/td>\n<td>10<\/td>\n<td>1.5<\/td>\n<td>1100\u00d7600\u00d71000<\/td>\n<\/tr>\n<tr>\n<th>ZCR\u2013400<\/th>\n<td>32<\/td>\n<td>4<\/td>\n<td>\u03a6400<\/td>\n<td>0,22\u2013100<\/td>\n<td>0.3<\/td>\n<td>13<\/td>\n<td>1.5<\/td>\n<td>1320\u00d7600\u00d71000<\/td>\n<\/tr>\n<tr>\n<th>ZF\u2013200<\/th>\n<td>10<\/td>\n<td>0.4<\/td>\n<td>200\u00d7200<\/td>\n<td>0,22\u2013100<\/td>\n<td>0.3<\/td>\n<td>3<\/td>\n<td>0.55<\/td>\n<td>650\u00d7380\u00d7650<\/td>\n<\/tr>\n<tr>\n<th>ZF\u2013300<\/th>\n<td>10<\/td>\n<td>0.9<\/td>\n<td>300\u00d7300<\/td>\n<td>0,22\u2013100<\/td>\n<td>0.3<\/td>\n<td>6<\/td>\n<td>0.75<\/td>\n<td>700\u00d7500\u00d7800<\/td>\n<\/tr>\n<tr>\n<th>ZF\u2013400<\/th>\n<td>10<\/td>\n<td>2<\/td>\n<td>400\u00d7400<\/td>\n<td>0,22\u2013100<\/td>\n<td>0.3<\/td>\n<td>10<\/td>\n<td>1.1<\/td>\n<td>900\u00d7600\u00d71000<\/td>\n<\/tr>\n<tr>\n<th>ZF\u2013400<\/th>\n<td>20<\/td>\n<td>3<\/td>\n<td>400\u00d7400<\/td>\n<td>0,22\u2013100<\/td>\n<td>0.3<\/td>\n<td>12<\/td>\n<td>1.1<\/td>\n<td>1100\u00d7600\u00d71000<\/td>\n<\/tr>\n<tr>\n<th>ZFR\u2013400<\/th>\n<td>26<\/td>\n<td>4<\/td>\n<td>400\u00d7400<\/td>\n<td>0,22\u2013100<\/td>\n<td>0.3<\/td>\n<td>15<\/td>\n<td>1.1<\/td>\n<td>1150\u00d7600\u00d71000<\/td>\n<\/tr>\n<tr>\n<th>ZFR\u2013400<\/th>\n<td>32<\/td>\n<td>5<\/td>\n<td>400\u00d7400<\/td>\n<td>0,22\u2013100<\/td>\n<td>0.3<\/td>\n<td>18<\/td>\n<td>1.5<\/td>\n<td>1200\u00d7600\u00d71000<\/td>\n<\/tr>\n<tr>\n<th>ZFR\u2013400<\/th>\n<td>38<\/td>\n<td>6<\/td>\n<td>400\u00d7400<\/td>\n<td>0,22\u2013100<\/td>\n<td>0.3<\/td>\n<td>21<\/td>\n<td>1.5<\/td>\n<td>1300\u00d7600\u00d71000<\/td>\n<\/tr>\n<tr>\n<th>ZFR\u2013400<\/th>\n<td>44<\/td>\n<td>7<\/td>\n<td>400\u00d7400<\/td>\n<td>0,22\u2013100<\/td>\n<td>0.3<\/td>\n<td>23<\/td>\n<td>1.5<\/td>\n<td>1350\u00d7600\u00d71000<\/td>\n<\/tr>\n<\/tbody>\n<\/table>\n<p><img fetchpriority=\"high\" decoding=\"async\" class=\"alignnone size-full wp-image-4091\" src=\"https:\/\/smallagrimachinery.com\/wp-content\/uploads\/2025\/07\/High-quality-food-grade-juice-wine-food-oil-filter-press-Machine-Details-1.webp\" alt=\"\" width=\"720\" height=\"540\" srcset=\"https:\/\/smallagrimachinery.com\/wp-content\/uploads\/2025\/07\/High-quality-food-grade-juice-wine-food-oil-filter-press-Machine-Details-1.webp 720w, https:\/\/smallagrimachinery.com\/wp-content\/uploads\/2025\/07\/High-quality-food-grade-juice-wine-food-oil-filter-press-Machine-Details-1-500x375.webp 500w, https:\/\/smallagrimachinery.com\/wp-content\/uploads\/2025\/07\/High-quality-food-grade-juice-wine-food-oil-filter-press-Machine-Details-1-16x12.webp 16w, https:\/\/smallagrimachinery.com\/wp-content\/uploads\/2025\/07\/High-quality-food-grade-juice-wine-food-oil-filter-press-Machine-Details-1-700x525.webp 700w\" sizes=\"(max-width: 720px) 100vw, 720px\" \/> <img decoding=\"async\" class=\"alignnone size-full wp-image-4092\" src=\"https:\/\/smallagrimachinery.com\/wp-content\/uploads\/2025\/07\/High-quality-food-grade-juice-wine-food-oil-filter-press-Machine-Details-2.webp\" alt=\"\" width=\"720\" height=\"540\" srcset=\"https:\/\/smallagrimachinery.com\/wp-content\/uploads\/2025\/07\/High-quality-food-grade-juice-wine-food-oil-filter-press-Machine-Details-2.webp 720w, https:\/\/smallagrimachinery.com\/wp-content\/uploads\/2025\/07\/High-quality-food-grade-juice-wine-food-oil-filter-press-Machine-Details-2-500x375.webp 500w, https:\/\/smallagrimachinery.com\/wp-content\/uploads\/2025\/07\/High-quality-food-grade-juice-wine-food-oil-filter-press-Machine-Details-2-16x12.webp 16w, https:\/\/smallagrimachinery.com\/wp-content\/uploads\/2025\/07\/High-quality-food-grade-juice-wine-food-oil-filter-press-Machine-Details-2-700x525.webp 700w\" sizes=\"(max-width: 720px) 100vw, 720px\" \/> <img decoding=\"async\" class=\"alignnone size-full wp-image-4093\" src=\"https:\/\/smallagrimachinery.com\/wp-content\/uploads\/2025\/07\/High-quality-food-grade-juice-wine-food-oil-filter-press-Machine-Details-3.webp\" alt=\"\" width=\"720\" height=\"540\" srcset=\"https:\/\/smallagrimachinery.com\/wp-content\/uploads\/2025\/07\/High-quality-food-grade-juice-wine-food-oil-filter-press-Machine-Details-3.webp 720w, https:\/\/smallagrimachinery.com\/wp-content\/uploads\/2025\/07\/High-quality-food-grade-juice-wine-food-oil-filter-press-Machine-Details-3-500x375.webp 500w, https:\/\/smallagrimachinery.com\/wp-content\/uploads\/2025\/07\/High-quality-food-grade-juice-wine-food-oil-filter-press-Machine-Details-3-16x12.webp 16w, https:\/\/smallagrimachinery.com\/wp-content\/uploads\/2025\/07\/High-quality-food-grade-juice-wine-food-oil-filter-press-Machine-Details-3-700x525.webp 700w\" sizes=\"(max-width: 720px) 100vw, 720px\" \/> <img loading=\"lazy\" decoding=\"async\" class=\"alignnone size-full wp-image-4090\" src=\"https:\/\/smallagrimachinery.com\/wp-content\/uploads\/2025\/07\/High-quality-food-grade-juice-wine-food-oil-filter-press-Machine-Details-7.webp\" alt=\"\" width=\"720\" height=\"480\" srcset=\"https:\/\/smallagrimachinery.com\/wp-content\/uploads\/2025\/07\/High-quality-food-grade-juice-wine-food-oil-filter-press-Machine-Details-7.webp 720w, https:\/\/smallagrimachinery.com\/wp-content\/uploads\/2025\/07\/High-quality-food-grade-juice-wine-food-oil-filter-press-Machine-Details-7-500x333.webp 500w, https:\/\/smallagrimachinery.com\/wp-content\/uploads\/2025\/07\/High-quality-food-grade-juice-wine-food-oil-filter-press-Machine-Details-7-18x12.webp 18w, https:\/\/smallagrimachinery.com\/wp-content\/uploads\/2025\/07\/High-quality-food-grade-juice-wine-food-oil-filter-press-Machine-Details-7-700x467.webp 700w\" sizes=\"(max-width: 720px) 100vw, 720px\" \/><\/p>","protected":false},"excerpt":{"rendered":"<ul>\n<li><b><\/b><strong><b>L\u00fd t\u01b0\u1edfng cho vi\u1ec7c l\u1ecdc d\u1ea7u n\u00f4ng nghi\u1ec7p:<\/b><\/strong>\u0110\u01b0\u1ee3c thi\u1ebft k\u1ebf \u0111\u1ec3 l\u1ecdc ch\u00ednh x\u00e1c trong c\u00e1c \u1ee9ng d\u1ee5ng ch\u1ebf bi\u1ebfn d\u1ea7u n\u00f4ng nghi\u1ec7p quy m\u00f4 v\u1eeba v\u00e0 nh\u1ecf.<\/li>\n<li><b><\/b><strong><b>Thi\u1ebft k\u1ebf t\u1ea5m l\u1ecdc ti\u00ean ti\u1ebfn:<\/b><\/strong>T\u1ea5m l\u1ecdc c\u00f3 r\u00e3nh \u0111\u1ea3m b\u1ea3o \u0111i\u1ec7n tr\u1edf th\u1ea5p, d\u00f2ng ch\u1ea3y \u0111\u1ed3ng \u0111\u1ec1u v\u00e0 k\u00e9o d\u00e0i tu\u1ed5i th\u1ecd c\u1ee7a v\u1eadt li\u1ec7u l\u1ecdc.<\/li>\n<li><b><\/b><strong><b>Ch\u1ed1ng r\u00f2 r\u1ec9 nh\u1edd l\u1edbp silicone c\u1ea5p th\u1ef1c ph\u1ea9m:<\/b><\/strong>\u0110\u01b0\u1ee3c trang b\u1ecb gio\u0103ng silicon ch\u1ecbu nhi\u1ec7t \u0111\u1ed9 cao \u0111\u1ec3 \u0111\u1ea3m b\u1ea3o \u0111\u1ed9 k\u00edn kh\u00edt v\u00e0 kh\u00f4ng b\u1ecb th\u1ea5t tho\u00e1t ch\u1ea5t l\u1ecfng.<\/li>\n<li><b><\/b><strong><b>M\u1ee9c \u0111\u1ed9 l\u1ecdc c\u00f3 th\u1ec3 t\u00f9y ch\u1ec9nh:<\/b><\/strong>H\u1ed7 tr\u1ee3 l\u1ecdc th\u00f4, b\u00e1n m\u1ecbn v\u00e0 l\u1ecdc m\u1ecbn b\u1eb1ng c\u00e1ch \u0111i\u1ec1u ch\u1ec9nh t\u1ea5m l\u1ecdc v\u00e0 m\u00e0ng l\u1ecdc khi c\u1ea7n thi\u1ebft.<\/li>\n<\/ul>","protected":false},"featured_media":4089,"comment_status":"open","ping_status":"closed","template":"","meta":[],"product_brand":[],"product_cat":[41],"product_tag":[45],"class_list":{"0":"post-4081","1":"product","2":"type-product","3":"status-publish","4":"has-post-thumbnail","6":"product_cat-oil-filter-machine","7":"product_tag-plate-oil-filter-press","9":"first","10":"instock","11":"taxable","12":"shipping-taxable","13":"product-type-simple"},"_links":{"self":[{"href":"https:\/\/smallagrimachinery.com\/vi\/wp-json\/wp\/v2\/product\/4081","targetHints":{"allow":["GET"]}}],"collection":[{"href":"https:\/\/smallagrimachinery.com\/vi\/wp-json\/wp\/v2\/product"}],"about":[{"href":"https:\/\/smallagrimachinery.com\/vi\/wp-json\/wp\/v2\/types\/product"}],"replies":[{"embeddable":true,"href":"https:\/\/smallagrimachinery.com\/vi\/wp-json\/wp\/v2\/comments?post=4081"}],"wp:featuredmedia":[{"embeddable":true,"href":"https:\/\/smallagrimachinery.com\/vi\/wp-json\/wp\/v2\/media\/4089"}],"wp:attachment":[{"href":"https:\/\/smallagrimachinery.com\/vi\/wp-json\/wp\/v2\/media?parent=4081"}],"wp:term":[{"taxonomy":"product_brand","embeddable":true,"href":"https:\/\/smallagrimachinery.com\/vi\/wp-json\/wp\/v2\/product_brand?post=4081"},{"taxonomy":"product_cat","embeddable":true,"href":"https:\/\/smallagrimachinery.com\/vi\/wp-json\/wp\/v2\/product_cat?post=4081"},{"taxonomy":"product_tag","embeddable":true,"href":"https:\/\/smallagrimachinery.com\/vi\/wp-json\/wp\/v2\/product_tag?post=4081"}],"curies":[{"name":"wp","href":"https:\/\/api.w.org\/{rel}","templated":true}]}}