{"id":4063,"date":"2025-07-17T13:20:28","date_gmt":"2025-07-17T13:20:28","guid":{"rendered":"https:\/\/smallagrimachinery.com\/?post_type=product&#038;p=4063"},"modified":"2025-07-17T13:20:29","modified_gmt":"2025-07-17T13:20:29","slug":"entry-level-edible-oil-pressing-supporting-centrifugal-oil-filter","status":"publish","type":"product","link":"https:\/\/smallagrimachinery.com\/vi\/product\/entry-level-edible-oil-pressing-supporting-centrifugal-oil-filter\/","title":{"rendered":"M\u00e1y \u00e9p d\u1ea7u \u0103n h\u1ed7 tr\u1ee3 b\u1ed9 l\u1ecdc d\u1ea7u ly t\u00e2m c\u1ea5p \u0111\u1ea7u v\u00e0o"},"content":{"rendered":"<h2>Gi\u1edbi thi\u1ec7u<\/h2>\n<p>B\u1ed9 l\u1ecdc d\u1ea7u ly t\u00e2m c\u01a1 b\u1ea3n c\u1ee7a ch\u00fang t\u00f4i l\u00e0 thi\u1ebft b\u1ecb kh\u00f4ng th\u1ec3 thi\u1ebfu cho b\u1ea5t k\u1ef3 d\u00e2y chuy\u1ec1n s\u1ea3n xu\u1ea5t d\u1ea7u \u0103n c\u1ee1 nh\u1ecf v\u00e0 v\u1eeba n\u00e0o. Thi\u1ebft b\u1ecb s\u1eed d\u1ee5ng l\u1ef1c ly t\u00e2m t\u1ed1c \u0111\u1ed9 cao \u0111\u1ec3 t\u00e1ch d\u1ea7u v\u00e0 c\u1eb7n th\u00e0nh c\u00e1c l\u1edbp kh\u00e1c nhau b\u00ean trong tr\u1ed1ng - c\u1eb7n b\u00e1m v\u00e0o th\u00e0nh tr\u1ed1ng, trong khi d\u1ea7u nguy\u00ean ch\u1ea5t t\u1eadp trung \u1edf gi\u1eefa v\u00e0 t\u1ef1 \u0111\u1ed9ng x\u1ea3 ra khi \u0111\u1ed9ng c\u01a1 d\u1eebng. \u0110i\u1ec1u n\u00e0y c\u00f3 ngh\u0129a l\u00e0 kh\u00f4ng c\u1ea7n thay th\u1ebf ho\u1eb7c v\u1ec7 sinh v\u1ea3i l\u1ecdc, gi\u00fap ti\u1ebft ki\u1ec7m th\u1eddi gian v\u00e0 chi ph\u00ed v\u1eadn h\u00e0nh. Thi\u1ebft b\u1ecb c\u00f3 ph\u1ea1m vi \u00e9p r\u1ed9ng v\u00e0 c\u00f3 th\u1ec3 \u0111\u01b0\u1ee3c s\u1eed d\u1ee5ng \u0111\u1ec3 \u00e9p nhi\u1ec1u lo\u1ea1i c\u00e2y tr\u1ed3ng l\u1ea5y d\u1ea7u, ch\u1eb3ng h\u1ea1n nh\u01b0 h\u1ea1t c\u1ea3i d\u1ea7u, \u0111\u1eadu n\u00e0nh, \u0111\u1eadu ph\u1ed9ng, h\u1ea1t b\u00f4ng, h\u1ea1t h\u01b0\u1edbng d\u01b0\u01a1ng, h\u1ea1t tr\u1ea9u, v.v., r\u1ea5t ph\u00f9 h\u1ee3p cho vi\u1ec7c \u00e9p c\u00e1c lo\u1ea1i c\u00e2y tr\u1ed3ng l\u1ea5y d\u1ea7u.<\/p>\n<ul>\n<li><strong>\u0110\u01b0\u1eddng v\u00e0o d\u1ea7u:<\/strong> \u0110\u1ea7u v\u00e0o d\u1ea7u h\u00ecnh ph\u1ec5u \u0111\u1ea3m b\u1ea3o \u0111\u1ea7u v\u00e0o d\u1ea7u r\u1ed9ng, ch\u1ed1ng tr\u00e0n v\u00e0 d\u1ec5 v\u1ec7 sinh. \u0110\u1ea7u v\u00e0o d\u1ea7u \u0111\u01b0\u1ee3c l\u00e0m b\u1eb1ng th\u00e9p kh\u00f4ng g\u1ec9 304 c\u1ea5p th\u1ef1c ph\u1ea9m, ch\u1ed1ng \u0103n m\u00f2n v\u00e0 ch\u1ecbu nhi\u1ec7t \u0111\u1ed9 cao, \u0111\u00e1p \u1ee9ng ti\u00eau chu\u1ea9n v\u1ec7 sinh cho ch\u1ebf bi\u1ebfn d\u1ea7u \u0103n.<\/li>\n<li><strong>\u0110\u1ed9ng c\u01a1 \u0111\u1ed3ng nguy\u00ean ch\u1ea5t:<\/strong> \u0110\u1ed9ng c\u01a1 b\u1eb1ng \u0111\u1ed3ng nguy\u00ean ch\u1ea5t c\u00f3 kh\u1ea3 n\u0103ng d\u1eabn \u0111i\u1ec7n v\u00e0 t\u1ea3n nhi\u1ec7t tuy\u1ec7t v\u1eddi, gi\u00fap gi\u1ea3m m\u1ee9c ti\u00eau th\u1ee5 n\u0103ng l\u01b0\u1ee3ng \u0111\u1ed3ng th\u1eddi c\u1ea3i thi\u1ec7n hi\u1ec7u su\u1ea5t.<\/li>\n<li><strong>B\u1ed9 gi\u1ea3m x\u00f3c:<\/strong> H\u1ec7 th\u1ed1ng gi\u1ea3m x\u00f3c \u0111\u00e1ng tin c\u1eady b\u1ea3o v\u1ec7 c\u00e1c linh ki\u1ec7n b\u00ean trong, gi\u1ea3m thi\u1ec3u rung \u0111\u1ed9ng v\u00e0 gi\u00fap m\u00e1y ho\u1ea1t \u0111\u1ed9ng \u00eam h\u01a1n, t\u1ea1o ra m\u00f4i tr\u01b0\u1eddng s\u1ea3n xu\u1ea5t an to\u00e0n v\u00e0 s\u1ea1ch h\u01a1n.<\/li>\n<li><strong>V\u1eadn h\u00e0nh h\u1ed9p \u0111i\u1ec7n:<\/strong> T\u1ee7 \u0111i\u1ec7n s\u1eed d\u1ee5ng thi\u1ebft k\u1ebf d\u1ea1ng n\u00fat b\u1ea5m, d\u1ec5 v\u1eadn h\u00e0nh, \u0111\u1ed9 tin c\u1eady cao v\u00e0 an to\u00e0n. \u0110\u01b0\u1ee3c l\u00e0m t\u1eeb v\u1eadt li\u1ec7u ch\u1ea5t l\u01b0\u1ee3ng cao, t\u1ee7 c\u00f3 kh\u1ea3 n\u0103ng ch\u1ed1ng m\u00e0i m\u00f2n v\u00e0 ch\u1ed1ng \u0103n m\u00f2n, ch\u1ecbu \u0111\u01b0\u1ee3c t\u1ea7n su\u1ea5t s\u1eed d\u1ee5ng th\u01b0\u1eddng xuy\u00ean v\u00e0 tu\u1ed5i th\u1ecd cao.<\/li>\n<\/ul>\n<p>So v\u1edbi c\u00e1c lo\u1ea1i l\u1ecdc khung b\u1ea3n ho\u1eb7c l\u1ecdc \u00e1p su\u1ea5t truy\u1ec1n th\u1ed1ng, l\u1ecdc d\u1ea7u ly t\u00e2m c\u1ee7a ch\u00fang t\u00f4i kh\u00f4ng y\u00eau c\u1ea7u s\u1eed d\u1ee5ng v\u1eadt t\u01b0 ti\u00eau hao d\u00f9ng m\u1ed9t l\u1ea7n (v\u1ea3i l\u1ecdc ho\u1eb7c gi\u1ea5y l\u1ecdc), gi\u1ea3m nguy c\u01a1 t\u1eafc ngh\u1ebdn ho\u1eb7c t\u00edch t\u1ee5 \u00e1p su\u1ea5t, \u0111\u1ed3ng th\u1eddi c\u1ea3i thi\u1ec7n hi\u1ec7u qu\u1ea3 l\u1ecdc. Hi\u1ec7u qu\u1ea3 cu\u1ed1i c\u00f9ng l\u00e0 g\u00ec? Thi\u1ebft b\u1ecb \u0111\u01b0\u1ee3c t\u00edch h\u1ee3p v\u1edbi m\u00e1y \u00e9p d\u1ea7u tr\u1ee5c v\u00edt c\u1ee7a b\u1ea1n, t\u1ea1o th\u00e0nh d\u00e2y chuy\u1ec1n s\u1ea3n xu\u1ea5t d\u1ea7u \u0103n tr\u1ecdn g\u00f3i, h\u1ed7 tr\u1ee3 \u0111a d\u1ea1ng nguy\u00ean li\u1ec7u th\u00f4. Gi\u00fap b\u1ea1n d\u1ec5 d\u00e0ng s\u1ea3n xu\u1ea5t d\u1ea7u \u0103n ch\u1ea5t l\u01b0\u1ee3ng cao, \u0111\u1ed9 tinh khi\u1ebft cao v\u00e0 m\u00e0u s\u1eafc trong su\u1ed1t, c\u00f3 th\u1ec3 \u0111\u00f3ng h\u1ed9p tr\u1ef1c ti\u1ebfp \u0111\u1ec3 b\u00e1n ho\u1eb7c ti\u00eau th\u1ee5.<\/p>\n<table border=\"1\">\n<tbody>\n<tr>\n<th>M\u00d4 H\u00ccNH S\u1ea2N PH\u1ea8M<\/th>\n<th>GQ-LYJ600<\/th>\n<th>GQ-YLJ800<\/th>\n<th>GQ-LYJ900<\/th>\n<\/tr>\n<tr>\n<th>T\u1ed1c \u0111\u1ed9 quay<\/th>\n<td>1000 v\u00f2ng\/ph\u00fat<\/td>\n<td>1350 v\u00f2ng\/ph\u00fat<\/td>\n<td>1450 v\u00f2ng\/ph\u00fat<\/td>\n<\/tr>\n<tr>\n<th>Quy\u1ec1n l\u1ef1c<\/th>\n<td>2,2kw<\/td>\n<td>2,6kw<\/td>\n<td>3kw<\/td>\n<\/tr>\n<tr>\n<th>K\u00edch c\u1ee1<\/th>\n<td>800*640*960mm<\/td>\n<td>950*640*1000mm<\/td>\n<td>960*640*1000mm<\/td>\n<\/tr>\n<tr>\n<th>C\u00f4ng su\u1ea5t x\u1eed l\u00fd<\/th>\n<td>200-300kg\/gi\u1edd<\/td>\n<td>300-350kg<\/td>\n<td>400-500kg\/gi\u1edd<\/td>\n<\/tr>\n<tr>\n<th>V\u1eadt li\u1ec7u<\/th>\n<td>Th\u00e9p kh\u00f4ng g\u1ec9 304 c\u1ea5p th\u1ef1c ph\u1ea9m<\/td>\n<td>Th\u00e9p kh\u00f4ng g\u1ec9 304 c\u1ea5p th\u1ef1c ph\u1ea9m<\/td>\n<td>Th\u00e9p kh\u00f4ng g\u1ec9 304 c\u1ea5p th\u1ef1c ph\u1ea9m<\/td>\n<\/tr>\n<\/tbody>\n<\/table>\n<p><img fetchpriority=\"high\" decoding=\"async\" class=\"alignnone size-full wp-image-4069\" src=\"https:\/\/smallagrimachinery.com\/wp-content\/uploads\/2025\/07\/Entry-level-edible-oil-pressing-supporting-centrifugal-oil-filter-Details-Shipping.webp\" alt=\"Entry-level edible oil pressing supporting centrifugal oil filter Details Shipping\" width=\"800\" height=\"327\" srcset=\"https:\/\/smallagrimachinery.com\/wp-content\/uploads\/2025\/07\/Entry-level-edible-oil-pressing-supporting-centrifugal-oil-filter-Details-Shipping.webp 800w, https:\/\/smallagrimachinery.com\/wp-content\/uploads\/2025\/07\/Entry-level-edible-oil-pressing-supporting-centrifugal-oil-filter-Details-Shipping-500x204.webp 500w, https:\/\/smallagrimachinery.com\/wp-content\/uploads\/2025\/07\/Entry-level-edible-oil-pressing-supporting-centrifugal-oil-filter-Details-Shipping-768x314.webp 768w, https:\/\/smallagrimachinery.com\/wp-content\/uploads\/2025\/07\/Entry-level-edible-oil-pressing-supporting-centrifugal-oil-filter-Details-Shipping-18x7.webp 18w, https:\/\/smallagrimachinery.com\/wp-content\/uploads\/2025\/07\/Entry-level-edible-oil-pressing-supporting-centrifugal-oil-filter-Details-Shipping-700x286.webp 700w\" sizes=\"(max-width: 800px) 100vw, 800px\" \/><\/p>","protected":false},"excerpt":{"rendered":"<ul>\n<li><b><\/b><strong><b>L\u1ecdc nhanh, hi\u1ec7u qu\u1ea3 m\u00e0 kh\u00f4ng c\u1ea7n v\u1eadt t\u01b0 ti\u00eau hao:<\/b><\/strong>B\u1ed9 l\u1ecdc d\u1ea7u ly t\u00e2m c\u1ee7a ch\u00fang t\u00f4i cung c\u1ea5p chu k\u1ef3 l\u1ecdc nhanh 3\u20135 ph\u00fat cho 20\u201350 kg d\u1ea7u th\u00f4 m\u1ed7i m\u1ebb, kh\u00f4ng c\u1ea7n thay v\u1ea3i l\u1ecdc.<\/li>\n<li><b><\/b><strong><b>\u0110\u1ea7u ra d\u1ea7u s\u1ea1ch cho d\u1ea7u \u0103n cao c\u1ea5p:<\/b><\/strong>Lo\u1ea1i b\u1ecf ho\u00e0n to\u00e0n t\u1ea1p ch\u1ea5t; d\u1ea7u sau khi l\u1ecdc trong v\u00e0 kh\u00f4ng c\u00f3 b\u1ecdt trong qu\u00e1 tr\u00ecnh chi\u00ean, \u0111\u1ea3m b\u1ea3o ch\u1ea5t l\u01b0\u1ee3ng d\u1ea7u cao h\u01a1n, s\u1eb5n s\u00e0ng \u0111\u1ec3 \u0111\u00f3ng chai v\u00e0 b\u00e1n tr\u1ef1c ti\u1ebfp.<\/li>\n<li><b><\/b><strong><b>Thi\u1ebft k\u1ebf ch\u1eafc ch\u1eafn, \u0111\u1ea1t ti\u00eau chu\u1ea9n th\u1ef1c ph\u1ea9m, b\u1ec1n l\u00e2u:<\/b><\/strong>\u0110\u01b0\u1ee3c ch\u1ebf t\u1ea1o b\u1eb1ng th\u00e9p kh\u00f4ng g\u1ec9 304 \u0111\u1ec3 v\u1eadn h\u00e0nh an to\u00e0n, h\u1ee3p v\u1ec7 sinh; c\u00f3 \u0111\u1ed9ng c\u01a1 b\u1eb1ng \u0111\u1ed3ng nguy\u00ean ch\u1ea5t v\u00e0 h\u1ec7 th\u1ed1ng gi\u1ea3m x\u00f3c cho hi\u1ec7u su\u1ea5t \u1ed5n \u0111\u1ecbnh, y\u00ean t\u0129nh v\u00e0 b\u1ec1n b\u1ec9.<\/li>\n<li><b><\/b><strong><b>T\u00edch h\u1ee3p ho\u00e0n h\u1ea3o v\u1edbi d\u00e2y chuy\u1ec1n \u00e9p d\u1ea7u:<\/b><\/strong>\u0110\u01b0\u1ee3c thi\u1ebft k\u1ebf \u0111\u1ec3 ho\u1ea1t \u0111\u1ed9ng li\u1ec1n m\u1ea1ch v\u1edbi m\u00e1y \u00e9p d\u1ea7u tr\u1ee5c v\u00edt nh\u01b0 m\u1ed9t d\u00e2y chuy\u1ec1n s\u1ea3n xu\u1ea5t d\u1ea7u \u0103n ho\u00e0n ch\u1ec9nh, m\u1edf r\u1ed9ng ph\u1ea1m vi \u00e9p c\u1ee7a b\u1ea1n \u0111\u1ed1i v\u1edbi c\u00e1c lo\u1ea1i c\u00e2y tr\u1ed3ng nh\u01b0 h\u1ea1t c\u1ea3i d\u1ea7u, \u0111\u1eadu n\u00e0nh, \u0111\u1eadu ph\u1ed9ng, h\u1ea1t b\u00f4ng, h\u1ea1t h\u01b0\u1edbng d\u01b0\u01a1ng, v.v.<\/li>\n<\/ul>","protected":false},"featured_media":4070,"comment_status":"open","ping_status":"closed","template":"","meta":[],"product_brand":[],"product_cat":[41],"product_tag":[42],"class_list":{"0":"post-4063","1":"product","2":"type-product","3":"status-publish","4":"has-post-thumbnail","6":"product_cat-oil-filter-machine","7":"product_tag-centrifugal-oil-filter","9":"first","10":"instock","11":"taxable","12":"shipping-taxable","13":"product-type-simple"},"_links":{"self":[{"href":"https:\/\/smallagrimachinery.com\/vi\/wp-json\/wp\/v2\/product\/4063","targetHints":{"allow":["GET"]}}],"collection":[{"href":"https:\/\/smallagrimachinery.com\/vi\/wp-json\/wp\/v2\/product"}],"about":[{"href":"https:\/\/smallagrimachinery.com\/vi\/wp-json\/wp\/v2\/types\/product"}],"replies":[{"embeddable":true,"href":"https:\/\/smallagrimachinery.com\/vi\/wp-json\/wp\/v2\/comments?post=4063"}],"wp:featuredmedia":[{"embeddable":true,"href":"https:\/\/smallagrimachinery.com\/vi\/wp-json\/wp\/v2\/media\/4070"}],"wp:attachment":[{"href":"https:\/\/smallagrimachinery.com\/vi\/wp-json\/wp\/v2\/media?parent=4063"}],"wp:term":[{"taxonomy":"product_brand","embeddable":true,"href":"https:\/\/smallagrimachinery.com\/vi\/wp-json\/wp\/v2\/product_brand?post=4063"},{"taxonomy":"product_cat","embeddable":true,"href":"https:\/\/smallagrimachinery.com\/vi\/wp-json\/wp\/v2\/product_cat?post=4063"},{"taxonomy":"product_tag","embeddable":true,"href":"https:\/\/smallagrimachinery.com\/vi\/wp-json\/wp\/v2\/product_tag?post=4063"}],"curies":[{"name":"wp","href":"https:\/\/api.w.org\/{rel}","templated":true}]}}