{"id":3987,"date":"2025-07-10T15:14:40","date_gmt":"2025-07-10T15:14:40","guid":{"rendered":"https:\/\/smallagrimachinery.com\/?post_type=product&#038;p=3987"},"modified":"2025-12-18T09:29:36","modified_gmt":"2025-12-18T09:29:36","slug":"industrial-edible-oil-refining-machine-vegetable-oil-filter-equipment","status":"publish","type":"product","link":"https:\/\/smallagrimachinery.com\/vi\/product\/industrial-edible-oil-refining-machine-vegetable-oil-filter-equipment\/","title":{"rendered":"M\u00e1y l\u1ecdc d\u1ea7u \u0103n c\u00f4ng nghi\u1ec7p thi\u1ebft b\u1ecb l\u1ecdc d\u1ea7u th\u1ef1c v\u1eadt"},"content":{"rendered":"<h2>Gi\u1edbi thi\u1ec7u<\/h2>\n<p>M\u00e1y tinh ch\u1ebf d\u1ea7u \u0103n c\u00f4ng nghi\u1ec7p c\u1ee7a ch\u00fang t\u00f4i \u0111\u01b0\u1ee3c ch\u1ebf t\u1ea1o b\u1eb1ng th\u00e9p kh\u00f4ng g\u1ec9 th\u1ef1c ph\u1ea9m \u0111\u00e1nh b\u00f3ng, \u0111\u1ea3m b\u1ea3o v\u1ec7 sinh v\u01b0\u1ee3t tr\u1ed9i, \u0111\u1ed9 b\u1ec1n cao v\u00e0 tu\u00e2n th\u1ee7 c\u00e1c ti\u00eau chu\u1ea9n s\u1ea3n xu\u1ea5t th\u1ef1c ph\u1ea9m nghi\u00eam ng\u1eb7t. Thi\u1ebft b\u1ecb \u0111a ch\u1ee9c n\u0103ng n\u00e0y cung c\u1ea5p quy tr\u00ecnh tinh ch\u1ebf d\u1ea7u chuy\u00ean nghi\u1ec7p ho\u00e0n ch\u1ec9nh, <strong><b>bao g\u1ed3m kh\u1eed n\u01b0\u1edbc, kh\u1eed g\u00f4m b\u1eb1ng n\u01b0\u1edbc, kh\u1eed axit b\u1eb1ng ki\u1ec1m, t\u1ea9y tr\u1eafng ch\u00e2n kh\u00f4ng b\u1eb1ng \u0111\u1ea5t s\u00e9t, kh\u1eed m\u00f9i \u0111\u1ec3 lo\u1ea1i b\u1ecf m\u00f9i h\u00f4i kh\u00f4ng mong mu\u1ed1n v\u00e0 t\u1ea9y s\u00e1p \u0111\u1ec3 lo\u1ea1i b\u1ecf s\u00e1p c\u00f3 th\u1ec3 \u1ea3nh h\u01b0\u1edfng \u0111\u1ebfn ch\u1ea5t l\u01b0\u1ee3ng d\u1ea7u.<\/b><\/strong><\/p>\n<p>Cho d\u00f9 b\u1ea1n s\u1eed d\u1ee5ng d\u1ea7u \u0111\u1eadu n\u00e0nh, \u0111\u1eadu ph\u1ed9ng, h\u1ea1t h\u01b0\u1edbng d\u01b0\u01a1ng, h\u1ea1t b\u00f4ng, h\u1ea1t c\u1ea3i d\u1ea7u, h\u1ea1t lanh, c\u00e1m g\u1ea1o, d\u1eeba, c\u1ecd hay b\u1ea5t k\u1ef3 lo\u1ea1i d\u1ea7u th\u1ef1c v\u1eadt n\u00e0o kh\u00e1c, m\u00e1y tinh ch\u1ebf n\u00e0y s\u1ebd gi\u00fap b\u1ea1n chuy\u1ec3n \u0111\u1ed5i d\u1ea7u th\u00f4 th\u00e0nh d\u1ea7u \u0103n c\u00f3 \u0111\u1ed9 tinh khi\u1ebft cao, trong su\u1ed1t, t\u1ed1t cho s\u1ee9c kh\u1ecfe, s\u1eb5n s\u00e0ng cho <strong><b>\u0111\u00f3ng chai v\u00e0 b\u00e1n tr\u1ef1c ti\u1ebfp<\/b><\/strong>.<\/p>\n<p>\u0110i\u1ec1u l\u00e0m cho gi\u1ea3i ph\u00e1p c\u1ee7a ch\u00fang t\u00f4i th\u1ef1c s\u1ef1 linh ho\u1ea1t l\u00e0 ph\u1ea1m vi r\u1ed9ng c\u1ee7a n\u00f3 <strong><b>c\u00e1c m\u00f4 h\u00ecnh c\u00f3 th\u1ec3 t\u00f9y ch\u1ec9nh<\/b><\/strong>, \u0111\u00e1p \u1ee9ng nhu c\u1ea7u c\u1ee7a c\u00e1c nh\u00e0 m\u00e1y ch\u1ebf bi\u1ebfn gia \u0111\u00ecnh, x\u01b0\u1edfng nh\u1ecf ho\u1eb7c nh\u00e0 m\u00e1y d\u1ea7u \u0103n quy m\u00f4 l\u1edbn. D\u00e0nh cho kh\u00e1ch h\u00e0ng t\u00ecm ki\u1ebfm kh\u1ea3 n\u0103ng l\u1ecdc m\u1ea1nh m\u1ebd h\u01a1n, <strong><b>thi\u1ebft b\u1ecb l\u1ecdc d\u1ea7u c\u1ee7a ch\u00fang t\u00f4i c\u00f3 th\u1ec3 \u0111\u01b0\u1ee3c t\u00edch h\u1ee3p v\u1edbi m\u00e1y l\u1ecdc d\u1ea7u khung t\u1ea5m,<\/b><\/strong>\u00a0t\u1ea1o th\u00e0nh d\u00e2y chuy\u1ec1n s\u1ea3n xu\u1ea5t l\u1ecdc li\u00ean t\u1ee5c m\u1ea1nh m\u1ebd \u0111\u1ea1t \u0111\u01b0\u1ee3c \u0111\u1ed9 trong v\u00e0 an to\u00e0n cao nh\u1ea5t c\u1ee7a d\u1ea7u.<\/p>\n<p>V\u1edbi chi ph\u00ed \u0111\u1ea7u t\u01b0 th\u1ea5p v\u00e0 hi\u1ec7u qu\u1ea3 n\u0103ng l\u01b0\u1ee3ng cao, thi\u1ebft b\u1ecb l\u1ecdc d\u1ea7u \u0111a n\u0103ng n\u00e0y gi\u00fap b\u1ea1n t\u1ed1i \u0111a h\u00f3a n\u0103ng su\u1ea5t v\u00e0 gi\u00e1 tr\u1ecb s\u1ea3n ph\u1ea9m, \u0111\u1ed3ng th\u1eddi \u0111\u1ea3m b\u1ea3o d\u1ea7u th\u00e0nh ph\u1ea9m \u0111\u1ea1t ti\u00eau chu\u1ea9n th\u1ef1c ph\u1ea9m tinh khi\u1ebft nh\u1ea5t. H\u00e3y x\u00e2y d\u1ef1ng th\u01b0\u01a1ng hi\u1ec7u d\u1ea7u \u0103n xanh, an to\u00e0n v\u00e0 t\u1ed1t cho s\u1ee9c kh\u1ecfe c\u1ee7a b\u1ea1n v\u1edbi thi\u1ebft b\u1ecb \u0111\u01b0\u1ee3c thi\u1ebft k\u1ebf \u0111\u1ec3 \u0111\u1ea3m b\u1ea3o \u0111\u1ed9 tin c\u1eady, v\u1eadn h\u00e0nh d\u1ec5 d\u00e0ng v\u00e0 mang l\u1ea1i k\u1ebft qu\u1ea3 tuy\u1ec7t v\u1eddi m\u1ed7i l\u1ea7n s\u1eed d\u1ee5ng.<\/p>\n<table>\n<tbody>\n<tr bgcolor=\"#123F53\">\n<th style=\"text-align: center;\" colspan=\"4\"><span style=\"font-weight: 400; color: #fff;\"><b>Popular Small-scale Refining Equipment<\/b><\/span><\/th>\n<\/tr>\n<tr>\n<th>Ng\u01b0\u1eddi m\u1eabu<\/th>\n<th>500A<\/th>\n<th>750-B<\/th>\n<th>750-C<\/th>\n<\/tr>\n<tr>\n<th>Pump Power<\/th>\n<td>1.1 kW<\/td>\n<td>1.1 kW<\/td>\n<td>1.1 kW<\/td>\n<\/tr>\n<tr>\n<th>Self-Priming Pump<\/th>\n<td>1 \u00d7 0.37 kW \/ 220V<\/td>\n<td>2 \u00d7 0.75 kW \/ 220V<\/td>\n<td>3 \u00d7 0.75 kW \/ 220V<\/td>\n<\/tr>\n<tr>\n<th>Heating Pipe Power<\/th>\n<td>3 \u00d7 2 kW<\/td>\n<td>6 \u00d7 3 kW<\/td>\n<td>9 \u00d7 3 kW<\/td>\n<\/tr>\n<tr>\n<th>K\u00edch th\u01b0\u1edbc (D x R x C)<\/th>\n<td>1500 \u00d7 580 \u00d7 1350 mm<\/td>\n<td>3120 \u00d7 830 \u00d7 1550 mm<\/td>\n<td>3900 \u00d7 830 \u00d7 1550 mm<\/td>\n<\/tr>\n<tr>\n<th>C\u00e2n n\u1eb7ng<\/th>\n<td>140kg<\/td>\n<td>280kg<\/td>\n<td>350 kg<\/td>\n<\/tr>\n<tr>\n<th>Mixing Tank Quantity<\/th>\n<td>1<\/td>\n<td>2<\/td>\n<td>3<\/td>\n<\/tr>\n<tr>\n<th>\u0110i\u1ec7n \u00e1p<\/th>\n<td>380 V<\/td>\n<td>380 V<\/td>\n<td>380 V<\/td>\n<\/tr>\n<tr>\n<th>N\u0103ng l\u1ef1c s\u1ea3n xu\u1ea5t<\/th>\n<td>100 L \/ batch<\/td>\n<td>300 L \/ batch<\/td>\n<td>300 L \/ batch<\/td>\n<\/tr>\n<\/tbody>\n<\/table>\n<p><em>Note: Machine weight, dimensions, and some parameters may change with technological advancements.<\/em><\/p>\n<p>The above refining machines are small-scale equipment, capable of dephosphorization, deacidification, decolorization, and simple dehydration &amp; deodorization, suitable for small oil mills.<br \/>\nIf the above models do not meet production needs, we also support <a href=\"https:\/\/smallagrimachinery.com\/vi\/san-pham\/customized-refinery-equipment-for-edible-oil-manufacturers-complete-refining-system\/\" target=\"_blank\" rel=\"noopener\">customized large-scale four-tank refining machines<\/a>. It can perform functions such as dephosphorization, deacidification, dehydration, decolorization and deep vacuum deodorization, and is suitable for large-scale refineries.<\/p>\n<p><img fetchpriority=\"high\" decoding=\"async\" class=\"alignnone wp-image-3996\" src=\"https:\/\/smallagrimachinery.com\/wp-content\/uploads\/2025\/07\/Industrial-edible-oil-refining-machine-vegetable-oil-filter-equipment-Details-1.webp\" alt=\"\" width=\"400\" height=\"372\" srcset=\"https:\/\/smallagrimachinery.com\/wp-content\/uploads\/2025\/07\/Industrial-edible-oil-refining-machine-vegetable-oil-filter-equipment-Details-1.webp 750w, https:\/\/smallagrimachinery.com\/wp-content\/uploads\/2025\/07\/Industrial-edible-oil-refining-machine-vegetable-oil-filter-equipment-Details-1-500x465.webp 500w, https:\/\/smallagrimachinery.com\/wp-content\/uploads\/2025\/07\/Industrial-edible-oil-refining-machine-vegetable-oil-filter-equipment-Details-1-13x12.webp 13w, https:\/\/smallagrimachinery.com\/wp-content\/uploads\/2025\/07\/Industrial-edible-oil-refining-machine-vegetable-oil-filter-equipment-Details-1-700x651.webp 700w\" sizes=\"(max-width: 400px) 100vw, 400px\" \/><img decoding=\"async\" class=\"alignnone wp-image-3997\" src=\"https:\/\/smallagrimachinery.com\/wp-content\/uploads\/2025\/07\/Industrial-edible-oil-refining-machine-vegetable-oil-filter-equipment-Details.webp\" alt=\"\" width=\"400\" height=\"412\" srcset=\"https:\/\/smallagrimachinery.com\/wp-content\/uploads\/2025\/07\/Industrial-edible-oil-refining-machine-vegetable-oil-filter-equipment-Details.webp 750w, https:\/\/smallagrimachinery.com\/wp-content\/uploads\/2025\/07\/Industrial-edible-oil-refining-machine-vegetable-oil-filter-equipment-Details-485x500.webp 485w, https:\/\/smallagrimachinery.com\/wp-content\/uploads\/2025\/07\/Industrial-edible-oil-refining-machine-vegetable-oil-filter-equipment-Details-12x12.webp 12w, https:\/\/smallagrimachinery.com\/wp-content\/uploads\/2025\/07\/Industrial-edible-oil-refining-machine-vegetable-oil-filter-equipment-Details-700x721.webp 700w\" sizes=\"(max-width: 400px) 100vw, 400px\" \/> \u00a0<img decoding=\"async\" class=\"alignnone wp-image-3994\" src=\"https:\/\/smallagrimachinery.com\/wp-content\/uploads\/2025\/07\/Industrial-edible-oil-refining-machine-vegetable-oil-filter-equipment-Details-3.webp\" alt=\"\" width=\"802\" height=\"1297\" srcset=\"https:\/\/smallagrimachinery.com\/wp-content\/uploads\/2025\/07\/Industrial-edible-oil-refining-machine-vegetable-oil-filter-equipment-Details-3.webp 750w, https:\/\/smallagrimachinery.com\/wp-content\/uploads\/2025\/07\/Industrial-edible-oil-refining-machine-vegetable-oil-filter-equipment-Details-3-309x500.webp 309w, https:\/\/smallagrimachinery.com\/wp-content\/uploads\/2025\/07\/Industrial-edible-oil-refining-machine-vegetable-oil-filter-equipment-Details-3-742x1200.webp 742w, https:\/\/smallagrimachinery.com\/wp-content\/uploads\/2025\/07\/Industrial-edible-oil-refining-machine-vegetable-oil-filter-equipment-Details-3-7x12.webp 7w, https:\/\/smallagrimachinery.com\/wp-content\/uploads\/2025\/07\/Industrial-edible-oil-refining-machine-vegetable-oil-filter-equipment-Details-3-700x1132.webp 700w\" sizes=\"(max-width: 802px) 100vw, 802px\" \/> <img loading=\"lazy\" decoding=\"async\" class=\"alignnone wp-image-3995\" src=\"https:\/\/smallagrimachinery.com\/wp-content\/uploads\/2025\/07\/Industrial-edible-oil-refining-machine-vegetable-oil-filter-equipment-Details-4.webp\" alt=\"\" width=\"800\" height=\"1194\" srcset=\"https:\/\/smallagrimachinery.com\/wp-content\/uploads\/2025\/07\/Industrial-edible-oil-refining-machine-vegetable-oil-filter-equipment-Details-4.webp 750w, https:\/\/smallagrimachinery.com\/wp-content\/uploads\/2025\/07\/Industrial-edible-oil-refining-machine-vegetable-oil-filter-equipment-Details-4-335x500.webp 335w, https:\/\/smallagrimachinery.com\/wp-content\/uploads\/2025\/07\/Industrial-edible-oil-refining-machine-vegetable-oil-filter-equipment-Details-4-8x12.webp 8w, https:\/\/smallagrimachinery.com\/wp-content\/uploads\/2025\/07\/Industrial-edible-oil-refining-machine-vegetable-oil-filter-equipment-Details-4-700x1044.webp 700w\" sizes=\"(max-width: 800px) 100vw, 800px\" \/><\/p>","protected":false},"excerpt":{"rendered":"<ul>\n<li><b><\/b><strong><b>K\u1ebft c\u1ea5u th\u00e9p kh\u00f4ng g\u1ec9 c\u1ea5p th\u1ef1c ph\u1ea9m<\/b><\/strong><strong><b>:<\/b><\/strong>Th\u00e9p kh\u00f4ng g\u1ec9 \u0111\u00e1nh b\u00f3ng \u0111\u1ea3m b\u1ea3o v\u1ec7 sinh v\u00e0 \u0111\u1ed9 b\u1ec1n, tu\u00e2n th\u1ee7 \u0111\u1ea7y \u0111\u1ee7 c\u00e1c ti\u00eau chu\u1ea9n v\u1ec1 m\u00e1y m\u00f3c th\u1ef1c ph\u1ea9m.<\/li>\n<li><b><\/b><strong><b>L\u1ecdc d\u1ea7u \u0111a giai \u0111o\u1ea1n ti\u00ean ti\u1ebfn<\/b><\/strong><strong><b>:<\/b><\/strong>K\u1ebft h\u1ee3p t\u1ea9y keo, kh\u1eed axit, t\u1ea9y tr\u1eafng, kh\u1eed m\u00f9i v\u00e0 kh\u1eed s\u00e1p \u0111\u1ec3 t\u1ea1o ra d\u1ea7u \u0103n trong su\u1ed1t.<\/li>\n<li><b><\/b><strong><b>T\u00edch h\u1ee3p c\u00f4ng su\u1ea5t v\u00e0 \u0111\u01b0\u1eddng \u1ed1ng l\u1ecdc c\u00f3 th\u1ec3 t\u00f9y ch\u1ec9nh<\/b><\/strong><strong><b>:<\/b><\/strong>C\u00f3 nhi\u1ec1u m\u1eabu m\u00e3 ph\u00f9 h\u1ee3p v\u1edbi m\u1ecdi nh\u00e0 m\u00e1y l\u1ecdc d\u1ea7u; c\u00f3 th\u1ec3 t\u00edch h\u1ee3p v\u1edbi b\u1ed9 l\u1ecdc khung t\u1ea5m \u0111\u1ec3 l\u1ecdc m\u1ea1nh h\u01a1n.<\/li>\n<li><b><\/b><strong><b>\u0110\u1ed9 tinh khi\u1ebft d\u1ea7u cao, s\u1eb5n s\u00e0ng \u0111\u1ec3 \u0111\u00f3ng chai<\/b><\/strong><strong><b>: <\/b><\/strong>Cung c\u1ea5p d\u1ea7u tinh luy\u1ec7n kh\u00f4ng ch\u1ee9a t\u1ea1p ch\u1ea5t \u2014 trong, l\u00e0nh m\u1ea1nh v\u00e0 s\u1eb5n s\u00e0ng \u0111\u01b0a ra th\u1ecb tr\u01b0\u1eddng ngay t\u1eeb d\u00e2y chuy\u1ec1n s\u1ea3n xu\u1ea5t c\u1ee7a b\u1ea1n.<\/li>\n<\/ul>","protected":false},"featured_media":3988,"comment_status":"open","ping_status":"closed","template":"","meta":[],"product_brand":[],"product_cat":[41],"product_tag":[46],"class_list":{"0":"post-3987","1":"product","2":"type-product","3":"status-publish","4":"has-post-thumbnail","6":"product_cat-oil-filter-machine","7":"product_tag-refinery-equipment","9":"first","10":"instock","11":"taxable","12":"shipping-taxable","13":"product-type-simple"},"_links":{"self":[{"href":"https:\/\/smallagrimachinery.com\/vi\/wp-json\/wp\/v2\/product\/3987","targetHints":{"allow":["GET"]}}],"collection":[{"href":"https:\/\/smallagrimachinery.com\/vi\/wp-json\/wp\/v2\/product"}],"about":[{"href":"https:\/\/smallagrimachinery.com\/vi\/wp-json\/wp\/v2\/types\/product"}],"replies":[{"embeddable":true,"href":"https:\/\/smallagrimachinery.com\/vi\/wp-json\/wp\/v2\/comments?post=3987"}],"wp:featuredmedia":[{"embeddable":true,"href":"https:\/\/smallagrimachinery.com\/vi\/wp-json\/wp\/v2\/media\/3988"}],"wp:attachment":[{"href":"https:\/\/smallagrimachinery.com\/vi\/wp-json\/wp\/v2\/media?parent=3987"}],"wp:term":[{"taxonomy":"product_brand","embeddable":true,"href":"https:\/\/smallagrimachinery.com\/vi\/wp-json\/wp\/v2\/product_brand?post=3987"},{"taxonomy":"product_cat","embeddable":true,"href":"https:\/\/smallagrimachinery.com\/vi\/wp-json\/wp\/v2\/product_cat?post=3987"},{"taxonomy":"product_tag","embeddable":true,"href":"https:\/\/smallagrimachinery.com\/vi\/wp-json\/wp\/v2\/product_tag?post=3987"}],"curies":[{"name":"wp","href":"https:\/\/api.w.org\/{rel}","templated":true}]}}