{"id":3876,"date":"2025-07-07T14:04:11","date_gmt":"2025-07-07T14:04:11","guid":{"rendered":"https:\/\/smallagrimachinery.com\/?post_type=product&#038;p=3876"},"modified":"2025-12-25T01:50:36","modified_gmt":"2025-12-25T01:50:36","slug":"large-industrial-grade-high-temperature-resistant-cast-iron-plate-frame-filter-press-machine","status":"publish","type":"product","link":"https:\/\/smallagrimachinery.com\/vi\/product\/large-industrial-grade-high-temperature-resistant-cast-iron-plate-frame-filter-press-machine\/","title":{"rendered":"M\u00e1y \u00e9p l\u1ecdc khung gang ch\u1ecbu nhi\u1ec7t \u0111\u1ed9 cao c\u1ea5p c\u00f4ng nghi\u1ec7p l\u1edbn"},"content":{"rendered":"<h3>Gi\u1edbi thi\u1ec7u<\/h3>\n<p>M\u00e1y \u00e9p l\u1ecdc khung v\u00e0 t\u1ea5m gang l\u1edbn \u0111\u01b0\u1ee3c thi\u1ebft k\u1ebf cho c\u00e1c \u1ee9ng d\u1ee5ng l\u1ecdc \u00e1p su\u1ea5t cao, nhi\u1ec7t \u0111\u1ed9 cao\u2014\u0111\u1eb7c bi\u1ec7t l\u00e0 trong c\u00e1c ho\u1ea1t \u0111\u1ed9ng \u00e9p d\u1ea7u n\u00f4ng nghi\u1ec7p v\u00e0 quy tr\u00ecnh tinh ch\u1ebf ch\u1ea5t l\u1ecfng c\u00f4ng nghi\u1ec7p. M\u00e1y \u0111\u01b0\u1ee3c ch\u1ebf t\u1ea1o b\u1eb1ng c\u00e1c t\u1ea5m l\u1ecdc gang d\u1ebbo, c\u00f3 kh\u1ea3 n\u0103ng ch\u1ed1ng ch\u1ecbu \u1ee9ng su\u1ea5t nhi\u1ec7t v\u00e0 t\u1ea3i c\u01a1 h\u1ecdc v\u01b0\u1ee3t tr\u1ed9i. \u0110i\u1ec1u n\u00e0y l\u00e0m cho m\u00e1y \u0111\u1eb7c bi\u1ec7t hi\u1ec7u qu\u1ea3 \u0111\u1ed1i v\u1edbi qu\u00e1 tr\u00ecnh l\u1ecdc d\u1ea7u \u00e9p n\u00f3ng, ch\u1eb3ng h\u1ea1n nh\u01b0 d\u1ea7u c\u1ecd, d\u1ea7u \u0111\u1eadu ph\u1ed9ng ho\u1eb7c d\u1ea7u h\u01b0\u1edbng d\u01b0\u01a1ng, trong khi m\u00e1y \u00e9p l\u1ecdc th\u00f4ng th\u01b0\u1eddng c\u00f3 th\u1ec3 kh\u00f4ng ho\u1ea1t \u0111\u1ed9ng.<br \/>\nC\u1ea5u tr\u00fac khung \u0111\u01b0\u1ee3c l\u00e0m t\u1eeb gang ch\u1ecbu l\u1ef1c v\u00e0 th\u00e9p cacbon, \u0111\u01b0\u1ee3c x\u1eed l\u00fd b\u1eb1ng ph\u01b0\u01a1ng ph\u00e1p phun c\u00e1t \u0111\u1ec3 ch\u1ed1ng \u0103n m\u00f2n, bi\u1ebfn d\u1ea1ng v\u00e0 m\u00e0i m\u00f2n, \u0111\u1ea3m b\u1ea3o \u0111\u1ed9 \u1ed5n \u0111\u1ecbnh l\u00e2u d\u00e0i trong m\u00f4i tr\u01b0\u1eddng kh\u1eafc nghi\u1ec7t.<br \/>\nN\u00f3 c\u00f3 h\u1ec7 th\u1ed1ng th\u1ee7y l\u1ef1c t\u00edch h\u1ee3p \u0111\u1ec3 k\u1eb9p t\u1ea5m t\u1ef1 \u0111\u1ed9ng v\u00e0 duy tr\u00ec \u00e1p su\u1ea5t, gi\u1ea3m nhu c\u1ea7u v\u1eadn h\u00e0nh th\u1ee7 c\u00f4ng v\u00e0 c\u1ea3i thi\u1ec7n t\u00ednh nh\u1ea5t qu\u00e1n c\u1ee7a b\u1ed9 l\u1ecdc. T\u1ee7 \u0111i\u1ec1u khi\u1ec3n \u0111i\u1ec7n h\u1ed7 tr\u1ee3 \u00e9p t\u1ef1 \u0111\u1ed9ng v\u00e0 duy tr\u00ec \u00e1p su\u1ea5t, v\u1edbi c\u00e1c ch\u1ee9c n\u0103ng th\u1ee7 c\u00f4ng \u0111\u1ec3 x\u1ea3 b\u00e1nh.<br \/>\nCho d\u00f9 b\u1ea1n \u0111ang l\u1ecdc d\u1ea7u \u0103n, gelatin hay ch\u1ea5t l\u1ecfng c\u00f4ng nghi\u1ec7p c\u00f3 h\u00e0m l\u01b0\u1ee3ng ch\u1ea5t r\u1eafn cao, m\u00e1y \u00e9p n\u00e0y \u0111\u1ec1u mang l\u1ea1i k\u1ebft qu\u1ea3 hi\u1ec7u qu\u1ea3, \u1ed5n \u0111\u1ecbnh v\u00e0 s\u1ea1ch. M\u00e1y \u0111\u1eb7c bi\u1ec7t ph\u00f9 h\u1ee3p v\u1edbi c\u00e1c nh\u00e0 m\u00e1y ch\u1ebf bi\u1ebfn d\u1ea7u \u1edf n\u00f4ng th\u00f4n, doanh nghi\u1ec7p n\u00f4ng nghi\u1ec7p quy m\u00f4 nh\u1ecf ho\u1eb7c c\u00e1c d\u00e2y chuy\u1ec1n l\u1ecdc c\u1ea5p c\u00f4ng nghi\u1ec7p x\u1eed l\u00fd ch\u1ea5t l\u1ecfng n\u00f3ng, nh\u1edbt.<\/p>\n<h4><strong><b>C\u1ea5u tr\u00fac m\u00e1y:<\/b><\/strong><\/h4>\n<ul>\n<li>H\u1ec7 th\u1ed1ng th\u1ee7y l\u1ef1c m\u00e1y \u00e9p khung v\u00e0 t\u1ea5m: bao g\u1ed3m xi lanh th\u1ee7y l\u1ef1c, \u0111\u1ed3ng h\u1ed3 \u0111o \u00e1p su\u1ea5t, tr\u1ea1m th\u1ee7y l\u1ef1c.<\/li>\n<li>Khung m\u00e1y \u00e9p l\u1ecdc: V\u1eadt li\u1ec7u khung \u0111\u01b0\u1ee3c l\u00e0m b\u1eb1ng gang, ch\u1eafc ch\u1eafn v\u00e0 b\u1ec1n b\u1ec9, c\u00f3 tu\u1ed5i th\u1ecd cao.<\/li>\n<li>T\u1ee7 \u0111i\u1ec1u khi\u1ec3n \u0111i\u1ec7n: k\u1eb9p t\u1ef1 \u0111\u1ed9ng, duy tr\u00ec \u00e1p su\u1ea5t t\u1ef1 \u0111\u1ed9ng, m\u1edf t\u1ea5m l\u1ecdc th\u1ee7 c\u00f4ng, th\u00e1o b\u00e1nh l\u1ecdc th\u1ee7 c\u00f4ng.<\/li>\n<li>T\u1ea5m l\u1ecdc v\u00e0 khung l\u1ecdc: T\u1ea5m l\u1ecdc v\u00e0 khung l\u1ecdc \u0111\u01b0\u1ee3c l\u00e0m b\u1eb1ng gang d\u1ebbo, c\u00f3 kh\u1ea3 n\u0103ng ch\u1ecbu nhi\u1ec7t \u0111\u1ed9 cao, ph\u00f9 h\u1ee3p v\u1edbi t\u1ea5m l\u1ecdc b\u1eb1ng gang c\u00f3 \u0111\u1ed9 b\u1ec1n cao \u0111\u1ec3 l\u1ecdc c\u00e1c v\u1eadt li\u1ec7u ch\u1ecbu nhi\u1ec7t \u0111\u1ed9 cao.<\/li>\n<\/ul>\n<table border=\"1\">\n<tbody>\n<tr bgcolor=\"#123F53\">\n<th style=\"text-align: center;\" colspan=\"8\"><strong><span style=\"color: #fff;\">M\u00e1y \u00e9p l\u1ecdc khung gang c\u00f4ng nghi\u1ec7p l\u1edbn<br \/>\n<\/span><\/strong><\/th>\n<\/tr>\n<tr>\n<th>Ng\u01b0\u1eddi m\u1eabu<\/th>\n<th>K\u00edch th\u01b0\u1edbc t\u1ea5m (mm)<\/th>\n<th>Di\u1ec7n t\u00edch l\u1ecdc (m\u00b2)<\/th>\n<th>S\u1ed1 l\u01b0\u1ee3ng t\u1ea5m l\u1ecdc (c\u00e1i)<\/th>\n<th>\u0110\u1ed9 d\u00e0y c\u1ee7a b\u00e1nh l\u1ecdc (mm)<\/th>\n<th>Th\u1ec3 t\u00edch bu\u1ed3ng l\u1ecdc (L)<\/th>\n<th>Tr\u1ecdng l\u01b0\u1ee3ng (kg)<\/th>\n<th>K\u00edch th\u01b0\u1edbc ph\u00e1c th\u1ea3o (D*R*C)(mm)<\/th>\n<\/tr>\n<tr>\n<th>SF450-H<\/th>\n<td>450*450<\/td>\n<td>4<\/td>\n<td>9\/10<\/td>\n<td>25<\/td>\n<td>51<\/td>\n<td>1000<\/td>\n<td>1850*860*850<\/td>\n<\/tr>\n<tr>\n<th>SF450-H<\/th>\n<td>450*450<\/td>\n<td>6<\/td>\n<td>14\/15<\/td>\n<td>25<\/td>\n<td>76<\/td>\n<td>1250<\/td>\n<td>2100*860*850<\/td>\n<\/tr>\n<tr>\n<th>SF450-H<\/th>\n<td>450*450<\/td>\n<td>8<\/td>\n<td>19\/20<\/td>\n<td>25<\/td>\n<td>102<\/td>\n<td>1490<\/td>\n<td>2350*860*850<\/td>\n<\/tr>\n<tr>\n<th>SF450-H<\/th>\n<td>450*450<\/td>\n<td>12<\/td>\n<td>29\/30<\/td>\n<td>25<\/td>\n<td>152<\/td>\n<td>1970<\/td>\n<td>2850*860*850<\/td>\n<\/tr>\n<tr>\n<th>SF450-H<\/th>\n<td>450*450<\/td>\n<td>16<\/td>\n<td>39\/40<\/td>\n<td>25<\/td>\n<td>203<\/td>\n<td>2450<\/td>\n<td>3350*860*850<\/td>\n<\/tr>\n<tr>\n<th>SF700-H<\/th>\n<td>700*700<\/td>\n<td>10<\/td>\n<td>11\/12<\/td>\n<td>25<\/td>\n<td>120<\/td>\n<td>2890<\/td>\n<td>2425*1120*1010<\/td>\n<\/tr>\n<tr>\n<th>SF700-H<\/th>\n<td>700*700<\/td>\n<td>15<\/td>\n<td>17\/18<\/td>\n<td>25<\/td>\n<td>180<\/td>\n<td>3655<\/td>\n<td>2730*1120*1010<\/td>\n<\/tr>\n<tr>\n<th>SF700-H<\/th>\n<td>700*700<\/td>\n<td>20<\/td>\n<td>23\/24<\/td>\n<td>25<\/td>\n<td>240<\/td>\n<td>4250<\/td>\n<td>3040*1120*1010<\/td>\n<\/tr>\n<tr>\n<th>SF700-H<\/th>\n<td>700*700<\/td>\n<td>25<\/td>\n<td>30\/31<\/td>\n<td>25<\/td>\n<td>310<\/td>\n<td>4935<\/td>\n<td>3395*1120*1010<\/td>\n<\/tr>\n<tr>\n<th>SF700-H<\/th>\n<td>700*700<\/td>\n<td>30<\/td>\n<td>36\/37<\/td>\n<td>25<\/td>\n<td>370<\/td>\n<td>5620<\/td>\n<td>3700*1120*1010<\/td>\n<\/tr>\n<tr>\n<th>SF700-H<\/th>\n<td>700*700<\/td>\n<td>40<\/td>\n<td>48\/49<\/td>\n<td>25<\/td>\n<td>490<\/td>\n<td>6970<\/td>\n<td>4310*1120*1010<\/td>\n<\/tr>\n<tr>\n<th>SF870-H<\/th>\n<td>870*870<\/td>\n<td>40<\/td>\n<td>30\/31<\/td>\n<td>30<\/td>\n<td>730<\/td>\n<td>7860<\/td>\n<td>3700*1350*1180<\/td>\n<\/tr>\n<tr>\n<th>SF870-H<\/th>\n<td>870*870<\/td>\n<td>50<\/td>\n<td>38\/39<\/td>\n<td>30<\/td>\n<td>920<\/td>\n<td>9100<\/td>\n<td>4190*1350*1180<\/td>\n<\/tr>\n<tr>\n<th>SF870-H<\/th>\n<td>870*870<\/td>\n<td>60<\/td>\n<td>45\/46<\/td>\n<td>30<\/td>\n<td>1050<\/td>\n<td>10440<\/td>\n<td>4615*1350*1180<\/td>\n<\/tr>\n<tr>\n<th>SF870-H<\/th>\n<td>870*870<\/td>\n<td>70<\/td>\n<td>53\/54<\/td>\n<td>30<\/td>\n<td>1240<\/td>\n<td>11730<\/td>\n<td>5105*1350*1180<\/td>\n<\/tr>\n<tr>\n<th>SF870-H<\/th>\n<td>870*870<\/td>\n<td>80<\/td>\n<td>61\/62<\/td>\n<td>30<\/td>\n<td>1420<\/td>\n<td>13020<\/td>\n<td>5590*1350*1180<\/td>\n<\/tr>\n<\/tbody>\n<\/table>\n<p><img fetchpriority=\"high\" decoding=\"async\" class=\"alignnone wp-image-3885\" src=\"https:\/\/smallagrimachinery.com\/wp-content\/uploads\/2025\/07\/Large-industrial-grade-high-temperature-resistant-cast-iron-plate-frame-Filter-Press-Machine-Details-1.webp\" alt=\"\" width=\"450\" height=\"300\" srcset=\"https:\/\/smallagrimachinery.com\/wp-content\/uploads\/2025\/07\/Large-industrial-grade-high-temperature-resistant-cast-iron-plate-frame-Filter-Press-Machine-Details-1.webp 640w, https:\/\/smallagrimachinery.com\/wp-content\/uploads\/2025\/07\/Large-industrial-grade-high-temperature-resistant-cast-iron-plate-frame-Filter-Press-Machine-Details-1-500x333.webp 500w, https:\/\/smallagrimachinery.com\/wp-content\/uploads\/2025\/07\/Large-industrial-grade-high-temperature-resistant-cast-iron-plate-frame-Filter-Press-Machine-Details-1-18x12.webp 18w\" sizes=\"(max-width: 450px) 100vw, 450px\" \/> <img decoding=\"async\" class=\"alignnone wp-image-3886\" src=\"https:\/\/smallagrimachinery.com\/wp-content\/uploads\/2025\/07\/Large-industrial-grade-high-temperature-resistant-cast-iron-plate-frame-Filter-Press-Machine-Details-2.webp\" alt=\"\" width=\"451\" height=\"300\" srcset=\"https:\/\/smallagrimachinery.com\/wp-content\/uploads\/2025\/07\/Large-industrial-grade-high-temperature-resistant-cast-iron-plate-frame-Filter-Press-Machine-Details-2.webp 640w, https:\/\/smallagrimachinery.com\/wp-content\/uploads\/2025\/07\/Large-industrial-grade-high-temperature-resistant-cast-iron-plate-frame-Filter-Press-Machine-Details-2-500x333.webp 500w, https:\/\/smallagrimachinery.com\/wp-content\/uploads\/2025\/07\/Large-industrial-grade-high-temperature-resistant-cast-iron-plate-frame-Filter-Press-Machine-Details-2-18x12.webp 18w\" sizes=\"(max-width: 451px) 100vw, 451px\" \/> <img decoding=\"async\" class=\"alignnone wp-image-3887\" src=\"https:\/\/smallagrimachinery.com\/wp-content\/uploads\/2025\/07\/Large-industrial-grade-high-temperature-resistant-cast-iron-plate-frame-Filter-Press-Machine-Details-3.webp\" alt=\"\" width=\"450\" height=\"300\" srcset=\"https:\/\/smallagrimachinery.com\/wp-content\/uploads\/2025\/07\/Large-industrial-grade-high-temperature-resistant-cast-iron-plate-frame-Filter-Press-Machine-Details-3.webp 750w, https:\/\/smallagrimachinery.com\/wp-content\/uploads\/2025\/07\/Large-industrial-grade-high-temperature-resistant-cast-iron-plate-frame-Filter-Press-Machine-Details-3-500x333.webp 500w, https:\/\/smallagrimachinery.com\/wp-content\/uploads\/2025\/07\/Large-industrial-grade-high-temperature-resistant-cast-iron-plate-frame-Filter-Press-Machine-Details-3-18x12.webp 18w, https:\/\/smallagrimachinery.com\/wp-content\/uploads\/2025\/07\/Large-industrial-grade-high-temperature-resistant-cast-iron-plate-frame-Filter-Press-Machine-Details-3-700x467.webp 700w\" sizes=\"(max-width: 450px) 100vw, 450px\" \/> <img loading=\"lazy\" decoding=\"async\" class=\"alignnone wp-image-3889\" src=\"https:\/\/smallagrimachinery.com\/wp-content\/uploads\/2025\/07\/Large-industrial-grade-high-temperature-resistant-cast-iron-plate-frame-Filter-Press-Machine-Details-4.webp\" alt=\"\" width=\"450\" height=\"300\" srcset=\"https:\/\/smallagrimachinery.com\/wp-content\/uploads\/2025\/07\/Large-industrial-grade-high-temperature-resistant-cast-iron-plate-frame-Filter-Press-Machine-Details-4.webp 750w, https:\/\/smallagrimachinery.com\/wp-content\/uploads\/2025\/07\/Large-industrial-grade-high-temperature-resistant-cast-iron-plate-frame-Filter-Press-Machine-Details-4-500x333.webp 500w, https:\/\/smallagrimachinery.com\/wp-content\/uploads\/2025\/07\/Large-industrial-grade-high-temperature-resistant-cast-iron-plate-frame-Filter-Press-Machine-Details-4-18x12.webp 18w, https:\/\/smallagrimachinery.com\/wp-content\/uploads\/2025\/07\/Large-industrial-grade-high-temperature-resistant-cast-iron-plate-frame-Filter-Press-Machine-Details-4-700x467.webp 700w\" sizes=\"(max-width: 450px) 100vw, 450px\" \/> <img loading=\"lazy\" decoding=\"async\" class=\"alignnone size-full wp-image-3890\" src=\"https:\/\/smallagrimachinery.com\/wp-content\/uploads\/2025\/07\/Large-industrial-grade-high-temperature-resistant-cast-iron-plate-frame-Filter-Press-Machine-Details-6.webp\" alt=\"\" width=\"750\" height=\"748\" srcset=\"https:\/\/smallagrimachinery.com\/wp-content\/uploads\/2025\/07\/Large-industrial-grade-high-temperature-resistant-cast-iron-plate-frame-Filter-Press-Machine-Details-6.webp 750w, https:\/\/smallagrimachinery.com\/wp-content\/uploads\/2025\/07\/Large-industrial-grade-high-temperature-resistant-cast-iron-plate-frame-Filter-Press-Machine-Details-6-500x500.webp 500w, https:\/\/smallagrimachinery.com\/wp-content\/uploads\/2025\/07\/Large-industrial-grade-high-temperature-resistant-cast-iron-plate-frame-Filter-Press-Machine-Details-6-150x150.webp 150w, https:\/\/smallagrimachinery.com\/wp-content\/uploads\/2025\/07\/Large-industrial-grade-high-temperature-resistant-cast-iron-plate-frame-Filter-Press-Machine-Details-6-12x12.webp 12w, https:\/\/smallagrimachinery.com\/wp-content\/uploads\/2025\/07\/Large-industrial-grade-high-temperature-resistant-cast-iron-plate-frame-Filter-Press-Machine-Details-6-300x300.webp 300w, https:\/\/smallagrimachinery.com\/wp-content\/uploads\/2025\/07\/Large-industrial-grade-high-temperature-resistant-cast-iron-plate-frame-Filter-Press-Machine-Details-6-700x698.webp 700w, https:\/\/smallagrimachinery.com\/wp-content\/uploads\/2025\/07\/Large-industrial-grade-high-temperature-resistant-cast-iron-plate-frame-Filter-Press-Machine-Details-6-100x100.webp 100w\" sizes=\"(max-width: 750px) 100vw, 750px\" \/><\/p>","protected":false},"excerpt":{"rendered":"<ul>\n<li><b><\/b><strong><b>T\u1ea5m gang ch\u1ecbu nhi\u1ec7t \u0111\u1ed9 cao:<\/b><\/strong>\u0110\u01b0\u1ee3c l\u00e0m b\u1eb1ng gang d\u1ebbo cao c\u1ea5p, c\u00e1c t\u1ea5m l\u1ecdc \u0111\u01b0\u1ee3c thi\u1ebft k\u1ebf \u0111\u1ec3 ch\u1ecbu \u0111\u01b0\u1ee3c \u00e1p su\u1ea5t cao v\u00e0 l\u1ecdc \u1edf nhi\u1ec7t \u0111\u1ed9 cao\u2014l\u00fd t\u01b0\u1edfng cho c\u00e1c lo\u1ea1i d\u1ea7u \u0103n \u00e9p n\u00f3ng nh\u01b0 d\u1ea7u c\u1ecd ho\u1eb7c d\u1ea7u h\u01b0\u1edbng d\u01b0\u01a1ng.<\/li>\n<li><b><\/b><strong><b>Khung ch\u1ecbu l\u1ef1c cao v\u1edbi tu\u1ed5i th\u1ecd d\u00e0i:<\/b><\/strong>Khung ch\u00ednh \u0111\u01b0\u1ee3c ch\u1ebf t\u1ea1o t\u1eeb th\u00e9p carbon c\u01b0\u1eddng \u0111\u1ed9 cao \u0111\u01b0\u1ee3c x\u1eed l\u00fd ch\u1ed1ng \u0103n m\u00f2n b\u1eb1ng ph\u01b0\u01a1ng ph\u00e1p phun c\u00e1t, \u0111\u1ea3m b\u1ea3o t\u00ednh to\u00e0n v\u1eb9n v\u1ec1 c\u1ea5u tr\u00fac v\u00e0 \u0111\u1ed9 b\u1ec1n tuy\u1ec7t v\u1eddi khi s\u1eed d\u1ee5ng trong c\u00f4ng nghi\u1ec7p li\u00ean t\u1ee5c.<\/li>\n<li><b><\/b><strong><b>H\u1ec7 th\u1ed1ng th\u1ee7y l\u1ef1c gi\u00fap v\u1eadn h\u00e0nh d\u1ec5 d\u00e0ng:<\/b><\/strong>\u0110\u01b0\u1ee3c trang b\u1ecb h\u1ec7 th\u1ed1ng th\u1ee7y l\u1ef1c \u0111\u00e1ng tin c\u1eady, bao g\u1ed3m xi lanh, \u0111\u1ed3ng h\u1ed3 \u0111o \u00e1p su\u1ea5t v\u00e0 tr\u1ea1m, m\u00e1y \u00e9p cho ph\u00e9p k\u1eb9p t\u1ef1 \u0111\u1ed9ng v\u00e0 duy tr\u00ec \u00e1p su\u1ea5t v\u1edbi \u00edt nh\u00e2n c\u00f4ng nh\u1ea5t.<\/li>\n<li><b><\/b><strong><b>\u0110\u01b0\u1ee3c thi\u1ebft k\u1ebf \u0111\u1ec3 l\u1ecdc ch\u1ea5t l\u1ecfng trong n\u00f4ng nghi\u1ec7p v\u00e0 c\u00f4ng nghi\u1ec7p:<\/b><\/strong>Ho\u00e0n h\u1ea3o \u0111\u1ec3 s\u1eed d\u1ee5ng trong c\u00e1c c\u01a1 s\u1edf ch\u1ebf bi\u1ebfn d\u1ea7u \u0103n c\u1ee1 nh\u1ecf \u0111\u1ebfn trung b\u00ecnh v\u00e0 c\u00e1c d\u00e2y chuy\u1ec1n l\u1ecdc ch\u1ea5t l\u1ecfng n\u00f4ng nghi\u1ec7p, \u0111\u1eb7c bi\u1ec7t l\u00e0 n\u01a1i nhi\u1ec7t v\u00e0 h\u00e0m l\u01b0\u1ee3ng ch\u1ea5t r\u1eafn \u0111\u00f2i h\u1ecfi hi\u1ec7u su\u1ea5t l\u1ecdc m\u1ea1nh m\u1ebd.<\/li>\n<\/ul>","protected":false},"featured_media":3881,"comment_status":"open","ping_status":"closed","template":"","meta":[],"product_brand":[],"product_cat":[41],"product_tag":[45],"class_list":{"0":"post-3876","1":"product","2":"type-product","3":"status-publish","4":"has-post-thumbnail","6":"product_cat-oil-filter-machine","7":"product_tag-plate-oil-filter-press","9":"first","10":"instock","11":"taxable","12":"shipping-taxable","13":"product-type-simple"},"_links":{"self":[{"href":"https:\/\/smallagrimachinery.com\/vi\/wp-json\/wp\/v2\/product\/3876","targetHints":{"allow":["GET"]}}],"collection":[{"href":"https:\/\/smallagrimachinery.com\/vi\/wp-json\/wp\/v2\/product"}],"about":[{"href":"https:\/\/smallagrimachinery.com\/vi\/wp-json\/wp\/v2\/types\/product"}],"replies":[{"embeddable":true,"href":"https:\/\/smallagrimachinery.com\/vi\/wp-json\/wp\/v2\/comments?post=3876"}],"wp:featuredmedia":[{"embeddable":true,"href":"https:\/\/smallagrimachinery.com\/vi\/wp-json\/wp\/v2\/media\/3881"}],"wp:attachment":[{"href":"https:\/\/smallagrimachinery.com\/vi\/wp-json\/wp\/v2\/media?parent=3876"}],"wp:term":[{"taxonomy":"product_brand","embeddable":true,"href":"https:\/\/smallagrimachinery.com\/vi\/wp-json\/wp\/v2\/product_brand?post=3876"},{"taxonomy":"product_cat","embeddable":true,"href":"https:\/\/smallagrimachinery.com\/vi\/wp-json\/wp\/v2\/product_cat?post=3876"},{"taxonomy":"product_tag","embeddable":true,"href":"https:\/\/smallagrimachinery.com\/vi\/wp-json\/wp\/v2\/product_tag?post=3876"}],"curies":[{"name":"wp","href":"https:\/\/api.w.org\/{rel}","templated":true}]}}