{"id":3863,"date":"2025-07-07T13:53:35","date_gmt":"2025-07-07T13:53:35","guid":{"rendered":"https:\/\/smallagrimachinery.com\/?post_type=product&#038;p=3863"},"modified":"2025-12-25T02:05:13","modified_gmt":"2025-12-25T02:05:13","slug":"manual-cast-iron-plate-frame-oil-filter-press-machine","status":"publish","type":"product","link":"https:\/\/smallagrimachinery.com\/vi\/product\/manual-cast-iron-plate-frame-oil-filter-press-machine\/","title":{"rendered":"M\u00e1y \u00e9p d\u1ea7u khung gang th\u1ee7 c\u00f4ng"},"content":{"rendered":"<h3>Gi\u1edbi thi\u1ec7u<\/h3>\n<p>M\u00e1y \u00e9p l\u1ecdc d\u1ea7u khung gang th\u1ee7 c\u00f4ng l\u00e0 gi\u1ea3i ph\u00e1p m\u1ea1nh m\u1ebd v\u00e0 \u0111\u00e1ng tin c\u1eady \u0111\u1ec3 l\u1ecdc d\u1ea7u, \u0111\u1eb7c bi\u1ec7t ph\u00f9 h\u1ee3p \u0111\u1ec3 khai th\u00e1c d\u1ea7u n\u00f4ng nghi\u1ec7p. M\u00e1y n\u00e0y l\u00fd t\u01b0\u1edfng cho c\u00e1c nh\u00e0 m\u00e1y d\u1ea7u quy m\u00f4 v\u1eeba v\u00e0 nh\u1ecf, mang l\u1ea1i hi\u1ec7u su\u1ea5t v\u01b0\u1ee3t tr\u1ed9i \u0111\u1ec3 l\u1ecdc d\u1ea7u \u0103n, h\u00f3a ch\u1ea5t, d\u01b0\u1ee3c ph\u1ea9m, v.v.<\/p>\n<p>C\u00e1c th\u00e0nh ph\u1ea7n c\u1ed1t l\u00f5i bao g\u1ed3m m\u1ed9t h\u1ec7 th\u1ed1ng d\u1eabn \u0111\u1ed9ng b\u1eb1ng v\u00edt th\u1ee7 c\u00f4ng t\u1ea1o \u00e1p l\u1ef1c l\u00ean d\u1ea7u \u0111\u1ec3 t\u00e1ch t\u1ea1p ch\u1ea5t, v\u1edbi d\u1ea7u \u0111\u00e3 l\u1ecdc ch\u1ea3y ra qua m\u1ed9t \u1ed1ng d\u1eabn d\u1ea7u chuy\u00ean d\u1ee5ng. Vi\u1ec7c s\u1eed d\u1ee5ng gang c\u01b0\u1eddng \u0111\u1ed9 cao cho c\u00e1c t\u1ea5m l\u1ecdc \u0111\u1ea3m b\u1ea3o \u0111\u1ed9 b\u1ec1n v\u00e0 kh\u1ea3 n\u0103ng ch\u1ecbu nhi\u1ec7t \u0111\u1ed9 cao, gi\u00fap n\u00f3 ph\u00f9 h\u1ee3p \u0111\u1ec3 l\u1ecdc c\u00e1c v\u1eadt li\u1ec7u ch\u1ecbu nhi\u1ec7t \u0111\u1ed9 cao nh\u01b0 gelatin v\u00e0 d\u1ea7u. D\u1ea7m ch\u00ednh b\u1eb1ng th\u00e9p cacbon ch\u1eafc ch\u1eafn \u0111\u01b0\u1ee3c phun c\u00e1t \u0111\u1ec3 t\u0103ng kh\u1ea3 n\u0103ng ch\u1ed1ng \u0103n m\u00f2n v\u00e0 t\u00ednh to\u00e0n v\u1eb9n v\u1ec1 c\u1ea5u tr\u00fac.<br \/>\n\u0110\u01b0\u1ee3c trang b\u1ecb c\u00e1c ph\u1ee5 ki\u1ec7n thi\u1ebft y\u1ebfu nh\u01b0 m\u00e1y b\u01a1m n\u01b0\u1edbc, v\u00f2i n\u01b0\u1edbc v\u00e0 \u0111\u1ed3ng h\u1ed3 \u0111o \u00e1p su\u1ea5t, m\u00e1y \u00e9p l\u1ecdc n\u00e0y d\u1ec5 s\u1eed d\u1ee5ng v\u00e0 b\u1ea3o tr\u00ec. H\u1ec7 th\u1ed1ng v\u1eadn h\u00e0nh th\u1ee7 c\u00f4ng th\u00e2n thi\u1ec7n v\u1edbi ng\u01b0\u1eddi d\u00f9ng cho ph\u00e9p ngay c\u1ea3 ng\u01b0\u1eddi v\u1eadn h\u00e0nh m\u1edbi c\u0169ng c\u00f3 th\u1ec3 nhanh ch\u00f3ng b\u1eaft k\u1ecbp t\u1ed1c \u0111\u1ed9. Quy tr\u00ecnh l\u1ecdc c\u00f3 hi\u1ec7u qu\u1ea3 cao, v\u1edbi c\u00e1c lo\u1ea1i v\u1ea3i l\u1ecdc ph\u00f9 h\u1ee3p \u0111\u01b0\u1ee3c l\u1ef1a ch\u1ecdn d\u1ef1a tr\u00ean lo\u1ea1i ch\u1ea5t l\u1ecfng, \u0111\u1ea3m b\u1ea3o k\u1ebft qu\u1ea3 t\u1ed1i \u01b0u.<\/p>\n<p>Thi\u1ebft k\u1ebf nh\u1ecf g\u1ecdn gi\u00fap ti\u1ebft ki\u1ec7m kh\u00f4ng gian \u0111\u00e1ng k\u1ec3 trong c\u00e1c c\u01a1 s\u1edf khai th\u00e1c d\u1ea7u n\u00f4ng nghi\u1ec7p, cung c\u1ea5p gi\u1ea3i ph\u00e1p ti\u1ebft ki\u1ec7m chi ph\u00ed m\u00e0 kh\u00f4ng \u1ea3nh h\u01b0\u1edfng \u0111\u1ebfn ch\u1ea5t l\u01b0\u1ee3ng ho\u1eb7c hi\u1ec7u qu\u1ea3 l\u1ecdc. Cho d\u00f9 l\u00e0 d\u1ea7u \u0103n hay c\u00e1c ch\u1ea5t l\u1ecfng kh\u00e1c trong ng\u00e0nh th\u1ef1c ph\u1ea9m v\u00e0 h\u00f3a ch\u1ea5t, m\u00e1y \u00e9p l\u1ecdc n\u00e0y cung c\u1ea5p gi\u1ea3i ph\u00e1p \u0111\u00e1ng tin c\u1eady, \u00edt b\u1ea3o tr\u00ec cho c\u00e1c nh\u00e0 m\u00e1y d\u1ea7u n\u00f4ng nghi\u1ec7p.<br \/>\nL\u00fd t\u01b0\u1edfng cho c\u00e1c nh\u00e0 ch\u1ebf bi\u1ebfn n\u00f4ng s\u1ea3n \u0111ang t\u00ecm ki\u1ebfm thi\u1ebft b\u1ecb hi\u1ec7u qu\u1ea3, b\u1ec1n l\u00e2u v\u00e0 d\u1ec5 s\u1eed d\u1ee5ng \u0111\u1ec3 \u0111\u00e1p \u1ee9ng nhu c\u1ea7u l\u1ecdc d\u1ea7u c\u1ee7a h\u1ecd.<\/p>\n<p>* Theo ch\u1ea5t l\u1ecfng l\u1ecdc, d\u1ea7u \u0111\u01b0\u1ee3c l\u1ecdc b\u1eb1ng v\u1ea3i l\u1ecdc ph\u00f9 h\u1ee3p, hi\u1ec7u qu\u1ea3 l\u1ecdc s\u1ebd t\u1ed1t h\u01a1n.<\/p>\n<table border=\"1\">\n<tbody>\n<tr bgcolor=\"#123F53\">\n<th style=\"text-align: center;\" colspan=\"4\"><strong><span style=\"color: #fff;\">M\u00e1y \u00e9p d\u1ea7u khung gang th\u1ee7 c\u00f4ng<br \/>\n<\/span><\/strong><\/th>\n<\/tr>\n<tr>\n<th>Ng\u01b0\u1eddi m\u1eabu<\/th>\n<th>V\u1eadt li\u1ec7u<\/th>\n<th>Di\u1ec7n t\u00edch l\u1ecdc (m\u00b2)<\/th>\n<th>Size (mm)<\/th>\n<\/tr>\n<tr>\n<th>GQYS-2<\/th>\n<td>Polypropylene filter plate + carbon steel frame<\/td>\n<td>2<\/td>\n<td>1300*650*1200<\/td>\n<\/tr>\n<tr>\n<th>GQYS-2<\/th>\n<td>High-temperature resistant polyferric iron + carbon steel frame<\/td>\n<td>2<\/td>\n<td>1300*650*1200<\/td>\n<\/tr>\n<tr>\n<th>GQYS-3<\/th>\n<td>Polypropylene filter plate + carbon steel frame<\/td>\n<td>3<\/td>\n<td>1600*700*1200<\/td>\n<\/tr>\n<tr>\n<th>GQYS-3<\/th>\n<td>High-temperature resistant polyferric iron + carbon steel frame<\/td>\n<td>3<\/td>\n<td>1600*700*1200<\/td>\n<\/tr>\n<tr>\n<th>GQYS-4<\/th>\n<td>Polypropylene filter plate + carbon steel frame<\/td>\n<td>4<\/td>\n<td>2000*1100*1400<\/td>\n<\/tr>\n<tr>\n<th>GQYS-4<\/th>\n<td>High-temperature resistant polyferric iron + carbon steel frame<\/td>\n<td>4<\/td>\n<td>2000*1100*1400<\/td>\n<\/tr>\n<\/tbody>\n<\/table>\n<p><img fetchpriority=\"high\" decoding=\"async\" class=\"alignnone wp-image-3870\" src=\"https:\/\/smallagrimachinery.com\/wp-content\/uploads\/2025\/07\/Manual-cast-iron-plate-frame-Oil-Filter-Press-Machine-Details-1.webp\" alt=\"\" width=\"651\" height=\"487\" srcset=\"https:\/\/smallagrimachinery.com\/wp-content\/uploads\/2025\/07\/Manual-cast-iron-plate-frame-Oil-Filter-Press-Machine-Details-1.webp 650w, https:\/\/smallagrimachinery.com\/wp-content\/uploads\/2025\/07\/Manual-cast-iron-plate-frame-Oil-Filter-Press-Machine-Details-1-500x375.webp 500w, https:\/\/smallagrimachinery.com\/wp-content\/uploads\/2025\/07\/Manual-cast-iron-plate-frame-Oil-Filter-Press-Machine-Details-1-16x12.webp 16w\" sizes=\"(max-width: 651px) 100vw, 651px\" \/> <img decoding=\"async\" class=\"alignnone wp-image-3871\" src=\"https:\/\/smallagrimachinery.com\/wp-content\/uploads\/2025\/07\/Manual-cast-iron-plate-frame-Oil-Filter-Press-Machine-Details-2.webp\" alt=\"\" width=\"650\" height=\"487\" srcset=\"https:\/\/smallagrimachinery.com\/wp-content\/uploads\/2025\/07\/Manual-cast-iron-plate-frame-Oil-Filter-Press-Machine-Details-2.webp 750w, https:\/\/smallagrimachinery.com\/wp-content\/uploads\/2025\/07\/Manual-cast-iron-plate-frame-Oil-Filter-Press-Machine-Details-2-500x375.webp 500w, https:\/\/smallagrimachinery.com\/wp-content\/uploads\/2025\/07\/Manual-cast-iron-plate-frame-Oil-Filter-Press-Machine-Details-2-16x12.webp 16w, https:\/\/smallagrimachinery.com\/wp-content\/uploads\/2025\/07\/Manual-cast-iron-plate-frame-Oil-Filter-Press-Machine-Details-2-700x525.webp 700w\" sizes=\"(max-width: 650px) 100vw, 650px\" \/> <img decoding=\"async\" class=\"alignnone wp-image-3872\" src=\"https:\/\/smallagrimachinery.com\/wp-content\/uploads\/2025\/07\/Manual-cast-iron-plate-frame-Oil-Filter-Press-Machine-Details-3.webp\" alt=\"\" width=\"650\" height=\"487\" srcset=\"https:\/\/smallagrimachinery.com\/wp-content\/uploads\/2025\/07\/Manual-cast-iron-plate-frame-Oil-Filter-Press-Machine-Details-3.webp 750w, https:\/\/smallagrimachinery.com\/wp-content\/uploads\/2025\/07\/Manual-cast-iron-plate-frame-Oil-Filter-Press-Machine-Details-3-500x375.webp 500w, https:\/\/smallagrimachinery.com\/wp-content\/uploads\/2025\/07\/Manual-cast-iron-plate-frame-Oil-Filter-Press-Machine-Details-3-16x12.webp 16w, https:\/\/smallagrimachinery.com\/wp-content\/uploads\/2025\/07\/Manual-cast-iron-plate-frame-Oil-Filter-Press-Machine-Details-3-700x525.webp 700w\" sizes=\"(max-width: 650px) 100vw, 650px\" \/> <img loading=\"lazy\" decoding=\"async\" class=\"alignnone wp-image-3873\" src=\"https:\/\/smallagrimachinery.com\/wp-content\/uploads\/2025\/07\/Manual-cast-iron-plate-frame-Oil-Filter-Press-Machine-Details-4.webp\" alt=\"\" width=\"650\" height=\"432\" srcset=\"https:\/\/smallagrimachinery.com\/wp-content\/uploads\/2025\/07\/Manual-cast-iron-plate-frame-Oil-Filter-Press-Machine-Details-4.webp 800w, https:\/\/smallagrimachinery.com\/wp-content\/uploads\/2025\/07\/Manual-cast-iron-plate-frame-Oil-Filter-Press-Machine-Details-4-500x333.webp 500w, https:\/\/smallagrimachinery.com\/wp-content\/uploads\/2025\/07\/Manual-cast-iron-plate-frame-Oil-Filter-Press-Machine-Details-4-768x511.webp 768w, https:\/\/smallagrimachinery.com\/wp-content\/uploads\/2025\/07\/Manual-cast-iron-plate-frame-Oil-Filter-Press-Machine-Details-4-18x12.webp 18w, https:\/\/smallagrimachinery.com\/wp-content\/uploads\/2025\/07\/Manual-cast-iron-plate-frame-Oil-Filter-Press-Machine-Details-4-700x466.webp 700w\" sizes=\"(max-width: 650px) 100vw, 650px\" \/> <img loading=\"lazy\" decoding=\"async\" class=\"alignnone wp-image-3874\" src=\"https:\/\/smallagrimachinery.com\/wp-content\/uploads\/2025\/07\/Manual-cast-iron-plate-frame-Oil-Filter-Press-Machine-Details-5.webp\" alt=\"\" width=\"650\" height=\"406\" srcset=\"https:\/\/smallagrimachinery.com\/wp-content\/uploads\/2025\/07\/Manual-cast-iron-plate-frame-Oil-Filter-Press-Machine-Details-5.webp 800w, https:\/\/smallagrimachinery.com\/wp-content\/uploads\/2025\/07\/Manual-cast-iron-plate-frame-Oil-Filter-Press-Machine-Details-5-500x313.webp 500w, https:\/\/smallagrimachinery.com\/wp-content\/uploads\/2025\/07\/Manual-cast-iron-plate-frame-Oil-Filter-Press-Machine-Details-5-768x480.webp 768w, https:\/\/smallagrimachinery.com\/wp-content\/uploads\/2025\/07\/Manual-cast-iron-plate-frame-Oil-Filter-Press-Machine-Details-5-18x12.webp 18w, https:\/\/smallagrimachinery.com\/wp-content\/uploads\/2025\/07\/Manual-cast-iron-plate-frame-Oil-Filter-Press-Machine-Details-5-700x438.webp 700w\" sizes=\"(max-width: 650px) 100vw, 650px\" \/><\/p>","protected":false},"excerpt":{"rendered":"<ul>\n<li><b><\/b><strong><b>Kh\u1ea3 n\u0103ng ch\u1ecbu nhi\u1ec7t \u0111\u1ed9 cao cho nhi\u1ec1u \u1ee9ng d\u1ee5ng kh\u00e1c nhau:<\/b><\/strong>Thi\u1ebft k\u1ebf khung t\u1ea5m gang \u0111\u1ea3m b\u1ea3o m\u00e1y \u00e9p l\u1ecdc c\u00f3 th\u1ec3 x\u1eed l\u00fd c\u00e1c v\u1eadt li\u1ec7u ch\u1ecbu nhi\u1ec7t \u0111\u1ed9 cao nh\u01b0 d\u1ea7u \u0103n, h\u00f3a ch\u1ea5t v\u00e0 d\u01b0\u1ee3c ph\u1ea9m.<\/li>\n<li><b><\/b><strong><b>\u0110\u1ed9 b\u1ec1n l\u00e2u d\u00e0i v\u1edbi k\u1ebft c\u1ea5u b\u1eb1ng gang:<\/b><\/strong>Vi\u1ec7c s\u1eed d\u1ee5ng gang ch\u1ea5t l\u01b0\u1ee3ng cao cho t\u1ea5m l\u1ecdc v\u00e0 khung \u0111\u1ea3m b\u1ea3o hi\u1ec7u su\u1ea5t l\u00e2u d\u00e0i trong \u0111i\u1ec1u ki\u1ec7n kh\u1eafc nghi\u1ec7t.<\/li>\n<li><b><\/b><strong><b>V\u1eadn h\u00e0nh th\u1ee7 c\u00f4ng d\u1ec5 s\u1eed d\u1ee5ng:<\/b><\/strong>C\u01a1 ch\u1ebf v\u1eb7n v\u00edt th\u1ee7 c\u00f4ng \u0111\u01a1n gi\u1ea3n gi\u00fap v\u1eadn h\u00e0nh d\u1ec5 d\u00e0ng, ngay c\u1ea3 ng\u01b0\u1eddi d\u00f9ng l\u1ea7n \u0111\u1ea7u c\u0169ng c\u00f3 th\u1ec3 s\u1eed d\u1ee5ng.<\/li>\n<li><b><\/b><strong><b>Thi\u1ebft k\u1ebf nh\u1ecf g\u1ecdn v\u00e0 ti\u1ebft ki\u1ec7m chi ph\u00ed:<\/b><\/strong>C\u1ea5u tr\u00fac nh\u1ecf g\u1ecdn gi\u00fap ti\u1ebft ki\u1ec7m kh\u00f4ng gian v\u00e0 gi\u1ea3m chi ph\u00ed v\u1eadn h\u00e0nh trong khi v\u1eabn duy tr\u00ec hi\u1ec7u qu\u1ea3 l\u1ecdc cao.<\/li>\n<li><b><\/b><strong><b>Ph\u1ea1m vi s\u1eed d\u1ee5ng r\u1ed9ng r\u00e3i:<\/b><\/strong>\u0111\u01b0\u1ee3c s\u1eed d\u1ee5ng r\u1ed9ng r\u00e3i trong qu\u00e1 tr\u00ecnh l\u1ecdc c\u00e1c lo\u1ea1i h\u1ea1t v\u00e0 d\u1ea7u th\u1ef1c ph\u1ea9m t\u1eeb h\u1ea1t c\u00f3 d\u1ea7u, ch\u1eb3ng h\u1ea1n nh\u01b0 d\u1ea7u \u0111\u1eadu ph\u1ed9ng, d\u1ea7u \u0111\u1eadu n\u00e0nh, d\u1ea7u h\u1ea1t c\u1ea3i, d\u1ea7u m\u00e8, d\u1ea7u h\u01b0\u1edbng d\u01b0\u01a1ng, v.v.<\/li>\n<\/ul>","protected":false},"featured_media":3868,"comment_status":"open","ping_status":"closed","template":"","meta":[],"product_brand":[],"product_cat":[41],"product_tag":[45],"class_list":{"0":"post-3863","1":"product","2":"type-product","3":"status-publish","4":"has-post-thumbnail","6":"product_cat-oil-filter-machine","7":"product_tag-plate-oil-filter-press","9":"first","10":"instock","11":"taxable","12":"shipping-taxable","13":"product-type-simple"},"_links":{"self":[{"href":"https:\/\/smallagrimachinery.com\/vi\/wp-json\/wp\/v2\/product\/3863","targetHints":{"allow":["GET"]}}],"collection":[{"href":"https:\/\/smallagrimachinery.com\/vi\/wp-json\/wp\/v2\/product"}],"about":[{"href":"https:\/\/smallagrimachinery.com\/vi\/wp-json\/wp\/v2\/types\/product"}],"replies":[{"embeddable":true,"href":"https:\/\/smallagrimachinery.com\/vi\/wp-json\/wp\/v2\/comments?post=3863"}],"wp:featuredmedia":[{"embeddable":true,"href":"https:\/\/smallagrimachinery.com\/vi\/wp-json\/wp\/v2\/media\/3868"}],"wp:attachment":[{"href":"https:\/\/smallagrimachinery.com\/vi\/wp-json\/wp\/v2\/media?parent=3863"}],"wp:term":[{"taxonomy":"product_brand","embeddable":true,"href":"https:\/\/smallagrimachinery.com\/vi\/wp-json\/wp\/v2\/product_brand?post=3863"},{"taxonomy":"product_cat","embeddable":true,"href":"https:\/\/smallagrimachinery.com\/vi\/wp-json\/wp\/v2\/product_cat?post=3863"},{"taxonomy":"product_tag","embeddable":true,"href":"https:\/\/smallagrimachinery.com\/vi\/wp-json\/wp\/v2\/product_tag?post=3863"}],"curies":[{"name":"wp","href":"https:\/\/api.w.org\/{rel}","templated":true}]}}