{"id":3797,"date":"2025-07-07T13:25:23","date_gmt":"2025-07-07T13:25:23","guid":{"rendered":"https:\/\/smallagrimachinery.com\/?post_type=product&#038;p=3797"},"modified":"2025-07-24T06:37:29","modified_gmt":"2025-07-24T06:37:29","slug":"commercial-oil-pressing-double-cylinder-edible-oil-air-pneumatic-oil-filter-machine","status":"publish","type":"product","link":"https:\/\/smallagrimachinery.com\/vi\/product\/commercial-oil-pressing-double-cylinder-edible-oil-air-pneumatic-oil-filter-machine\/","title":{"rendered":"M\u00e1y \u00e9p d\u1ea7u th\u01b0\u01a1ng m\u1ea1i xi lanh \u0111\u00f4i d\u1ea7u \u0103n M\u00e1y l\u1ecdc d\u1ea7u kh\u00ed n\u00e9n"},"content":{"rendered":"<h3><strong>Gi\u1edbi thi\u1ec7u<\/strong><\/h3>\n<p>M\u00e1y l\u1ecdc \u00e1p su\u1ea5t kh\u00f4ng kh\u00ed d\u1ea7u \u0103n hai xi-lanh th\u01b0\u01a1ng m\u1ea1i n\u00e0y l\u00e0 m\u1ed9t trong nh\u1eefng gi\u1ea3i ph\u00e1p l\u1ecdc hi\u1ec7u qu\u1ea3 nh\u1ea5t cho d\u1ea7u th\u1ef1c v\u1eadt \u00e9p t\u01b0\u01a1i. M\u00e1y s\u1eed d\u1ee5ng \u00e1p su\u1ea5t kh\u00f4ng kh\u00ed d\u01b0\u01a1ng \u0111\u1ec3 \u0111\u1ea9y d\u1ea7u th\u00f4 qua v\u1ea3i l\u1ecdc, nhanh ch\u00f3ng t\u00e1ch t\u1ea1p ch\u1ea5t v\u00e0 cung c\u1ea5p d\u1ea7u \u0103n trong, s\u1ea1ch. \u0110\u01b0\u1ee3c thi\u1ebft k\u1ebf d\u00e0nh ri\u00eang cho c\u00e1c ho\u1ea1t \u0111\u1ed9ng ch\u1ebf bi\u1ebfn n\u00f4ng nghi\u1ec7p v\u1eeba v\u00e0 nh\u1ecf, b\u1ed9 l\u1ecdc n\u00e0y l\u00fd t\u01b0\u1edfng cho nhi\u1ec1u lo\u1ea1i h\u1ea1t c\u00f3 d\u1ea7u bao g\u1ed3m \u0111\u1eadu ph\u1ed9ng, \u0111\u1eadu n\u00e0nh, c\u1ecd, d\u1eeba, \u00f3c ch\u00f3, h\u1ea1nh nh\u00e2n, h\u1ea1t th\u00f4ng, h\u1ea1t h\u01b0\u1edbng d\u01b0\u01a1ng, h\u1ea1t c\u1ea3i d\u1ea7u, v\u1eebng, h\u1ea1t th\u1ea7u d\u1ea7u, h\u1ea1t lanh, h\u1ea1t tung, h\u1ea1t m\u00f9 t\u1ea1t, h\u1ea1t b\u00f4ng, ng\u00f4, \u00f4 liu, b\u01a1, b\u01a1 h\u1ea1t m\u1ee1, d\u1ea7u h\u00fang qu\u1ebf v\u00e0 c\u00e1c lo\u1ea1i c\u00e2y tr\u1ed3ng l\u1ea5y d\u1ea7u ph\u1ed5 bi\u1ebfn kh\u00e1c.<\/p>\n<p><strong><b>C\u1ea5u tr\u00fac ti\u00ean ti\u1ebfn v\u00e0 hi\u1ec7u su\u1ea5t \u0111\u00e1ng tin c\u1eady<\/b><\/strong><\/p>\n<p>M\u00e1y l\u1ecdc t\u00edch h\u1ee3p \u0111\u1ed9ng c\u01a1 ch\u1ea5t l\u01b0\u1ee3ng cao v\u1edbi h\u1ec7 th\u1ed1ng gia nhi\u1ec7t t\u00edch h\u1ee3p, l\u00e0m tan ch\u1ea3y d\u1ea7u kh\u1ed1i hi\u1ec7u qu\u1ea3 \u0111\u1ec3 duy tr\u00ec d\u00f2ng ch\u1ea3y d\u1ea7u tr\u01a1n tru. Thi\u1ebft k\u1ebf n\u1eafp m\u1edf nhanh gi\u00fap lo\u1ea1i b\u1ecf c\u1eb7n v\u00e0 thay th\u1ebf v\u1ea3i l\u1ecdc \u0111\u01a1n gi\u1ea3n v\u00e0 hi\u1ec7u qu\u1ea3. Thi\u1ebft k\u1ebf b\u00ecnh d\u1ea7u k\u00edn ng\u0103n ng\u1eeba tr\u00e0n v\u00e0 \u0111\u1ea3m b\u1ea3o \u0111\u1ea7u ra d\u1ea7u \u1ed5n \u0111\u1ecbnh trong qu\u00e1 tr\u00ecnh x\u1eed l\u00fd.<\/p>\n<p><strong><b>N\u00f3 ho\u1ea1t \u0111\u1ed9ng nh\u01b0 th\u1ebf n\u00e0o<\/b><\/strong><\/p>\n<p>M\u00e1y n\u00e9n kh\u00ed t\u00edch h\u1ee3p t\u1ea1o ra kh\u00ed n\u00e9n, \u0111\u1ea9y d\u1ea7u qua v\u1ea3i l\u1ecdc. C\u00e1c h\u1ea1t b\u1ecb gi\u1eef l\u1ea1i tr\u00ean v\u1ea3i, t\u1ea1o th\u00e0nh b\u00e1nh l\u1ecdc gi\u00fap c\u1ea3i thi\u1ec7n \u0111\u1ed9 ch\u00ednh x\u00e1c c\u1ee7a qu\u00e1 tr\u00ecnh l\u1ecdc. Ng\u01b0\u1eddi d\u00f9ng n\u00ean th\u01b0\u1eddng xuy\u00ean th\u00e1o b\u00e1nh l\u1ecdc \u0111\u1ec3 duy tr\u00ec l\u01b0u l\u01b0\u1ee3ng cao v\u00e0 hi\u1ec7u qu\u1ea3 l\u1ecdc. \u0110\u1ec3 c\u00f3 k\u1ebft qu\u1ea3 t\u1ed1t nh\u1ea5t, h\u00e3y \u0111\u1ea3m b\u1ea3o \u0111\u1ebf c\u00e2n b\u1eb1ng, c\u0103n ch\u1ec9nh c\u00e1c l\u1ed7 v\u1ea3i l\u1ecdc v\u1edbi c\u00e1c l\u1ed7 t\u1ea5m l\u1ecdc v\u00e0 x\u1eed l\u00fd d\u1ea7u c\u00f2n l\u1ea1i v\u00e0 b\u00e1nh l\u1ecdc \u0111\u00fang c\u00e1ch sau m\u1ed7i chu k\u1ef3.<\/p>\n<p><strong><b>Th\u1ef1c t\u1ebf cho s\u1ea3n xu\u1ea5t d\u1ea7u quy m\u00f4 trang tr\u1ea1i<\/b><\/strong><\/p>\n<p>V\u1edbi \u0111\u01b0\u1eddng k\u00ednh th\u00f9ng l\u1ecdc l\u1edbn (600mm) v\u00e0 di\u1ec7n t\u00edch l\u1ecdc r\u1ed9ng, m\u00e1y n\u00e0y x\u1eed l\u00fd t\u1edbi 15kg d\u1ea7u th\u00f4 ch\u1ec9 trong 7\u201310 ph\u00fat, t\u1ea1o ra d\u1ea7u trong v\u00e0 s\u00e1ng. M\u00e1y \u0111\u1eb7c bi\u1ec7t ph\u00f9 h\u1ee3p v\u1edbi c\u00e1c c\u01a1 s\u1edf khai th\u00e1c d\u1ea7u t\u1ea1i ch\u1ed7, d\u00e2y chuy\u1ec1n \u00e9p d\u1ea7u nh\u1ecf ho\u1eb7c h\u1ee3p t\u00e1c x\u00e3 n\u00f4ng tr\u1ea1i c\u1ea7n l\u1ecdc hi\u1ec7u qu\u1ea3, \u0111\u00e1ng tin c\u1eady cho nhi\u1ec1u lo\u1ea1i c\u00e2y tr\u1ed3ng l\u1ea5y d\u1ea7u.<\/p>\n<table border=\"1\">\n<tbody>\n<tr bgcolor=\"#123F53\">\n<th style=\"text-align: center;\" colspan=\"3\"><strong><span style=\"color: #fff;\">M\u00e1y l\u1ecdc d\u1ea7u \u00e1p su\u1ea5t kh\u00ed n\u00e9n xi lanh \u0111\u00f4i<br \/>\n<\/span><\/strong><\/th>\n<\/tr>\n<tr>\n<th>Ng\u01b0\u1eddi m\u1eabu<\/th>\n<th>BK-60A<\/th>\n<th>BK-60B<\/th>\n<\/tr>\n<tr>\n<th>S\u1ed1 l\u1edbp<\/th>\n<td>1 l\u1edbp<\/td>\n<td>2 l\u1edbp<\/td>\n<\/tr>\n<tr>\n<th>\u00c1p su\u1ea5t l\u00e0m vi\u1ec7c<\/th>\n<td>0,1-0,5Mpa<\/td>\n<td>0,1-0,5Mpa<\/td>\n<\/tr>\n<tr>\n<th>\u0110i\u1ec7n \u00e1p<\/th>\n<td>2,2Kw<\/td>\n<td>2,2Kw<\/td>\n<\/tr>\n<tr>\n<th>C\u00f4ng su\u1ea5t x\u1eed l\u00fd<\/th>\n<td>60-90 kg\/gi\u1edd<\/td>\n<td>80-120 kg\/gi\u1edd<\/td>\n<\/tr>\n<tr>\n<th>T\u1ed5ng tr\u1ecdng l\u01b0\u1ee3ng<\/th>\n<td>128kg<\/td>\n<td>210kg<\/td>\n<\/tr>\n<tr>\n<th>K\u00edch th\u01b0\u1edbc<\/th>\n<td>640*600*920mm<\/td>\n<td>1480*670*800mm<\/td>\n<\/tr>\n<\/tbody>\n<\/table>\n<p><img fetchpriority=\"high\" decoding=\"async\" class=\"alignnone size-full wp-image-3853\" src=\"https:\/\/smallagrimachinery.com\/wp-content\/uploads\/2025\/07\/Commercial-oil-pressing-double-cylinder-edible-oil-air-pressure-oil-filter-Machine-Details-1-1.webp\" alt=\"\" width=\"1200\" height=\"1030\" srcset=\"https:\/\/smallagrimachinery.com\/wp-content\/uploads\/2025\/07\/Commercial-oil-pressing-double-cylinder-edible-oil-air-pressure-oil-filter-Machine-Details-1-1.webp 1200w, https:\/\/smallagrimachinery.com\/wp-content\/uploads\/2025\/07\/Commercial-oil-pressing-double-cylinder-edible-oil-air-pressure-oil-filter-Machine-Details-1-1-500x429.webp 500w, https:\/\/smallagrimachinery.com\/wp-content\/uploads\/2025\/07\/Commercial-oil-pressing-double-cylinder-edible-oil-air-pressure-oil-filter-Machine-Details-1-1-768x659.webp 768w, https:\/\/smallagrimachinery.com\/wp-content\/uploads\/2025\/07\/Commercial-oil-pressing-double-cylinder-edible-oil-air-pressure-oil-filter-Machine-Details-1-1-14x12.webp 14w, https:\/\/smallagrimachinery.com\/wp-content\/uploads\/2025\/07\/Commercial-oil-pressing-double-cylinder-edible-oil-air-pressure-oil-filter-Machine-Details-1-1-700x601.webp 700w\" sizes=\"(max-width: 1200px) 100vw, 1200px\" \/> <img decoding=\"async\" class=\"alignnone size-full wp-image-3854\" src=\"https:\/\/smallagrimachinery.com\/wp-content\/uploads\/2025\/07\/Commercial-oil-pressing-double-cylinder-edible-oil-air-pressure-oil-filter-Machine-Details-2.webp\" alt=\"\" width=\"1000\" height=\"600\" srcset=\"https:\/\/smallagrimachinery.com\/wp-content\/uploads\/2025\/07\/Commercial-oil-pressing-double-cylinder-edible-oil-air-pressure-oil-filter-Machine-Details-2.webp 1000w, https:\/\/smallagrimachinery.com\/wp-content\/uploads\/2025\/07\/Commercial-oil-pressing-double-cylinder-edible-oil-air-pressure-oil-filter-Machine-Details-2-500x300.webp 500w, https:\/\/smallagrimachinery.com\/wp-content\/uploads\/2025\/07\/Commercial-oil-pressing-double-cylinder-edible-oil-air-pressure-oil-filter-Machine-Details-2-768x461.webp 768w, https:\/\/smallagrimachinery.com\/wp-content\/uploads\/2025\/07\/Commercial-oil-pressing-double-cylinder-edible-oil-air-pressure-oil-filter-Machine-Details-2-18x12.webp 18w, https:\/\/smallagrimachinery.com\/wp-content\/uploads\/2025\/07\/Commercial-oil-pressing-double-cylinder-edible-oil-air-pressure-oil-filter-Machine-Details-2-700x420.webp 700w\" sizes=\"(max-width: 1000px) 100vw, 1000px\" \/> <img decoding=\"async\" class=\"alignnone size-full wp-image-3852\" src=\"https:\/\/smallagrimachinery.com\/wp-content\/uploads\/2025\/07\/Commercial-oil-pressing-double-cylinder-edible-oil-air-pressure-oil-filter-Machine-Details-4.webp\" alt=\"\" width=\"900\" height=\"754\" srcset=\"https:\/\/smallagrimachinery.com\/wp-content\/uploads\/2025\/07\/Commercial-oil-pressing-double-cylinder-edible-oil-air-pressure-oil-filter-Machine-Details-4.webp 900w, https:\/\/smallagrimachinery.com\/wp-content\/uploads\/2025\/07\/Commercial-oil-pressing-double-cylinder-edible-oil-air-pressure-oil-filter-Machine-Details-4-500x419.webp 500w, https:\/\/smallagrimachinery.com\/wp-content\/uploads\/2025\/07\/Commercial-oil-pressing-double-cylinder-edible-oil-air-pressure-oil-filter-Machine-Details-4-768x643.webp 768w, https:\/\/smallagrimachinery.com\/wp-content\/uploads\/2025\/07\/Commercial-oil-pressing-double-cylinder-edible-oil-air-pressure-oil-filter-Machine-Details-4-14x12.webp 14w, https:\/\/smallagrimachinery.com\/wp-content\/uploads\/2025\/07\/Commercial-oil-pressing-double-cylinder-edible-oil-air-pressure-oil-filter-Machine-Details-4-700x586.webp 700w\" sizes=\"(max-width: 900px) 100vw, 900px\" \/><\/p>","protected":false},"excerpt":{"rendered":"<ul>\n<li><b><\/b><strong><b>L\u1ecdc \u00e1p su\u1ea5t kh\u00f4ng kh\u00ed hi\u1ec7u su\u1ea5t cao:<\/b><\/strong>C\u00f3 \u0111\u01b0\u1ee3c d\u1ea7u \u0103n trong su\u1ed1t, kh\u00f4ng l\u1eabn t\u1ea1p ch\u1ea5t ch\u1ec9 trong v\u00e0i ph\u00fat nh\u1edd c\u00f4ng ngh\u1ec7 l\u1ecdc \u00e1p su\u1ea5t kh\u00f4ng kh\u00ed d\u01b0\u01a1ng ti\u00ean ti\u1ebfn.<\/li>\n<li><b><\/b><strong><b>H\u1ec7 th\u1ed1ng s\u01b0\u1edfi \u1ea5m t\u00edch h\u1ee3p cho d\u1ea7u kh\u1ed1i:<\/b><\/strong>H\u1ec7 th\u1ed1ng gia nhi\u1ec7t t\u00edch h\u1ee3p l\u00e0m tan ch\u1ea3y d\u1ea7u \u0111\u00f4ng \u0111\u1eb7c, \u0111\u1ea3m b\u1ea3o d\u00f2ng ch\u1ea3y li\u00ean t\u1ee5c v\u00e0 t\u1ed1c \u0111\u1ed9 l\u1ecdc t\u1ed1i \u01b0u.<\/li>\n<li><b><\/b><strong><b>V\u1eadn h\u00e0nh d\u1ec5 d\u00e0ng v\u00e0 lo\u1ea1i b\u1ecf c\u1eb7n nhanh ch\u00f3ng:<\/b><\/strong>Thi\u1ebft k\u1ebf n\u1eafp m\u1edf nhanh, thay v\u1ea3i l\u1ecdc d\u1ec5 d\u00e0ng v\u00e0 gi\u1ea3m thi\u1ec3u th\u1ea5t tho\u00e1t d\u1ea7u cho nhu c\u1ea7u s\u1eed d\u1ee5ng n\u00f4ng nghi\u1ec7p h\u00e0ng ng\u00e0y.<\/li>\n<li><b><\/b><strong><b>\u0110a n\u0103ng cho nhi\u1ec1u lo\u1ea1i c\u00e2y tr\u1ed3ng l\u1ea5y d\u1ea7u:<\/b><\/strong>Th\u00edch h\u1ee3p cho \u0111\u1eadu ph\u1ed9ng, \u0111\u1eadu n\u00e0nh, c\u1ecd, d\u1eeba, \u00f3c ch\u00f3, h\u1ea1nh nh\u00e2n, h\u1ea1t th\u00f4ng, h\u01b0\u1edbng d\u01b0\u01a1ng, h\u1ea1t c\u1ea3i d\u1ea7u, v\u1eebng, th\u1ea7u d\u1ea7u, h\u1ea1t lanh, tr\u1ea9u, m\u00f9 t\u1ea1t, h\u1ea1t b\u00f4ng, ng\u00f4, \u00f4 liu, b\u01a1, b\u01a1 h\u1ea1t m\u1ee1, d\u1ea7u h\u00fang qu\u1ebf, v.v.<\/li>\n<\/ul>","protected":false},"featured_media":3851,"comment_status":"open","ping_status":"closed","template":"","meta":[],"product_brand":[],"product_cat":[41],"product_tag":[44],"class_list":{"0":"post-3797","1":"product","2":"type-product","3":"status-publish","4":"has-post-thumbnail","6":"product_cat-oil-filter-machine","7":"product_tag-pneumatic-oil-filter","9":"first","10":"instock","11":"taxable","12":"shipping-taxable","13":"product-type-simple"},"_links":{"self":[{"href":"https:\/\/smallagrimachinery.com\/vi\/wp-json\/wp\/v2\/product\/3797","targetHints":{"allow":["GET"]}}],"collection":[{"href":"https:\/\/smallagrimachinery.com\/vi\/wp-json\/wp\/v2\/product"}],"about":[{"href":"https:\/\/smallagrimachinery.com\/vi\/wp-json\/wp\/v2\/types\/product"}],"replies":[{"embeddable":true,"href":"https:\/\/smallagrimachinery.com\/vi\/wp-json\/wp\/v2\/comments?post=3797"}],"wp:featuredmedia":[{"embeddable":true,"href":"https:\/\/smallagrimachinery.com\/vi\/wp-json\/wp\/v2\/media\/3851"}],"wp:attachment":[{"href":"https:\/\/smallagrimachinery.com\/vi\/wp-json\/wp\/v2\/media?parent=3797"}],"wp:term":[{"taxonomy":"product_brand","embeddable":true,"href":"https:\/\/smallagrimachinery.com\/vi\/wp-json\/wp\/v2\/product_brand?post=3797"},{"taxonomy":"product_cat","embeddable":true,"href":"https:\/\/smallagrimachinery.com\/vi\/wp-json\/wp\/v2\/product_cat?post=3797"},{"taxonomy":"product_tag","embeddable":true,"href":"https:\/\/smallagrimachinery.com\/vi\/wp-json\/wp\/v2\/product_tag?post=3797"}],"curies":[{"name":"wp","href":"https:\/\/api.w.org\/{rel}","templated":true}]}}