{"id":3790,"date":"2025-07-06T10:18:20","date_gmt":"2025-07-06T10:18:20","guid":{"rendered":"https:\/\/smallagrimachinery.com\/?post_type=product&#038;p=3790"},"modified":"2025-07-06T10:18:22","modified_gmt":"2025-07-06T10:18:22","slug":"small-commercial-stainless-steel-air-pressure-oil-filter-refinery-machine","status":"publish","type":"product","link":"https:\/\/smallagrimachinery.com\/vi\/product\/small-commercial-stainless-steel-air-pressure-oil-filter-refinery-machine\/","title":{"rendered":"M\u00e1y l\u1ecdc d\u1ea7u \u00e1p su\u1ea5t kh\u00f4ng kh\u00ed b\u1eb1ng th\u00e9p kh\u00f4ng g\u1ec9 th\u01b0\u01a1ng m\u1ea1i nh\u1ecf"},"content":{"rendered":"<h3>Gi\u1edbi thi\u1ec7u<\/h3>\n<p>M\u00e1y l\u1ecdc d\u1ea7u \u00e1p su\u1ea5t kh\u00f4ng kh\u00ed th\u01b0\u01a1ng m\u1ea1i nh\u1ecf b\u1eb1ng th\u00e9p kh\u00f4ng g\u1ec9 n\u00e0y \u0111\u01b0\u1ee3c thi\u1ebft k\u1ebf \u0111\u1ec3 \u0111\u00e1p \u1ee9ng nhu c\u1ea7u c\u1ee7a c\u00e1c doanh nghi\u1ec7p khai th\u00e1c d\u1ea7u n\u00f4ng nghi\u1ec7p v\u00e0 c\u00e1c \u1ee9ng d\u1ee5ng l\u1ecdc ch\u1ea5t l\u1ecfng c\u00f4ng nghi\u1ec7p. S\u1eed d\u1ee5ng \u00e1p su\u1ea5t kh\u00f4ng kh\u00ed s\u1ea1ch thay v\u00ec c\u00e1c ph\u01b0\u01a1ng ph\u00e1p t\u00e1ch n\u01b0\u1edbc mu\u1ed1i ho\u1eb7c gia nhi\u1ec7t truy\u1ec1n th\u1ed1ng, m\u00e1y \u0111\u1ea1t \u0111\u01b0\u1ee3c kh\u1ea3 n\u0103ng t\u00e1ch ch\u1ea5t r\u1eafn-l\u1ecfng hi\u1ec7u qu\u1ea3 cao m\u00e0 kh\u00f4ng c\u1ea7n gia nhi\u1ec7t v\u00e0 kh\u00f4ng c\u1ea7n n\u01b0\u1edbc\u2014l\u00fd t\u01b0\u1edfng cho c\u00e1c quy tr\u00ecnh tinh ch\u1ebf d\u1ea7u \u0103n hi\u1ec7n \u0111\u1ea1i.<\/p>\n<p>Thi\u1ebft k\u1ebf t\u1ea5m l\u1ecdc ki\u1ec3u c\u1eeda ch\u1edbp c\u1ee7a n\u00f3 t\u1ed1i \u0111a h\u00f3a di\u1ec7n t\u00edch l\u1ecdc, cho ph\u00e9p t\u00e1ch nhanh h\u01a1n v\u00e0 s\u1ea1ch h\u01a1n. To\u00e0n b\u1ed9 qu\u00e1 tr\u00ecnh l\u1ecdc ti\u1ebft ki\u1ec7m n\u0103ng l\u01b0\u1ee3ng, v\u1edbi l\u01b0\u1ee3ng d\u1ea7u c\u00f2n l\u1ea1i trong b\u1ec3 t\u1ed1i thi\u1ec3u, gi\u00fap c\u00e1c nh\u00e0 s\u1ea3n xu\u1ea5t d\u1ea7u gi\u1ea3m ch\u1ea5t th\u1ea3i v\u00e0 c\u1ea3i thi\u1ec7n l\u1ee3i nhu\u1eadn.<\/p>\n<p>M\u00f4 h\u00ecnh n\u00e0y \u0111\u1eb7c bi\u1ec7t ph\u00f9 h\u1ee3p v\u1edbi c\u00e1c d\u00e2y chuy\u1ec1n \u00e9p d\u1ea7u nh\u1ecf, h\u1ee3p t\u00e1c x\u00e3 n\u00f4ng nghi\u1ec7p v\u00e0 c\u00e1c \u0111\u01a1n v\u1ecb s\u1ea3n xu\u1ea5t d\u1ef1a tr\u00ean trang tr\u1ea1i. N\u00f3 h\u1ed7 tr\u1ee3 c\u00e1c lo\u1ea1i d\u1ea7u \u0111\u01b0\u1ee3c chi\u1ebft xu\u1ea5t t\u1eeb nhi\u1ec1u lo\u1ea1i c\u00e2y tr\u1ed3ng c\u00f3 d\u1ea7u, bao g\u1ed3m:<br \/>\n\u0111\u1eadu ph\u1ed9ng, \u0111\u1eadu n\u00e0nh, h\u1ea1t h\u01b0\u1edbng d\u01b0\u01a1ng, c\u1ecd, d\u1eeba, \u00f3c ch\u00f3, h\u1ea1nh nh\u00e2n, h\u1ea1t th\u00f4ng, h\u1ea1t m\u01a1, h\u1ea1t c\u1ea3i d\u1ea7u, v\u1eebng, th\u1ea7u d\u1ea7u, h\u1ea1t lanh, h\u1ea1t tr\u1ea9u, h\u1ea1t m\u00f9 t\u1ea1t, h\u1ea1t b\u00f4ng, m\u1ea7m ng\u00f4, \u00f4 liu, qu\u1ea3 b\u01a1, b\u01a1 h\u1ea1t m\u1ee1, d\u1ea7u h\u00fang qu\u1ebf, v.v.<\/p>\n<p>Ngo\u00e0i n\u00f4ng nghi\u1ec7p, n\u00f3 c\u00f2n l\u00fd t\u01b0\u1edfng \u0111\u1ec3 l\u1ecdc ch\u1ea5t l\u1ecfng trong c\u00e1c ng\u00e0nh c\u00f4ng nghi\u1ec7p h\u00f3a ch\u1ea5t, d\u01b0\u1ee3c ph\u1ea9m v\u00e0 m\u1ef9 ph\u1ea9m, c\u00f3 kh\u1ea3 n\u0103ng \u1ee9ng d\u1ee5ng r\u1ed9ng r\u00e3i trong c\u00e1c t\u00ecnh hu\u1ed1ng l\u1ecdc ch\u1ea5t l\u1ecfng.<\/p>\n<p>N\u1ebfu b\u1ea1n \u0111ang t\u00ecm ki\u1ebfm gi\u1ea3i ph\u00e1p l\u1ecdc nh\u1ecf g\u1ecdn, ti\u1ebft ki\u1ec7m n\u0103ng l\u01b0\u1ee3ng v\u00e0 kh\u00f4ng \u0111\u1ec3 l\u1ea1i c\u1eb7n th\u00ec b\u1ed9 l\u1ecdc d\u1ea7u \u00e1p su\u1ea5t kh\u00ed n\u00e0y ch\u00ednh l\u00e0 \u0111\u1ed1i t\u00e1c \u0111\u00e1ng tin c\u1eady c\u1ee7a b\u1ea1n cho c\u1ea3 \u1ee9ng d\u1ee5ng th\u1ef1c ph\u1ea9m v\u00e0 c\u00f4ng nghi\u1ec7p.<\/p>\n<table border=\"1\">\n<tbody>\n<tr bgcolor=\"#123F53\">\n<th style=\"text-align: center;\" colspan=\"2\"><strong><span style=\"color: #fff;\">B\u1ed9 l\u1ecdc d\u1ea7u \u00e1p su\u1ea5t kh\u00f4ng kh\u00ed b\u1eb1ng th\u00e9p kh\u00f4ng g\u1ec9 th\u01b0\u01a1ng m\u1ea1i nh\u1ecf<br \/>\n<\/span><\/strong><\/th>\n<\/tr>\n<tr>\n<th>K\u00edch th\u01b0\u1edbc<\/th>\n<td>70*45*95cm<\/td>\n<\/tr>\n<tr>\n<th>C\u00f4ng su\u1ea5t \u0111\u1ed9ng c\u01a1<\/th>\n<td>600W<\/td>\n<\/tr>\n<tr>\n<th>\u0110\u1ea7u ra<\/th>\n<td>15-20 kg\/gi\u1edd<\/td>\n<\/tr>\n<tr>\n<th>Tr\u1ecdng l\u01b0\u1ee3ng t\u1ecbnh<\/th>\n<td>55kg<\/td>\n<\/tr>\n<tr>\n<th>T\u1ed5ng tr\u1ecdng l\u01b0\u1ee3ng<\/th>\n<td>70kg<\/td>\n<\/tr>\n<tr>\n<th>\u0110\u00f3ng g\u00f3i<\/th>\n<td>Bao b\u00ec xu\u1ea5t kh\u1ea9u ti\u00eau chu\u1ea9n: h\u1ed9p g\u1ed7 (v\u00e1n \u00e9p)<\/td>\n<\/tr>\n<\/tbody>\n<\/table>\n<figure id=\"attachment_3796\" aria-describedby=\"caption-attachment-3796\" style=\"width: 720px\" class=\"wp-caption alignnone\"><img fetchpriority=\"high\" decoding=\"async\" class=\"size-full wp-image-3796\" src=\"https:\/\/smallagrimachinery.com\/wp-content\/uploads\/2025\/07\/Small-commercial-stainless-steel-air-pressure-oil-filter-refinery-Machine-3.webp\" alt=\"Small commercial stainless steel air pressure oil filter refinery Machine 3\" width=\"720\" height=\"720\" srcset=\"https:\/\/smallagrimachinery.com\/wp-content\/uploads\/2025\/07\/Small-commercial-stainless-steel-air-pressure-oil-filter-refinery-Machine-3.webp 720w, https:\/\/smallagrimachinery.com\/wp-content\/uploads\/2025\/07\/Small-commercial-stainless-steel-air-pressure-oil-filter-refinery-Machine-3-500x500.webp 500w, https:\/\/smallagrimachinery.com\/wp-content\/uploads\/2025\/07\/Small-commercial-stainless-steel-air-pressure-oil-filter-refinery-Machine-3-150x150.webp 150w, https:\/\/smallagrimachinery.com\/wp-content\/uploads\/2025\/07\/Small-commercial-stainless-steel-air-pressure-oil-filter-refinery-Machine-3-12x12.webp 12w, https:\/\/smallagrimachinery.com\/wp-content\/uploads\/2025\/07\/Small-commercial-stainless-steel-air-pressure-oil-filter-refinery-Machine-3-300x300.webp 300w, https:\/\/smallagrimachinery.com\/wp-content\/uploads\/2025\/07\/Small-commercial-stainless-steel-air-pressure-oil-filter-refinery-Machine-3-700x700.webp 700w, https:\/\/smallagrimachinery.com\/wp-content\/uploads\/2025\/07\/Small-commercial-stainless-steel-air-pressure-oil-filter-refinery-Machine-3-100x100.webp 100w\" sizes=\"(max-width: 720px) 100vw, 720px\" \/><figcaption id=\"caption-attachment-3796\" class=\"wp-caption-text\">M\u00e1y l\u1ecdc d\u1ea7u \u00e1p su\u1ea5t kh\u00f4ng kh\u00ed b\u1eb1ng th\u00e9p kh\u00f4ng g\u1ec9 th\u01b0\u01a1ng m\u1ea1i nh\u1ecf 3<\/figcaption><\/figure>","protected":false},"excerpt":{"rendered":"<ul>\n<li><b><\/b><strong><b>L\u1ecdc \u00e1p su\u1ea5t kh\u00f4ng kh\u00ed hi\u1ec7u qu\u1ea3 m\u00e0 kh\u00f4ng c\u1ea7n s\u01b0\u1edfi \u1ea5m:<\/b><\/strong>Kh\u00f4ng c\u1ea7n ph\u1ea3i \u0111un n\u00f3ng d\u1ea7u ho\u1eb7c th\u00eam n\u01b0\u1edbc\u2014l\u1ecdc b\u1eb1ng \u00e1p su\u1ea5t kh\u00f4ng kh\u00ed \u0111\u1ea3m b\u1ea3o k\u1ebft qu\u1ea3 s\u1ea1ch, kh\u00f4ng c\u00f3 c\u1eb7n v\u1edbi s\u1ef1 can thi\u1ec7p t\u1ed1i thi\u1ec3u.<\/li>\n<li><b><\/b><strong><b>Kh\u1ea3 n\u0103ng t\u01b0\u01a1ng th\u00edch v\u1edbi nhi\u1ec1u lo\u1ea1i c\u00e2y tr\u1ed3ng \u0111\u1ec3 l\u1ecdc d\u1ea7u \u0111a n\u0103ng:<\/b><\/strong>\u0110\u01b0\u1ee3c thi\u1ebft k\u1ebf d\u00e0nh cho c\u00e1c lo\u1ea1i d\u1ea7u chi\u1ebft xu\u1ea5t t\u1eeb \u0111\u1eadu ph\u1ed9ng, \u0111\u1eadu n\u00e0nh, h\u1ea1t h\u01b0\u1edbng d\u01b0\u01a1ng, c\u1ecd, d\u1eeba, \u00f3c ch\u00f3, v\u1eebng, th\u1ea7u d\u1ea7u, h\u1ea1t lanh v\u00e0 nhi\u1ec1u lo\u1ea1i kh\u00e1c.<\/li>\n<li><b><\/b><strong><b>Kh\u00f4ng l\u00e3ng ph\u00ed d\u1ea7u \u2013 L\u1ecdc ho\u00e0n to\u00e0n \u0111\u1ebfn gi\u1ecdt cu\u1ed1i c\u00f9ng: <\/b><\/strong>H\u1ec7 th\u1ed1ng l\u1ecdc k\u1ef9 l\u01b0\u1ee1ng, kh\u00f4ng \u0111\u1ec3 l\u1ea1i d\u1ea7u d\u01b0 \u1edf \u0111\u00e1y b\u1ec3, \u0111\u1ea3m b\u1ea3o s\u1ea3n l\u01b0\u1ee3ng d\u1ea7u cao h\u01a1n v\u00e0 \u00edt th\u1ea5t tho\u00e1t h\u01a1n.<\/li>\n<li><b><\/b><strong><b>D\u1ec5 v\u1eadn h\u00e0nh, v\u1ec7 sinh v\u00e0 b\u1ea3o tr\u00ec:<\/b><\/strong>C\u1ea5u tr\u00fac th\u00e2n thi\u1ec7n v\u1edbi ng\u01b0\u1eddi d\u00f9ng v\u1edbi thi\u1ebft k\u1ebf b\u1ed9 l\u1ecdc d\u1ea1ng c\u1eeda ch\u1edbp gi\u00fap t\u0103ng di\u1ec7n t\u00edch b\u1ec1 m\u1eb7t \u0111\u1ec3 l\u1ecdc nhanh h\u01a1n v\u00e0 d\u1ec5 v\u1ec7 sinh h\u01a1n.<\/li>\n<\/ul>","protected":false},"featured_media":3791,"comment_status":"open","ping_status":"closed","template":"","meta":[],"product_brand":[],"product_cat":[41],"product_tag":[44],"class_list":{"0":"post-3790","1":"product","2":"type-product","3":"status-publish","4":"has-post-thumbnail","6":"product_cat-oil-filter-machine","7":"product_tag-pneumatic-oil-filter","9":"first","10":"instock","11":"taxable","12":"shipping-taxable","13":"product-type-simple"},"_links":{"self":[{"href":"https:\/\/smallagrimachinery.com\/vi\/wp-json\/wp\/v2\/product\/3790","targetHints":{"allow":["GET"]}}],"collection":[{"href":"https:\/\/smallagrimachinery.com\/vi\/wp-json\/wp\/v2\/product"}],"about":[{"href":"https:\/\/smallagrimachinery.com\/vi\/wp-json\/wp\/v2\/types\/product"}],"replies":[{"embeddable":true,"href":"https:\/\/smallagrimachinery.com\/vi\/wp-json\/wp\/v2\/comments?post=3790"}],"wp:featuredmedia":[{"embeddable":true,"href":"https:\/\/smallagrimachinery.com\/vi\/wp-json\/wp\/v2\/media\/3791"}],"wp:attachment":[{"href":"https:\/\/smallagrimachinery.com\/vi\/wp-json\/wp\/v2\/media?parent=3790"}],"wp:term":[{"taxonomy":"product_brand","embeddable":true,"href":"https:\/\/smallagrimachinery.com\/vi\/wp-json\/wp\/v2\/product_brand?post=3790"},{"taxonomy":"product_cat","embeddable":true,"href":"https:\/\/smallagrimachinery.com\/vi\/wp-json\/wp\/v2\/product_cat?post=3790"},{"taxonomy":"product_tag","embeddable":true,"href":"https:\/\/smallagrimachinery.com\/vi\/wp-json\/wp\/v2\/product_tag?post=3790"}],"curies":[{"name":"wp","href":"https:\/\/api.w.org\/{rel}","templated":true}]}}