{"id":3780,"date":"2025-07-06T10:04:10","date_gmt":"2025-07-06T10:04:10","guid":{"rendered":"https:\/\/smallagrimachinery.com\/?post_type=product&#038;p=3780"},"modified":"2025-07-23T07:41:07","modified_gmt":"2025-07-23T07:41:07","slug":"simple-304-stainless-steel-air-pressure-edible-oil-filter","status":"publish","type":"product","link":"https:\/\/smallagrimachinery.com\/vi\/product\/simple-304-stainless-steel-air-pressure-edible-oil-filter\/","title":{"rendered":"B\u1ed9 l\u1ecdc d\u1ea7u \u0103n \u00e1p su\u1ea5t kh\u00f4ng kh\u00ed b\u1eb1ng th\u00e9p kh\u00f4ng g\u1ec9 304 \u0111\u01a1n gi\u1ea3n"},"content":{"rendered":"<h3>Gi\u1edbi thi\u1ec7u<\/h3>\n<p>B\u1ed9 l\u1ecdc d\u1ea7u \u0103n \u00e1p su\u1ea5t kh\u00f4ng kh\u00ed nh\u1ecf n\u00e0y l\u00e0 gi\u1ea3i ph\u00e1p l\u1ecdc d\u1ea7u sau \u00e9p nh\u1ecf g\u1ecdn v\u00e0 hi\u1ec7u qu\u1ea3 \u0111\u01b0\u1ee3c thi\u1ebft k\u1ebf \u0111\u1ec3 l\u1ecdc d\u1ea7u theo m\u1ebb nh\u1ecf t\u1ea1m th\u1eddi v\u00e0 \u00e9p d\u1ea7u di \u0111\u1ed9ng. Kh\u00f4ng c\u1ea7n ngu\u1ed3n \u0111i\u1ec7n, \u0111\u00e2y l\u00e0 l\u1ef1a ch\u1ecdn ti\u1ebft ki\u1ec7m v\u00e0 th\u00e2n thi\u1ec7n v\u1edbi ng\u01b0\u1eddi d\u00f9ng \u0111\u1ec3 duy tr\u00ec \u0111\u1ed9 trong v\u00e0 ch\u1ea5t l\u01b0\u1ee3ng c\u1ee7a d\u1ea7u.<\/p>\n<h4><strong><b>C\u00e1c t\u00ecnh hu\u1ed1ng \u1ee9ng d\u1ee5ng v\u00e0 lo\u1ea1i d\u1ea7u<\/b><\/strong><strong><b>.<\/b><\/strong><\/h4>\n<p>L\u00fd t\u01b0\u1edfng \u0111\u1ec3 l\u1ecdc nhi\u1ec1u lo\u1ea1i d\u1ea7u th\u1ef1c v\u1eadt v\u00e0 d\u1ea7u h\u1ea1t, bao g\u1ed3m:<br \/>\nD\u1ea7u \u0111\u1eadu ph\u1ed9ng, d\u1ea7u m\u00e8, d\u1ea7u h\u01b0\u1edbng d\u01b0\u01a1ng, d\u1ea7u h\u1ea1t c\u1ea3i, d\u1ea7u \u0111\u1eadu n\u00e0nh, d\u1ea7u d\u1eeba, d\u1ea7u th\u1ea7u d\u1ea7u v\u00e0 nhi\u1ec1u lo\u1ea1i kh\u00e1c.<br \/>\nHo\u1ea1t \u0111\u1ed9ng nh\u1eb9 nh\u00e0ng, kh\u00f4ng d\u00f9ng \u0111i\u1ec7n \u0111\u1ea3m b\u1ea3o h\u1ea1n ch\u1ebf t\u1ed1i \u0111a s\u1ef1 x\u00e1o tr\u1ed9n h\u01b0\u01a1ng th\u01a1m v\u00e0 ch\u1ea5t dinh d\u01b0\u1ee1ng c\u1ee7a d\u1ea7u\u2014ho\u00e0n h\u1ea3o cho vi\u1ec7c \u00e9p d\u1ea7u \u1edf n\u00f4ng th\u00f4n, c\u00e1c c\u1eeda h\u00e0ng b\u00e1n d\u1ea7u h\u1eefu c\u01a1 v\u00e0 c\u00e1c nh\u00e0 s\u1ea3n xu\u1ea5t d\u1ea7u th\u1ee7 c\u00f4ng quy m\u00f4 nh\u1ecf.<\/p>\n<h4><strong><b>Thi\u1ebft k\u1ebf v\u00e0 x\u00e2y d\u1ef1ng th\u00f4ng minh<\/b><\/strong><strong><b>.<\/b><\/strong><\/h4>\n<ul>\n<li>L\u1ecdc b\u1eb1ng kh\u00ed n\u00e9n: S\u1eed d\u1ee5ng kh\u00ed n\u00e9n \u0111\u1ec3 t\u1ea1o l\u1ef1c h\u00fat ch\u00e2n kh\u00f4ng, l\u1ecdc d\u1ea7u m\u00e0 kh\u00f4ng c\u1ea7n b\u01a1m \u0111i\u1ec7n.<\/li>\n<li>\u0110\u1ed3ng h\u1ed3 \u0111o \u00e1p su\u1ea5t tr\u1ef1c quan: Gi\u00e1m s\u00e1t th\u1eddi gian th\u1ef1c \u0111\u1ea3m b\u1ea3o ho\u1ea1t \u0111\u1ed9ng an to\u00e0n v\u00e0 m\u1ee9c \u00e1p su\u1ea5t t\u1ed1i \u01b0u.<\/li>\n<li>Ch\u1ea5t l\u01b0\u1ee3ng x\u00e2y d\u1ef1ng cao c\u1ea5p: To\u00e0n b\u1ed9 th\u00e2n m\u00e1y \u0111\u01b0\u1ee3c l\u00e0m b\u1eb1ng th\u00e9p kh\u00f4ng g\u1ec9 304 c\u1ea5p th\u1ef1c ph\u1ea9m, b\u1ec1n v\u00e0 d\u1ec5 v\u1ec7 sinh.<\/li>\n<li>N\u1eafp v\u00e0 gio\u0103ng ch\u1ed1ng n\u1ed5: Ch\u1ecbu \u0111\u01b0\u1ee3c \u00e1p su\u1ea5t cao v\u00e0 ng\u0103n ng\u1eeba r\u00f2 r\u1ec9 ho\u1eb7c tai n\u1ea1n.<\/li>\n<li>L\u00f5i l\u1ecdc: Ch\u1ed1ng \u0103n m\u00f2n, b\u1ec1n l\u00e2u v\u00e0 d\u1ec5 thay th\u1ebf.<\/li>\n<\/ul>\n<table border=\"1\">\n<tbody>\n<tr bgcolor=\"#123F53\">\n<th style=\"text-align: center;\" colspan=\"2\"><strong><span style=\"color: #fff;\">B\u1ed9 l\u1ecdc d\u1ea7u \u0103n \u00e1p su\u1ea5t kh\u00f4ng kh\u00ed b\u1eb1ng th\u00e9p kh\u00f4ng g\u1ec9 304<br \/>\n<\/span><\/strong><\/th>\n<\/tr>\n<tr>\n<th>C\u00e2n n\u1eb7ng<\/th>\n<td>30kg<\/td>\n<\/tr>\n<tr>\n<th>B\u1ea3o h\u00e0nh<\/th>\n<td>1 n\u0103m<\/td>\n<\/tr>\n<tr>\n<th>C\u00e1c lo\u1ea1i d\u1ea7u \u00e1p d\u1ee5ng<\/th>\n<td>D\u1ea7u t\u00eda t\u00f4, d\u1ea7u h\u1ea1t c\u1ea3i, d\u1ea7u \u0111\u1eadu n\u00e0nh, d\u1ea7u hoa tr\u00e0, d\u1ea7u h\u1ea1t lanh, d\u1ea7u h\u1ea1t tr\u00e0, d\u1ea7u h\u1ea1t c\u1ea3i, d\u1ea7u m\u1ea7m ng\u00f4, d\u1ea7u h\u1ea1t hoa \u0111\u1ecf, d\u1ea7u m\u00e8, d\u1ea7u \u0111\u1eadu ph\u1ed9ng \u00e9p l\u1ea1nh, d\u1ea7u \u00f3c ch\u00f3, d\u1ea7u h\u01b0\u1edbng d\u01b0\u01a1ng, d\u1ea7u g\u1eebng, d\u1ea7u h\u1ea1t m\u01a1, d\u1ea7u h\u1ea1t b\u00ed ng\u00f4, d\u1ea7u m\u1ea7m l\u00faa m\u00ec, d\u1ea7u d\u1eeba, d\u1ea7u \u00f4 liu, d\u1ea7u th\u1ea7u d\u1ea7u.<\/td>\n<\/tr>\n<tr>\n<th>C\u1ea5p \u0111\u1ed9 t\u1ef1 \u0111\u1ed9ng h\u00f3a<\/th>\n<td>T\u1ef1 \u0111\u1ed9ng<\/td>\n<\/tr>\n<tr>\n<th>N\u0103ng l\u1ef1c s\u1ea3n xu\u1ea5t<\/th>\n<td>20\u201330 kg\/gi\u1edd, 2,5kg\/l\u1ea7n<\/td>\n<\/tr>\n<tr>\n<th>\u0110i\u1ec7n \u00e1p<\/th>\n<td>220V<\/td>\n<\/tr>\n<tr>\n<th>C\u00f4ng su\u1ea5t \u0111\u1ed9ng c\u01a1 ch\u00ednh<\/th>\n<td>550W<\/td>\n<\/tr>\n<tr>\n<th>\u00c1p su\u1ea5t \u0111\u1ecbnh m\u1ee9c<\/th>\n<td>0,8Mpa<\/td>\n<\/tr>\n<tr>\n<th>K\u00edch th\u01b0\u1edbc (D\u00d7R\u00d7C)<\/th>\n<td>306\u00d7295\u00d7500 mm<\/td>\n<\/tr>\n<tr>\n<th>V\u1eadt li\u1ec7u<\/th>\n<td>Th\u00e9p kh\u00f4ng g\u1ec9 SUS304<\/td>\n<\/tr>\n<tr>\n<th>\u0110\u00f3ng g\u00f3i<\/th>\n<td>H\u1ed9p g\u1ed7<\/td>\n<\/tr>\n<\/tbody>\n<\/table>\n<p><img fetchpriority=\"high\" decoding=\"async\" class=\"alignnone size-full wp-image-3787\" src=\"https:\/\/smallagrimachinery.com\/wp-content\/uploads\/2025\/07\/Simple-304-stainless-steel-air-pressure-edible-oil-filter-Details-2.webp\" alt=\"\" width=\"790\" height=\"1356\" srcset=\"https:\/\/smallagrimachinery.com\/wp-content\/uploads\/2025\/07\/Simple-304-stainless-steel-air-pressure-edible-oil-filter-Details-2.webp 790w, https:\/\/smallagrimachinery.com\/wp-content\/uploads\/2025\/07\/Simple-304-stainless-steel-air-pressure-edible-oil-filter-Details-2-291x500.webp 291w, https:\/\/smallagrimachinery.com\/wp-content\/uploads\/2025\/07\/Simple-304-stainless-steel-air-pressure-edible-oil-filter-Details-2-699x1200.webp 699w, https:\/\/smallagrimachinery.com\/wp-content\/uploads\/2025\/07\/Simple-304-stainless-steel-air-pressure-edible-oil-filter-Details-2-768x1318.webp 768w, https:\/\/smallagrimachinery.com\/wp-content\/uploads\/2025\/07\/Simple-304-stainless-steel-air-pressure-edible-oil-filter-Details-2-7x12.webp 7w, https:\/\/smallagrimachinery.com\/wp-content\/uploads\/2025\/07\/Simple-304-stainless-steel-air-pressure-edible-oil-filter-Details-2-700x1202.webp 700w\" sizes=\"(max-width: 790px) 100vw, 790px\" \/> <img decoding=\"async\" class=\"alignnone size-full wp-image-3788\" src=\"https:\/\/smallagrimachinery.com\/wp-content\/uploads\/2025\/07\/Simple-304-stainless-steel-air-pressure-edible-oil-filter-Details-3.webp\" alt=\"\" width=\"790\" height=\"1324\" srcset=\"https:\/\/smallagrimachinery.com\/wp-content\/uploads\/2025\/07\/Simple-304-stainless-steel-air-pressure-edible-oil-filter-Details-3.webp 790w, https:\/\/smallagrimachinery.com\/wp-content\/uploads\/2025\/07\/Simple-304-stainless-steel-air-pressure-edible-oil-filter-Details-3-298x500.webp 298w, https:\/\/smallagrimachinery.com\/wp-content\/uploads\/2025\/07\/Simple-304-stainless-steel-air-pressure-edible-oil-filter-Details-3-716x1200.webp 716w, https:\/\/smallagrimachinery.com\/wp-content\/uploads\/2025\/07\/Simple-304-stainless-steel-air-pressure-edible-oil-filter-Details-3-768x1287.webp 768w, https:\/\/smallagrimachinery.com\/wp-content\/uploads\/2025\/07\/Simple-304-stainless-steel-air-pressure-edible-oil-filter-Details-3-7x12.webp 7w, https:\/\/smallagrimachinery.com\/wp-content\/uploads\/2025\/07\/Simple-304-stainless-steel-air-pressure-edible-oil-filter-Details-3-700x1173.webp 700w\" sizes=\"(max-width: 790px) 100vw, 790px\" \/> <img decoding=\"async\" class=\"alignnone size-full wp-image-3789\" src=\"https:\/\/smallagrimachinery.com\/wp-content\/uploads\/2025\/07\/Simple-304-stainless-steel-air-pressure-edible-oil-filter-Details-1.webp\" alt=\"\" width=\"790\" height=\"1784\" srcset=\"https:\/\/smallagrimachinery.com\/wp-content\/uploads\/2025\/07\/Simple-304-stainless-steel-air-pressure-edible-oil-filter-Details-1.webp 790w, https:\/\/smallagrimachinery.com\/wp-content\/uploads\/2025\/07\/Simple-304-stainless-steel-air-pressure-edible-oil-filter-Details-1-221x500.webp 221w, https:\/\/smallagrimachinery.com\/wp-content\/uploads\/2025\/07\/Simple-304-stainless-steel-air-pressure-edible-oil-filter-Details-1-531x1200.webp 531w, https:\/\/smallagrimachinery.com\/wp-content\/uploads\/2025\/07\/Simple-304-stainless-steel-air-pressure-edible-oil-filter-Details-1-768x1734.webp 768w, https:\/\/smallagrimachinery.com\/wp-content\/uploads\/2025\/07\/Simple-304-stainless-steel-air-pressure-edible-oil-filter-Details-1-680x1536.webp 680w, https:\/\/smallagrimachinery.com\/wp-content\/uploads\/2025\/07\/Simple-304-stainless-steel-air-pressure-edible-oil-filter-Details-1-5x12.webp 5w, https:\/\/smallagrimachinery.com\/wp-content\/uploads\/2025\/07\/Simple-304-stainless-steel-air-pressure-edible-oil-filter-Details-1-700x1581.webp 700w\" sizes=\"(max-width: 790px) 100vw, 790px\" \/><\/p>","protected":false},"excerpt":{"rendered":"<ul>\n<li><b><\/b><strong><b>Ho\u1ea1t \u0111\u1ed9ng ti\u1ebft ki\u1ec7m n\u0103ng l\u01b0\u1ee3ng, kh\u00f4ng d\u00f9ng \u0111i\u1ec7n<\/b><\/strong><strong><b>:<\/b><\/strong>Ho\u1ea1t \u0111\u1ed9ng nh\u1edd ch\u00eanh l\u1ec7ch \u00e1p su\u1ea5t kh\u00f4ng kh\u00ed\u2014kh\u00f4ng c\u1ea7n \u0111i\u1ec7n, gi\u00fap gi\u1ea3m chi ph\u00ed n\u0103ng l\u01b0\u1ee3ng khi s\u1eed d\u1ee5ng l\u00e2u d\u00e0i.<\/li>\n<li><b><\/b><strong><b>Th\u00e9p kh\u00f4ng g\u1ec9 c\u1ea5p th\u1ef1c ph\u1ea9m &amp; Thi\u1ebft k\u1ebf ch\u1ed1ng ch\u00e1y n\u1ed5<\/b><\/strong><strong><b>: <\/b><\/strong>\u0110\u01b0\u1ee3c ch\u1ebf t\u1ea1o t\u1eeb th\u00e9p kh\u00f4ng g\u1ec9 304 v\u1edbi b\u1ed9 l\u1ecdc ch\u1ed1ng \u0103n m\u00f2n; c\u00f3 \u0111\u1ed9 b\u1ec1n cao, ch\u1ecbu \u0111\u01b0\u1ee3c nhi\u1ec7t \u0111\u1ed9 cao v\u00e0 an to\u00e0n.<\/li>\n<li><b><\/b><strong><b>L\u1ecdc s\u1ea1ch, gi\u1eef nguy\u00ean ch\u1ea5t l\u01b0\u1ee3ng d\u1ea7u<\/b><\/strong><strong><b>: <\/b><\/strong>L\u1ecdc s\u1ea1ch t\u1ea1p ch\u1ea5t hi\u1ec7u qu\u1ea3, gi\u1eef nguy\u00ean m\u00e0u s\u1eafc, h\u01b0\u01a1ng v\u1ecb v\u00e0 m\u00f9i th\u01a1m ban \u0111\u1ea7u c\u1ee7a d\u1ea7u th\u1ef1c v\u1eadt \u0111\u1ec3 s\u1eed d\u1ee5ng ho\u1eb7c b\u00e1n ngay.<\/li>\n<li><b><\/b><strong><b>C\u1ea5u tr\u00fac nh\u1ecf g\u1ecdn, d\u1ec5 s\u1eed d\u1ee5ng<\/b><\/strong><strong><b>: <\/b><\/strong>K\u00edch th\u01b0\u1edbc nh\u1ecf g\u1ecdn, \u0111i\u1ec1u khi\u1ec3n b\u1eb1ng m\u1ed9t n\u00fat b\u1ea5m, \u0111\u1ed3ng h\u1ed3 \u0111o \u00e1p su\u1ea5t c\u00f3 th\u1ec3 nh\u00ecn th\u1ea5y\u2014l\u00fd t\u01b0\u1edfng cho c\u00e1c nh\u00e0 m\u00e1y d\u1ea7u, x\u01b0\u1edfng n\u00f4ng tr\u1ea1i v\u00e0 tr\u1ea1m khai th\u00e1c d\u1ea7u di \u0111\u1ed9ng.<\/li>\n<\/ul>","protected":false},"featured_media":3783,"comment_status":"open","ping_status":"closed","template":"","meta":[],"product_brand":[],"product_cat":[41],"product_tag":[44],"class_list":{"0":"post-3780","1":"product","2":"type-product","3":"status-publish","4":"has-post-thumbnail","6":"product_cat-oil-filter-machine","7":"product_tag-pneumatic-oil-filter","9":"first","10":"instock","11":"taxable","12":"shipping-taxable","13":"product-type-simple"},"_links":{"self":[{"href":"https:\/\/smallagrimachinery.com\/vi\/wp-json\/wp\/v2\/product\/3780","targetHints":{"allow":["GET"]}}],"collection":[{"href":"https:\/\/smallagrimachinery.com\/vi\/wp-json\/wp\/v2\/product"}],"about":[{"href":"https:\/\/smallagrimachinery.com\/vi\/wp-json\/wp\/v2\/types\/product"}],"replies":[{"embeddable":true,"href":"https:\/\/smallagrimachinery.com\/vi\/wp-json\/wp\/v2\/comments?post=3780"}],"wp:featuredmedia":[{"embeddable":true,"href":"https:\/\/smallagrimachinery.com\/vi\/wp-json\/wp\/v2\/media\/3783"}],"wp:attachment":[{"href":"https:\/\/smallagrimachinery.com\/vi\/wp-json\/wp\/v2\/media?parent=3780"}],"wp:term":[{"taxonomy":"product_brand","embeddable":true,"href":"https:\/\/smallagrimachinery.com\/vi\/wp-json\/wp\/v2\/product_brand?post=3780"},{"taxonomy":"product_cat","embeddable":true,"href":"https:\/\/smallagrimachinery.com\/vi\/wp-json\/wp\/v2\/product_cat?post=3780"},{"taxonomy":"product_tag","embeddable":true,"href":"https:\/\/smallagrimachinery.com\/vi\/wp-json\/wp\/v2\/product_tag?post=3780"}],"curies":[{"name":"wp","href":"https:\/\/api.w.org\/{rel}","templated":true}]}}