{"id":3768,"date":"2025-07-03T15:00:03","date_gmt":"2025-07-03T15:00:03","guid":{"rendered":"https:\/\/smallagrimachinery.com\/?post_type=product&#038;p=3768"},"modified":"2025-07-20T02:40:35","modified_gmt":"2025-07-20T02:40:35","slug":"oil-press-fully-automatic-edible-oil-vacuum-filter-vegetable-oil-purification","status":"publish","type":"product","link":"https:\/\/smallagrimachinery.com\/vi\/product\/oil-press-fully-automatic-edible-oil-vacuum-filter-vegetable-oil-purification\/","title":{"rendered":"M\u00e1y \u00e9p d\u1ea7u \u0103n ho\u00e0n to\u00e0n t\u1ef1 \u0111\u1ed9ng l\u1ecdc ch\u00e2n kh\u00f4ng d\u1ea7u th\u1ef1c v\u1eadt tinh ch\u1ebf"},"content":{"rendered":"<h3><strong>Gi\u1edbi thi\u1ec7u<\/strong><\/h3>\n<p>B\u1ed9 l\u1ecdc d\u1ea7u ch\u00e2n kh\u00f4ng ho\u00e0n to\u00e0n t\u1ef1 \u0111\u1ed9ng n\u00e0y \u0111\u01b0\u1ee3c thi\u1ebft k\u1ebf \u0111\u1ec3 n\u00e2ng cao ch\u1ea5t l\u01b0\u1ee3ng v\u00e0 \u0111\u1ed9 an to\u00e0n c\u1ee7a d\u1ea7u \u0103n trong c\u00e1c ho\u1ea1t \u0111\u1ed9ng \u00e9p v\u00e0 tinh ch\u1ebf d\u1ea7u quy m\u00f4 v\u1eeba v\u00e0 nh\u1ecf. \u0110\u1eb7c bi\u1ec7t l\u00e0 trong c\u00e1c nh\u00e0 m\u00e1y d\u1ea7u t\u1ea1i trang tr\u1ea1i, n\u00f3 \u0111\u00f3ng vai tr\u00f2 quan tr\u1ecdng trong vi\u1ec7c tinh ch\u1ebf d\u1ea7u th\u00f4 \u0111\u01b0\u1ee3c chi\u1ebft xu\u1ea5t t\u1eeb c\u00e1c lo\u1ea1i c\u00e2y tr\u1ed3ng nh\u01b0 \u0111\u1eadu ph\u1ed9ng, \u0111\u1eadu n\u00e0nh, h\u1ea1t c\u1ea3i d\u1ea7u, h\u1ea1t h\u01b0\u1edbng d\u01b0\u01a1ng, v.v.<\/p>\n<ul>\n<li><strong><b>Hi\u1ec7u qu\u1ea3 l\u1ecdc cao<\/b><\/strong><br \/>\nS\u1eed d\u1ee5ng c\u00f4ng ngh\u1ec7 l\u1ecdc ch\u00e2n kh\u00f4ng ti\u00ean ti\u1ebfn, m\u00e1y lo\u1ea1i b\u1ecf hi\u1ec7u qu\u1ea3 c\u00e1c ch\u1ea5t r\u1eafn l\u01a1 l\u1eedng, n\u01b0\u1edbc v\u00e0 t\u1ea1p ch\u1ea5t t\u1ef1 nhi\u00ean xu\u1ea5t hi\u1ec7n trong qu\u00e1 tr\u00ecnh \u00e9p l\u1ea1nh ho\u1eb7c \u00e9p n\u00f3ng. B\u01a1m ch\u00e2n kh\u00f4ng t\u1ea1o ra \u00e1p su\u1ea5t \u00e2m \u0111\u1ec3 k\u00e9o d\u1ea7u qua v\u1ea3i l\u1ecdc, \u0111\u1ec3 l\u1ea1i c\u00e1c h\u1ea1t kh\u00f4ng mong mu\u1ed1n v\u00e0 cung c\u1ea5p d\u1ea7u s\u1ea1ch s\u1eb5n s\u00e0ng \u0111\u1ec3 \u0111\u00f3ng chai ho\u1eb7c tinh ch\u1ebf th\u00eam.<\/li>\n<li><strong><b>B\u1ea3o qu\u1ea3n ch\u1ea5t dinh d\u01b0\u1ee1ng<\/b><\/strong><br \/>\nKh\u00f4ng gi\u1ed1ng nh\u01b0 c\u00e1c ph\u01b0\u01a1ng ph\u00e1p l\u1ecdc truy\u1ec1n th\u1ed1ng, h\u1ec7 th\u1ed1ng n\u00e0y gi\u1eef nguy\u00ean h\u01b0\u01a1ng v\u1ecb, m\u00f9i th\u01a1m t\u1ef1 nhi\u00ean v\u00e0 gi\u00e1 tr\u1ecb dinh d\u01b0\u1ee1ng c\u1ee7a d\u1ea7u \u0111\u1ed3ng th\u1eddi c\u1ea3i thi\u1ec7n \u0111\u00e1ng k\u1ec3 \u0111\u1ed9 trong su\u1ed1t v\u00e0 k\u00e9o d\u00e0i th\u1eddi h\u1ea1n s\u1eed d\u1ee5ng - \u0111i\u1ec1u quan tr\u1ecdng \u0111\u1ed1i v\u1edbi nh\u1eefng ng\u01b0\u1eddi s\u1ea3n xu\u1ea5t d\u1ea7u n\u00f4ng tr\u1ea1i coi tr\u1ecdng \u0111\u1ed9 t\u01b0\u01a1i v\u00e0 ch\u1ea5t l\u01b0\u1ee3ng s\u1ea3n ph\u1ea9m.<\/li>\n<li><strong><b>C\u1ea5u tr\u00fac \u0111\u00e1ng tin c\u1eady v\u00e0 \u0111i\u1ec1u khi\u1ec3n th\u00f4ng minh<\/b><\/strong><br \/>\n\u0110\u01b0\u1ee3c trang b\u1ecb khung th\u00e9p kh\u00f4ng g\u1ec9, b\u01a1m ch\u00e2n kh\u00f4ng t\u00edch h\u1ee3p, h\u1ec7 th\u1ed1ng s\u01b0\u1edfi \u1ea5m v\u00e0 b\u00ecnh ch\u00e2n kh\u00f4ng, b\u1ed9 l\u1ecdc ho\u1ea1t \u0111\u1ed9ng li\u1ec1n m\u1ea1ch v\u1edbi d\u00e2y chuy\u1ec1n \u00e9p d\u1ea7u c\u1ee7a b\u1ea1n. B\u1ea3ng \u0111i\u1ec1u khi\u1ec3n tr\u1ef1c quan cho ph\u00e9p ng\u01b0\u1eddi v\u1eadn h\u00e0nh \u0111i\u1ec1u ch\u1ec9nh \u00e1p su\u1ea5t ch\u00e2n kh\u00f4ng, l\u01b0u l\u01b0\u1ee3ng d\u1ea7u v\u00e0 nhi\u1ec7t \u0111\u1ed9 \u0111\u1ec3 ph\u00f9 h\u1ee3p v\u1edbi c\u00e1c nguy\u00ean li\u1ec7u th\u00f4 v\u00e0 nhu c\u1ea7u quy tr\u00ecnh kh\u00e1c nhau.<\/li>\n<li><strong><b>D\u1ec5 d\u00e0ng b\u1ea3o tr\u00ec v\u00e0 di chuy\u1ec3n<\/b><\/strong><br \/>\nNg\u01b0\u1eddi v\u1eadn h\u00e0nh c\u00f3 th\u1ec3 d\u1ec5 d\u00e0ng lo\u1ea1i b\u1ecf c\u1eb7n b\u00e3 sau khi l\u1ecdc, v\u1ec7 sinh v\u1ea3i l\u1ecdc v\u00e0 duy tr\u00ec h\u1ec7 th\u1ed1ng ho\u1ea1t \u0111\u1ed9ng hi\u1ec7u qu\u1ea3. Thi\u1ebft k\u1ebf nh\u1ecf g\u1ecdn v\u00e0 b\u00e1nh xe gi\u00fap d\u1ec5 d\u00e0ng di chuy\u1ec3n, ti\u1ebft ki\u1ec7m kh\u00f4ng gian qu\u00fd gi\u00e1 trong c\u00e1c x\u01b0\u1edfng n\u00f4ng nghi\u1ec7p ho\u1eb7c nh\u00e0 m\u00e1y d\u1ea7u n\u00f4ng th\u00f4n.<\/li>\n<\/ul>\n<p>Cho d\u00f9 b\u1ea1n \u0111ang s\u1ea3n xu\u1ea5t d\u1ea7u \u0111\u1eadu n\u00e0nh, d\u1ea7u d\u1eeba hay d\u1ea7u th\u1ef1c v\u1eadt \u0111\u1eb7c s\u1ea3n, b\u1ed9 l\u1ecdc d\u1ea7u ch\u00e2n kh\u00f4ng n\u00e0y gi\u00fap n\u00f4ng d\u00e2n v\u00e0 c\u00e1c nh\u00e0 ch\u1ebf bi\u1ebfn nh\u1ecf cung c\u1ea5p s\u1ea3n ph\u1ea9m cao c\u1ea5p, kh\u00f4ng t\u1ea1p ch\u1ea5t ra th\u1ecb tr\u01b0\u1eddng m\u1ed9t c\u00e1ch \u0111\u00e1ng tin c\u1eady v\u00e0 ti\u1ebft ki\u1ec7m chi ph\u00ed.<\/p>\n<table border=\"1\">\n<tbody>\n<tr bgcolor=\"#123F53\">\n<th style=\"text-align: center;\" colspan=\"3\"><strong><span style=\"color: #fff;\">M\u00e1y l\u1ecdc ch\u00e2n kh\u00f4ng d\u1ea7u \u0103n t\u1ef1 \u0111\u1ed9ng l\u1ecdc s\u1ea1ch d\u1ea7u th\u1ef1c v\u1eadt<br \/>\n<\/span><\/strong><\/th>\n<\/tr>\n<tr>\n<th>Ng\u01b0\u1eddi m\u1eabu<\/th>\n<th>YW-\u0111\u1ed9c th\u00e2n<\/th>\n<th>YW-\u0111\u00f4i<\/th>\n<\/tr>\n<tr>\n<th>C\u00f4ng su\u1ea5t (kg\/gi\u1edd)<\/th>\n<td>50-75<\/td>\n<td>100-150<\/td>\n<\/tr>\n<tr>\n<th>K\u00edch th\u01b0\u1edbc (mm)<\/th>\n<td>1000\u00d7700\u00d71000<\/td>\n<td>1340\u00d7700\u00d71000<\/td>\n<\/tr>\n<tr>\n<th>Tr\u1ecdng l\u01b0\u1ee3ng (kg)<\/th>\n<td>150<\/td>\n<td>200<\/td>\n<\/tr>\n<tr>\n<th>C\u00f4ng su\u1ea5t \u0111\u1ed9ng c\u01a1 (kw)<\/th>\n<td>1.1<\/td>\n<td>1.1<\/td>\n<\/tr>\n<\/tbody>\n<\/table>\n<p>L\u01b0u \u00fd: Ch\u00fang t\u00f4i c\u00f3 th\u1ec3 t\u00f9y ch\u1ec9nh b\u1ed9 l\u1ecdc ch\u00e2n kh\u00f4ng v\u1edbi nhi\u1ec1u k\u00edch c\u1ee1 kh\u00e1c nhau v\u00e0 cung c\u1ea5p gi\u1ea3i ph\u00e1p l\u1ecdc ph\u00f9 h\u1ee3p v\u1edbi y\u00eau c\u1ea7u c\u1ee7a b\u1ea1n. \u0110\u01b0\u1eddng k\u00ednh th\u00f9ng l\u1ecdc c\u00f3 th\u1ec3 t\u00f9y ch\u1ec9nh t\u1eeb 450mm \u0111\u1ebfn 600mm, v\u00e0 c\u00f4ng su\u1ea5t \u0111\u1ea7u ra c\u00f3 th\u1ec3 t\u00f9y ch\u1ec9nh t\u1eeb 50kg\/gi\u1edd \u0111\u1ebfn 800kg\/gi\u1edd.<\/p>\n<p><img fetchpriority=\"high\" decoding=\"async\" class=\"alignnone wp-image-3777\" src=\"https:\/\/smallagrimachinery.com\/wp-content\/uploads\/2025\/07\/Oil-press-fully-automatic-edible-oil-vacuum-filter-vegetable-oil-purification-Details-3.webp\" alt=\"\" width=\"500\" height=\"500\" srcset=\"https:\/\/smallagrimachinery.com\/wp-content\/uploads\/2025\/07\/Oil-press-fully-automatic-edible-oil-vacuum-filter-vegetable-oil-purification-Details-3.webp 660w, https:\/\/smallagrimachinery.com\/wp-content\/uploads\/2025\/07\/Oil-press-fully-automatic-edible-oil-vacuum-filter-vegetable-oil-purification-Details-3-500x500.webp 500w, https:\/\/smallagrimachinery.com\/wp-content\/uploads\/2025\/07\/Oil-press-fully-automatic-edible-oil-vacuum-filter-vegetable-oil-purification-Details-3-150x150.webp 150w, https:\/\/smallagrimachinery.com\/wp-content\/uploads\/2025\/07\/Oil-press-fully-automatic-edible-oil-vacuum-filter-vegetable-oil-purification-Details-3-12x12.webp 12w, https:\/\/smallagrimachinery.com\/wp-content\/uploads\/2025\/07\/Oil-press-fully-automatic-edible-oil-vacuum-filter-vegetable-oil-purification-Details-3-300x300.webp 300w, https:\/\/smallagrimachinery.com\/wp-content\/uploads\/2025\/07\/Oil-press-fully-automatic-edible-oil-vacuum-filter-vegetable-oil-purification-Details-3-100x100.webp 100w\" sizes=\"(max-width: 500px) 100vw, 500px\" \/> <img decoding=\"async\" class=\"alignnone wp-image-3776\" src=\"https:\/\/smallagrimachinery.com\/wp-content\/uploads\/2025\/07\/Oil-press-fully-automatic-edible-oil-vacuum-filter-vegetable-oil-purification-Details-2.webp\" alt=\"\" width=\"499\" height=\"499\" srcset=\"https:\/\/smallagrimachinery.com\/wp-content\/uploads\/2025\/07\/Oil-press-fully-automatic-edible-oil-vacuum-filter-vegetable-oil-purification-Details-2.webp 660w, https:\/\/smallagrimachinery.com\/wp-content\/uploads\/2025\/07\/Oil-press-fully-automatic-edible-oil-vacuum-filter-vegetable-oil-purification-Details-2-500x500.webp 500w, https:\/\/smallagrimachinery.com\/wp-content\/uploads\/2025\/07\/Oil-press-fully-automatic-edible-oil-vacuum-filter-vegetable-oil-purification-Details-2-150x150.webp 150w, https:\/\/smallagrimachinery.com\/wp-content\/uploads\/2025\/07\/Oil-press-fully-automatic-edible-oil-vacuum-filter-vegetable-oil-purification-Details-2-12x12.webp 12w, https:\/\/smallagrimachinery.com\/wp-content\/uploads\/2025\/07\/Oil-press-fully-automatic-edible-oil-vacuum-filter-vegetable-oil-purification-Details-2-300x300.webp 300w, https:\/\/smallagrimachinery.com\/wp-content\/uploads\/2025\/07\/Oil-press-fully-automatic-edible-oil-vacuum-filter-vegetable-oil-purification-Details-2-100x100.webp 100w\" sizes=\"(max-width: 499px) 100vw, 499px\" \/> <img decoding=\"async\" class=\"alignnone wp-image-3775\" src=\"https:\/\/smallagrimachinery.com\/wp-content\/uploads\/2025\/07\/Oil-press-fully-automatic-edible-oil-vacuum-filter-vegetable-oil-purification-Details-1.webp\" alt=\"\" width=\"374\" height=\"374\" srcset=\"https:\/\/smallagrimachinery.com\/wp-content\/uploads\/2025\/07\/Oil-press-fully-automatic-edible-oil-vacuum-filter-vegetable-oil-purification-Details-1.webp 660w, https:\/\/smallagrimachinery.com\/wp-content\/uploads\/2025\/07\/Oil-press-fully-automatic-edible-oil-vacuum-filter-vegetable-oil-purification-Details-1-500x500.webp 500w, https:\/\/smallagrimachinery.com\/wp-content\/uploads\/2025\/07\/Oil-press-fully-automatic-edible-oil-vacuum-filter-vegetable-oil-purification-Details-1-150x150.webp 150w, https:\/\/smallagrimachinery.com\/wp-content\/uploads\/2025\/07\/Oil-press-fully-automatic-edible-oil-vacuum-filter-vegetable-oil-purification-Details-1-12x12.webp 12w, https:\/\/smallagrimachinery.com\/wp-content\/uploads\/2025\/07\/Oil-press-fully-automatic-edible-oil-vacuum-filter-vegetable-oil-purification-Details-1-300x300.webp 300w, https:\/\/smallagrimachinery.com\/wp-content\/uploads\/2025\/07\/Oil-press-fully-automatic-edible-oil-vacuum-filter-vegetable-oil-purification-Details-1-100x100.webp 100w\" sizes=\"(max-width: 374px) 100vw, 374px\" \/> <img loading=\"lazy\" decoding=\"async\" class=\"alignnone wp-image-3778\" src=\"https:\/\/smallagrimachinery.com\/wp-content\/uploads\/2025\/07\/Oil-press-fully-automatic-edible-oil-vacuum-filter-vegetable-oil-purification-Details-4.webp\" alt=\"\" width=\"500\" height=\"375\" srcset=\"https:\/\/smallagrimachinery.com\/wp-content\/uploads\/2025\/07\/Oil-press-fully-automatic-edible-oil-vacuum-filter-vegetable-oil-purification-Details-4.webp 720w, https:\/\/smallagrimachinery.com\/wp-content\/uploads\/2025\/07\/Oil-press-fully-automatic-edible-oil-vacuum-filter-vegetable-oil-purification-Details-4-500x375.webp 500w, https:\/\/smallagrimachinery.com\/wp-content\/uploads\/2025\/07\/Oil-press-fully-automatic-edible-oil-vacuum-filter-vegetable-oil-purification-Details-4-16x12.webp 16w, https:\/\/smallagrimachinery.com\/wp-content\/uploads\/2025\/07\/Oil-press-fully-automatic-edible-oil-vacuum-filter-vegetable-oil-purification-Details-4-700x525.webp 700w\" sizes=\"(max-width: 500px) 100vw, 500px\" \/><\/p>","protected":false},"excerpt":{"rendered":"<ul>\n<li><b><\/b><strong><b>L\u1ecdc ch\u00e2n kh\u00f4ng nhi\u1ec1u giai \u0111o\u1ea1n hi\u1ec7u qu\u1ea3 c\u1ea3i thi\u1ec7n ch\u1ea5t l\u01b0\u1ee3ng d\u1ea7u th\u00f4<\/b><\/strong><strong><b>:<\/b><\/strong>Lo\u1ea1i b\u1ecf c\u00e1c h\u1ea1t m\u1ecbn, n\u01b0\u1edbc v\u00e0 b\u00f9n \u0111\u1ec3 c\u00f3 \u0111\u01b0\u1ee3c d\u1ea7u s\u1ea1ch h\u01a1n, trong h\u01a1n ngay sau khi \u00e9p.<\/li>\n<li><b><\/b><strong><b>Gi\u1eef l\u1ea1i c\u00e1c ch\u1ea5t dinh d\u01b0\u1ee1ng t\u1ef1 nhi\u00ean v\u00e0 k\u00e9o d\u00e0i th\u1eddi h\u1ea1n s\u1eed d\u1ee5ng c\u1ee7a d\u1ea7u<\/b><\/strong><strong><b>:<\/b><\/strong>B\u1ea3o v\u1ec7 c\u00e1c h\u1ee3p ch\u1ea5t d\u1ea7u c\u00f3 gi\u00e1 tr\u1ecb \u0111\u1ed3ng th\u1eddi lo\u1ea1i b\u1ecf c\u00e1c ch\u1ea5t g\u00e2y \u00f4 nhi\u1ec5m g\u00e2y h\u01b0 h\u1ecfng.<\/li>\n<li><b><\/b><strong><b>D\u1ec5 d\u00e0ng v\u1eadn h\u00e0nh v\u1edbi H\u1ec7 th\u1ed1ng \u0111i\u1ec1u khi\u1ec3n ch\u00e2n kh\u00f4ng th\u00f4ng minh<\/b><\/strong><strong><b>:<\/b><\/strong>B\u1ea3ng \u0111i\u1ec1u khi\u1ec3n th\u00e2n thi\u1ec7n v\u1edbi ng\u01b0\u1eddi d\u00f9ng \u0111\u1ec3 \u0111i\u1ec1u ch\u1ec9nh nhi\u1ec7t \u0111\u1ed9, \u00e1p su\u1ea5t v\u00e0 l\u01b0u l\u01b0\u1ee3ng ph\u00f9 h\u1ee3p v\u1edbi c\u00e1c lo\u1ea1i d\u1ea7u kh\u00e1c nhau.<\/li>\n<li><b><\/b><strong><b>Nh\u1ecf g\u1ecdn, b\u1ec1n b\u1ec9 v\u00e0 ti\u1ebft ki\u1ec7m n\u0103ng l\u01b0\u1ee3ng cho nh\u00e0 m\u00e1y d\u1ea7u n\u00f4ng tr\u1ea1i<\/b><\/strong><strong><b>:<\/b><\/strong>Thi\u1ebft k\u1ebf ch\u1eafc ch\u1eafn, d\u1ec5 di chuy\u1ec3n, l\u00fd t\u01b0\u1edfng cho c\u00e1c c\u01a1 s\u1edf s\u1ea3n xu\u1ea5t d\u1ea7u \u0103n quy m\u00f4 v\u1eeba v\u00e0 nh\u1ecf.<\/li>\n<\/ul>","protected":false},"featured_media":3772,"comment_status":"open","ping_status":"closed","template":"","meta":[],"product_brand":[],"product_cat":[41],"product_tag":[43],"class_list":{"0":"post-3768","1":"product","2":"type-product","3":"status-publish","4":"has-post-thumbnail","6":"product_cat-oil-filter-machine","7":"product_tag-vacuum-oil-filter","9":"first","10":"instock","11":"taxable","12":"shipping-taxable","13":"product-type-simple"},"_links":{"self":[{"href":"https:\/\/smallagrimachinery.com\/vi\/wp-json\/wp\/v2\/product\/3768","targetHints":{"allow":["GET"]}}],"collection":[{"href":"https:\/\/smallagrimachinery.com\/vi\/wp-json\/wp\/v2\/product"}],"about":[{"href":"https:\/\/smallagrimachinery.com\/vi\/wp-json\/wp\/v2\/types\/product"}],"replies":[{"embeddable":true,"href":"https:\/\/smallagrimachinery.com\/vi\/wp-json\/wp\/v2\/comments?post=3768"}],"wp:featuredmedia":[{"embeddable":true,"href":"https:\/\/smallagrimachinery.com\/vi\/wp-json\/wp\/v2\/media\/3772"}],"wp:attachment":[{"href":"https:\/\/smallagrimachinery.com\/vi\/wp-json\/wp\/v2\/media?parent=3768"}],"wp:term":[{"taxonomy":"product_brand","embeddable":true,"href":"https:\/\/smallagrimachinery.com\/vi\/wp-json\/wp\/v2\/product_brand?post=3768"},{"taxonomy":"product_cat","embeddable":true,"href":"https:\/\/smallagrimachinery.com\/vi\/wp-json\/wp\/v2\/product_cat?post=3768"},{"taxonomy":"product_tag","embeddable":true,"href":"https:\/\/smallagrimachinery.com\/vi\/wp-json\/wp\/v2\/product_tag?post=3768"}],"curies":[{"name":"wp","href":"https:\/\/api.w.org\/{rel}","templated":true}]}}