{"id":3758,"date":"2025-07-03T14:51:03","date_gmt":"2025-07-03T14:51:03","guid":{"rendered":"https:\/\/smallagrimachinery.com\/?post_type=product&#038;p=3758"},"modified":"2025-07-03T14:51:04","modified_gmt":"2025-07-03T14:51:04","slug":"portable-crude-oil-pressing-stainless-steel-vacuum-oil-filter-machine","status":"publish","type":"product","link":"https:\/\/smallagrimachinery.com\/vi\/product\/portable-crude-oil-pressing-stainless-steel-vacuum-oil-filter-machine\/","title":{"rendered":"M\u00e1y \u00e9p d\u1ea7u th\u00f4 di \u0111\u1ed9ng b\u1eb1ng th\u00e9p kh\u00f4ng g\u1ec9 M\u00e1y l\u1ecdc d\u1ea7u ch\u00e2n kh\u00f4ng"},"content":{"rendered":"<h3><strong>Gi\u1edbi thi\u1ec7u<\/strong><\/h3>\n<p>M\u00e1y l\u1ecdc d\u1ea7u ch\u00e2n kh\u00f4ng b\u1eb1ng th\u00e9p kh\u00f4ng g\u1ec9 \u00e9p d\u1ea7u th\u00f4 di \u0111\u1ed9ng \u0111\u01b0\u1ee3c thi\u1ebft k\u1ebf \u0111\u1eb7c bi\u1ec7t cho c\u00e1c nh\u00e0 s\u1ea3n xu\u1ea5t d\u1ea7u \u0103n quy m\u00f4 v\u1eeba v\u00e0 nh\u1ecf. \u0110\u01b0\u1ee3c ch\u1ebf t\u1ea1o t\u1eeb v\u1eadt li\u1ec7u c\u1ea5p th\u1ef1c ph\u1ea9m v\u1edbi s\u1ef1 ch\u00fa \u00fd ch\u00ednh x\u00e1c \u0111\u1ebfn hi\u1ec7u qu\u1ea3 v\u00e0 kh\u1ea3 n\u0103ng s\u1eed d\u1ee5ng, b\u1ed9 l\u1ecdc n\u00e0y \u0111\u1ea3m b\u1ea3o \u0111\u1ed9 trong v\u00e0 tinh khi\u1ebft trong c\u00e1c lo\u1ea1i d\u1ea7u \u00e9p l\u1ea1nh. Cho d\u00f9 b\u1ea1n \u0111ang ch\u1ebf bi\u1ebfn d\u1ea7u \u0111\u1eadu ph\u1ed9ng, d\u1ea7u m\u00e8, d\u1ea7u h\u01b0\u1edbng d\u01b0\u01a1ng hay c\u00e1c lo\u1ea1i d\u1ea7u th\u1ef1c v\u1eadt v\u00e0 h\u1ea1t kh\u00e1c, b\u1ed9 l\u1ecdc ch\u00e2n kh\u00f4ng n\u00e0y c\u1ea3i thi\u1ec7n ch\u1ea5t l\u01b0\u1ee3ng, \u0111\u1ed9 trong v\u00e0 th\u1eddi h\u1ea1n s\u1eed d\u1ee5ng \u0111\u1ed3ng th\u1eddi gi\u1ea3m b\u1edbt c\u00f4ng s\u1ee9c lao \u0111\u1ed9ng th\u1ee7 c\u00f4ng.<\/p>\n<p>B\u1ed9 l\u1ecdc d\u1ea7u ch\u00e2n kh\u00f4ng n\u00e0y r\u1ea5t ph\u00f9 h\u1ee3p \u0111\u1ec3 l\u1ecdc c\u00e1c m\u1ebb nh\u1ecf d\u1ea7u \u0103n t\u1eeb c\u00e2y tr\u1ed3ng. N\u00f3 x\u1eed l\u00fd hi\u1ec7u qu\u1ea3 nhi\u1ec1u lo\u1ea1i d\u1ea7u bao g\u1ed3m:<\/p>\n<ul>\n<li>D\u1ea7u \u0111\u1eadu ph\u1ed9ng<\/li>\n<li>D\u1ea7u m\u00e8<\/li>\n<li>D\u1ea7u h\u1ea1t c\u1ea3i\/d\u1ea7u h\u1ea1t c\u1ea3i<\/li>\n<li>D\u1ea7u h\u1ea1t h\u01b0\u1edbng d\u01b0\u01a1ng<\/li>\n<li>D\u1ea7u \u00f3c ch\u00f3 v\u00e0 h\u1ea1nh nh\u00e2n<\/li>\n<\/ul>\n<p>H\u1ec7 th\u1ed1ng l\u1ecdc \u0111\u1ea3m b\u1ea3o r\u1eb1ng ngay c\u1ea3 trong m\u00f4i tr\u01b0\u1eddng \u00e9p \u1edf nhi\u1ec7t \u0111\u1ed9 th\u1ea5p h\u01a1n, d\u1ea7u v\u1eabn s\u1ea1ch v\u00e0 c\u00f3 th\u1ec3 s\u1eed d\u1ee5ng \u0111\u01b0\u1ee3c, gi\u1ea3m thi\u1ec3u c\u1eb7n b\u00e3.<\/p>\n<h4><strong><b>Thi\u1ebft k\u1ebf k\u1ebft c\u1ea5u th\u00f4ng minh<\/b><\/strong><strong><b>:<\/b><\/strong><\/h4>\n<ul>\n<li>T\u1ea5m nh\u00f4m gia nhi\u1ec7t 360\u00b0: Duy tr\u00ec nhi\u1ec7t \u0111\u1ed9 \u1ed5n \u0111\u1ecbnh \u0111\u1ec3 l\u1ecdc nhanh h\u01a1n, c\u1ea3i thi\u1ec7n hi\u1ec7u qu\u1ea3 \u1edf nh\u1eefng v\u00f9ng c\u00f3 kh\u00ed h\u1eadu l\u1ea1nh h\u01a1n.<\/li>\n<li>\u1ed0ng th\u1ee7y tinh boron c\u1ea5p th\u1ef1c ph\u1ea9m: B\u1ec1n, h\u1ee3p v\u1ec7 sinh v\u00e0 trong su\u1ed1t \u0111\u1ec3 theo d\u00f5i \u0111\u1ed9 trong c\u1ee7a d\u1ea7u.<\/li>\n<li>V\u1ea3i l\u1ecdc t\u1ef7 l\u1ec7 v\u00e0ng: Nhi\u1ec1u l\u1edbp l\u1ecdc \u0111\u1ea3m b\u1ea3o lo\u1ea1i b\u1ecf t\u1ed1i \u0111a t\u1ea1p ch\u1ea5t m\u00e0 kh\u00f4ng l\u00e0m gi\u1ea3m s\u1ea3n l\u01b0\u1ee3ng d\u1ea7u.<\/li>\n<li>B\u1ed9 t\u00e1ch d\u1ea7u-n\u01b0\u1edbc: T\u0103ng c\u01b0\u1eddng kh\u1ea3 n\u0103ng b\u1ea3o v\u1ec7 v\u00e0 hi\u1ec7u su\u1ea5t c\u1ee7a b\u01a1m ch\u00e2n kh\u00f4ng b\u1eb1ng c\u00e1ch t\u00e1ch n\u01b0\u1edbc kh\u1ecfi d\u1ea7u.<\/li>\n<li>L\u1ed7 tho\u00e1t d\u1ea7u kho\u1ea3ng s\u00e1ng g\u1ea7m xe 335mm: \u0110\u01b0\u1ee3c thi\u1ebft k\u1ebf \u0111\u1ec3 tho\u00e1t d\u1ea7u tr\u1ef1c ti\u1ebfp v\u00e0o th\u00f9ng, gi\u00fap vi\u1ec7c thu gom d\u1ea7u d\u1ec5 d\u00e0ng v\u00e0 s\u1ea1ch s\u1ebd.<\/li>\n<li>Kh\u00f4ng c\u1ea7n th\u00e1o r\u1eddi \u0111\u1ec3 v\u1ec7 sinh: C\u1ed5ng v\u1ec7 sinh r\u1ed9ng cho ph\u00e9p ng\u01b0\u1eddi d\u00f9ng v\u1ec7 sinh b\u00ecnh ch\u1ee9a b\u00ean trong d\u1ec5 d\u00e0ng m\u00e0 kh\u00f4ng c\u1ea7n th\u00e1o r\u1eddi c\u00e1c b\u1ed9 ph\u1eadn.<\/li>\n<\/ul>\n<table border=\"1\" cellspacing=\"0\" cellpadding=\"6\">\n<tbody>\n<tr bgcolor=\"#123F53\">\n<th style=\"text-align: center;\" colspan=\"2\"><strong><span style=\"color: #fff;\">M\u00e1y l\u1ecdc d\u1ea7u ch\u00e2n kh\u00f4ng b\u1eb1ng th\u00e9p kh\u00f4ng g\u1ec9 di \u0111\u1ed9ng<br \/>\n<\/span><\/strong><\/th>\n<\/tr>\n<tr>\n<th>S\u1ea3n ph\u1ea9m<\/th>\n<td>B\u1ed9 l\u1ecdc d\u1ea7u ch\u00e2n kh\u00f4ng YJL-16<\/td>\n<\/tr>\n<tr>\n<th>Dung t\u00edch<\/th>\n<td>15\u201320 kg\/gi\u1edd<\/td>\n<\/tr>\n<tr>\n<th>T\u1ed5ng tr\u1ecdng l\u01b0\u1ee3ng<\/th>\n<td>40kg<\/td>\n<\/tr>\n<tr>\n<th>C\u00f4ng su\u1ea5t \u0111\u1ed9ng c\u01a1 ch\u00ednh<\/th>\n<td>1050W<\/td>\n<\/tr>\n<tr>\n<th>\u0110i\u1ec7n \u00e1p<\/th>\n<td>220V<\/td>\n<\/tr>\n<tr>\n<th>K\u00edch th\u01b0\u1edbc g\u00f3i h\u00e0ng<\/th>\n<td>42,3 \u00d7 42,3 \u00d7 78 cm<\/td>\n<\/tr>\n<\/tbody>\n<\/table>\n<p><img fetchpriority=\"high\" decoding=\"async\" class=\"alignnone size-full wp-image-3764\" src=\"https:\/\/smallagrimachinery.com\/wp-content\/uploads\/2025\/07\/Portable-crude-oil-pressing-stainless-steel-Vacuum-oil-filter-Machine-Details-1.webp\" alt=\"\" width=\"790\" height=\"666\" srcset=\"https:\/\/smallagrimachinery.com\/wp-content\/uploads\/2025\/07\/Portable-crude-oil-pressing-stainless-steel-Vacuum-oil-filter-Machine-Details-1.webp 790w, https:\/\/smallagrimachinery.com\/wp-content\/uploads\/2025\/07\/Portable-crude-oil-pressing-stainless-steel-Vacuum-oil-filter-Machine-Details-1-500x422.webp 500w, https:\/\/smallagrimachinery.com\/wp-content\/uploads\/2025\/07\/Portable-crude-oil-pressing-stainless-steel-Vacuum-oil-filter-Machine-Details-1-768x647.webp 768w, https:\/\/smallagrimachinery.com\/wp-content\/uploads\/2025\/07\/Portable-crude-oil-pressing-stainless-steel-Vacuum-oil-filter-Machine-Details-1-14x12.webp 14w, https:\/\/smallagrimachinery.com\/wp-content\/uploads\/2025\/07\/Portable-crude-oil-pressing-stainless-steel-Vacuum-oil-filter-Machine-Details-1-700x590.webp 700w\" sizes=\"(max-width: 790px) 100vw, 790px\" \/> <img decoding=\"async\" class=\"alignnone size-full wp-image-3765\" src=\"https:\/\/smallagrimachinery.com\/wp-content\/uploads\/2025\/07\/Portable-crude-oil-pressing-stainless-steel-Vacuum-oil-filter-Machine-Details-2.webp\" alt=\"\" width=\"790\" height=\"564\" srcset=\"https:\/\/smallagrimachinery.com\/wp-content\/uploads\/2025\/07\/Portable-crude-oil-pressing-stainless-steel-Vacuum-oil-filter-Machine-Details-2.webp 790w, https:\/\/smallagrimachinery.com\/wp-content\/uploads\/2025\/07\/Portable-crude-oil-pressing-stainless-steel-Vacuum-oil-filter-Machine-Details-2-500x357.webp 500w, https:\/\/smallagrimachinery.com\/wp-content\/uploads\/2025\/07\/Portable-crude-oil-pressing-stainless-steel-Vacuum-oil-filter-Machine-Details-2-768x548.webp 768w, https:\/\/smallagrimachinery.com\/wp-content\/uploads\/2025\/07\/Portable-crude-oil-pressing-stainless-steel-Vacuum-oil-filter-Machine-Details-2-18x12.webp 18w, https:\/\/smallagrimachinery.com\/wp-content\/uploads\/2025\/07\/Portable-crude-oil-pressing-stainless-steel-Vacuum-oil-filter-Machine-Details-2-700x500.webp 700w\" sizes=\"(max-width: 790px) 100vw, 790px\" \/> <img decoding=\"async\" class=\"alignnone size-full wp-image-3766\" src=\"https:\/\/smallagrimachinery.com\/wp-content\/uploads\/2025\/07\/Portable-crude-oil-pressing-stainless-steel-Vacuum-oil-filter-Machine-Details-3.webp\" alt=\"\" width=\"790\" height=\"571\" srcset=\"https:\/\/smallagrimachinery.com\/wp-content\/uploads\/2025\/07\/Portable-crude-oil-pressing-stainless-steel-Vacuum-oil-filter-Machine-Details-3.webp 790w, https:\/\/smallagrimachinery.com\/wp-content\/uploads\/2025\/07\/Portable-crude-oil-pressing-stainless-steel-Vacuum-oil-filter-Machine-Details-3-500x361.webp 500w, https:\/\/smallagrimachinery.com\/wp-content\/uploads\/2025\/07\/Portable-crude-oil-pressing-stainless-steel-Vacuum-oil-filter-Machine-Details-3-768x555.webp 768w, https:\/\/smallagrimachinery.com\/wp-content\/uploads\/2025\/07\/Portable-crude-oil-pressing-stainless-steel-Vacuum-oil-filter-Machine-Details-3-18x12.webp 18w, https:\/\/smallagrimachinery.com\/wp-content\/uploads\/2025\/07\/Portable-crude-oil-pressing-stainless-steel-Vacuum-oil-filter-Machine-Details-3-700x506.webp 700w\" sizes=\"(max-width: 790px) 100vw, 790px\" \/> <img loading=\"lazy\" decoding=\"async\" class=\"alignnone size-full wp-image-3767\" src=\"https:\/\/smallagrimachinery.com\/wp-content\/uploads\/2025\/07\/Portable-crude-oil-pressing-stainless-steel-Vacuum-oil-filter-Machine-Details-4.webp\" alt=\"\" width=\"790\" height=\"579\" srcset=\"https:\/\/smallagrimachinery.com\/wp-content\/uploads\/2025\/07\/Portable-crude-oil-pressing-stainless-steel-Vacuum-oil-filter-Machine-Details-4.webp 790w, https:\/\/smallagrimachinery.com\/wp-content\/uploads\/2025\/07\/Portable-crude-oil-pressing-stainless-steel-Vacuum-oil-filter-Machine-Details-4-500x366.webp 500w, https:\/\/smallagrimachinery.com\/wp-content\/uploads\/2025\/07\/Portable-crude-oil-pressing-stainless-steel-Vacuum-oil-filter-Machine-Details-4-768x563.webp 768w, https:\/\/smallagrimachinery.com\/wp-content\/uploads\/2025\/07\/Portable-crude-oil-pressing-stainless-steel-Vacuum-oil-filter-Machine-Details-4-16x12.webp 16w, https:\/\/smallagrimachinery.com\/wp-content\/uploads\/2025\/07\/Portable-crude-oil-pressing-stainless-steel-Vacuum-oil-filter-Machine-Details-4-700x513.webp 700w\" sizes=\"(max-width: 790px) 100vw, 790px\" \/><\/p>","protected":false},"excerpt":{"rendered":"<ul>\n<li><strong><b>L\u00e0m n\u00f3ng nhanh v\u1edbi t\u1ea5m nh\u00f4m bao quanh 360\u00b0<\/b><\/strong><strong><b>: <\/b><\/strong>\u0110\u1ea3m b\u1ea3o nhi\u1ec7t \u0111\u1ed9 \u1ed5n \u0111\u1ecbnh \u0111\u1ec3 l\u1ecdc nhanh h\u01a1n, ngay c\u1ea3 trong m\u00f4i tr\u01b0\u1eddng l\u1ea1nh h\u01a1n.<\/li>\n<li><strong><b>L\u1ecdc trong su\u1ed1t, c\u00f3 th\u1ec3 t\u00e1i s\u1eed d\u1ee5ng v\u1edbi \u0111\u1ed9 an to\u00e0n \u0111\u1ea1t chu\u1ea9n th\u1ef1c ph\u1ea9m<\/b><\/strong><strong><b>: <\/b><\/strong>S\u1eed d\u1ee5ng k\u00ednh borosilicate cao c\u1ea5p \u0111\u1ec3 \u0111\u1ea3m b\u1ea3o t\u1ea7m nh\u00ecn v\u00e0 v\u1ec7 sinh, c\u00f9ng v\u1edbi b\u1ed9 l\u1ecdc v\u1ea3i \u0111\u1ec3 d\u1ea7u ch\u1ea3y ra s\u1ea1ch h\u01a1n.<\/li>\n<li><strong><b>B\u1ea3o tr\u00ec v\u00e0 v\u1eadn h\u00e0nh d\u1ec5 d\u00e0ng<\/b><\/strong><strong><b>: <\/b><\/strong>V\u1ec7 sinh b\u00ean trong kh\u00f4ng c\u1ea7n d\u1ee5ng c\u1ee5 v\u1edbi c\u1ed5ng truy c\u1eadp m\u1edf r\u1ed9ng v\u00e0 c\u1eeda x\u1ea3 d\u1ea7u x\u1ea3 nhanh.<\/li>\n<li><strong><b>B\u1ea3o v\u1ec7 ch\u00e2n kh\u00f4ng v\u1edbi t\u00e1ch d\u1ea7u-n\u01b0\u1edbc<\/b><\/strong><strong><b>: <\/b><\/strong>B\u1ed9 t\u00e1ch d\u1ea7u-n\u01b0\u1edbc t\u00edch h\u1ee3p gi\u00fap k\u00e9o d\u00e0i tu\u1ed5i th\u1ecd c\u1ee7a b\u01a1m ch\u00e2n kh\u00f4ng v\u00e0 t\u0103ng c\u01b0\u1eddng \u0111\u1ed9 tinh khi\u1ebft c\u1ee7a qu\u00e1 tr\u00ecnh l\u1ecdc.<\/li>\n<\/ul>","protected":false},"featured_media":3763,"comment_status":"open","ping_status":"closed","template":"","meta":[],"product_brand":[],"product_cat":[41],"product_tag":[43],"class_list":{"0":"post-3758","1":"product","2":"type-product","3":"status-publish","4":"has-post-thumbnail","6":"product_cat-oil-filter-machine","7":"product_tag-vacuum-oil-filter","9":"first","10":"instock","11":"taxable","12":"shipping-taxable","13":"product-type-simple"},"_links":{"self":[{"href":"https:\/\/smallagrimachinery.com\/vi\/wp-json\/wp\/v2\/product\/3758","targetHints":{"allow":["GET"]}}],"collection":[{"href":"https:\/\/smallagrimachinery.com\/vi\/wp-json\/wp\/v2\/product"}],"about":[{"href":"https:\/\/smallagrimachinery.com\/vi\/wp-json\/wp\/v2\/types\/product"}],"replies":[{"embeddable":true,"href":"https:\/\/smallagrimachinery.com\/vi\/wp-json\/wp\/v2\/comments?post=3758"}],"wp:featuredmedia":[{"embeddable":true,"href":"https:\/\/smallagrimachinery.com\/vi\/wp-json\/wp\/v2\/media\/3763"}],"wp:attachment":[{"href":"https:\/\/smallagrimachinery.com\/vi\/wp-json\/wp\/v2\/media?parent=3758"}],"wp:term":[{"taxonomy":"product_brand","embeddable":true,"href":"https:\/\/smallagrimachinery.com\/vi\/wp-json\/wp\/v2\/product_brand?post=3758"},{"taxonomy":"product_cat","embeddable":true,"href":"https:\/\/smallagrimachinery.com\/vi\/wp-json\/wp\/v2\/product_cat?post=3758"},{"taxonomy":"product_tag","embeddable":true,"href":"https:\/\/smallagrimachinery.com\/vi\/wp-json\/wp\/v2\/product_tag?post=3758"}],"curies":[{"name":"wp","href":"https:\/\/api.w.org\/{rel}","templated":true}]}}