{"id":3734,"date":"2025-07-03T14:34:51","date_gmt":"2025-07-03T14:34:51","guid":{"rendered":"https:\/\/smallagrimachinery.com\/?post_type=product&#038;p=3734"},"modified":"2025-07-03T14:43:35","modified_gmt":"2025-07-03T14:43:35","slug":"vegetable-oil-filter-machine-hydration-centrifugal-oil-filter-machine","status":"publish","type":"product","link":"https:\/\/smallagrimachinery.com\/vi\/product\/vegetable-oil-filter-machine-hydration-centrifugal-oil-filter-machine\/","title":{"rendered":"M\u00e1y l\u1ecdc d\u1ea7u th\u1ef1c v\u1eadt M\u00e1y l\u1ecdc d\u1ea7u ly t\u00e2m th\u1ee7y h\u00f3a"},"content":{"rendered":"<h3>Gi\u1edbi thi\u1ec7u<\/h3>\n<p><strong><b>M\u00e1y l\u1ecdc ly t\u00e2m th\u1ee7y h\u00f3a d\u1ea7u th\u1ef1c v\u1eadt<\/b><\/strong>\u00a0l\u00e0 gi\u1ea3i ph\u00e1p th\u1ef1c t\u1ebf v\u00e0 \u0111\u00e1ng tin c\u1eady \u0111\u01b0\u1ee3c thi\u1ebft k\u1ebf ri\u00eang cho c\u00e1c ho\u1ea1t \u0111\u1ed9ng ch\u1ebf bi\u1ebfn d\u1ea7u n\u00f4ng nghi\u1ec7p. B\u1eb1ng c\u00e1ch khai th\u00e1c s\u1ee9c m\u1ea1nh c\u1ee7a tr\u1ed1ng quay t\u1ed1c \u0111\u1ed9 cao, b\u1ed9 l\u1ecdc ly t\u00e2m n\u00e0y s\u1eed d\u1ee5ng l\u1ef1c ly t\u00e2m m\u1ea1nh \u0111\u1ec3 t\u00e1ch ch\u1ea5t r\u1eafn v\u00e0 ch\u1ea5t l\u1ecfng m\u1ed9t c\u00e1ch hi\u1ec7u qu\u1ea3. Do \u0111\u00f3, d\u1ea7u th\u00f4 t\u1eeb c\u00e1c lo\u1ea1i c\u00e2y tr\u1ed3ng nh\u01b0 h\u1ea1t c\u1ea3i d\u1ea7u, \u0111\u1eadu ph\u1ed9ng ho\u1eb7c v\u1eebng \u0111\u01b0\u1ee3c tinh ch\u1ebf nhanh ch\u00f3ng\u2014mang l\u1ea1i cho b\u1ea1n lo\u1ea1i d\u1ea7u s\u00e1ng, s\u1ea1ch \u0111\u00e1p \u1ee9ng nhu c\u1ea7u c\u1ee7a ng\u01b0\u1eddi ti\u00eau d\u00f9ng v\u1ec1 ch\u1ea5t l\u01b0\u1ee3ng v\u00e0 an to\u00e0n.<\/p>\n<p>\u01afu \u0111i\u1ec3m l\u1edbn nh\u1ea5t c\u1ee7a m\u00e1y n\u00e0y \u0111\u1ed1i v\u1edbi c\u00e1c nh\u00e0 m\u00e1y d\u1ea7u c\u1ee1 nh\u1ecf \u0111\u1ebfn trung b\u00ecnh l\u00e0 t\u1ed1c \u0111\u1ed9 v\u00e0 g\u00e1nh n\u1eb7ng v\u1eadn h\u00e0nh th\u1ea5p: m\u1ed7i chu k\u1ef3 l\u1ecdc ch\u1ec9 m\u1ea5t 3\u20135 ph\u00fat, x\u1eed l\u00fd 20\u201325kg d\u1ea7u th\u00f4 c\u00f9ng m\u1ed9t l\u00fac. Ng\u01b0\u1eddi v\u1eadn h\u00e0nh \u0111\u01b0\u1ee3c h\u01b0\u1edfng l\u1ee3i t\u1eeb vi\u1ec7c b\u1ea3o tr\u00ec t\u1ed1i thi\u1ec3u v\u00ec khoang ch\u1ee9a c\u1eb7n ch\u1ec9 c\u1ea7n v\u1ec7 sinh m\u1ed9t l\u1ea7n cho m\u1ed7i 1000kg, ti\u1ebft ki\u1ec7m th\u1eddi gian lao \u0111\u1ed9ng qu\u00fd b\u00e1u trong m\u00f9a thu ho\u1ea1ch b\u1eadn r\u1ed9n. Kh\u00f4ng gi\u1ed1ng nh\u01b0 c\u00e1c b\u1ed9 l\u1ecdc kh\u00e1c c\u00f3 th\u1ec3 g\u00e2y th\u1ea5t tho\u00e1t d\u1ea7u, thi\u1ebft k\u1ebf n\u00e0y \u0111\u1ea3m b\u1ea3o gi\u1eef l\u1ea1i m\u1ecdi gi\u1ecdt d\u1ea7u, gi\u00fap b\u1ea1n t\u1ed1i \u0111a h\u00f3a n\u0103ng su\u1ea5t v\u00e0 l\u1ee3i nhu\u1eadn.<\/p>\n<p>D\u1ec5 v\u1eadn h\u00e0nh v\u00e0 ti\u1ebft ki\u1ec7m n\u0103ng l\u01b0\u1ee3ng, b\u1ed9 l\u1ecdc d\u1ea7u ly t\u00e2m hydrat h\u00f3a c\u1ea3i thi\u1ec7n \u0111\u1ed9 trong v\u00e0 \u0111\u1ed9 \u1ed5n \u0111\u1ecbnh c\u1ee7a d\u1ea7u \u0103n. B\u1eb1ng c\u00e1ch lo\u1ea1i b\u1ecf t\u1ea1p ch\u1ea5t g\u00e2y ra b\u1ecdt ho\u1eb7c h\u01b0 h\u1ecfng trong qu\u00e1 tr\u00ecnh n\u1ea5u, n\u00f3 gi\u00fap n\u00f4ng d\u00e2n v\u00e0 nh\u00e0 ch\u1ebf bi\u1ebfn cung c\u1ea5p d\u1ea7u ch\u1ea5t l\u01b0\u1ee3ng t\u1ed1t h\u01a1n cho c\u00e1c th\u1ecb tr\u01b0\u1eddng v\u00e0 h\u1ed9 gia \u0111\u00ecnh \u0111\u1ecba ph\u01b0\u01a1ng. \u0110\u00e2y l\u00e0 b\u1ea3n n\u00e2ng c\u1ea5p \u0111\u00e1ng tin c\u1eady cho b\u1ea5t k\u1ef3 d\u00e2y chuy\u1ec1n \u00e9p d\u1ea7u quy m\u00f4 nh\u1ecf n\u00e0o h\u01b0\u1edbng \u0111\u1ebfn \u0111\u1ed9 tinh khi\u1ebft cao h\u01a1n v\u00e0 s\u1ef1 h\u00e0i l\u00f2ng l\u1edbn h\u01a1n c\u1ee7a kh\u00e1ch h\u00e0ng.<\/p>\n<table border=\"1\">\n<tbody>\n<tr bgcolor=\"#123F53\">\n<th style=\"text-align: center;\" colspan=\"5\"><strong><span style=\"color: #fff;\">M\u00e1y l\u1ecdc ly t\u00e2m hydrat h\u00f3a d\u1ea7u th\u1ef1c v\u1eadt<br \/>\n<\/span><\/strong><\/th>\n<\/tr>\n<tr>\n<th>Ng\u01b0\u1eddi m\u1eabu<\/th>\n<th>Quy\u1ec1n l\u1ef1c<\/th>\n<th>T\u1ed1c \u0111\u1ed9 quay (v\u00f2ng\/ph\u00fat)<\/th>\n<th>\u0110\u01b0\u1eddng k\u00ednh tr\u1ed1ng (mm)<\/th>\n<th>C\u00f4ng su\u1ea5t (kg\/h)<\/th>\n<\/tr>\n<tr>\n<th>WL40<\/th>\n<td>1,5kw<\/td>\n<td>2200<\/td>\n<td>360<\/td>\n<td>80-150<\/td>\n<\/tr>\n<tr>\n<th>WL50<\/th>\n<td>1,5kw<\/td>\n<td>1800<\/td>\n<td>500<\/td>\n<td>200-300<\/td>\n<\/tr>\n<tr>\n<th>WL60<\/th>\n<td>1,5kw<\/td>\n<td>1800<\/td>\n<td>550<\/td>\n<td>260-360<\/td>\n<\/tr>\n<tr>\n<th>WL80<\/th>\n<td>2,2kw<\/td>\n<td>1800<\/td>\n<td>600<\/td>\n<td>350-450<\/td>\n<\/tr>\n<\/tbody>\n<\/table>\n<p><img fetchpriority=\"high\" decoding=\"async\" class=\"alignnone size-full wp-image-3743\" src=\"https:\/\/smallagrimachinery.com\/wp-content\/uploads\/2025\/07\/Vegetable-oil-filter-machine-Hydration-centrifugal-oil-filter-machine-Details-6.webp\" alt=\"\" width=\"750\" height=\"1412\" srcset=\"https:\/\/smallagrimachinery.com\/wp-content\/uploads\/2025\/07\/Vegetable-oil-filter-machine-Hydration-centrifugal-oil-filter-machine-Details-6.webp 750w, https:\/\/smallagrimachinery.com\/wp-content\/uploads\/2025\/07\/Vegetable-oil-filter-machine-Hydration-centrifugal-oil-filter-machine-Details-6-266x500.webp 266w, https:\/\/smallagrimachinery.com\/wp-content\/uploads\/2025\/07\/Vegetable-oil-filter-machine-Hydration-centrifugal-oil-filter-machine-Details-6-637x1200.webp 637w, https:\/\/smallagrimachinery.com\/wp-content\/uploads\/2025\/07\/Vegetable-oil-filter-machine-Hydration-centrifugal-oil-filter-machine-Details-6-6x12.webp 6w, https:\/\/smallagrimachinery.com\/wp-content\/uploads\/2025\/07\/Vegetable-oil-filter-machine-Hydration-centrifugal-oil-filter-machine-Details-6-700x1318.webp 700w\" sizes=\"(max-width: 750px) 100vw, 750px\" \/> <img decoding=\"async\" class=\"alignnone wp-image-3744\" src=\"https:\/\/smallagrimachinery.com\/wp-content\/uploads\/2025\/07\/Vegetable-oil-filter-machine-Hydration-centrifugal-oil-filter-machine-Details-7.webp\" alt=\"\" width=\"359\" height=\"269\" srcset=\"https:\/\/smallagrimachinery.com\/wp-content\/uploads\/2025\/07\/Vegetable-oil-filter-machine-Hydration-centrifugal-oil-filter-machine-Details-7.webp 720w, https:\/\/smallagrimachinery.com\/wp-content\/uploads\/2025\/07\/Vegetable-oil-filter-machine-Hydration-centrifugal-oil-filter-machine-Details-7-500x375.webp 500w, https:\/\/smallagrimachinery.com\/wp-content\/uploads\/2025\/07\/Vegetable-oil-filter-machine-Hydration-centrifugal-oil-filter-machine-Details-7-16x12.webp 16w, https:\/\/smallagrimachinery.com\/wp-content\/uploads\/2025\/07\/Vegetable-oil-filter-machine-Hydration-centrifugal-oil-filter-machine-Details-7-700x525.webp 700w\" sizes=\"(max-width: 359px) 100vw, 359px\" \/> <img decoding=\"async\" class=\"alignnone wp-image-3746\" src=\"https:\/\/smallagrimachinery.com\/wp-content\/uploads\/2025\/07\/Vegetable-oil-filter-machine-Hydration-centrifugal-oil-filter-machine-Details-9.webp\" alt=\"\" width=\"360\" height=\"270\" srcset=\"https:\/\/smallagrimachinery.com\/wp-content\/uploads\/2025\/07\/Vegetable-oil-filter-machine-Hydration-centrifugal-oil-filter-machine-Details-9.webp 720w, https:\/\/smallagrimachinery.com\/wp-content\/uploads\/2025\/07\/Vegetable-oil-filter-machine-Hydration-centrifugal-oil-filter-machine-Details-9-500x375.webp 500w, https:\/\/smallagrimachinery.com\/wp-content\/uploads\/2025\/07\/Vegetable-oil-filter-machine-Hydration-centrifugal-oil-filter-machine-Details-9-16x12.webp 16w, https:\/\/smallagrimachinery.com\/wp-content\/uploads\/2025\/07\/Vegetable-oil-filter-machine-Hydration-centrifugal-oil-filter-machine-Details-9-700x525.webp 700w\" sizes=\"(max-width: 360px) 100vw, 360px\" \/> <img loading=\"lazy\" decoding=\"async\" class=\"alignnone wp-image-3745\" src=\"https:\/\/smallagrimachinery.com\/wp-content\/uploads\/2025\/07\/Vegetable-oil-filter-machine-Hydration-centrifugal-oil-filter-machine-Details-8.webp\" alt=\"\" width=\"361\" height=\"271\" srcset=\"https:\/\/smallagrimachinery.com\/wp-content\/uploads\/2025\/07\/Vegetable-oil-filter-machine-Hydration-centrifugal-oil-filter-machine-Details-8.webp 720w, https:\/\/smallagrimachinery.com\/wp-content\/uploads\/2025\/07\/Vegetable-oil-filter-machine-Hydration-centrifugal-oil-filter-machine-Details-8-500x375.webp 500w, https:\/\/smallagrimachinery.com\/wp-content\/uploads\/2025\/07\/Vegetable-oil-filter-machine-Hydration-centrifugal-oil-filter-machine-Details-8-16x12.webp 16w, https:\/\/smallagrimachinery.com\/wp-content\/uploads\/2025\/07\/Vegetable-oil-filter-machine-Hydration-centrifugal-oil-filter-machine-Details-8-700x525.webp 700w\" sizes=\"(max-width: 361px) 100vw, 361px\" \/> <img loading=\"lazy\" decoding=\"async\" class=\"alignnone wp-image-3742\" src=\"https:\/\/smallagrimachinery.com\/wp-content\/uploads\/2025\/07\/Vegetable-oil-filter-machine-Hydration-centrifugal-oil-filter-machine-Details-1.webp\" alt=\"\" width=\"361\" height=\"271\" srcset=\"https:\/\/smallagrimachinery.com\/wp-content\/uploads\/2025\/07\/Vegetable-oil-filter-machine-Hydration-centrifugal-oil-filter-machine-Details-1.webp 720w, https:\/\/smallagrimachinery.com\/wp-content\/uploads\/2025\/07\/Vegetable-oil-filter-machine-Hydration-centrifugal-oil-filter-machine-Details-1-500x375.webp 500w, https:\/\/smallagrimachinery.com\/wp-content\/uploads\/2025\/07\/Vegetable-oil-filter-machine-Hydration-centrifugal-oil-filter-machine-Details-1-16x12.webp 16w, https:\/\/smallagrimachinery.com\/wp-content\/uploads\/2025\/07\/Vegetable-oil-filter-machine-Hydration-centrifugal-oil-filter-machine-Details-1-700x525.webp 700w\" sizes=\"(max-width: 361px) 100vw, 361px\" \/><\/p>","protected":false},"excerpt":{"rendered":"<ul>\n<li><b><\/b><strong><b>L\u00e0m trong d\u1ea7u nhanh ch\u00f3ng v\u00e0 hi\u1ec7u qu\u1ea3<\/b><\/strong><strong><b>:<\/b><\/strong>\u0110\u1ea1t \u0111\u01b0\u1ee3c t\u1ed1c \u0111\u1ed9 l\u1ecdc d\u1ea7u th\u00f4 nhanh ch\u00f3ng v\u1edbi chu k\u1ef3 x\u1eed l\u00fd ch\u1ec9 t\u1eeb 3\u20135 ph\u00fat cho kh\u1ed1i l\u01b0\u1ee3ng l\u00ean \u0111\u1ebfn 25kg.<\/li>\n<li><b><\/b><strong><b>Ch\u1ea5t l\u01b0\u1ee3ng d\u1ea7u cao c\u1ea5p d\u00f9ng \u0111\u1ec3 \u0103n<\/b><\/strong><strong><b>:<\/b><\/strong>Lo\u1ea1i b\u1ecf t\u1ea1p ch\u1ea5t hi\u1ec7u qu\u1ea3 \u0111\u1ec3 \u0111\u1ea3m b\u1ea3o d\u1ea7u s\u1ea1ch, trong, kh\u00f4ng b\u1ecb b\u1ecdt ho\u1eb7c h\u1ecfng khi n\u1ea5u \u0103n.<\/li>\n<li><b><\/b><strong><b>Thi\u1ebft k\u1ebf ti\u1ebft ki\u1ec7m chi ph\u00ed, \u00edt b\u1ea3o tr\u00ec<\/b><\/strong><strong><b>:<\/b><\/strong>Gi\u1ea3m thi\u1ec3u chi ph\u00ed nh\u00e2n c\u00f4ng v\u00e0 n\u0103ng l\u01b0\u1ee3ng v\u1edbi l\u01b0\u1ee3ng d\u1ecdn d\u1eb9p c\u1eb7n t\u1ed1i thi\u1ec3u\u2014ch\u1ec9 m\u1ed9t l\u1ea7n cho 1000kg d\u1ea7u.<\/li>\n<li><b><\/b><strong><b>Gi\u1ea3i ph\u00e1p \u0111a n\u0103ng cho c\u00e1c nh\u00e0 m\u00e1y d\u1ea7u nh\u1ecf<\/b><\/strong><strong><b>:<\/b><\/strong>Th\u00edch h\u1ee3p cho c\u00e1c nh\u00e0 ch\u1ebf bi\u1ebfn d\u1ea7u h\u1ea1t c\u1ea3i, d\u1ea7u \u0111\u1eadu ph\u1ed9ng v\u00e0 d\u1ea7u m\u00e8 mu\u1ed1n t\u00ecm lo\u1ea1i d\u1ea7u c\u00f3 \u0111\u1ed9 tinh khi\u1ebft cao h\u01a1n cho th\u1ecb tr\u01b0\u1eddng ti\u00eau d\u00f9ng.<\/li>\n<\/ul>","protected":false},"featured_media":3733,"comment_status":"open","ping_status":"closed","template":"","meta":[],"product_brand":[],"product_cat":[41],"product_tag":[42],"class_list":{"0":"post-3734","1":"product","2":"type-product","3":"status-publish","4":"has-post-thumbnail","6":"product_cat-oil-filter-machine","7":"product_tag-centrifugal-oil-filter","9":"first","10":"instock","11":"taxable","12":"shipping-taxable","13":"product-type-simple"},"_links":{"self":[{"href":"https:\/\/smallagrimachinery.com\/vi\/wp-json\/wp\/v2\/product\/3734","targetHints":{"allow":["GET"]}}],"collection":[{"href":"https:\/\/smallagrimachinery.com\/vi\/wp-json\/wp\/v2\/product"}],"about":[{"href":"https:\/\/smallagrimachinery.com\/vi\/wp-json\/wp\/v2\/types\/product"}],"replies":[{"embeddable":true,"href":"https:\/\/smallagrimachinery.com\/vi\/wp-json\/wp\/v2\/comments?post=3734"}],"wp:featuredmedia":[{"embeddable":true,"href":"https:\/\/smallagrimachinery.com\/vi\/wp-json\/wp\/v2\/media\/3733"}],"wp:attachment":[{"href":"https:\/\/smallagrimachinery.com\/vi\/wp-json\/wp\/v2\/media?parent=3734"}],"wp:term":[{"taxonomy":"product_brand","embeddable":true,"href":"https:\/\/smallagrimachinery.com\/vi\/wp-json\/wp\/v2\/product_brand?post=3734"},{"taxonomy":"product_cat","embeddable":true,"href":"https:\/\/smallagrimachinery.com\/vi\/wp-json\/wp\/v2\/product_cat?post=3734"},{"taxonomy":"product_tag","embeddable":true,"href":"https:\/\/smallagrimachinery.com\/vi\/wp-json\/wp\/v2\/product_tag?post=3734"}],"curies":[{"name":"wp","href":"https:\/\/api.w.org\/{rel}","templated":true}]}}