{"id":3618,"date":"2025-06-20T13:26:30","date_gmt":"2025-06-20T13:26:30","guid":{"rendered":"https:\/\/smallagrimachinery.com\/?post_type=product&#038;p=3618"},"modified":"2025-11-25T12:56:25","modified_gmt":"2025-11-25T12:56:25","slug":"automatic-food-dryer-oil-press-roasting-machine-can-be-customized","status":"publish","type":"product","link":"https:\/\/smallagrimachinery.com\/vi\/product\/automatic-food-dryer-oil-press-roasting-machine-can-be-customized\/","title":{"rendered":"M\u00e1y rang \u00e9p d\u1ea7u s\u1ea5y th\u1ef1c ph\u1ea9m t\u1ef1 \u0111\u1ed9ng c\u00f3 th\u1ec3 t\u00f9y ch\u1ec9nh"},"content":{"rendered":"<h3>Gi\u1edbi thi\u1ec7u<\/h3>\n<p>M\u00e1y rang tr\u1ed1ng n\u00e0y bao g\u1ed3m hai ph\u1ea7n: h\u1ed9p v\u00e0 tr\u1ed1ng. Th\u00e2n m\u00e1y ch\u00ednh s\u1eed d\u1ee5ng c\u1ea5u tr\u00fac tu\u1ea7n ho\u00e0n b\u00ean trong th\u00e1p ng\u01b0\u1ee3c d\u00f2ng. C\u1ea5u tr\u00fac m\u00f4-\u0111un t\u1ed5ng th\u1ec3 thu\u1eadn ti\u1ec7n cho vi\u1ec7c th\u00e1o r\u1eddi v\u00e0 v\u1eadn chuy\u1ec3n. N\u00f3 chi\u1ebfm di\u1ec7n t\u00edch nh\u1ecf, ch\u1ea5t l\u01b0\u1ee3ng s\u1ea5y t\u1ed1t, c\u01b0\u1eddng \u0111\u1ed9 v\u1eadn h\u00e0nh lao \u0111\u1ed9ng th\u1ea5p v\u00e0 chi ph\u00ed thi\u1ebft b\u1ecb th\u1ea5p.<br \/>\nH\u1ec7 th\u1ed1ng gia nhi\u1ec7t v\u00e0 tr\u1ed1ng \u0111\u01b0\u1ee3c t\u00edch h\u1ee3p th\u00e0nh m\u1ed9t thi\u1ebft k\u1ebf duy nh\u1ea5t, c\u00f3 c\u1ea5u tr\u00fac nh\u1ecf g\u1ecdn, ti\u00eau th\u1ee5 n\u0103ng l\u01b0\u1ee3ng th\u1ea5p v\u00e0 hi\u1ec7u su\u1ea5t nhi\u1ec7t cao. M\u00e1y s\u1ea5y quay \u0111a ch\u1ee9c n\u0103ng \u0111\u01b0a v\u1eadt li\u1ec7u v\u00e0o m\u00e1y b\u1eb1ng c\u00e1ch \u0111i\u1ec1u khi\u1ec3n \u0111\u1ed9ng c\u01a1 thi\u1ebft b\u1ecb v\u00e0 c\u01a1 c\u1ea5u truy\u1ec1n \u0111\u1ed9ng, v\u00e0 \u0111\u1ed9ng c\u01a1 d\u1eabn \u0111\u1ed9ng m\u00e1y s\u1ea5y \u0111\u1ec3 tr\u1ed9n, khu\u1ea5y v\u00e0 s\u1ea5y v\u1eadt li\u1ec7u.<br \/>\nTh\u00edch h\u1ee3p cho t\u1ea5t c\u1ea3 c\u00e1c nguy\u00ean li\u1ec7u \u00e9p d\u1ea7u, nguy\u00ean li\u1ec7u s\u1ea3n ph\u1ea9m ch\u0103m s\u00f3c s\u1ee9c kh\u1ecfe, nguy\u00ean li\u1ec7u thu\u1ed1c th\u1ea3o d\u01b0\u1ee3c Trung Qu\u1ed1c v\u00e0 ch\u1ebf bi\u1ebfn gia v\u1ecb. V\u00ed d\u1ee5, rang \u0111\u1eadu ph\u1ed9ng, h\u1ea1t d\u01b0a, \u00f3c ch\u00f3, h\u1ea1t v\u1eebng, \u0111\u1eadu n\u00e0nh, h\u1ea1t ph\u1ec9, h\u1ea1t th\u00f4ng, h\u1ea1t c\u00e0 ph\u00ea, h\u1ea1t d\u1ebb, qu\u1ea3 h\u1ed3 tr\u0103n v\u00e0 c\u00e1c lo\u1ea1i tr\u00e1i c\u00e2y s\u1ea5y kh\u00f4 v\u00e0 h\u1ea1t c\u00f3 d\u1ea7u kh\u00e1c. Th\u00edch h\u1ee3p cho c\u00e1c trung t\u00e2m mua s\u1eafm, si\u00eau th\u1ecb v\u00e0 nh\u1eefng n\u01a1i kh\u00e1c. \u0110\u00e1p \u1ee9ng c\u00e1c y\u00eau c\u1ea7u qu\u1ed1c t\u1ebf hi\u1ec7n t\u1ea1i v\u1ec1 ch\u1ea5t l\u01b0\u1ee3ng s\u1ea5y v\u00e0 n\u01b0\u1edbng c\u00e1c lo\u1ea1i c\u00e2y tr\u1ed3ng kh\u00e1c nhau. Xanh v\u00e0 th\u00e2n thi\u1ec7n v\u1edbi m\u00f4i tr\u01b0\u1eddng, c\u00e1ch nhi\u1ec7t v\u00e0 ti\u1ebft ki\u1ec7m n\u0103ng l\u01b0\u1ee3ng, sang tr\u1ecdng v\u00e0 v\u1ec7 sinh, ti\u1ec7n l\u1ee3i v\u00e0 nhanh ch\u00f3ng, ti\u1ebft ki\u1ec7m nh\u00e2n c\u00f4ng v\u00e0 th\u1eddi gian, n\u0103ng su\u1ea5t cao. Hi\u1ec7n t\u1ea1i, \u0111\u00e2y l\u00e0 thi\u1ebft b\u1ecb rang l\u00fd t\u01b0\u1edfng.<\/p>\n<h4>\u0110i\u1ec3m n\u1ed5i b\u1eadt v\u1ec1 ch\u1ee9c n\u0103ng:<\/h4>\n<p>\u0110\u01b0\u1ee3c trang b\u1ecb ph\u1ec5u chuy\u00ean d\u1ee5ng, vi\u1ec7c n\u1ea1p li\u1ec7u r\u1ea5t ti\u1ec7n l\u1ee3i, n\u1ea1p li\u1ec7u ki\u1ec3u ph\u1ec5u, ti\u1ebft ki\u1ec7m th\u1eddi gian v\u00e0 c\u00f4ng s\u1ee9c, \u0111\u1ed3ng th\u1eddi c\u00f3 ch\u1ee9c n\u0103ng r\u00f3t t\u1ef1 \u0111\u1ed9ng.<br \/>\nTr\u1ed1ng \u0111\u01b0\u1ee3c trang b\u1ecb c\u00e1nh khu\u1ea5y v\u00e0 s\u1eed d\u1ee5ng ph\u01b0\u01a1ng ph\u00e1p khu\u1ea5y qu\u00e1n t\u00ednh, \u0111\u1ed3ng \u0111\u1ec1u h\u01a1n, hi\u1ec7u qu\u1ea3 h\u01a1n v\u00e0 \u0111\u01b0\u1ee3c l\u00e0m n\u00f3ng \u0111\u1ec1u h\u01a1n so v\u1edbi ph\u01b0\u01a1ng ph\u00e1p khu\u1ea5y ch\u1ee7 \u0111\u1ed9ng th\u1ee7 c\u00f4ng.<br \/>\nNh\u00f3m \u1ed1ng gia nhi\u1ec7t h\u1ed3 quang \u0111\u01b0\u1ee3c l\u00e0m n\u00f3ng v\u00e0 b\u1ec1n. \u0110\u01b0\u1ee3c trang b\u1ecb b\u1ed9 \u0111i\u1ec1u ch\u1ec9nh nhi\u1ec7t \u0111\u1ed9, nhi\u1ec7t \u0111\u1ed9 c\u00f3 th\u1ec3 \u0111\u01b0\u1ee3c \u0111i\u1ec1u ch\u1ec9nh theo \u00fd mu\u1ed1n.<br \/>\n\u0110\u1ed9ng c\u01a1 l\u00f5i \u0111\u1ed3ng ch\u1ea5t l\u01b0\u1ee3ng cao, \u0111\u01b0\u1ee3c trang b\u1ecb b\u1ed9 b\u1ea3o v\u1ec7 c\u1ea3m bi\u1ebfn nhi\u1ec7t, c\u00f3 th\u1ec3 s\u1eed d\u1ee5ng an to\u00e0n trong m\u1ecdi m\u00f4i tr\u01b0\u1eddng.<br \/>\nKi\u1ec3m so\u00e1t nhi\u1ec7t \u0111\u1ed9 ho\u00e0n to\u00e0n t\u1ef1 \u0111\u1ed9ng, s\u1eed d\u1ee5ng b\u1ed9 \u0111i\u1ec1u khi\u1ec3n nhi\u1ec7t \u0111\u1ed9 hi\u1ec3n th\u1ecb k\u1ef9 thu\u1eadt s\u1ed1, t\u1ef1 \u0111\u1ed9ng b\u00e1o \u0111\u1ed9ng khi \u0111\u1ea1t \u0111\u1ebfn nhi\u1ec7t \u0111\u1ed9 quy \u0111\u1ecbnh, n\u01b0\u1edbng m\u1ed9t n\u00fat, x\u1ea3 m\u1ed9t n\u00fat, \u0111\u01a1n gi\u1ea3n v\u00e0 ti\u1ec7n l\u1ee3i.<\/p>\n<table>\n<tbody>\n<tr bgcolor=\"#123F53\">\n<th style=\"text-align: center;\" colspan=\"7\"><strong><span style=\"color: #fff;\">M\u00e1y rang \u00e9p d\u1ea7u s\u1ea5y kh\u00f4<br \/>\n<\/span><\/strong><\/th>\n<\/tr>\n<tr>\n<th>Ng\u01b0\u1eddi m\u1eabu<\/th>\n<th>C\u00f4ng su\u1ea5t \u0111\u1ed9ng c\u01a1 (kw)<\/th>\n<th>C\u00f4ng su\u1ea5t s\u01b0\u1edfi \u1ea5m (kw)<\/th>\n<th>Tr\u1ecdng l\u01b0\u1ee3ng (t)<\/th>\n<th>Single Batch Capacity (kg)<\/th>\n<th>Roasting output (KG\/H)<\/th>\n<th>K\u00edch th\u01b0\u1edbc (mm)<\/th>\n<\/tr>\n<tr>\n<th>G-50<\/th>\n<td>0.75<\/td>\n<td>5<\/td>\n<td>100<\/td>\n<td>30<\/td>\n<td>60<\/td>\n<td>1200\u00d7750\u00d71200<\/td>\n<\/tr>\n<tr>\n<th>G-60<\/th>\n<td>0.75<\/td>\n<td>10<\/td>\n<td>120<\/td>\n<td>60<\/td>\n<td>120<\/td>\n<td>1200\u00d7750\u00d71200<\/td>\n<\/tr>\n<tr>\n<th>G-100<\/th>\n<td>0.75<\/td>\n<td>15<\/td>\n<td>200<\/td>\n<td>100<\/td>\n<td>200<\/td>\n<td>1700\u00d7850\u00d71200<\/td>\n<\/tr>\n<tr>\n<th>G-200<\/th>\n<td>1.5<\/td>\n<td>30<\/td>\n<td>360<\/td>\n<td>200<\/td>\n<td>400<\/td>\n<td>2100\u00d71100\u00d71500<\/td>\n<\/tr>\n<tr>\n<th>G-300<\/th>\n<td>3<\/td>\n<td>40<\/td>\n<td>450<\/td>\n<td>300<\/td>\n<td>600<\/td>\n<td>2400\u00d71300\u00d71600<\/td>\n<\/tr>\n<tr>\n<th>G-400<\/th>\n<td>3<\/td>\n<td>50<\/td>\n<td>520<\/td>\n<td>400<\/td>\n<td>800<\/td>\n<td>2800\u00d71300\u00d71600<\/td>\n<\/tr>\n<tr>\n<th>G-500<\/th>\n<td>4<\/td>\n<td>70<\/td>\n<td>600<\/td>\n<td>500<\/td>\n<td>1000<\/td>\n<td>3100\u00d71500\u00d71800<\/td>\n<\/tr>\n<tr>\n<th>G-800<\/th>\n<td>4<\/td>\n<td>100<\/td>\n<td>1000<\/td>\n<td>800<\/td>\n<td>1600<\/td>\n<td>3800\u00d71500\u00d71800<\/td>\n<\/tr>\n<tr>\n<th>G-1000<\/th>\n<td>4<\/td>\n<td>140<\/td>\n<td>1300<\/td>\n<td>1000<\/td>\n<td>2000<\/td>\n<td>4500\u00d71800\u00d72400<\/td>\n<\/tr>\n<\/tbody>\n<\/table>\n<p><img fetchpriority=\"high\" decoding=\"async\" class=\"alignnone size-full wp-image-3630\" src=\"https:\/\/smallagrimachinery.com\/wp-content\/uploads\/2025\/06\/Automatic-food-dryer-oil-press-roasting-machine-can-be-customized-Display-2.webp\" alt=\"Automatic food dryer oil press roasting machine can be customized Display (2)\" width=\"750\" height=\"654\" srcset=\"https:\/\/smallagrimachinery.com\/wp-content\/uploads\/2025\/06\/Automatic-food-dryer-oil-press-roasting-machine-can-be-customized-Display-2.webp 750w, https:\/\/smallagrimachinery.com\/wp-content\/uploads\/2025\/06\/Automatic-food-dryer-oil-press-roasting-machine-can-be-customized-Display-2-500x436.webp 500w, https:\/\/smallagrimachinery.com\/wp-content\/uploads\/2025\/06\/Automatic-food-dryer-oil-press-roasting-machine-can-be-customized-Display-2-14x12.webp 14w, https:\/\/smallagrimachinery.com\/wp-content\/uploads\/2025\/06\/Automatic-food-dryer-oil-press-roasting-machine-can-be-customized-Display-2-700x610.webp 700w\" sizes=\"(max-width: 750px) 100vw, 750px\" \/> <img decoding=\"async\" class=\"alignnone size-full wp-image-3631\" src=\"https:\/\/smallagrimachinery.com\/wp-content\/uploads\/2025\/06\/Automatic-food-dryer-oil-press-roasting-machine-can-be-customized-Display-5.webp\" alt=\"Automatic food dryer oil press roasting machine can be customized Display (5)\" width=\"750\" height=\"750\" srcset=\"https:\/\/smallagrimachinery.com\/wp-content\/uploads\/2025\/06\/Automatic-food-dryer-oil-press-roasting-machine-can-be-customized-Display-5.webp 750w, https:\/\/smallagrimachinery.com\/wp-content\/uploads\/2025\/06\/Automatic-food-dryer-oil-press-roasting-machine-can-be-customized-Display-5-500x500.webp 500w, https:\/\/smallagrimachinery.com\/wp-content\/uploads\/2025\/06\/Automatic-food-dryer-oil-press-roasting-machine-can-be-customized-Display-5-150x150.webp 150w, https:\/\/smallagrimachinery.com\/wp-content\/uploads\/2025\/06\/Automatic-food-dryer-oil-press-roasting-machine-can-be-customized-Display-5-12x12.webp 12w, https:\/\/smallagrimachinery.com\/wp-content\/uploads\/2025\/06\/Automatic-food-dryer-oil-press-roasting-machine-can-be-customized-Display-5-300x300.webp 300w, https:\/\/smallagrimachinery.com\/wp-content\/uploads\/2025\/06\/Automatic-food-dryer-oil-press-roasting-machine-can-be-customized-Display-5-700x700.webp 700w, https:\/\/smallagrimachinery.com\/wp-content\/uploads\/2025\/06\/Automatic-food-dryer-oil-press-roasting-machine-can-be-customized-Display-5-100x100.webp 100w\" sizes=\"(max-width: 750px) 100vw, 750px\" \/> <img decoding=\"async\" class=\"alignnone size-full wp-image-3632\" src=\"https:\/\/smallagrimachinery.com\/wp-content\/uploads\/2025\/06\/Automatic-food-dryer-oil-press-roasting-machine-can-be-customized-Display-6.webp\" alt=\"Automatic food dryer oil press roasting machine can be customized Display (6)\" width=\"750\" height=\"750\" srcset=\"https:\/\/smallagrimachinery.com\/wp-content\/uploads\/2025\/06\/Automatic-food-dryer-oil-press-roasting-machine-can-be-customized-Display-6.webp 750w, https:\/\/smallagrimachinery.com\/wp-content\/uploads\/2025\/06\/Automatic-food-dryer-oil-press-roasting-machine-can-be-customized-Display-6-500x500.webp 500w, https:\/\/smallagrimachinery.com\/wp-content\/uploads\/2025\/06\/Automatic-food-dryer-oil-press-roasting-machine-can-be-customized-Display-6-150x150.webp 150w, https:\/\/smallagrimachinery.com\/wp-content\/uploads\/2025\/06\/Automatic-food-dryer-oil-press-roasting-machine-can-be-customized-Display-6-12x12.webp 12w, https:\/\/smallagrimachinery.com\/wp-content\/uploads\/2025\/06\/Automatic-food-dryer-oil-press-roasting-machine-can-be-customized-Display-6-300x300.webp 300w, https:\/\/smallagrimachinery.com\/wp-content\/uploads\/2025\/06\/Automatic-food-dryer-oil-press-roasting-machine-can-be-customized-Display-6-700x700.webp 700w, https:\/\/smallagrimachinery.com\/wp-content\/uploads\/2025\/06\/Automatic-food-dryer-oil-press-roasting-machine-can-be-customized-Display-6-100x100.webp 100w\" sizes=\"(max-width: 750px) 100vw, 750px\" \/> <img loading=\"lazy\" decoding=\"async\" class=\"alignnone size-full wp-image-3633\" src=\"https:\/\/smallagrimachinery.com\/wp-content\/uploads\/2025\/06\/Automatic-food-dryer-oil-press-roasting-machine-can-be-customized-Display-7.webp\" alt=\"Automatic food dryer oil press roasting machine can be customized Display (7)\" width=\"750\" height=\"750\" srcset=\"https:\/\/smallagrimachinery.com\/wp-content\/uploads\/2025\/06\/Automatic-food-dryer-oil-press-roasting-machine-can-be-customized-Display-7.webp 750w, https:\/\/smallagrimachinery.com\/wp-content\/uploads\/2025\/06\/Automatic-food-dryer-oil-press-roasting-machine-can-be-customized-Display-7-500x500.webp 500w, https:\/\/smallagrimachinery.com\/wp-content\/uploads\/2025\/06\/Automatic-food-dryer-oil-press-roasting-machine-can-be-customized-Display-7-150x150.webp 150w, https:\/\/smallagrimachinery.com\/wp-content\/uploads\/2025\/06\/Automatic-food-dryer-oil-press-roasting-machine-can-be-customized-Display-7-12x12.webp 12w, https:\/\/smallagrimachinery.com\/wp-content\/uploads\/2025\/06\/Automatic-food-dryer-oil-press-roasting-machine-can-be-customized-Display-7-300x300.webp 300w, https:\/\/smallagrimachinery.com\/wp-content\/uploads\/2025\/06\/Automatic-food-dryer-oil-press-roasting-machine-can-be-customized-Display-7-700x700.webp 700w, https:\/\/smallagrimachinery.com\/wp-content\/uploads\/2025\/06\/Automatic-food-dryer-oil-press-roasting-machine-can-be-customized-Display-7-100x100.webp 100w\" sizes=\"(max-width: 750px) 100vw, 750px\" \/><\/p>","protected":false},"excerpt":{"rendered":"<ul>\n<li><b><\/b><strong><b>Ho\u1ea1t \u0111\u1ed9ng \u0111\u01a1n gi\u1ea3n:<\/b><\/strong>Ki\u1ec3m so\u00e1t nhi\u1ec7t \u0111\u1ed9 t\u1ef1 \u0111\u1ed9ng, n\u01b0\u1edbng b\u1eb1ng m\u1ed9t n\u00fat b\u1ea5m, x\u1ea3 b\u1eb1ng m\u1ed9t n\u00fat b\u1ea5m, \u0111\u01a1n gi\u1ea3n v\u00e0 ti\u1ec7n l\u1ee3i.<\/li>\n<li><b><\/b><strong><b>Nhi\u1ec1u m\u00f4 h\u00ecnh:<\/b><\/strong>C\u00f3 nhi\u1ec1u m\u1eabu m\u00e1y l\u00e0m b\u00e1nh kh\u00e1c nhau \u0111\u1ec3 l\u1ef1a ch\u1ecdn, \u0111\u00e1p \u1ee9ng nhu c\u1ea7u c\u1ee7a nhi\u1ec1u tr\u01b0\u1eddng h\u1ee3p kh\u00e1c nhau nh\u01b0 trang tr\u1ea1i c\u00e1 nh\u00e2n v\u00e0 quy tr\u00ecnh ch\u1ebf bi\u1ebfn b\u00e1nh quy m\u00f4 l\u1edbn.<\/li>\n<li><b><\/b><strong><b>Ph\u1ea1m vi s\u1eed d\u1ee5ng r\u1ed9ng r\u00e3i: <\/b><\/strong>Th\u00edch h\u1ee3p \u0111\u1ec3 rang v\u00e0 s\u1ea5y t\u1ea5t c\u1ea3 c\u00e1c nguy\u00ean li\u1ec7u \u00e9p d\u1ea7u, nguy\u00ean li\u1ec7u s\u1ea3n ph\u1ea9m ch\u0103m s\u00f3c s\u1ee9c kh\u1ecfe, nguy\u00ean li\u1ec7u d\u01b0\u1ee3c li\u1ec7u Trung Qu\u1ed1c, gia v\u1ecb v\u00e0 h\u01b0\u01a1ng li\u1ec7u.<\/li>\n<\/ul>","protected":false},"featured_media":3619,"comment_status":"open","ping_status":"closed","template":"","meta":[],"product_brand":[],"product_cat":[39],"product_tag":[40],"class_list":{"0":"post-3618","1":"product","2":"type-product","3":"status-publish","4":"has-post-thumbnail","6":"product_cat-roasting-machine","7":"product_tag-drum-roasting-machine","9":"first","10":"instock","11":"taxable","12":"shipping-taxable","13":"product-type-simple"},"_links":{"self":[{"href":"https:\/\/smallagrimachinery.com\/vi\/wp-json\/wp\/v2\/product\/3618","targetHints":{"allow":["GET"]}}],"collection":[{"href":"https:\/\/smallagrimachinery.com\/vi\/wp-json\/wp\/v2\/product"}],"about":[{"href":"https:\/\/smallagrimachinery.com\/vi\/wp-json\/wp\/v2\/types\/product"}],"replies":[{"embeddable":true,"href":"https:\/\/smallagrimachinery.com\/vi\/wp-json\/wp\/v2\/comments?post=3618"}],"wp:featuredmedia":[{"embeddable":true,"href":"https:\/\/smallagrimachinery.com\/vi\/wp-json\/wp\/v2\/media\/3619"}],"wp:attachment":[{"href":"https:\/\/smallagrimachinery.com\/vi\/wp-json\/wp\/v2\/media?parent=3618"}],"wp:term":[{"taxonomy":"product_brand","embeddable":true,"href":"https:\/\/smallagrimachinery.com\/vi\/wp-json\/wp\/v2\/product_brand?post=3618"},{"taxonomy":"product_cat","embeddable":true,"href":"https:\/\/smallagrimachinery.com\/vi\/wp-json\/wp\/v2\/product_cat?post=3618"},{"taxonomy":"product_tag","embeddable":true,"href":"https:\/\/smallagrimachinery.com\/vi\/wp-json\/wp\/v2\/product_tag?post=3618"}],"curies":[{"name":"wp","href":"https:\/\/api.w.org\/{rel}","templated":true}]}}