{"id":3606,"date":"2025-06-18T14:46:24","date_gmt":"2025-06-18T14:46:24","guid":{"rendered":"https:\/\/smallagrimachinery.com\/?post_type=product&#038;p=3606"},"modified":"2025-08-22T07:54:22","modified_gmt":"2025-08-22T07:54:22","slug":"stainless-steel-nut-pretreatment-roasting-equipment-oil-seeds-roasting-machine","status":"publish","type":"product","link":"https:\/\/smallagrimachinery.com\/vi\/product\/stainless-steel-nut-pretreatment-roasting-equipment-oil-seeds-roasting-machine\/","title":{"rendered":"Thi\u1ebft b\u1ecb rang h\u1ea1t s\u01a1 ch\u1ebf b\u1eb1ng th\u00e9p kh\u00f4ng g\u1ec9 m\u00e1y rang h\u1ea1t c\u00f3 d\u1ea7u"},"content":{"rendered":"<h3>Gi\u1edbi thi\u1ec7u<\/h3>\n<p>M\u00e1y rang n\u00e0y s\u1eed d\u1ee5ng c\u1ea5u tr\u00fac tr\u1ed1ng n\u1eb1m ngang. \u0110\u1ed9ng c\u01a1 d\u1eabn \u0111\u1ed9ng tr\u1ed1ng \u0111\u1ec3 l\u0103n v\u00e0 khu\u1ea5y 360 \u0111\u1ed9, \u0111\u1ec3 c\u00e1c lo\u1ea1i c\u00e2y tr\u1ed3ng t\u1ef1 \u0111\u1ed9ng \u0111\u01b0\u1ee3c x\u00e0o v\u00e0 l\u1eadt trong tr\u1ed1ng \u0111\u1ec3 l\u00e0m n\u00f3ng \u0111\u1ec1u. V\u1eadn h\u00e0nh b\u1eb1ng n\u00fat b\u1ea5m, ti\u1ec7n l\u1ee3i v\u00e0 an to\u00e0n. Ki\u1ec3m so\u00e1t vi\u1ec7c n\u1ea1p v\u00e0 x\u1ea3 v\u1eadt li\u1ec7u, c\u00e0i \u0111\u1eb7t nhi\u1ec7t \u0111\u1ed9 kh\u00f4ng \u0111\u1ed5i v\u00e0 cung c\u1ea5p b\u00e1o \u0111\u1ed9ng ki\u1ec3m so\u00e1t nhi\u1ec7t \u0111\u1ed9 th\u00f4ng minh. \u0110\u1ed3ng th\u1eddi, n\u00f3 c\u00f3 ch\u1ee9c n\u0103ng b\u1ea3o v\u1ec7 qu\u00e1 t\u1ea3i, b\u1ea3o v\u1ec7 ng\u1eafn m\u1ea1ch v\u00e0 b\u1ea3o v\u1ec7 r\u00f2 r\u1ec9.<br \/>\nNgu\u1ed3n nhi\u1ec7t \u0111a d\u1ea1ng, h\u1ed7 tr\u1ee3 nhi\u1ec7t than, kh\u00ed \u0111\u1ed1t, nhi\u1ec7t \u0111i\u1ec7n, v.v. t\u00f9y ch\u1ec9nh. C\u00f3 th\u1ec3 d\u00f9ng \u0111\u1ec3 ch\u1ebf bi\u1ebfn c\u00e1c lo\u1ea1i c\u00e2y tr\u1ed3ng c\u00f3 d\u1ea7u kh\u00e1c nh\u01b0 \u0111\u1eadu ph\u1ed9ng, v\u1eebng, \u0111\u1eadu n\u00e0nh, h\u1ea1t c\u1ea3i d\u1ea7u, v.v. \u0111\u1ec3 t\u0103ng s\u1ea3n l\u01b0\u1ee3ng d\u1ea7u, c\u1ea3i thi\u1ec7n ch\u1ea5t l\u01b0\u1ee3ng s\u1ea3n ph\u1ea9m d\u1ea7u v\u00e0 t\u1ea1o \u0111i\u1ec1u ki\u1ec7n cho qu\u00e1 tr\u00ecnh ch\u1ebf bi\u1ebfn ti\u1ebfp theo.<\/p>\n<h4>\u01afu \u0111i\u1ec3m c\u1ee7a s\u1ea3n ph\u1ea9m:<\/h4>\n<ul>\n<li>B\u1ed1 tr\u00ed h\u1ee3p l\u00fd, ti\u00eau th\u1ee5 n\u0103ng l\u01b0\u1ee3ng th\u1ea5p, hi\u1ec7u qu\u1ea3 cao, an to\u00e0n v\u00e0 \u0111\u00e1ng tin c\u1eady.<\/li>\n<li>Thi\u1ebft b\u1ecb d\u1ec5 v\u1eadn h\u00e0nh, tr\u1ed9n \u0111\u1ec1u, c\u00f3 ch\u1ea3o ch\u1ed1ng d\u00ednh th\u00f4ng minh \u0111\u1ec3 chi\u00ean, thao t\u00e1c n\u1ea1p v\u00e0 x\u1ea3 ch\u1ec9 b\u1eb1ng m\u1ed9t n\u00fat b\u1ea5m, r\u1ea5t ti\u1ec7n l\u1ee3i.<\/li>\n<li>L\u1ed3ng gi\u1eb7t \u0111\u01b0\u1ee3c l\u00e0m n\u00f3ng \u0111\u1ec1u v\u00e0 c\u00f3 ch\u1ee9c n\u0103ng gi\u1eef nhi\u1ec7t v\u1edbi hi\u1ec7u su\u1ea5t nhi\u1ec7t cao.<\/li>\n<li>Thi\u1ebft b\u1ecb c\u00f3 ch\u1ea5t l\u01b0\u1ee3ng tuy\u1ec7t v\u1eddi, v\u1edbi \u1ed1ng gia nhi\u1ec7t b\u1eb1ng th\u00e9p kh\u00f4ng g\u1ec9 v\u00e0 tu\u1ed5i th\u1ecd cao.<\/li>\n<\/ul>\n<p>Ch\u00fang t\u00f4i ki\u1ec3m so\u00e1t ch\u1eb7t ch\u1ebd ch\u1ea5t l\u01b0\u1ee3ng s\u1ea3n xu\u1ea5t v\u00e0 s\u1eed d\u1ee5ng v\u1eadt li\u1ec7u ch\u1ea5t l\u01b0\u1ee3ng cao. Ki\u1ec3m tra m\u00e1y m\u00f3c v\u00e0 th\u1eed nghi\u1ec7m v\u1eadn h\u00e0nh s\u1ebd \u0111\u01b0\u1ee3c th\u1ef1c hi\u1ec7n tr\u01b0\u1edbc khi r\u1eddi kh\u1ecfi nh\u00e0 m\u00e1y \u0111\u1ec3 \u0111\u1ea3m b\u1ea3o r\u1eb1ng m\u1ecdi m\u00e1y m\u00f3c \u0111\u1ebfn tay kh\u00e1ch h\u00e0ng \u0111\u1ec1u \u0111\u1ea1t ch\u1ea5t l\u01b0\u1ee3ng \u0111\u1ee7 ti\u00eau chu\u1ea9n.<\/p>\n<table>\n<tbody>\n<tr bgcolor=\"#123F53\">\n<th style=\"text-align: center;\" colspan=\"4\"><strong><span style=\"color: #fff;\">M\u00e1y rang h\u1ea1t b\u1eb1ng th\u00e9p kh\u00f4ng g\u1ec9<br \/>\n<\/span><\/strong><\/th>\n<\/tr>\n<tr>\n<th>M\u00f4 h\u00ecnh s\u1ea3n ph\u1ea9m<\/th>\n<th>Dung t\u00edch<\/th>\n<th>K\u00edch th\u01b0\u1edbc g\u00f3i<\/th>\n<th>Ph\u01b0\u01a1ng ph\u00e1p s\u01b0\u1edfi \u1ea5m<\/th>\n<\/tr>\n<tr>\n<th>50D<\/th>\n<td>25kg<\/td>\n<td>1250\u00d7600\u00d71300mm<\/td>\n<td>\u0110i\u1ec7n<\/td>\n<\/tr>\n<tr>\n<th>50C<\/th>\n<td>25kg<\/td>\n<td>1250\u00d7600\u00d71300mm<\/td>\n<td>Ng\u1ecdn l\u1eeda<\/td>\n<\/tr>\n<tr>\n<th>80D<\/th>\n<td>40kg<\/td>\n<td>1500\u00d7900\u00d71300mm<\/td>\n<td>\u0110i\u1ec7n<\/td>\n<\/tr>\n<tr>\n<th>80C<\/th>\n<td>40kg<\/td>\n<td>1500\u00d7900\u00d71300mm<\/td>\n<td>Ng\u1ecdn l\u1eeda<\/td>\n<\/tr>\n<tr>\n<th>100D<\/th>\n<td>50kg<\/td>\n<td>1600\u00d7900\u00d71400mm<\/td>\n<td>\u0110i\u1ec7n<\/td>\n<\/tr>\n<tr>\n<th>100 \u0111\u1ed9 C<\/th>\n<td>50kg<\/td>\n<td>1600\u00d7900\u00d71400mm<\/td>\n<td>Ng\u1ecdn l\u1eeda<\/td>\n<\/tr>\n<tr>\n<th>BK-150D<\/th>\n<td>75kg<\/td>\n<td>1800\u00d71000\u00d71500mm<\/td>\n<td>\u0110i\u1ec7n<\/td>\n<\/tr>\n<tr>\n<th>150C<\/th>\n<td>75kg<\/td>\n<td>1800\u00d71000\u00d71500mm<\/td>\n<td>Ng\u1ecdn l\u1eeda<\/td>\n<\/tr>\n<tr>\n<th>200D<\/th>\n<td>100kg<\/td>\n<td>1900\u00d71000\u00d71500mm<\/td>\n<td>\u0110i\u1ec7n<\/td>\n<\/tr>\n<tr>\n<th>200C<\/th>\n<td>100kg<\/td>\n<td>1900\u00d71000\u00d71500mm<\/td>\n<td>Ng\u1ecdn l\u1eeda<\/td>\n<\/tr>\n<\/tbody>\n<\/table>\n<p><img fetchpriority=\"high\" decoding=\"async\" class=\"alignnone wp-image-3615\" src=\"https:\/\/smallagrimachinery.com\/wp-content\/uploads\/2025\/06\/Stainless-steel-nut-pretreatment-roasting-equipment-oil-seeds-roasting-machine-Customer-visit.webp\" alt=\"Stainless steel nut pretreatment roasting equipment oil seeds roasting machine Customer visit\" width=\"755\" height=\"473\" srcset=\"https:\/\/smallagrimachinery.com\/wp-content\/uploads\/2025\/06\/Stainless-steel-nut-pretreatment-roasting-equipment-oil-seeds-roasting-machine-Customer-visit.webp 750w, https:\/\/smallagrimachinery.com\/wp-content\/uploads\/2025\/06\/Stainless-steel-nut-pretreatment-roasting-equipment-oil-seeds-roasting-machine-Customer-visit-500x313.webp 500w, https:\/\/smallagrimachinery.com\/wp-content\/uploads\/2025\/06\/Stainless-steel-nut-pretreatment-roasting-equipment-oil-seeds-roasting-machine-Customer-visit-18x12.webp 18w, https:\/\/smallagrimachinery.com\/wp-content\/uploads\/2025\/06\/Stainless-steel-nut-pretreatment-roasting-equipment-oil-seeds-roasting-machine-Customer-visit-700x439.webp 700w\" sizes=\"(max-width: 755px) 100vw, 755px\" \/> <img decoding=\"async\" class=\"alignnone wp-image-3616\" src=\"https:\/\/smallagrimachinery.com\/wp-content\/uploads\/2025\/06\/Stainless-steel-nut-pretreatment-roasting-equipment-oil-seeds-roasting-machine-Details-1.webp\" alt=\"Stainless steel nut pretreatment roasting equipment oil seeds roasting machine Details (1)\" width=\"242\" height=\"242\" srcset=\"https:\/\/smallagrimachinery.com\/wp-content\/uploads\/2025\/06\/Stainless-steel-nut-pretreatment-roasting-equipment-oil-seeds-roasting-machine-Details-1.webp 720w, https:\/\/smallagrimachinery.com\/wp-content\/uploads\/2025\/06\/Stainless-steel-nut-pretreatment-roasting-equipment-oil-seeds-roasting-machine-Details-1-500x500.webp 500w, https:\/\/smallagrimachinery.com\/wp-content\/uploads\/2025\/06\/Stainless-steel-nut-pretreatment-roasting-equipment-oil-seeds-roasting-machine-Details-1-150x150.webp 150w, https:\/\/smallagrimachinery.com\/wp-content\/uploads\/2025\/06\/Stainless-steel-nut-pretreatment-roasting-equipment-oil-seeds-roasting-machine-Details-1-12x12.webp 12w, https:\/\/smallagrimachinery.com\/wp-content\/uploads\/2025\/06\/Stainless-steel-nut-pretreatment-roasting-equipment-oil-seeds-roasting-machine-Details-1-300x300.webp 300w, https:\/\/smallagrimachinery.com\/wp-content\/uploads\/2025\/06\/Stainless-steel-nut-pretreatment-roasting-equipment-oil-seeds-roasting-machine-Details-1-700x700.webp 700w, https:\/\/smallagrimachinery.com\/wp-content\/uploads\/2025\/06\/Stainless-steel-nut-pretreatment-roasting-equipment-oil-seeds-roasting-machine-Details-1-100x100.webp 100w\" sizes=\"(max-width: 242px) 100vw, 242px\" \/> <img decoding=\"async\" class=\"alignnone wp-image-3614\" src=\"https:\/\/smallagrimachinery.com\/wp-content\/uploads\/2025\/06\/Stainless-steel-nut-pretreatment-roasting-equipment-oil-seeds-roasting-machine-Details-3.webp\" alt=\"Stainless steel nut pretreatment roasting equipment oil seeds roasting machine Details (3)\" width=\"243\" height=\"243\" srcset=\"https:\/\/smallagrimachinery.com\/wp-content\/uploads\/2025\/06\/Stainless-steel-nut-pretreatment-roasting-equipment-oil-seeds-roasting-machine-Details-3.webp 720w, https:\/\/smallagrimachinery.com\/wp-content\/uploads\/2025\/06\/Stainless-steel-nut-pretreatment-roasting-equipment-oil-seeds-roasting-machine-Details-3-500x500.webp 500w, https:\/\/smallagrimachinery.com\/wp-content\/uploads\/2025\/06\/Stainless-steel-nut-pretreatment-roasting-equipment-oil-seeds-roasting-machine-Details-3-150x150.webp 150w, https:\/\/smallagrimachinery.com\/wp-content\/uploads\/2025\/06\/Stainless-steel-nut-pretreatment-roasting-equipment-oil-seeds-roasting-machine-Details-3-12x12.webp 12w, https:\/\/smallagrimachinery.com\/wp-content\/uploads\/2025\/06\/Stainless-steel-nut-pretreatment-roasting-equipment-oil-seeds-roasting-machine-Details-3-300x300.webp 300w, https:\/\/smallagrimachinery.com\/wp-content\/uploads\/2025\/06\/Stainless-steel-nut-pretreatment-roasting-equipment-oil-seeds-roasting-machine-Details-3-700x700.webp 700w, https:\/\/smallagrimachinery.com\/wp-content\/uploads\/2025\/06\/Stainless-steel-nut-pretreatment-roasting-equipment-oil-seeds-roasting-machine-Details-3-100x100.webp 100w\" sizes=\"(max-width: 243px) 100vw, 243px\" \/> <img loading=\"lazy\" decoding=\"async\" class=\"alignnone wp-image-3613\" src=\"https:\/\/smallagrimachinery.com\/wp-content\/uploads\/2025\/06\/Stainless-steel-nut-pretreatment-roasting-equipment-oil-seeds-roasting-machine-Details-2.webp\" alt=\"Stainless steel nut pretreatment roasting equipment oil seeds roasting machine Details (2)\" width=\"241\" height=\"241\" srcset=\"https:\/\/smallagrimachinery.com\/wp-content\/uploads\/2025\/06\/Stainless-steel-nut-pretreatment-roasting-equipment-oil-seeds-roasting-machine-Details-2.webp 720w, https:\/\/smallagrimachinery.com\/wp-content\/uploads\/2025\/06\/Stainless-steel-nut-pretreatment-roasting-equipment-oil-seeds-roasting-machine-Details-2-500x500.webp 500w, https:\/\/smallagrimachinery.com\/wp-content\/uploads\/2025\/06\/Stainless-steel-nut-pretreatment-roasting-equipment-oil-seeds-roasting-machine-Details-2-150x150.webp 150w, https:\/\/smallagrimachinery.com\/wp-content\/uploads\/2025\/06\/Stainless-steel-nut-pretreatment-roasting-equipment-oil-seeds-roasting-machine-Details-2-12x12.webp 12w, https:\/\/smallagrimachinery.com\/wp-content\/uploads\/2025\/06\/Stainless-steel-nut-pretreatment-roasting-equipment-oil-seeds-roasting-machine-Details-2-300x300.webp 300w, https:\/\/smallagrimachinery.com\/wp-content\/uploads\/2025\/06\/Stainless-steel-nut-pretreatment-roasting-equipment-oil-seeds-roasting-machine-Details-2-700x700.webp 700w, https:\/\/smallagrimachinery.com\/wp-content\/uploads\/2025\/06\/Stainless-steel-nut-pretreatment-roasting-equipment-oil-seeds-roasting-machine-Details-2-100x100.webp 100w\" sizes=\"(max-width: 241px) 100vw, 241px\" \/><\/p>","protected":false},"excerpt":{"rendered":"<ul>\n<li><strong>Ho\u1ea1t \u0111\u1ed9ng \u0111\u01a1n gi\u1ea3n: <\/strong>c\u00f4ng t\u1eafc m\u1ed9t n\u00fat, \u0111i\u1ec1u ch\u1ec9nh nhi\u1ec7t \u0111\u1ed9 m\u1ed9t n\u00fat. Ki\u1ec3m so\u00e1t th\u00f4ng minh, kh\u00f4ng ph\u1ea3i lo l\u1eafng.<\/li>\n<li><strong>B\u1ec1n v\u00e0 ch\u1ed1ng g\u1ec9:<\/strong> C\u1ea5u tr\u00fac t\u1ed5ng th\u1ec3 \u0111\u01b0\u1ee3c l\u00e0m b\u1eb1ng th\u00e9p cacbon v\u00e0 th\u00e9p kh\u00f4ng g\u1ec9 \u0111\u1ec3 \u0111\u1ea3m b\u1ea3o ho\u1ea1t \u0111\u1ed9ng \u0111\u00e1ng tin c\u1eady v\u00e0 ch\u1ecbu \u0111\u01b0\u1ee3c kh\u00ed h\u1eadu nhi\u1ec7t \u0111\u1edbi \u1ea9m.<\/li>\n<li><strong>M\u1ed9t m\u00e1y c\u00f3 th\u1ec3 s\u1eed d\u1ee5ng cho nhi\u1ec1u m\u1ee5c \u0111\u00edch:<\/strong> C\u00f3 th\u1ec3 d\u00f9ng \u0111\u1ec3 ch\u1ebf bi\u1ebfn nhi\u1ec1u lo\u1ea1i h\u1ea1t c\u00f3 d\u1ea7u, h\u1ea1t v\u00e0 c\u00e1c lo\u1ea1i c\u00e2y l\u01b0\u01a1ng th\u1ef1c kh\u00e1c. V\u00ed d\u1ee5: \u0111\u1eadu ph\u1ed9ng, v\u1eebng, \u0111\u1eadu n\u00e0nh, h\u1ea1t c\u1ea3i d\u1ea7u, v.v.<\/li>\n<li><strong>S\u01b0\u1edfi \u1ea5m \u0111\u1ec1u:<\/strong> hi\u1ec7u su\u1ea5t gia nhi\u1ec7t cao, ti\u00eau th\u1ee5 n\u0103ng l\u01b0\u1ee3ng th\u1ea5p, ch\u1ee9c n\u0103ng x\u00e0o v\u00e0 tr\u1ed9n th\u00f4ng minh gi\u00fap gia nhi\u1ec7t \u0111\u1ec1u.<\/li>\n<\/ul>","protected":false},"featured_media":3607,"comment_status":"open","ping_status":"closed","template":"","meta":[],"product_brand":[],"product_cat":[39],"product_tag":[40],"class_list":{"0":"post-3606","1":"product","2":"type-product","3":"status-publish","4":"has-post-thumbnail","6":"product_cat-roasting-machine","7":"product_tag-drum-roasting-machine","9":"first","10":"instock","11":"taxable","12":"shipping-taxable","13":"product-type-simple"},"_links":{"self":[{"href":"https:\/\/smallagrimachinery.com\/vi\/wp-json\/wp\/v2\/product\/3606","targetHints":{"allow":["GET"]}}],"collection":[{"href":"https:\/\/smallagrimachinery.com\/vi\/wp-json\/wp\/v2\/product"}],"about":[{"href":"https:\/\/smallagrimachinery.com\/vi\/wp-json\/wp\/v2\/types\/product"}],"replies":[{"embeddable":true,"href":"https:\/\/smallagrimachinery.com\/vi\/wp-json\/wp\/v2\/comments?post=3606"}],"wp:featuredmedia":[{"embeddable":true,"href":"https:\/\/smallagrimachinery.com\/vi\/wp-json\/wp\/v2\/media\/3607"}],"wp:attachment":[{"href":"https:\/\/smallagrimachinery.com\/vi\/wp-json\/wp\/v2\/media?parent=3606"}],"wp:term":[{"taxonomy":"product_brand","embeddable":true,"href":"https:\/\/smallagrimachinery.com\/vi\/wp-json\/wp\/v2\/product_brand?post=3606"},{"taxonomy":"product_cat","embeddable":true,"href":"https:\/\/smallagrimachinery.com\/vi\/wp-json\/wp\/v2\/product_cat?post=3606"},{"taxonomy":"product_tag","embeddable":true,"href":"https:\/\/smallagrimachinery.com\/vi\/wp-json\/wp\/v2\/product_tag?post=3606"}],"curies":[{"name":"wp","href":"https:\/\/api.w.org\/{rel}","templated":true}]}}