{"id":3384,"date":"2025-06-05T13:45:11","date_gmt":"2025-06-05T13:45:11","guid":{"rendered":"https:\/\/smallagrimachinery.com\/?post_type=product&#038;p=3384"},"modified":"2025-06-05T13:45:13","modified_gmt":"2025-06-05T13:45:13","slug":"automatic-nut-roaster-electric-drum-oil-seed-roasting-machine","status":"publish","type":"product","link":"https:\/\/smallagrimachinery.com\/vi\/product\/automatic-nut-roaster-electric-drum-oil-seed-roasting-machine\/","title":{"rendered":"M\u00e1y rang h\u1ea1t t\u1ef1 \u0111\u1ed9ng, m\u00e1y rang d\u1ea7u h\u1ea1t tr\u1ed1ng \u0111i\u1ec7n"},"content":{"rendered":"<h3>Gi\u1edbi thi\u1ec7u<\/h3>\n<p>M\u00e1y rang n\u00e0y \u0111\u01b0\u1ee3c l\u00e0m b\u1eb1ng th\u00e9p kh\u00f4ng g\u1ec9 SS304\/316 ho\u1eb7c th\u00e9p cacbon, ch\u1eafc ch\u1eafn v\u00e0 b\u1ec1n, c\u00f3 th\u1ec3 ho\u1ea1t \u0111\u1ed9ng \u1ed5n \u0111\u1ecbnh trong \u0111i\u1ec1u ki\u1ec7n kh\u00ed h\u1eadu n\u00f3ng \u1ea9m \u1edf v\u00f9ng nhi\u1ec7t \u0111\u1edbi. M\u00e1y \u0111\u01b0\u1ee3c s\u1eed d\u1ee5ng \u0111\u1ec3 t\u1ef1 \u0111\u1ed9ng n\u01b0\u1edbng nhi\u1ec1u lo\u1ea1i nguy\u00ean li\u1ec7u th\u1ef1c v\u1eadt nh\u01b0 h\u1ea1t, h\u1ea1t c\u00f3 d\u1ea7u v\u00e0 gia v\u1ecb. C\u1ea5u tr\u00fac tr\u1ed1ng ngang \u0111\u1ed9c \u0111\u00e1o t\u1ed5ng th\u1ec3 \u0111\u01b0\u1ee3c \u00e1p d\u1ee5ng, l\u00e0m n\u00f3ng \u0111\u1ec1u v\u00e0 c\u00f3 \u0111\u1ed9 k\u00edn t\u1ed1t.<\/p>\n<h4>Nguy\u00ean l\u00fd ho\u1ea1t \u0111\u1ed9ng:<\/h4>\n<p>Gia nhi\u1ec7t \u0111i\u1ec7n t\u1eeb c\u00f2n \u0111\u01b0\u1ee3c g\u1ecdi l\u00e0 gia nhi\u1ec7t c\u1ea3m \u1ee9ng \u0111i\u1ec7n t\u1eeb. Nguy\u00ean l\u00fd c\u1ee7a n\u00f3 l\u00e0 s\u1eed d\u1ee5ng c\u00e1c th\u00e0nh ph\u1ea7n c\u1ee7a b\u1ea3ng m\u1ea1ch \u0111i\u1ec7n t\u1eed \u0111\u1ec3 t\u1ea1o ra t\u1eeb tr\u01b0\u1eddng xoay chi\u1ec1u. Khi \u0111\u1eb7t m\u1ed9t th\u00f9ng ch\u1ee9a b\u1eb1ng s\u1eaft l\u00ean tr\u00ean, \u0111\u01b0\u1eddng t\u1eeb tr\u01b0\u1eddng xoay chi\u1ec1u c\u1eaft b\u1ec1 m\u1eb7t th\u00f9ng ch\u1ee9a v\u00e0 t\u1ea1o ra d\u00f2ng \u0111i\u1ec7n xoay chi\u1ec1u (t\u1ee9c l\u00e0 d\u00f2ng \u0111i\u1ec7n xo\u00e1y) trong ph\u1ea7n kim lo\u1ea1i \u1edf \u0111\u00e1y th\u00f9ng ch\u1ee9a. D\u00f2ng \u0111i\u1ec7n xo\u00e1y khi\u1ebfn c\u00e1c h\u1ea1t mang \u0111i\u1ec7n \u1edf \u0111\u00e1y th\u00f9ng ch\u1ee9a chuy\u1ec3n \u0111\u1ed9ng v\u1edbi t\u1ed1c \u0111\u1ed9 cao v\u00e0 kh\u00f4ng \u0111\u1ec1u. S\u1ef1 va ch\u1ea1m v\u00e0 ma s\u00e1t gi\u1eefa c\u00e1c h\u1ea1t mang \u0111i\u1ec7n v\u00e0 nguy\u00ean t\u1eed t\u1ea1o ra n\u0103ng l\u01b0\u1ee3ng nhi\u1ec7t, do \u0111\u00f3 l\u00e0m n\u00f3ng v\u1eadt li\u1ec7u. V\u00ec th\u00f9ng ch\u1ee9a b\u1eb1ng s\u1eaft c\u00f3 \u0111\u1eb7c t\u00ednh t\u1ef1 gia nhi\u1ec7t n\u00ean hi\u1ec7u su\u1ea5t nhi\u1ec7t c\u00f3 th\u1ec3 cao t\u1edbi 95% tr\u1edf l\u00ean. B\u1eb1ng c\u00e1ch s\u1eed d\u1ee5ng hi\u1ec7n t\u01b0\u1ee3ng c\u1ea3m \u1ee9ng \u0111i\u1ec7n t\u1eeb n\u00e0y, th\u00e2n n\u1ed3i b\u00ean trong \u0111\u01b0\u1ee3c l\u00e0m n\u00f3ng tr\u1ef1c ti\u1ebfp \u0111\u1ec3 \u0111\u1ea1t \u0111\u01b0\u1ee3c m\u1ee5c \u0111\u00edch n\u01b0\u1edbng v\u1eadt li\u1ec7u. M\u00e1y rang \u0111i\u1ec7n t\u1eeb n\u00e0y an to\u00e0n v\u00e0 \u0111\u00e1ng tin c\u1eady, kh\u00f4ng g\u00e2y \u00f4 nhi\u1ec5m m\u00f4i tr\u01b0\u1eddng, c\u00f3 kh\u1ea3 n\u0103ng ki\u1ec3m so\u00e1t cao, c\u00f3 hi\u1ec7u su\u1ea5t nhi\u1ec7t cao v\u00e0 l\u00e0 thi\u1ebft b\u1ecb n\u01b0\u1edbng c\u00f3 \u0111\u1ed9 \u1ed5n \u0111\u1ecbnh cao, b\u1ea3o v\u1ec7 m\u00f4i tr\u01b0\u1eddng v\u00e0 ti\u1ebft ki\u1ec7m \u0111i\u1ec7n.<\/p>\n<h4>Ph\u1ea1m vi \u1ee9ng d\u1ee5ng r\u1ed9ng r\u00e3i:<\/h4>\n<ul>\n<li>Ch\u1ebf bi\u1ebfn c\u00e1c lo\u1ea1i h\u1ea1t: h\u1ea1t h\u01b0\u1edbng d\u01b0\u01a1ng, \u0111\u1eadu ph\u1ed9ng, h\u1ea1t \u0111i\u1ec1u, h\u1ea1t d\u1ebb, h\u1ea1nh nh\u00e2n, h\u1ea1t d\u1ebb, \u00f3c ch\u00f3, h\u1ea1t ph\u1ec9, h\u1ea1t d\u1ebb c\u01b0\u1eddi, h\u1ea1t th\u00f4ng, h\u1ea1t inca inchi, h\u1ea1t macadamia.<\/li>\n<li>H\u1ea1t c\u00f3 d\u1ea7u v\u00e0 c\u00e1c lo\u1ea1i h\u1ea1t: v\u1eebng, \u0111\u1eadu ph\u1ed9ng, h\u1ea1t c\u1ea3i d\u1ea7u, \u0111\u1eadu n\u00e0nh, c\u1ecd, h\u1ea1t c\u1ea3i d\u1ea7u, v\u1eebng, th\u1ea7u d\u1ea7u, h\u1ea1t lanh, h\u1ea1t tr\u1ea9u, h\u1ea1t m\u00f9 t\u1ea1t.<\/li>\n<li>Ng\u00e0nh c\u00f4ng nghi\u1ec7p \u0111\u1ed3 u\u1ed1ng: h\u1ea1t c\u00e0 ph\u00ea, ki\u1ec1u m\u1ea1ch \u0111\u1eafng, y\u1ebfn m\u1ea1ch, m\u1ea1ch nha l\u00faa m\u1ea1ch.<\/li>\n<li>Ch\u1ebf bi\u1ebfn tr\u00e0: s\u1ea5y tr\u00e0.<\/li>\n<li>Ng\u00e0nh c\u00f4ng nghi\u1ec7p th\u1ef1c ph\u1ea9m ph\u1ed3ng: g\u1ea1o, k\u00ea, b\u00e1nh g\u1ea1o, t\u00f4m chi\u00ean, b\u00e1nh g\u1ea1o s\u1ee3i.<\/li>\n<li>Ng\u00e0nh ch\u1ebf bi\u1ebfn th\u1ef1c ph\u1ea9m: g\u1ea1o, l\u00faa m\u1ea1ch, ng\u00f4, \u0111\u1eadu, ng\u0169 c\u1ed1c.<\/li>\n<li>Ng\u00e0nh gia v\u1ecb: \u1edbt, ti\u00eau, h\u1ed3i, th\u00eca l\u00e0.<\/li>\n<li>Ng\u00e0nh d\u01b0\u1ee3c ph\u1ea9m: thu\u1ed1c th\u1ea3o d\u01b0\u1ee3c.<\/li>\n<li>Ng\u00e0nh ch\u1ebf bi\u1ebfn th\u1ee9c \u0103n ch\u0103n nu\u00f4i: chi\u00ean nguy\u00ean li\u1ec7u.<\/li>\n<li>C\u00f4ng nghi\u1ec7p h\u00f3a ch\u1ea5t: s\u1ea5y kh\u00f4 v\u00e0 nung nguy\u00ean li\u1ec7u h\u00f3a h\u1ecdc.<\/li>\n<\/ul>\n<table>\n<tbody>\n<tr bgcolor=\"#123F53\">\n<th style=\"text-align: center;\" colspan=\"6\"><strong><span style=\"color: #fff;\">M\u00e1y rang h\u1ea1t d\u1ea7u tr\u1ed1ng \u0111i\u1ec7n t\u1ef1 \u0111\u1ed9ng<\/span><\/strong><\/th>\n<\/tr>\n<tr>\n<th>Ng\u01b0\u1eddi m\u1eabu<\/th>\n<th>C\u00f4ng su\u1ea5t (kg\/h)<\/th>\n<th>\u0110\u1ed9ng c\u01a1 (kW)<\/th>\n<th>C\u00f4ng su\u1ea5t ph\u00f9 h\u1ee3p (kW)<\/th>\n<th>K\u00edch th\u01b0\u1edbc t\u1ed5ng th\u1ec3 (D\u00d7R\u00d7C) (mm)<\/th>\n<th>K\u00edch th\u01b0\u1edbc ch\u1eadu (mm)<\/th>\n<\/tr>\n<tr>\n<th>CZ5-5<\/th>\n<td>10\u201330<\/td>\n<td>1,5\u20137,5<\/td>\n<td>0.25<\/td>\n<td>930\u00d7660\u00d71270<\/td>\n<td>500\u00d7500<\/td>\n<\/tr>\n<tr>\n<th>CZ 5-10<\/th>\n<td>30\u201360<\/td>\n<td>3\u201315<\/td>\n<td>0.4<\/td>\n<td>1580\u00d7750\u00d71330<\/td>\n<td>500\u00d71000<\/td>\n<\/tr>\n<tr>\n<th>CZ7-10<\/th>\n<td>50\u2013250<\/td>\n<td>4\u201332<\/td>\n<td>1.1<\/td>\n<td>1650\u00d7950\u00d71520<\/td>\n<td>700\u00d71000<\/td>\n<\/tr>\n<tr>\n<th>CZ7-15<\/th>\n<td>100\u2013350<\/td>\n<td>6\u201348<\/td>\n<td>1.5<\/td>\n<td>2000\u00d7950\u00d71520<\/td>\n<td>700\u00d71500<\/td>\n<\/tr>\n<tr>\n<th>CZ9-16<\/th>\n<td>150\u2013300<\/td>\n<td>7\u201355<\/td>\n<td>3<\/td>\n<td>2000\u00d71190\u00d71650<\/td>\n<td>900\u00d71600<\/td>\n<\/tr>\n<\/tbody>\n<\/table>","protected":false},"excerpt":{"rendered":"<ul>\n<li><strong>Ch\u1eafc ch\u1eafn v\u00e0 b\u1ec1n b\u1ec9:<\/strong> \u0110\u01b0\u1ee3c l\u00e0m b\u1eb1ng th\u00e9p kh\u00f4ng g\u1ec9 S304\/316 ho\u1eb7c th\u00e9p cacbon, b\u1ec1n v\u00e0 ch\u1ed1ng g\u1ec9.<\/li>\n<li><strong>\u1ee8ng d\u1ee5ng r\u1ed9ng r\u00e3i:<\/strong> c\u00f3 th\u1ec3 d\u00f9ng \u0111\u1ec3 \u00e9p d\u1ea7u, n\u01b0\u1edbng h\u1ea1t v\u00e0 c\u00e1c lo\u1ea1i thu\u1ed1c kh\u00e1c v\u00e0 n\u01b0\u1edbng ng\u0169 c\u1ed1c.<\/li>\n<li><strong>C\u00f4ng ngh\u1ec7 \u0111i\u1ec7n t\u1eeb:<\/strong> \u00c1p d\u1ee5ng c\u00f4ng ngh\u1ec7 gia nhi\u1ec7t \u0111i\u1ec7n t\u1eeb, hi\u1ec7u su\u1ea5t nhi\u1ec7t tr\u00ean 95%.<\/li>\n<li><strong>An to\u00e0n v\u00e0 th\u00e2n thi\u1ec7n v\u1edbi m\u00f4i tr\u01b0\u1eddng:<\/strong> Kh\u00f4ng ph\u00e1t th\u1ea3i d\u01b0 th\u1eeba, kh\u1ea3 n\u0103ng ki\u1ec3m so\u00e1t m\u1ea1nh m\u1ebd, xanh v\u00e0 th\u00e2n thi\u1ec7n v\u1edbi m\u00f4i tr\u01b0\u1eddng.<\/li>\n<\/ul>","protected":false},"featured_media":3385,"comment_status":"open","ping_status":"closed","template":"","meta":[],"product_brand":[],"product_cat":[39],"product_tag":[],"class_list":{"0":"post-3384","1":"product","2":"type-product","3":"status-publish","4":"has-post-thumbnail","6":"product_cat-roasting-machine","8":"first","9":"instock","10":"taxable","11":"shipping-taxable","12":"product-type-simple"},"_links":{"self":[{"href":"https:\/\/smallagrimachinery.com\/vi\/wp-json\/wp\/v2\/product\/3384","targetHints":{"allow":["GET"]}}],"collection":[{"href":"https:\/\/smallagrimachinery.com\/vi\/wp-json\/wp\/v2\/product"}],"about":[{"href":"https:\/\/smallagrimachinery.com\/vi\/wp-json\/wp\/v2\/types\/product"}],"replies":[{"embeddable":true,"href":"https:\/\/smallagrimachinery.com\/vi\/wp-json\/wp\/v2\/comments?post=3384"}],"wp:featuredmedia":[{"embeddable":true,"href":"https:\/\/smallagrimachinery.com\/vi\/wp-json\/wp\/v2\/media\/3385"}],"wp:attachment":[{"href":"https:\/\/smallagrimachinery.com\/vi\/wp-json\/wp\/v2\/media?parent=3384"}],"wp:term":[{"taxonomy":"product_brand","embeddable":true,"href":"https:\/\/smallagrimachinery.com\/vi\/wp-json\/wp\/v2\/product_brand?post=3384"},{"taxonomy":"product_cat","embeddable":true,"href":"https:\/\/smallagrimachinery.com\/vi\/wp-json\/wp\/v2\/product_cat?post=3384"},{"taxonomy":"product_tag","embeddable":true,"href":"https:\/\/smallagrimachinery.com\/vi\/wp-json\/wp\/v2\/product_tag?post=3384"}],"curies":[{"name":"wp","href":"https:\/\/api.w.org\/{rel}","templated":true}]}}