{"id":3381,"date":"2025-06-05T13:20:06","date_gmt":"2025-06-05T13:20:06","guid":{"rendered":"https:\/\/smallagrimachinery.com\/?post_type=product&#038;p=3381"},"modified":"2025-10-14T09:27:49","modified_gmt":"2025-10-14T09:27:49","slug":"large-commercial-rotary-fire-roasting-nut-oil-seeds-roasting-machine","status":"publish","type":"product","link":"https:\/\/smallagrimachinery.com\/vi\/product\/large-commercial-rotary-fire-roasting-nut-oil-seeds-roasting-machine\/","title":{"rendered":"M\u00e1y rang h\u1ea1t d\u1ea7u quay th\u01b0\u01a1ng m\u1ea1i c\u1ee1 l\u1edbn"},"content":{"rendered":"<h3>Gi\u1edbi thi\u1ec7u<\/h3>\n<p>The oilseed Drum roasting machine is small in size, compact in structure, easy to cook, stir-fry evenly according to the heat law, and can be used to bake various agricultural crops.<br \/>\nS\u1eed d\u1ee5ng l\u00f2 s\u01b0\u1edfi (c\u00f3 th\u1ec3 t\u00f9y ch\u1ec9nh theo nhu c\u1ea7u s\u1eed d\u1ee5ng l\u00f2 s\u01b0\u1edfi \u0111i\u1ec7n ho\u1eb7c l\u00f2 s\u01b0\u1edfi gas), t\u1ed1c \u0111\u1ed9 gia nhi\u1ec7t nhanh. H\u00e0n k\u00edn h\u00ecnh th\u00f9ng v\u00e0 n\u01b0\u1edbng l\u0103n gi\u00fap ph\u00e2n ph\u1ed1i nhi\u1ec7t \u0111\u1ed3ng \u0111\u1ec1u, l\u01b0\u1ee3ng nhi\u1ec7t th\u1ea5t tho\u00e1t t\u1ed1i thi\u1ec3u, ti\u1ebft ki\u1ec7m n\u0103ng l\u01b0\u1ee3ng v\u00e0 th\u00e2n thi\u1ec7n v\u1edbi m\u00f4i tr\u01b0\u1eddng.<br \/>\nThe motor version is equipped with a forward and reverse controller and a temperature regulator to facilitate the cooking and removal of materials. The drum and crushing device adopt stepless speed regulation to meet the baking requirements, and can adapt to various seeds, oilseeds, and pretreatment before oil pressing. Passed CE ISO compliance and can be used with confidence.<\/p>\n<table border=\"1\">\n<tbody>\n<tr bgcolor=\"#123F53\">\n<th style=\"text-align: center;\" colspan=\"4\"><strong><span style=\"color: #fff;\">M\u00e1y rang d\u1ea7u h\u1ea1t rang l\u1eeda<\/span><\/strong><\/th>\n<\/tr>\n<tr>\n<th>\u0110\u1eb7c \u0111i\u1ec3m k\u1ef9 thu\u1eadt<\/th>\n<th>ZW63<\/th>\n<th>ZW100<\/th>\n<th>ZW125<\/th>\n<\/tr>\n<tr>\n<th>Dung t\u00edch<\/th>\n<td>80\u2013130 kg\/gi\u1edd (120\u2013150\u00b0C)<br \/>\n160\u2013260 kg\/gi\u1edd (80\u2013100\u00b0C)<\/td>\n<td>100\u2013200 kg\/gi\u1edd (120\u2013150\u00b0C)<br \/>\n300\u2013400 kg\/gi\u1edd (80\u2013100\u00b0C)<\/td>\n<td>300 kg\/gi\u1edd (120\u2013150\u00b0C)<br \/>\n600 kg\/gi\u1edd (80\u2013100\u00b0C)<\/td>\n<\/tr>\n<tr>\n<th>Quy\u1ec1n l\u1ef1c<\/th>\n<td>0,75 kW\u20136P<\/td>\n<td>1,1 kW\u20136P<\/td>\n<td>1,5 kW\u20136P<\/td>\n<\/tr>\n<tr>\n<th>C\u00e2n n\u1eb7ng<\/th>\n<td>320kg<\/td>\n<td>400kg<\/td>\n<td>530kg<\/td>\n<\/tr>\n<tr>\n<th>K\u00edch c\u1ee1<\/th>\n<td>1200\u00d7760\u00d71100mm<\/td>\n<td>1450\u00d7820\u00d71101mm<\/td>\n<td>1800\u00d71130\u00d71450mm<\/td>\n<\/tr>\n<\/tbody>\n<\/table>","protected":false},"excerpt":{"rendered":"<ul>\n<li><strong>C\u00f4ng su\u1ea5t rang hi\u1ec7u qu\u1ea3:<\/strong> M\u00e1y rang c\u00f3 c\u00f4ng su\u1ea5t rang cao t\u1eeb 80-600kg\/h, l\u00e0 s\u1ef1 l\u1ef1a ch\u1ecdn l\u00fd t\u01b0\u1edfng cho c\u00e1c nh\u00e0 m\u00e1y d\u1ea7u, nh\u00e0 m\u00e1y ch\u1ebf bi\u1ebfn th\u1ef1c ph\u1ea9m, trang tr\u1ea1i v\u00e0 th\u1eadm ch\u00ed l\u00e0 c\u00e1c doanh nghi\u1ec7p ch\u1ebf bi\u1ebfn v\u00e0 rang th\u1ef1c ph\u1ea9m c\u1ed9ng \u0111\u1ed3ng.<\/li>\n<li><strong>\u0110a m\u1ee5c \u0111\u00edch:<\/strong> M\u00e1y rang th\u00f9ng quay th\u00edch h\u1ee3p cho nhi\u1ec1u lo\u1ea1i h\u1ea1t v\u00e0 h\u1ea1t c\u00f3 d\u1ea7u, bao g\u1ed3m \u0111\u1eadu ph\u1ed9ng\/\u0111\u1eadu n\u00e0nh\/c\u1ecd\/d\u1eeba\/\u00f3c ch\u00f3\/h\u1ea1nh nh\u00e2n\/h\u1ea1t h\u01b0\u1edbng d\u01b0\u01a1ng\/h\u1ea1t c\u1ea3i d\u1ea7u\/v\u1eebng\/th\u1ea7u d\u1ea7u\/h\u1ea1t lanh\/h\u1ea1t tr\u1ea9u\/h\u1ea1t m\u00f9 t\u1ea1t\/h\u1ea1t d\u1ebb\/h\u1ea1t th\u00f4ng\/ng\u00f4\/\u00f4 liu\/b\u01a1\/h\u1ea1t m\u1ee1\/c\u00e1m g\u1ea1o\/l\u00faa m\u00ec\/ng\u00f4 v\u00e0 c\u00e1c s\u1ea3n ph\u1ea9m c\u00e2y tr\u1ed3ng kh\u00e1c \u0111\u1ec3 \u0111\u00e1p \u1ee9ng nhu c\u1ea7u c\u1ee7a kh\u00e1ch h\u00e0ng.<\/li>\n<li><strong>C\u1ea5u tr\u00fac b\u1ec1n v\u1eefng:<\/strong> M\u00e1y \u0111\u01b0\u1ee3c l\u00e0m b\u1eb1ng th\u00e9p kh\u00f4ng g\u1ec9 c\u1ea5p th\u1ef1c ph\u1ea9m + th\u00e9p cacbon \u0111\u1ec3 \u0111\u1ea3m b\u1ea3o s\u1ea3n ph\u1ea9m b\u1ec1n, ch\u1ed1ng \u0103n m\u00f2n v\u00e0 c\u00f3 th\u1ec3 ch\u1ecbu \u0111\u01b0\u1ee3c s\u1ef1 kh\u1eafc nghi\u1ec7t khi s\u1eed d\u1ee5ng li\u00ean t\u1ee5c.<\/li>\n<\/ul>","protected":false},"featured_media":3382,"comment_status":"open","ping_status":"closed","template":"","meta":[],"product_brand":[],"product_cat":[39],"product_tag":[40],"class_list":{"0":"post-3381","1":"product","2":"type-product","3":"status-publish","4":"has-post-thumbnail","6":"product_cat-roasting-machine","7":"product_tag-drum-roasting-machine","9":"first","10":"instock","11":"taxable","12":"shipping-taxable","13":"product-type-simple"},"_links":{"self":[{"href":"https:\/\/smallagrimachinery.com\/vi\/wp-json\/wp\/v2\/product\/3381","targetHints":{"allow":["GET"]}}],"collection":[{"href":"https:\/\/smallagrimachinery.com\/vi\/wp-json\/wp\/v2\/product"}],"about":[{"href":"https:\/\/smallagrimachinery.com\/vi\/wp-json\/wp\/v2\/types\/product"}],"replies":[{"embeddable":true,"href":"https:\/\/smallagrimachinery.com\/vi\/wp-json\/wp\/v2\/comments?post=3381"}],"wp:featuredmedia":[{"embeddable":true,"href":"https:\/\/smallagrimachinery.com\/vi\/wp-json\/wp\/v2\/media\/3382"}],"wp:attachment":[{"href":"https:\/\/smallagrimachinery.com\/vi\/wp-json\/wp\/v2\/media?parent=3381"}],"wp:term":[{"taxonomy":"product_brand","embeddable":true,"href":"https:\/\/smallagrimachinery.com\/vi\/wp-json\/wp\/v2\/product_brand?post=3381"},{"taxonomy":"product_cat","embeddable":true,"href":"https:\/\/smallagrimachinery.com\/vi\/wp-json\/wp\/v2\/product_cat?post=3381"},{"taxonomy":"product_tag","embeddable":true,"href":"https:\/\/smallagrimachinery.com\/vi\/wp-json\/wp\/v2\/product_tag?post=3381"}],"curies":[{"name":"wp","href":"https:\/\/api.w.org\/{rel}","templated":true}]}}