{"id":3370,"date":"2025-06-05T13:03:37","date_gmt":"2025-06-05T13:03:37","guid":{"rendered":"https:\/\/smallagrimachinery.com\/?post_type=product&#038;p=3370"},"modified":"2025-06-05T13:08:30","modified_gmt":"2025-06-05T13:08:30","slug":"universal-wheel-mobile-nut-oil-seed-rotary-electric-roaster-machine","status":"publish","type":"product","link":"https:\/\/smallagrimachinery.com\/vi\/product\/universal-wheel-mobile-nut-oil-seed-rotary-electric-roaster-machine\/","title":{"rendered":"M\u00e1y rang d\u1ea7u h\u1ea1t gi\u1ed1ng di \u0111\u1ed9ng b\u00e1nh xe ph\u1ed5 th\u00f4ng"},"content":{"rendered":"<h3>Gi\u1edbi thi\u1ec7u<\/h3>\n<p>M\u00e1y rang h\u1ea1t c\u00f3 d\u1ea7u c\u00f3 k\u00edch th\u01b0\u1edbc nh\u1ecf, k\u1ebft c\u1ea5u g\u1ecdn nh\u1eb9, d\u1ec5 n\u1ea5u, x\u00e0o \u0111\u1ec1u theo quy lu\u1eadt nhi\u1ec7t, c\u00f3 th\u1ec3 d\u00f9ng \u0111\u1ec3 rang nhi\u1ec1u lo\u1ea1i c\u00e2y tr\u1ed3ng v\u00e0 gia v\u1ecb.<br \/>\nN\u00f3 s\u1eed d\u1ee5ng c\u00e1c b\u1ed9 ph\u1eadn gia nhi\u1ec7t \u0111i\u1ec7n \u0111\u1ec3 l\u00e0m n\u00f3ng (c\u0169ng c\u00f3 hai m\u00f4 h\u00ecnh kh\u00e1c \u0111\u1ec3 l\u00e0m n\u00f3ng b\u1eb1ng l\u1eeda ho\u1eb7c l\u00e0m n\u00f3ng b\u1eb1ng gas), v\u00e0 t\u1ed1c \u0111\u1ed9 l\u00e0m n\u00f3ng nhanh. Con d\u1ea5u th\u00f9ng v\u00e0 n\u01b0\u1edbng l\u0103n l\u00e0m cho nhi\u1ec7t ph\u00e2n ph\u1ed1i \u0111\u1ec1u, t\u1ed5n th\u1ea5t nhi\u1ec7t l\u00e0 t\u1ed1i thi\u1ec3u, v\u00e0 n\u00f3 ti\u1ebft ki\u1ec7m n\u0103ng l\u01b0\u1ee3ng v\u00e0 th\u00e2n thi\u1ec7n v\u1edbi m\u00f4i tr\u01b0\u1eddng.<\/p>\n<p>Phi\u00ean b\u1ea3n \u0111\u1ed9ng c\u01a1 \u0111\u01b0\u1ee3c trang b\u1ecb b\u1ed9 \u0111i\u1ec1u khi\u1ec3n ti\u1ebfn v\u00e0 l\u00f9i v\u00e0 b\u1ed9 \u0111i\u1ec1u ch\u1ec9nh nhi\u1ec7t \u0111\u1ed9 \u0111\u1ec3 t\u1ea1o \u0111i\u1ec1u ki\u1ec7n thu\u1eadn l\u1ee3i cho vi\u1ec7c n\u1ea5u v\u00e0 lo\u1ea1i b\u1ecf v\u1eadt li\u1ec7u. Tr\u1ed1ng v\u00e0 thi\u1ebft b\u1ecb nghi\u1ec1n \u00e1p d\u1ee5ng \u0111i\u1ec1u ch\u1ec9nh t\u1ed1c \u0111\u1ed9 v\u00f4 c\u1ea5p \u0111\u1ec3 \u0111\u00e1p \u1ee9ng c\u00e1c y\u00eau c\u1ea7u n\u01b0\u1edbng nhi\u1ec1u lo\u1ea1i h\u1ea1t v\u00e0 h\u1ea1t c\u00f3 d\u1ea7u, bao g\u1ed3m \u0111\u1eadu ph\u1ed9ng\/\u0111\u1eadu n\u00e0nh\/c\u1ecd\/d\u1eeba\/\u00f3c ch\u00f3\/h\u1ea1nh nh\u00e2n\/h\u1ea1t h\u01b0\u1edbng d\u01b0\u01a1ng\/h\u1ea1t c\u1ea3i d\u1ea7u\/v\u1eebng\/th\u1ea7u d\u1ea7u\/h\u1ea1t lanh\/h\u1ea1t tung\/h\u1ea1t m\u00f9 t\u1ea1t\/h\u1ea1t d\u1ebb\/h\u1ea1t th\u00f4ng\/ng\u00f4\/\u00f4 liu\/qu\u1ea3 b\u01a1\/h\u1ea1t m\u1ee1\/c\u00e1m g\u1ea1o\/l\u00faa m\u00ec\/ng\u00f4 v\u00e0 c\u00e1c s\u1ea3n ph\u1ea9m c\u00e2y tr\u1ed3ng kh\u00e1c \u0111\u1ec3 \u0111\u00e1p \u1ee9ng nhu c\u1ea7u c\u1ee7a kh\u00e1ch h\u00e0ng. . N\u00f3 \u0111\u00e3 v\u01b0\u1ee3t qua CE ISO v\u00e0 c\u00f3 th\u1ec3 \u0111\u01b0\u1ee3c s\u1eed d\u1ee5ng m\u1ed9t c\u00e1ch t\u1ef1 tin.<\/p>\n<table>\n<tbody>\n<tr bgcolor=\"#123F53\">\n<th style=\"text-align: center;\" colspan=\"3\"><strong><span style=\"color: #fff;\">M\u00e1y rang h\u1ea1t c\u00f3 d\u1ea7u quay b\u1eb1ng \u0111i\u1ec7n<\/span><\/strong><\/th>\n<\/tr>\n<tr>\n<th>\u0110\u1eb7c \u0111i\u1ec3m k\u1ef9 thu\u1eadt<\/th>\n<th>DW63<\/th>\n<th>DW100<\/th>\n<\/tr>\n<tr>\n<th>Dung t\u00edch<\/th>\n<td>80-100 kg\/gi\u1edd (120-150\u00b0C)<br \/>\n160-200 kg\/gi\u1edd (80-100\u00b0C)<\/td>\n<td>100-150 kg\/gi\u1edd (120-150\u00b0C)<br \/>\n200-300 kg\/gi\u1edd (80-100\u00b0C)<\/td>\n<\/tr>\n<tr>\n<th>Quy\u1ec1n l\u1ef1c<\/th>\n<td>16kW<\/td>\n<td>22kW<\/td>\n<\/tr>\n<tr>\n<th>C\u00e2n n\u1eb7ng<\/th>\n<td>255kg<\/td>\n<td>310kg<\/td>\n<\/tr>\n<tr>\n<th>K\u00edch c\u1ee1<\/th>\n<td>1200\u00d7760\u00d71100mm<\/td>\n<td>1450\u00d7820\u00d71780mm<\/td>\n<\/tr>\n<\/tbody>\n<\/table>\n<p><img fetchpriority=\"high\" decoding=\"async\" class=\"alignnone  wp-image-3378\" src=\"https:\/\/smallagrimachinery.com\/wp-content\/uploads\/2025\/06\/Universal-wheel-mobile-nut-oil-seed-rotary-electric-roaster-machine-Display-2.webp\" alt=\"\" width=\"800\" height=\"533\" srcset=\"https:\/\/smallagrimachinery.com\/wp-content\/uploads\/2025\/06\/Universal-wheel-mobile-nut-oil-seed-rotary-electric-roaster-machine-Display-2.webp 800w, https:\/\/smallagrimachinery.com\/wp-content\/uploads\/2025\/06\/Universal-wheel-mobile-nut-oil-seed-rotary-electric-roaster-machine-Display-2-500x333.webp 500w, https:\/\/smallagrimachinery.com\/wp-content\/uploads\/2025\/06\/Universal-wheel-mobile-nut-oil-seed-rotary-electric-roaster-machine-Display-2-768x512.webp 768w, https:\/\/smallagrimachinery.com\/wp-content\/uploads\/2025\/06\/Universal-wheel-mobile-nut-oil-seed-rotary-electric-roaster-machine-Display-2-18x12.webp 18w, https:\/\/smallagrimachinery.com\/wp-content\/uploads\/2025\/06\/Universal-wheel-mobile-nut-oil-seed-rotary-electric-roaster-machine-Display-2-700x466.webp 700w\" sizes=\"(max-width: 800px) 100vw, 800px\" \/> <img decoding=\"async\" class=\"alignnone  wp-image-3376\" src=\"https:\/\/smallagrimachinery.com\/wp-content\/uploads\/2025\/06\/Universal-wheel-mobile-nut-oil-seed-rotary-electric-roaster-machine-Display-5.webp\" alt=\"\" width=\"799\" height=\"534\" srcset=\"https:\/\/smallagrimachinery.com\/wp-content\/uploads\/2025\/06\/Universal-wheel-mobile-nut-oil-seed-rotary-electric-roaster-machine-Display-5.webp 1000w, https:\/\/smallagrimachinery.com\/wp-content\/uploads\/2025\/06\/Universal-wheel-mobile-nut-oil-seed-rotary-electric-roaster-machine-Display-5-500x334.webp 500w, https:\/\/smallagrimachinery.com\/wp-content\/uploads\/2025\/06\/Universal-wheel-mobile-nut-oil-seed-rotary-electric-roaster-machine-Display-5-768x513.webp 768w, https:\/\/smallagrimachinery.com\/wp-content\/uploads\/2025\/06\/Universal-wheel-mobile-nut-oil-seed-rotary-electric-roaster-machine-Display-5-18x12.webp 18w, https:\/\/smallagrimachinery.com\/wp-content\/uploads\/2025\/06\/Universal-wheel-mobile-nut-oil-seed-rotary-electric-roaster-machine-Display-5-700x468.webp 700w\" sizes=\"(max-width: 799px) 100vw, 799px\" \/> <img decoding=\"async\" class=\"alignnone  wp-image-3375\" src=\"https:\/\/smallagrimachinery.com\/wp-content\/uploads\/2025\/06\/Universal-wheel-mobile-nut-oil-seed-rotary-electric-roaster-machine-Display-4.webp\" alt=\"\" width=\"799\" height=\"534\" srcset=\"https:\/\/smallagrimachinery.com\/wp-content\/uploads\/2025\/06\/Universal-wheel-mobile-nut-oil-seed-rotary-electric-roaster-machine-Display-4.webp 1000w, https:\/\/smallagrimachinery.com\/wp-content\/uploads\/2025\/06\/Universal-wheel-mobile-nut-oil-seed-rotary-electric-roaster-machine-Display-4-500x334.webp 500w, https:\/\/smallagrimachinery.com\/wp-content\/uploads\/2025\/06\/Universal-wheel-mobile-nut-oil-seed-rotary-electric-roaster-machine-Display-4-768x513.webp 768w, https:\/\/smallagrimachinery.com\/wp-content\/uploads\/2025\/06\/Universal-wheel-mobile-nut-oil-seed-rotary-electric-roaster-machine-Display-4-18x12.webp 18w, https:\/\/smallagrimachinery.com\/wp-content\/uploads\/2025\/06\/Universal-wheel-mobile-nut-oil-seed-rotary-electric-roaster-machine-Display-4-700x468.webp 700w\" sizes=\"(max-width: 799px) 100vw, 799px\" \/> <img loading=\"lazy\" decoding=\"async\" class=\"alignnone  wp-image-3377\" src=\"https:\/\/smallagrimachinery.com\/wp-content\/uploads\/2025\/06\/Universal-wheel-mobile-nut-oil-seed-rotary-electric-roaster-machine-Display-1.webp\" alt=\"\" width=\"800\" height=\"533\" srcset=\"https:\/\/smallagrimachinery.com\/wp-content\/uploads\/2025\/06\/Universal-wheel-mobile-nut-oil-seed-rotary-electric-roaster-machine-Display-1.webp 750w, https:\/\/smallagrimachinery.com\/wp-content\/uploads\/2025\/06\/Universal-wheel-mobile-nut-oil-seed-rotary-electric-roaster-machine-Display-1-500x333.webp 500w, https:\/\/smallagrimachinery.com\/wp-content\/uploads\/2025\/06\/Universal-wheel-mobile-nut-oil-seed-rotary-electric-roaster-machine-Display-1-18x12.webp 18w, https:\/\/smallagrimachinery.com\/wp-content\/uploads\/2025\/06\/Universal-wheel-mobile-nut-oil-seed-rotary-electric-roaster-machine-Display-1-700x467.webp 700w\" sizes=\"(max-width: 800px) 100vw, 800px\" \/> <img loading=\"lazy\" decoding=\"async\" class=\"alignnone size-full wp-image-3379\" src=\"https:\/\/smallagrimachinery.com\/wp-content\/uploads\/2025\/06\/Universal-wheel-mobile-nut-oil-seed-rotary-electric-roaster-machine-Display-3.webp\" alt=\"\" width=\"800\" height=\"534\" srcset=\"https:\/\/smallagrimachinery.com\/wp-content\/uploads\/2025\/06\/Universal-wheel-mobile-nut-oil-seed-rotary-electric-roaster-machine-Display-3.webp 800w, https:\/\/smallagrimachinery.com\/wp-content\/uploads\/2025\/06\/Universal-wheel-mobile-nut-oil-seed-rotary-electric-roaster-machine-Display-3-500x334.webp 500w, https:\/\/smallagrimachinery.com\/wp-content\/uploads\/2025\/06\/Universal-wheel-mobile-nut-oil-seed-rotary-electric-roaster-machine-Display-3-768x513.webp 768w, https:\/\/smallagrimachinery.com\/wp-content\/uploads\/2025\/06\/Universal-wheel-mobile-nut-oil-seed-rotary-electric-roaster-machine-Display-3-18x12.webp 18w, https:\/\/smallagrimachinery.com\/wp-content\/uploads\/2025\/06\/Universal-wheel-mobile-nut-oil-seed-rotary-electric-roaster-machine-Display-3-700x467.webp 700w\" sizes=\"(max-width: 800px) 100vw, 800px\" \/><\/p>","protected":false},"excerpt":{"rendered":"<ul>\n<li><strong>C\u00f4ng su\u1ea5t rang hi\u1ec7u qu\u1ea3:<\/strong> V\u1edbi c\u00f4ng su\u1ea5t hi\u1ec7u qu\u1ea3 80-300kg\/h, m\u00e1y n\u00e0y l\u00fd t\u01b0\u1edfng cho c\u00e1c nh\u00e0 m\u00e1y d\u1ea7u, nh\u00e0 m\u00e1y ch\u1ebf bi\u1ebfn th\u1ef1c ph\u1ea9m, trang tr\u1ea1i v\u00e0 th\u1eadm ch\u00ed c\u1ea3 ho\u1ea1t \u0111\u1ed9ng rang xay ch\u1ebf bi\u1ebfn th\u1ef1c ph\u1ea9m c\u1ed9ng \u0111\u1ed3ng.<\/li>\n<li><strong>K\u1ebft c\u1ea5u b\u1ec1n b\u1ec9:<\/strong> M\u00e1y rang \u0111\u01b0\u1ee3c l\u00e0m b\u1eb1ng th\u00e9p kh\u00f4ng g\u1ec9 c\u1ea5p th\u1ef1c ph\u1ea9m + th\u00e9p cacbon, \u0111\u1ea3m b\u1ea3o s\u1ea3n ph\u1ea9m b\u1ec1n v\u00e0 ch\u1ed1ng \u0103n m\u00f2n, c\u00f3 th\u1ec3 ch\u1ecbu \u0111\u01b0\u1ee3c s\u1ef1 kh\u1eafc nghi\u1ec7t khi s\u1eed d\u1ee5ng li\u00ean t\u1ee5c.<\/li>\n<li><strong>B\u1ea3o h\u00e0nh v\u00e0 h\u1ed7 tr\u1ee3 to\u00e0n di\u1ec7n:<\/strong> M\u00e1y rang v\u00e0 c\u00e1c b\u1ed9 ph\u1eadn c\u1ed1t l\u00f5i c\u1ee7a m\u00e1y \u0111\u01b0\u1ee3c b\u1ea3o h\u00e0nh 1 n\u0103m, c\u0169ng nh\u01b0 h\u1ed7 tr\u1ee3 k\u1ef9 thu\u1eadt b\u1eb1ng video, mang \u0111\u1ebfn cho kh\u00e1ch h\u00e0ng s\u1ef1 an t\u00e2m v\u00e0 \u0111\u01b0\u1ee3c h\u1ed7 tr\u1ee3 khi c\u1ea7n.<\/li>\n<li><strong>Ti\u1ec7n l\u1ee3i v\u00e0 ti\u1ebft ki\u1ec7m n\u0103ng l\u01b0\u1ee3ng:<\/strong> V\u1edbi c\u00f4ng su\u1ea5t ti\u00eau th\u1ee5 16kw v\u00e0 thi\u1ebft k\u1ebf nh\u1ecf g\u1ecdn, m\u00e1y l\u00e0 gi\u1ea3i ph\u00e1p rang ti\u1ebft ki\u1ec7m n\u0103ng l\u01b0\u1ee3ng v\u00e0 kh\u00f4ng gian cho nh\u1eefng kh\u00e1ch h\u00e0ng mu\u1ed1n t\u1ed1i \u01b0u h\u00f3a quy tr\u00ecnh s\u1ea3n xu\u1ea5t d\u1ea7u.<\/li>\n<\/ul>","protected":false},"featured_media":3374,"comment_status":"open","ping_status":"closed","template":"","meta":[],"product_brand":[],"product_cat":[39],"product_tag":[40],"class_list":{"0":"post-3370","1":"product","2":"type-product","3":"status-publish","4":"has-post-thumbnail","6":"product_cat-roasting-machine","7":"product_tag-drum-roasting-machine","9":"first","10":"instock","11":"taxable","12":"shipping-taxable","13":"product-type-simple"},"_links":{"self":[{"href":"https:\/\/smallagrimachinery.com\/vi\/wp-json\/wp\/v2\/product\/3370","targetHints":{"allow":["GET"]}}],"collection":[{"href":"https:\/\/smallagrimachinery.com\/vi\/wp-json\/wp\/v2\/product"}],"about":[{"href":"https:\/\/smallagrimachinery.com\/vi\/wp-json\/wp\/v2\/types\/product"}],"replies":[{"embeddable":true,"href":"https:\/\/smallagrimachinery.com\/vi\/wp-json\/wp\/v2\/comments?post=3370"}],"wp:featuredmedia":[{"embeddable":true,"href":"https:\/\/smallagrimachinery.com\/vi\/wp-json\/wp\/v2\/media\/3374"}],"wp:attachment":[{"href":"https:\/\/smallagrimachinery.com\/vi\/wp-json\/wp\/v2\/media?parent=3370"}],"wp:term":[{"taxonomy":"product_brand","embeddable":true,"href":"https:\/\/smallagrimachinery.com\/vi\/wp-json\/wp\/v2\/product_brand?post=3370"},{"taxonomy":"product_cat","embeddable":true,"href":"https:\/\/smallagrimachinery.com\/vi\/wp-json\/wp\/v2\/product_cat?post=3370"},{"taxonomy":"product_tag","embeddable":true,"href":"https:\/\/smallagrimachinery.com\/vi\/wp-json\/wp\/v2\/product_tag?post=3370"}],"curies":[{"name":"wp","href":"https:\/\/api.w.org\/{rel}","templated":true}]}}