{"id":3355,"date":"2025-06-04T13:05:10","date_gmt":"2025-06-04T13:05:10","guid":{"rendered":"https:\/\/smallagrimachinery.com\/?post_type=product&#038;p=3355"},"modified":"2025-06-03T13:17:31","modified_gmt":"2025-06-03T13:17:31","slug":"industrial-grade-high-power-cold-pressing-mobile-intelligent-automatic-oil-pressing-machine","status":"publish","type":"product","link":"https:\/\/smallagrimachinery.com\/vi\/product\/industrial-grade-high-power-cold-pressing-mobile-intelligent-automatic-oil-pressing-machine\/","title":{"rendered":"M\u00e1y \u00e9p d\u1ea7u t\u1ef1 \u0111\u1ed9ng th\u00f4ng minh di \u0111\u1ed9ng c\u00f4ng su\u1ea5t cao c\u1ea5p c\u00f4ng nghi\u1ec7p"},"content":{"rendered":"<h3>Gi\u1edbi thi\u1ec7u<\/h3>\n<p>M\u00e1y \u00e9p d\u1ea7u t\u1ef1 \u0111\u1ed9ng th\u00f4ng minh di \u0111\u1ed9ng \u00e9p l\u1ea1nh c\u00f4ng su\u1ea5t cao c\u1ea5p c\u00f4ng nghi\u1ec7p n\u00e0y c\u00f3 b\u1ea3ng \u0111i\u1ec1u khi\u1ec3n d\u1ec5 s\u1eed d\u1ee5ng, ngay c\u1ea3 ng\u01b0\u1eddi m\u1edbi b\u1eaft \u0111\u1ea7u c\u0169ng c\u00f3 th\u1ec3 d\u1ec5 d\u00e0ng \u00e9p d\u1ea7u. L\u1ed7 tr\u00f2n \u0111\u1ec3 x\u1ea3 x\u1ec9, ch\u1eafc ch\u1eafn v\u00e0 b\u1ec1n. Kh\u00f4ng b\u1ecb t\u1eafc ngh\u1ebdn, \u0111\u1ea3m b\u1ea3o s\u1ea3n l\u01b0\u1ee3ng d\u1ea7u cao h\u01a1n. Ph\u1ec5u ch\u1ee9a dung t\u00edch l\u1edbn, c\u00f3 th\u1ec3 ch\u1ee9a 150KG nguy\u00ean li\u1ec7u c\u00e2y tr\u1ed3ng.<\/p>\n<h4><strong><b>\u0110i\u1ec3m b\u00e1n h\u00e0ng c\u1ed1t l\u00f5i<\/b><\/strong><\/h4>\n<ol>\n<li>\u0110\u1ed9ng c\u01a1 bi\u1ebfn t\u1ea7n c\u00f4ng su\u1ea5t cao 7,5kw, c\u00f3 th\u1ec3 \u0111i\u1ec1u ch\u1ec9nh t\u1ed1c \u0111\u1ed9 \u00e9p, c\u00f3 c\u00f4ng su\u1ea5t \u0111\u1ed9ng c\u01a1 \u0111\u1ee7 m\u1ea1nh v\u00e0 b\u1ec1n b\u1ec9.<\/li>\n<li>\u00c9p \u1edf nhi\u1ec7t \u0111\u1ed9 th\u1ea5p trong th\u1eddi gian d\u00e0i, \u00e9p d\u1ea7u cao c\u1ea5p c\u00f3 th\u1ec3 \u0111\u1ea3m b\u1ea3o h\u01b0\u01a1ng v\u1ecb kh\u00f4ng b\u1ecb m\u1ea5t \u0111i, b\u00e1nh d\u1ea7u c\u00f3 th\u1ec3 t\u00e1i s\u1eed d\u1ee5ng.<\/li>\n<li>Th\u00edch h\u1ee3p \u0111\u1ec3 \u00e9p nhi\u1ec1u lo\u1ea1i h\u1ea1t c\u00f3 d\u1ea7u v\u00e0 c\u00e1c lo\u1ea1i h\u1ea1t kh\u00e1c nhau: \u0111\u1eadu n\u00e0nh, h\u1ea1t nho, h\u1ea1t c\u1ea3i d\u1ea7u, h\u1ea1t x\u01b0\u01a1ng r\u1ed3ng, h\u1ea1t h\u01b0\u1edbng d\u01b0\u01a1ng, h\u1ea1t lanh, v\u1eebng, d\u1eeba n\u1ea1o, mi\u1ebfng d\u1eeba, h\u1ea1t ti\u00eau, h\u1ea1t l\u1ef1u, h\u1eafc mai bi\u1ec3n, h\u1ea1t \u0111en, h\u1ea1t brucea, h\u1ea1t lanh, h\u1ea1t c\u00e0 ph\u00ea, h\u1ea1t ca cao, qu\u1ea3 h\u1ed3 tr\u0103n, h\u1ea1t m\u1eafc ca, \u0111\u1eadu ph\u1ed9ng, v\u1eebng, h\u1ea1t b\u00ed ng\u00f4, h\u00fang qu\u1ebf v\u00e0 c\u00e1c lo\u1ea1i c\u00e2y tr\u1ed3ng kh\u00e1c.<\/li>\n<li>C\u00f4ng ngh\u1ec7 c\u1ed1t l\u00f5i, k\u1ebft h\u1ee3p hi\u1ec7u qu\u1ea3 v\u00e0 an to\u00e0n.<\/li>\n<\/ol>\n<table>\n<tbody>\n<tr bgcolor=\"#123F53\">\n<th style=\"text-align: center;\" colspan=\"4\"><strong><span style=\"color: #fff;\">M\u00e1y \u00e9p d\u1ea7u di \u0111\u1ed9ng \u00e9p l\u1ea1nh c\u00f4ng su\u1ea5t cao<\/span><\/strong><\/th>\n<\/tr>\n<tr>\n<th>\u0110\u1eb7c \u0111i\u1ec3m k\u1ef9 thu\u1eadt<\/th>\n<th>Chi ti\u1ebft<\/th>\n<\/tr>\n<tr>\n<th>M\u00f4 h\u00ecnh m\u00e1y \u00e9p d\u1ea7u<\/th>\n<td>S100<\/td>\n<\/tr>\n<tr>\n<th>\u0110i\u1ec7n \u00e1p \u0111\u1ea7u v\u00e0o<\/th>\n<td>380V + 220V \/ 50Hz (3P+N)<\/td>\n<\/tr>\n<tr>\n<th>C\u00f4ng su\u1ea5t \u0111\u1ed9ng c\u01a1<\/th>\n<td>380V \/ 7.5KW, \u0110\u1ed9ng c\u01a1 t\u1ea7n s\u1ed1 thay \u0111\u1ed5i ba pha<\/td>\n<\/tr>\n<tr>\n<th>C\u00f4ng su\u1ea5t s\u01b0\u1edfi \u1ea5m<\/th>\n<td>220V\/2000W<\/td>\n<\/tr>\n<tr>\n<th>K\u00edch th\u01b0\u1edbc m\u00e1y \u00e9p d\u1ea7u<\/th>\n<td>1690\u00d7840\u00d72750mm<\/td>\n<\/tr>\n<tr>\n<th>N\u0103ng l\u1ef1c s\u1ea3n xu\u1ea5t<\/th>\n<td>150kg\/gi\u1edd<\/td>\n<\/tr>\n<tr>\n<th>T\u1ed5ng tr\u1ecdng l\u01b0\u1ee3ng<\/th>\n<td>850kg<\/td>\n<\/tr>\n<tr>\n<th>Ph\u01b0\u01a1ng ph\u00e1p \u0111\u00f3ng g\u00f3i<\/th>\n<td>V\u1ecf g\u1ed7<\/td>\n<\/tr>\n<\/tbody>\n<\/table>\n<p><img fetchpriority=\"high\" decoding=\"async\" class=\"alignnone  wp-image-3361\" src=\"https:\/\/smallagrimachinery.com\/wp-content\/uploads\/2025\/06\/Industrial-grade-high-power-cold-pressing-mobile-intelligent-automatic-oil-pressing-Machine-Details-1.webp\" alt=\"\" width=\"430\" height=\"626\" srcset=\"https:\/\/smallagrimachinery.com\/wp-content\/uploads\/2025\/06\/Industrial-grade-high-power-cold-pressing-mobile-intelligent-automatic-oil-pressing-Machine-Details-1.webp 790w, https:\/\/smallagrimachinery.com\/wp-content\/uploads\/2025\/06\/Industrial-grade-high-power-cold-pressing-mobile-intelligent-automatic-oil-pressing-Machine-Details-1-343x500.webp 343w, https:\/\/smallagrimachinery.com\/wp-content\/uploads\/2025\/06\/Industrial-grade-high-power-cold-pressing-mobile-intelligent-automatic-oil-pressing-Machine-Details-1-768x1118.webp 768w, https:\/\/smallagrimachinery.com\/wp-content\/uploads\/2025\/06\/Industrial-grade-high-power-cold-pressing-mobile-intelligent-automatic-oil-pressing-Machine-Details-1-8x12.webp 8w, https:\/\/smallagrimachinery.com\/wp-content\/uploads\/2025\/06\/Industrial-grade-high-power-cold-pressing-mobile-intelligent-automatic-oil-pressing-Machine-Details-1-700x1019.webp 700w\" sizes=\"(max-width: 430px) 100vw, 430px\" \/> <img decoding=\"async\" class=\"alignnone  wp-image-3364\" src=\"https:\/\/smallagrimachinery.com\/wp-content\/uploads\/2025\/06\/Industrial-grade-high-power-cold-pressing-mobile-intelligent-automatic-oil-pressing-Machine-Details-4.webp\" alt=\"\" width=\"592\" height=\"625\" srcset=\"https:\/\/smallagrimachinery.com\/wp-content\/uploads\/2025\/06\/Industrial-grade-high-power-cold-pressing-mobile-intelligent-automatic-oil-pressing-Machine-Details-4.webp 790w, https:\/\/smallagrimachinery.com\/wp-content\/uploads\/2025\/06\/Industrial-grade-high-power-cold-pressing-mobile-intelligent-automatic-oil-pressing-Machine-Details-4-473x500.webp 473w, https:\/\/smallagrimachinery.com\/wp-content\/uploads\/2025\/06\/Industrial-grade-high-power-cold-pressing-mobile-intelligent-automatic-oil-pressing-Machine-Details-4-768x812.webp 768w, https:\/\/smallagrimachinery.com\/wp-content\/uploads\/2025\/06\/Industrial-grade-high-power-cold-pressing-mobile-intelligent-automatic-oil-pressing-Machine-Details-4-11x12.webp 11w, https:\/\/smallagrimachinery.com\/wp-content\/uploads\/2025\/06\/Industrial-grade-high-power-cold-pressing-mobile-intelligent-automatic-oil-pressing-Machine-Details-4-700x740.webp 700w\" sizes=\"(max-width: 592px) 100vw, 592px\" \/><\/p>\n<p><img decoding=\"async\" class=\"alignnone  wp-image-3362\" src=\"https:\/\/smallagrimachinery.com\/wp-content\/uploads\/2025\/06\/Industrial-grade-high-power-cold-pressing-mobile-intelligent-automatic-oil-pressing-Machine-Details-2.webp\" alt=\"\" width=\"500\" height=\"528\" srcset=\"https:\/\/smallagrimachinery.com\/wp-content\/uploads\/2025\/06\/Industrial-grade-high-power-cold-pressing-mobile-intelligent-automatic-oil-pressing-Machine-Details-2.webp 790w, https:\/\/smallagrimachinery.com\/wp-content\/uploads\/2025\/06\/Industrial-grade-high-power-cold-pressing-mobile-intelligent-automatic-oil-pressing-Machine-Details-2-473x500.webp 473w, https:\/\/smallagrimachinery.com\/wp-content\/uploads\/2025\/06\/Industrial-grade-high-power-cold-pressing-mobile-intelligent-automatic-oil-pressing-Machine-Details-2-768x812.webp 768w, https:\/\/smallagrimachinery.com\/wp-content\/uploads\/2025\/06\/Industrial-grade-high-power-cold-pressing-mobile-intelligent-automatic-oil-pressing-Machine-Details-2-11x12.webp 11w, https:\/\/smallagrimachinery.com\/wp-content\/uploads\/2025\/06\/Industrial-grade-high-power-cold-pressing-mobile-intelligent-automatic-oil-pressing-Machine-Details-2-700x740.webp 700w\" sizes=\"(max-width: 500px) 100vw, 500px\" \/> <img loading=\"lazy\" decoding=\"async\" class=\"alignnone  wp-image-3363\" src=\"https:\/\/smallagrimachinery.com\/wp-content\/uploads\/2025\/06\/Industrial-grade-high-power-cold-pressing-mobile-intelligent-automatic-oil-pressing-Machine-Details-3.webp\" alt=\"\" width=\"500\" height=\"528\" srcset=\"https:\/\/smallagrimachinery.com\/wp-content\/uploads\/2025\/06\/Industrial-grade-high-power-cold-pressing-mobile-intelligent-automatic-oil-pressing-Machine-Details-3.webp 790w, https:\/\/smallagrimachinery.com\/wp-content\/uploads\/2025\/06\/Industrial-grade-high-power-cold-pressing-mobile-intelligent-automatic-oil-pressing-Machine-Details-3-473x500.webp 473w, https:\/\/smallagrimachinery.com\/wp-content\/uploads\/2025\/06\/Industrial-grade-high-power-cold-pressing-mobile-intelligent-automatic-oil-pressing-Machine-Details-3-768x812.webp 768w, https:\/\/smallagrimachinery.com\/wp-content\/uploads\/2025\/06\/Industrial-grade-high-power-cold-pressing-mobile-intelligent-automatic-oil-pressing-Machine-Details-3-11x12.webp 11w, https:\/\/smallagrimachinery.com\/wp-content\/uploads\/2025\/06\/Industrial-grade-high-power-cold-pressing-mobile-intelligent-automatic-oil-pressing-Machine-Details-3-700x740.webp 700w\" sizes=\"(max-width: 500px) 100vw, 500px\" \/> <img loading=\"lazy\" decoding=\"async\" class=\"alignnone  wp-image-3365\" src=\"https:\/\/smallagrimachinery.com\/wp-content\/uploads\/2025\/06\/Industrial-grade-high-power-cold-pressing-mobile-intelligent-automatic-oil-pressing-Machine-Details-5.webp\" alt=\"\" width=\"500\" height=\"570\" srcset=\"https:\/\/smallagrimachinery.com\/wp-content\/uploads\/2025\/06\/Industrial-grade-high-power-cold-pressing-mobile-intelligent-automatic-oil-pressing-Machine-Details-5.webp 790w, https:\/\/smallagrimachinery.com\/wp-content\/uploads\/2025\/06\/Industrial-grade-high-power-cold-pressing-mobile-intelligent-automatic-oil-pressing-Machine-Details-5-439x500.webp 439w, https:\/\/smallagrimachinery.com\/wp-content\/uploads\/2025\/06\/Industrial-grade-high-power-cold-pressing-mobile-intelligent-automatic-oil-pressing-Machine-Details-5-768x875.webp 768w, https:\/\/smallagrimachinery.com\/wp-content\/uploads\/2025\/06\/Industrial-grade-high-power-cold-pressing-mobile-intelligent-automatic-oil-pressing-Machine-Details-5-11x12.webp 11w, https:\/\/smallagrimachinery.com\/wp-content\/uploads\/2025\/06\/Industrial-grade-high-power-cold-pressing-mobile-intelligent-automatic-oil-pressing-Machine-Details-5-700x797.webp 700w\" sizes=\"(max-width: 500px) 100vw, 500px\" \/> <img loading=\"lazy\" decoding=\"async\" class=\"alignnone  wp-image-3366\" src=\"https:\/\/smallagrimachinery.com\/wp-content\/uploads\/2025\/06\/Industrial-grade-high-power-cold-pressing-mobile-intelligent-automatic-oil-pressing-Machine-Details-6.webp\" alt=\"\" width=\"500\" height=\"570\" srcset=\"https:\/\/smallagrimachinery.com\/wp-content\/uploads\/2025\/06\/Industrial-grade-high-power-cold-pressing-mobile-intelligent-automatic-oil-pressing-Machine-Details-6.webp 790w, https:\/\/smallagrimachinery.com\/wp-content\/uploads\/2025\/06\/Industrial-grade-high-power-cold-pressing-mobile-intelligent-automatic-oil-pressing-Machine-Details-6-439x500.webp 439w, https:\/\/smallagrimachinery.com\/wp-content\/uploads\/2025\/06\/Industrial-grade-high-power-cold-pressing-mobile-intelligent-automatic-oil-pressing-Machine-Details-6-768x875.webp 768w, https:\/\/smallagrimachinery.com\/wp-content\/uploads\/2025\/06\/Industrial-grade-high-power-cold-pressing-mobile-intelligent-automatic-oil-pressing-Machine-Details-6-11x12.webp 11w, https:\/\/smallagrimachinery.com\/wp-content\/uploads\/2025\/06\/Industrial-grade-high-power-cold-pressing-mobile-intelligent-automatic-oil-pressing-Machine-Details-6-700x797.webp 700w\" sizes=\"(max-width: 500px) 100vw, 500px\" \/><\/p>","protected":false},"excerpt":{"rendered":"<ul>\n<li><strong><b>\u00c9p c\u00f3 ki\u1ec3m so\u00e1t nhi\u1ec7t \u0111\u1ed9: <\/b><\/strong>Nhi\u1ec7t \u0111\u1ed9 \u00e9p d\u1ea7u c\u00f3 th\u1ec3 \u0111\u01b0\u1ee3c ki\u1ec3m so\u00e1t \u0111\u1ec3 \u0111\u1ea1t \u0111\u01b0\u1ee3c \u00e9p l\u1ea1nh v\u00e0 \u00e9p nhi\u1ec7t \u0111\u1ed9 kh\u00f4ng \u0111\u1ed5i. \u0110\u1ea3m b\u1ea3o s\u1ea3n l\u01b0\u1ee3ng d\u1ea7u.<\/li>\n<li><strong><b>S\u1ee9c m\u1ea1nh m\u1ea1nh m\u1ebd:<\/b><\/strong>\u00a0Cu\u1ed9n d\u00e2y \u0111\u1ed3ng nguy\u00ean ch\u1ea5t cung c\u1ea5p ngu\u1ed3n \u0111i\u1ec7n \u1ed5n \u0111\u1ecbnh h\u01a1n, gi\u1ea3m t\u1ed5n th\u1ea5t \u0111\u1ed9ng c\u01a1 v\u00e0 t\u1ea1o ra ngu\u1ed3n \u0111i\u1ec7n m\u1ea1nh m\u1ebd.<\/li>\n<li><strong><b>V\u1eadt r\u1eafn:<\/b><\/strong>\u00a0Thanh \u00e9p v\u00e0 khung \u00e9p ch\u1eafc ch\u1eafn v\u00e0 b\u1ec1n b\u1ec9, v\u1edbi c\u00f4ng ngh\u1ec7 \u0111\u01b0\u1ee3c c\u1ea5p b\u1eb1ng s\u00e1ng ch\u1ebf (CN202226215670.7). Kh\u00f4ng b\u1ecb n\u00f3ng l\u00ean khi l\u00e0m vi\u1ec7c l\u00e2u d\u00e0i.<\/li>\n<li><strong><b>\u0110i\u1ec1u ch\u1ec9nh t\u1ed1c \u0111\u1ed9 chuy\u1ec3n \u0111\u1ed5i t\u1ea7n s\u1ed1: <\/b><\/strong>B\u1ed9 bi\u1ebfn t\u1ea7n \u00e9p d\u1ea7u v\u00e0 ki\u1ec3m so\u00e1t nhi\u1ec7t \u0111\u1ed9 c\u00f3 th\u1ec3 \u0111\u01b0\u1ee3c \u0111i\u1ec1u ch\u1ec9nh \u0111\u1ec3 th\u00edch \u1ee9ng v\u1edbi ho\u1ea1t \u0111\u1ed9ng \u00e9p d\u1ea7u c\u1ee7a c\u00e1c lo\u1ea1i c\u00e2y tr\u1ed3ng kh\u00e1c nhau.<\/li>\n<\/ul>","protected":false},"featured_media":3356,"comment_status":"open","ping_status":"closed","template":"","meta":[],"product_brand":[],"product_cat":[25],"product_tag":[38],"class_list":{"0":"post-3355","1":"product","2":"type-product","3":"status-publish","4":"has-post-thumbnail","6":"product_cat-oil-press-machine","7":"product_tag-mobile-oil-press-machine","9":"first","10":"instock","11":"taxable","12":"shipping-taxable","13":"product-type-simple"},"_links":{"self":[{"href":"https:\/\/smallagrimachinery.com\/vi\/wp-json\/wp\/v2\/product\/3355","targetHints":{"allow":["GET"]}}],"collection":[{"href":"https:\/\/smallagrimachinery.com\/vi\/wp-json\/wp\/v2\/product"}],"about":[{"href":"https:\/\/smallagrimachinery.com\/vi\/wp-json\/wp\/v2\/types\/product"}],"replies":[{"embeddable":true,"href":"https:\/\/smallagrimachinery.com\/vi\/wp-json\/wp\/v2\/comments?post=3355"}],"wp:featuredmedia":[{"embeddable":true,"href":"https:\/\/smallagrimachinery.com\/vi\/wp-json\/wp\/v2\/media\/3356"}],"wp:attachment":[{"href":"https:\/\/smallagrimachinery.com\/vi\/wp-json\/wp\/v2\/media?parent=3355"}],"wp:term":[{"taxonomy":"product_brand","embeddable":true,"href":"https:\/\/smallagrimachinery.com\/vi\/wp-json\/wp\/v2\/product_brand?post=3355"},{"taxonomy":"product_cat","embeddable":true,"href":"https:\/\/smallagrimachinery.com\/vi\/wp-json\/wp\/v2\/product_cat?post=3355"},{"taxonomy":"product_tag","embeddable":true,"href":"https:\/\/smallagrimachinery.com\/vi\/wp-json\/wp\/v2\/product_tag?post=3355"}],"curies":[{"name":"wp","href":"https:\/\/api.w.org\/{rel}","templated":true}]}}