{"id":3314,"date":"2025-06-01T10:18:17","date_gmt":"2025-06-01T10:18:17","guid":{"rendered":"https:\/\/smallagrimachinery.com\/?post_type=product&#038;p=3314"},"modified":"2025-06-01T10:22:41","modified_gmt":"2025-06-01T10:22:41","slug":"small-commercial-temperature-controlled-cold-press-oil-press","status":"publish","type":"product","link":"https:\/\/smallagrimachinery.com\/vi\/product\/small-commercial-temperature-controlled-cold-press-oil-press\/","title":{"rendered":"M\u00e1y \u00e9p d\u1ea7u l\u1ea1nh ki\u1ec3m so\u00e1t nhi\u1ec7t \u0111\u1ed9 th\u01b0\u01a1ng m\u1ea1i nh\u1ecf"},"content":{"rendered":"<h3>Gi\u1edbi thi\u1ec7u<\/h3>\n<p>M\u00e1y \u00e9p d\u1ea7u l\u1ea1nh ki\u1ec3m so\u00e1t nhi\u1ec7t \u0111\u1ed9 th\u01b0\u01a1ng m\u1ea1i nh\u1ecf n\u00e0y \u00e1p d\u1ee5ng thi\u1ebft k\u1ebf to\u00e0n b\u1ed9 b\u1eb1ng th\u00e9p kh\u00f4ng g\u1ec9. \u0110\u1ed9ng c\u01a1 c\u00f4ng su\u1ea5t cao \u0111\u01b0\u1ee3c k\u1ebft h\u1ee3p v\u1edbi b\u1ed9 bi\u1ebfn t\u1ea7n (\u0111i\u1ec1u ch\u1ec9nh t\u1ed1c \u0111\u1ed9) \u0111\u1ec3 \u00e9p 30 lo\u1ea1i d\u1ea7u c\u00e2y tr\u1ed3ng. N\u00f3 s\u1eed d\u1ee5ng \u0111\u1ed9ng c\u01a1 ba pha 220v \/ 50Hz \u0111\u1ec3 \u0111\u1ea3m b\u1ea3o c\u00f4ng su\u1ea5t \u0111\u1ea7u ra \u1ed5n \u0111\u1ecbnh v\u00e0 m\u1ea1nh m\u1ebd. M\u1ed9t di\u1ec7n t\u00edch l\u1edbn c\u00e1c l\u1ed7 t\u1ea3n nhi\u1ec7t \u0111\u01b0\u1ee3c thi\u1ebft k\u1ebf \u1edf b\u00ean c\u1ea1nh \u0111\u1ec3 \u0111\u1ea3m b\u1ea3o r\u1eb1ng d\u00e2y b\u00ean trong, c\u00f4ng t\u1eafc v\u00e0 c\u00e1c ph\u1ee5 ki\u1ec7n kh\u00e1c tho\u00e1ng kh\u00ed v\u00e0 t\u1ea3n nhi\u1ec7t. H\u1ed7 tr\u1ee3 ho\u1ea1t \u0111\u1ed9ng l\u00e2u d\u00e0i.<\/p>\n<h4>\u0110i\u1ec3m b\u00e1n h\u00e0ng c\u1ed1t l\u00f5i<\/h4>\n<ul>\n<li>\u0110\u1ed9ng c\u01a1 t\u1ea7n s\u1ed1 thay \u0111\u1ed5i 7,5kw c\u00f4ng su\u1ea5t cao, t\u1ed1c \u0111\u1ed9 \u00e9p c\u00f3 th\u1ec3 \u0111i\u1ec1u ch\u1ec9nh, c\u00f4ng su\u1ea5t \u0111\u1ed9ng c\u01a1 m\u1ea1nh m\u1ebd, \u0111\u1ed9 b\u1ec1n l\u00e2u d\u00e0i.<\/li>\n<li>\u00c9p \u1edf nhi\u1ec7t \u0111\u1ed9 th\u1ea5p trong th\u1eddi gian d\u00e0i, \u00e9p d\u1ea7u cao c\u1ea5p c\u00f3 th\u1ec3 \u0111\u1ea3m b\u1ea3o h\u01b0\u01a1ng v\u1ecb kh\u00f4ng b\u1ecb m\u1ea5t \u0111i, b\u00e1nh d\u1ea7u c\u00f3 th\u1ec3 t\u00e1i s\u1eed d\u1ee5ng.<\/li>\n<li>C\u00f3 nhi\u1ec1u lo\u1ea1i d\u1ea7u th\u00edch h\u1ee3p \u0111\u1ec3 \u00e9p: \u0111\u1eadu n\u00e0nh, v\u1eebng, c\u01a1m d\u1eeba, h\u1ea1t ca cao, h\u1ea1t \u00f3c ch\u00f3, h\u1ea1t c\u00e2y gai d\u1ea7u, h\u1ea1t l\u1ef1u, h\u1ea1t lanh, h\u1ea1t nho, h\u1ea1t c\u1ea3i d\u1ea7u, h\u1ea1t x\u01b0\u01a1ng r\u1ed3ng, h\u1ea1t h\u01b0\u1edbng d\u01b0\u01a1ng, h\u1ea1t \u0111en, h\u1ea1t c\u00e0 ph\u00ea, h\u1ea1t ca cao, h\u1ea1t d\u1ebb c\u01b0\u1eddi, h\u1ea1t m\u1eafc ca v\u00e0 c\u00e1c lo\u1ea1i c\u00e2y tr\u1ed3ng kh\u00e1c.<\/li>\n<li>S\u1ea3n ph\u1ea9m \u0111\u01b0\u1ee3c c\u1ea5p b\u1eb1ng s\u00e1ng ch\u1ebf: S\u1ed1 b\u1eb1ng s\u00e1ng ch\u1ebf (CN2023219843723), nhi\u1ec1u l\u1ed7 x\u1ea3 x\u1ec9, c\u00f3 th\u1ec3 \u0111\u1ea3m b\u1ea3o s\u1ea3n l\u01b0\u1ee3ng d\u1ea7u c\u1ee7a d\u1ea7u, n\u00e2ng cao hi\u1ec7u qu\u1ea3 \u00e9p. L\u00e0m ch\u1ee7 c\u00f4ng ngh\u1ec7 c\u1ed1t l\u00f5i \u0111\u1ec3 \u0111\u1ea1t \u0111\u01b0\u1ee3c c\u1ea3 hi\u1ec7u qu\u1ea3 v\u00e0 an to\u00e0n.<\/li>\n<\/ul>\n<table border=\"1\">\n<tbody>\n<tr bgcolor=\"#123F53\">\n<th style=\"text-align: center;\" colspan=\"2\"><strong><span style=\"color: #fff;\">M\u00e1y \u00e9p d\u1ea7u l\u1ea1nh ki\u1ec3m so\u00e1t nhi\u1ec7t \u0111\u1ed9 th\u01b0\u01a1ng m\u1ea1i nh\u1ecf<\/span><\/strong><\/th>\n<\/tr>\n<tr>\n<th>\u0110\u1eb7c \u0111i\u1ec3m k\u1ef9 thu\u1eadt<\/th>\n<th>Chi ti\u1ebft<\/th>\n<\/tr>\n<tr>\n<th>M\u00f4 h\u00ecnh s\u1ea3n ph\u1ea9m<\/th>\n<td>S10<\/td>\n<\/tr>\n<tr>\n<th>\u0110i\u1ec7n \u00e1p \u0111\u1ea7u v\u00e0o<\/th>\n<td>220V\/50Hz<\/td>\n<\/tr>\n<tr>\n<th>C\u00f4ng su\u1ea5t \u0111\u1ed9ng c\u01a1<\/th>\n<td>220V \/ 1,5KW<\/td>\n<\/tr>\n<tr>\n<th>C\u00f4ng su\u1ea5t s\u01b0\u1edfi \u1ea5m<\/th>\n<td>220V \/ 500W<\/td>\n<\/tr>\n<tr>\n<th>K\u00edch th\u01b0\u1edbc m\u00e1y \u00e9p d\u1ea7u<\/th>\n<td>893\u00d7266\u00d7496mm<\/td>\n<\/tr>\n<tr>\n<th>K\u00edch th\u01b0\u1edbc \u0111\u00f3ng g\u00f3i<\/th>\n<td>1030\u00d7430\u00d7530mm<\/td>\n<\/tr>\n<tr>\n<th>Nhi\u1ec7t \u0111\u1ed9 c\u00f3 th\u1ec3 \u0111i\u1ec1u ch\u1ec9nh<\/th>\n<td>0\u2013300\u00b0C<\/td>\n<\/tr>\n<tr>\n<th>T\u1ed1c \u0111\u1ed9 x\u1eed l\u00fd<\/th>\n<td>30\u201335KG\/gi\u1edd<\/td>\n<\/tr>\n<tr>\n<th>T\u1ed5ng tr\u1ecdng l\u01b0\u1ee3ng<\/th>\n<td>90kg<\/td>\n<\/tr>\n<tr>\n<th>Ph\u01b0\u01a1ng ph\u00e1p \u0111\u00f3ng g\u00f3i<\/th>\n<td>V\u1ecf g\u1ed7<\/td>\n<\/tr>\n<\/tbody>\n<\/table>\n<p><i>* \u0110o th\u1ee7 c\u00f4ng c\u00f3 th\u1ec3 c\u00f3 sai s\u1ed1 1\u20133cm. Nhi\u1ec7t \u0111\u1ed9 c\u00f3 th\u1ec3 \u0111\u01b0\u1ee3c thi\u1ebft l\u1eadp d\u1ef1a tr\u00ean lo\u1ea1i v\u1eadt li\u1ec7u. Vui l\u00f2ng li\u00ean h\u1ec7 v\u1edbi ch\u00fang t\u00f4i \u0111\u1ec3 \u0111\u01b0\u1ee3c h\u01b0\u1edbng d\u1eabn k\u1ef9 thu\u1eadt.<\/i><\/p>\n<p><img fetchpriority=\"high\" decoding=\"async\" class=\"alignnone  wp-image-3323\" src=\"https:\/\/smallagrimachinery.com\/wp-content\/uploads\/2025\/06\/Small-commercial-temperature-controlled-cold-press-oil-press-Details-1.webp\" alt=\"\" width=\"450\" height=\"642\" srcset=\"https:\/\/smallagrimachinery.com\/wp-content\/uploads\/2025\/06\/Small-commercial-temperature-controlled-cold-press-oil-press-Details-1.webp 790w, https:\/\/smallagrimachinery.com\/wp-content\/uploads\/2025\/06\/Small-commercial-temperature-controlled-cold-press-oil-press-Details-1-350x500.webp 350w, https:\/\/smallagrimachinery.com\/wp-content\/uploads\/2025\/06\/Small-commercial-temperature-controlled-cold-press-oil-press-Details-1-768x1097.webp 768w, https:\/\/smallagrimachinery.com\/wp-content\/uploads\/2025\/06\/Small-commercial-temperature-controlled-cold-press-oil-press-Details-1-8x12.webp 8w, https:\/\/smallagrimachinery.com\/wp-content\/uploads\/2025\/06\/Small-commercial-temperature-controlled-cold-press-oil-press-Details-1-700x999.webp 700w\" sizes=\"(max-width: 450px) 100vw, 450px\" \/> <img decoding=\"async\" class=\"alignnone  wp-image-3324\" src=\"https:\/\/smallagrimachinery.com\/wp-content\/uploads\/2025\/06\/Small-commercial-temperature-controlled-cold-press-oil-press-Details-3-2.webp\" alt=\"\" width=\"450\" height=\"608\" srcset=\"https:\/\/smallagrimachinery.com\/wp-content\/uploads\/2025\/06\/Small-commercial-temperature-controlled-cold-press-oil-press-Details-3-2.webp 750w, https:\/\/smallagrimachinery.com\/wp-content\/uploads\/2025\/06\/Small-commercial-temperature-controlled-cold-press-oil-press-Details-3-2-370x500.webp 370w, https:\/\/smallagrimachinery.com\/wp-content\/uploads\/2025\/06\/Small-commercial-temperature-controlled-cold-press-oil-press-Details-3-2-9x12.webp 9w, https:\/\/smallagrimachinery.com\/wp-content\/uploads\/2025\/06\/Small-commercial-temperature-controlled-cold-press-oil-press-Details-3-2-700x945.webp 700w\" sizes=\"(max-width: 450px) 100vw, 450px\" \/><\/p>\n<p><img decoding=\"async\" class=\"alignnone  wp-image-3325\" src=\"https:\/\/smallagrimachinery.com\/wp-content\/uploads\/2025\/06\/Small-commercial-temperature-controlled-cold-press-oil-press-Details-4.webp\" alt=\"\" width=\"450\" height=\"543\" srcset=\"https:\/\/smallagrimachinery.com\/wp-content\/uploads\/2025\/06\/Small-commercial-temperature-controlled-cold-press-oil-press-Details-4.webp 790w, https:\/\/smallagrimachinery.com\/wp-content\/uploads\/2025\/06\/Small-commercial-temperature-controlled-cold-press-oil-press-Details-4-414x500.webp 414w, https:\/\/smallagrimachinery.com\/wp-content\/uploads\/2025\/06\/Small-commercial-temperature-controlled-cold-press-oil-press-Details-4-768x927.webp 768w, https:\/\/smallagrimachinery.com\/wp-content\/uploads\/2025\/06\/Small-commercial-temperature-controlled-cold-press-oil-press-Details-4-10x12.webp 10w, https:\/\/smallagrimachinery.com\/wp-content\/uploads\/2025\/06\/Small-commercial-temperature-controlled-cold-press-oil-press-Details-4-700x845.webp 700w\" sizes=\"(max-width: 450px) 100vw, 450px\" \/> <img loading=\"lazy\" decoding=\"async\" class=\"alignnone  wp-image-3326\" src=\"https:\/\/smallagrimachinery.com\/wp-content\/uploads\/2025\/06\/Small-commercial-temperature-controlled-cold-press-oil-press-Details-3.webp\" alt=\"\" width=\"450\" height=\"478\" srcset=\"https:\/\/smallagrimachinery.com\/wp-content\/uploads\/2025\/06\/Small-commercial-temperature-controlled-cold-press-oil-press-Details-3.webp 790w, https:\/\/smallagrimachinery.com\/wp-content\/uploads\/2025\/06\/Small-commercial-temperature-controlled-cold-press-oil-press-Details-3-471x500.webp 471w, https:\/\/smallagrimachinery.com\/wp-content\/uploads\/2025\/06\/Small-commercial-temperature-controlled-cold-press-oil-press-Details-3-768x816.webp 768w, https:\/\/smallagrimachinery.com\/wp-content\/uploads\/2025\/06\/Small-commercial-temperature-controlled-cold-press-oil-press-Details-3-11x12.webp 11w, https:\/\/smallagrimachinery.com\/wp-content\/uploads\/2025\/06\/Small-commercial-temperature-controlled-cold-press-oil-press-Details-3-700x743.webp 700w\" sizes=\"(max-width: 450px) 100vw, 450px\" \/><\/p>\n<p><img loading=\"lazy\" decoding=\"async\" class=\"alignnone size-full wp-image-3327\" src=\"https:\/\/smallagrimachinery.com\/wp-content\/uploads\/2025\/06\/Small-commercial-temperature-controlled-cold-press-oil-press-Details-5.webp\" alt=\"\" width=\"790\" height=\"1560\" srcset=\"https:\/\/smallagrimachinery.com\/wp-content\/uploads\/2025\/06\/Small-commercial-temperature-controlled-cold-press-oil-press-Details-5.webp 790w, https:\/\/smallagrimachinery.com\/wp-content\/uploads\/2025\/06\/Small-commercial-temperature-controlled-cold-press-oil-press-Details-5-253x500.webp 253w, https:\/\/smallagrimachinery.com\/wp-content\/uploads\/2025\/06\/Small-commercial-temperature-controlled-cold-press-oil-press-Details-5-608x1200.webp 608w, https:\/\/smallagrimachinery.com\/wp-content\/uploads\/2025\/06\/Small-commercial-temperature-controlled-cold-press-oil-press-Details-5-768x1517.webp 768w, https:\/\/smallagrimachinery.com\/wp-content\/uploads\/2025\/06\/Small-commercial-temperature-controlled-cold-press-oil-press-Details-5-778x1536.webp 778w, https:\/\/smallagrimachinery.com\/wp-content\/uploads\/2025\/06\/Small-commercial-temperature-controlled-cold-press-oil-press-Details-5-6x12.webp 6w, https:\/\/smallagrimachinery.com\/wp-content\/uploads\/2025\/06\/Small-commercial-temperature-controlled-cold-press-oil-press-Details-5-700x1382.webp 700w\" sizes=\"(max-width: 790px) 100vw, 790px\" \/> <img loading=\"lazy\" decoding=\"async\" class=\"alignnone size-full wp-image-3328\" src=\"https:\/\/smallagrimachinery.com\/wp-content\/uploads\/2025\/06\/Small-commercial-temperature-controlled-cold-press-oil-press-Details-6.webp\" alt=\"\" width=\"790\" height=\"762\" srcset=\"https:\/\/smallagrimachinery.com\/wp-content\/uploads\/2025\/06\/Small-commercial-temperature-controlled-cold-press-oil-press-Details-6.webp 790w, https:\/\/smallagrimachinery.com\/wp-content\/uploads\/2025\/06\/Small-commercial-temperature-controlled-cold-press-oil-press-Details-6-500x482.webp 500w, https:\/\/smallagrimachinery.com\/wp-content\/uploads\/2025\/06\/Small-commercial-temperature-controlled-cold-press-oil-press-Details-6-768x741.webp 768w, https:\/\/smallagrimachinery.com\/wp-content\/uploads\/2025\/06\/Small-commercial-temperature-controlled-cold-press-oil-press-Details-6-12x12.webp 12w, https:\/\/smallagrimachinery.com\/wp-content\/uploads\/2025\/06\/Small-commercial-temperature-controlled-cold-press-oil-press-Details-6-700x675.webp 700w\" sizes=\"(max-width: 790px) 100vw, 790px\" \/><\/p>","protected":false},"excerpt":{"rendered":"<ul>\n<li><strong>C\u00f4ng su\u1ea5t cao:<\/strong> \u0110\u1ed9ng c\u01a1 bi\u1ebfn t\u1ea7n 7,5kw, c\u00f3 th\u1ec3 d\u1ec5 d\u00e0ng \u00e9p nhi\u1ec1u lo\u1ea1i h\u1ea1t v\u00e0 h\u1ea1t c\u00f3 d\u1ea7u. Gi\u1ea3m h\u00e0m l\u01b0\u1ee3ng d\u1ea7u c\u00f2n s\u00f3t l\u1ea1i c\u1ee7a c\u1eb7n d\u1ea7u.<\/li>\n<li><strong>H\u1ec7 th\u1ed1ng ki\u1ec3m so\u00e1t nhi\u1ec7t \u0111\u1ed9:<\/strong> h\u1ed7 tr\u1ee3 \u0111i\u1ec1u ch\u1ec9nh ph\u1ea1m vi nhi\u1ec7t \u0111\u1ed9 t\u1eeb \u201cnhi\u1ec7t \u0111\u1ed9 b\u00ecnh th\u01b0\u1eddng \u0111\u1ebfn 300\u2103\u201d. H\u1ed7 tr\u1ee3 c\u1ea3 ch\u1ebf \u0111\u1ed9 \u00e9p l\u1ea1nh v\u00e0 \u00e9p n\u00f3ng.<\/li>\n<li><strong>Thi\u1ebft k\u1ebf \u0111\u01b0\u1ee3c c\u1ea5p b\u1eb1ng s\u00e1ng ch\u1ebf:<\/strong> L\u1ed7 tr\u00f2n x\u1ea3 x\u1ec9 \u0111\u1ec3 tr\u00e1nh t\u1eafc x\u1ec9, n\u00e2ng cao s\u1ea3n l\u01b0\u1ee3ng d\u1ea7u v\u00e0 \u0111\u1ea3m b\u1ea3o ho\u1ea1t \u0111\u1ed9ng \u1ed5n \u0111\u1ecbnh.<\/li>\n<li><strong>Ho\u1ea1t \u0111\u1ed9ng \u0111\u01a1n gi\u1ea3n:<\/strong> B\u1ea3ng \u0111i\u1ec1u khi\u1ec3n \u0111\u01a1n gi\u1ea3n v\u00e0 d\u1ec5 s\u1eed d\u1ee5ng, ch\u1ec9 c\u1ea7n m\u1ed9t ng\u01b0\u1eddi c\u0169ng c\u00f3 th\u1ec3 ho\u00e0n th\u00e0nh thao t\u00e1c.<\/li>\n<\/ul>","protected":false},"featured_media":3316,"comment_status":"open","ping_status":"closed","template":"","meta":[],"product_brand":[],"product_cat":[25],"product_tag":[38],"class_list":{"0":"post-3314","1":"product","2":"type-product","3":"status-publish","4":"has-post-thumbnail","6":"product_cat-oil-press-machine","7":"product_tag-mobile-oil-press-machine","9":"first","10":"instock","11":"taxable","12":"shipping-taxable","13":"product-type-simple"},"_links":{"self":[{"href":"https:\/\/smallagrimachinery.com\/vi\/wp-json\/wp\/v2\/product\/3314","targetHints":{"allow":["GET"]}}],"collection":[{"href":"https:\/\/smallagrimachinery.com\/vi\/wp-json\/wp\/v2\/product"}],"about":[{"href":"https:\/\/smallagrimachinery.com\/vi\/wp-json\/wp\/v2\/types\/product"}],"replies":[{"embeddable":true,"href":"https:\/\/smallagrimachinery.com\/vi\/wp-json\/wp\/v2\/comments?post=3314"}],"wp:featuredmedia":[{"embeddable":true,"href":"https:\/\/smallagrimachinery.com\/vi\/wp-json\/wp\/v2\/media\/3316"}],"wp:attachment":[{"href":"https:\/\/smallagrimachinery.com\/vi\/wp-json\/wp\/v2\/media?parent=3314"}],"wp:term":[{"taxonomy":"product_brand","embeddable":true,"href":"https:\/\/smallagrimachinery.com\/vi\/wp-json\/wp\/v2\/product_brand?post=3314"},{"taxonomy":"product_cat","embeddable":true,"href":"https:\/\/smallagrimachinery.com\/vi\/wp-json\/wp\/v2\/product_cat?post=3314"},{"taxonomy":"product_tag","embeddable":true,"href":"https:\/\/smallagrimachinery.com\/vi\/wp-json\/wp\/v2\/product_tag?post=3314"}],"curies":[{"name":"wp","href":"https:\/\/api.w.org\/{rel}","templated":true}]}}