{"id":3220,"date":"2025-05-28T15:17:46","date_gmt":"2025-05-28T15:17:46","guid":{"rendered":"https:\/\/smallagrimachinery.com\/?post_type=product&#038;p=3220"},"modified":"2025-05-28T15:20:14","modified_gmt":"2025-05-28T15:20:14","slug":"big-capacity-red-oil-extractor-palm-fruit-electric-or-diesel-oil-press-machine","status":"publish","type":"product","link":"https:\/\/smallagrimachinery.com\/vi\/product\/big-capacity-red-oil-extractor-palm-fruit-electric-or-diesel-oil-press-machine\/","title":{"rendered":"M\u00e1y \u00e9p d\u1ea7u qu\u1ea3 c\u1ecd c\u00f4ng su\u1ea5t l\u1edbn b\u1eb1ng \u0111i\u1ec7n ho\u1eb7c d\u1ea7u diesel"},"content":{"rendered":"<h3>Gi\u1edbi thi\u1ec7u<\/h3>\n<p>M\u00e1y \u00e9p d\u1ea7u \u0111\u1ecf qu\u1ea3 c\u1ecd l\u1edbn n\u00e0y c\u00f3 hi\u1ec7u su\u1ea5t s\u1ea3n xu\u1ea5t cao v\u00e0 c\u00f3 th\u1ec3 h\u1ed7 tr\u1ee3 c\u00f4ng su\u1ea5t ch\u1ebf bi\u1ebfn l\u00ean \u0111\u1ebfn 5000kg m\u1ed7i gi\u1edd \u0111\u1ec3 \u0111\u00e1p \u1ee9ng nhu c\u1ea7u \u00e9p d\u1ea7u v\u00e0o m\u00f9a cao \u0111i\u1ec3m. C\u00f3 th\u1ec3 chi\u1ebft xu\u1ea5t d\u1ea7u h\u1ea1t c\u1ecd (PKO) v\u00e0 b\u00e1nh h\u1ea1t c\u1ecd (PKC). D\u1ea7u chi\u1ebft xu\u1ea5t t\u1eeb d\u1ea7u h\u1ea1t c\u1ecd (PKO) c\u00f3 th\u1ec3 \u0111\u01b0\u1ee3c s\u1eed d\u1ee5ng \u0111\u1ec3 s\u1ea3n xu\u1ea5t x\u00e0 ph\u00f2ng v\u00e0 c\u00e1c s\u1ea3n ph\u1ea9m c\u00f4ng nghi\u1ec7p kh\u00e1c. Ph\u1ea7n b\u00e3 c\u1ecd c\u00f2n l\u1ea1i \u0111\u01b0\u1ee3c nghi\u1ec1n th\u00e0nh b\u1ed9t (PKC) v\u00e0 c\u00f3 th\u1ec3 \u0111\u01b0\u1ee3c s\u1eed d\u1ee5ng l\u00e0m th\u1ee9c \u0103n ch\u0103n nu\u00f4i.<\/p>\n<table>\n<tbody>\n<tr bgcolor=\"#123F53\">\n<th style=\"text-align: center;\" colspan=\"4\"><strong><span style=\"color: #fff;\">M\u00e1y \u00e9p d\u1ea7u \u0111i\u1ec7n ho\u1eb7c d\u1ea7u diesel c\u00f4ng su\u1ea5t l\u1edbn<br \/>\n<\/span><\/strong><\/th>\n<\/tr>\n<tr>\n<th>Ng\u01b0\u1eddi m\u1eabu<\/th>\n<th>B2<\/th>\n<th>B3<\/th>\n<th>B5<\/th>\n<\/tr>\n<tr>\n<th>Kh\u1ea3 n\u0103ng x\u1eed l\u00fd<\/th>\n<td>800\u20131000kg\/gi\u1edd<\/td>\n<td>2000\u20133000kg\/gi\u1edd<\/td>\n<td>5000kg\/gi\u1edd<\/td>\n<\/tr>\n<tr>\n<th>S\u1ee9c m\u1ea1nh ph\u00f9 h\u1ee3p<\/th>\n<td>5,5\u20137,5kW ba pha \/ 15hp<\/td>\n<td>11\u201315kW ba pha<\/td>\n<td>15kW ba pha<\/td>\n<\/tr>\n<tr>\n<th>K\u00edch th\u01b0\u1edbc b\u00ean trong<\/th>\n<td>200\u00d7900mm<\/td>\n<td>300\u00d7900mm<\/td>\n<td>400\u00d71700mm<\/td>\n<\/tr>\n<tr>\n<th>Chi\u1ec1u d\u00e0i xo\u1eafn \u1ed1c<\/th>\n<td>900mm<\/td>\n<td>900mm<\/td>\n<td>1300mm<\/td>\n<\/tr>\n<tr>\n<th>T\u1ed1c \u0111\u1ed9 v\u00edt<\/th>\n<td>35\u201340 v\u00f2ng\/ph\u00fat<\/td>\n<td>35\u201340 v\u00f2ng\/ph\u00fat<\/td>\n<td>15\u201320 v\u00f2ng\/ph\u00fat<\/td>\n<\/tr>\n<tr>\n<th>T\u1ed5ng tr\u1ecdng l\u01b0\u1ee3ng\/T\u1ecbnh tr\u1ecdng l\u01b0\u1ee3ng<\/th>\n<td>800\/900kg<\/td>\n<td>1200\/1300kg<\/td>\n<td>2100\/2200kg<\/td>\n<\/tr>\n<tr>\n<th>K\u00edch th\u01b0\u1edbc g\u00f3i<\/th>\n<td>2450\u00d7900\u00d71150mm<\/td>\n<td>2700\u00d71200\u00d71000mm<\/td>\n<td>3470\u00d71560\u00d71500mm<\/td>\n<\/tr>\n<\/tbody>\n<\/table>\n<p><img fetchpriority=\"high\" decoding=\"async\" class=\"alignnone  wp-image-3228\" src=\"https:\/\/smallagrimachinery.com\/wp-content\/uploads\/2025\/05\/Big-Capacity-Red-Oil-Extractor-Palm-Fruit-Electric-or-Diesel-Oil-Press-Machine-Detailed-2.webp\" alt=\"\" width=\"999\" height=\"750\" srcset=\"https:\/\/smallagrimachinery.com\/wp-content\/uploads\/2025\/05\/Big-Capacity-Red-Oil-Extractor-Palm-Fruit-Electric-or-Diesel-Oil-Press-Machine-Detailed-2.webp 1440w, https:\/\/smallagrimachinery.com\/wp-content\/uploads\/2025\/05\/Big-Capacity-Red-Oil-Extractor-Palm-Fruit-Electric-or-Diesel-Oil-Press-Machine-Detailed-2-500x375.webp 500w, https:\/\/smallagrimachinery.com\/wp-content\/uploads\/2025\/05\/Big-Capacity-Red-Oil-Extractor-Palm-Fruit-Electric-or-Diesel-Oil-Press-Machine-Detailed-2-1200x900.webp 1200w, https:\/\/smallagrimachinery.com\/wp-content\/uploads\/2025\/05\/Big-Capacity-Red-Oil-Extractor-Palm-Fruit-Electric-or-Diesel-Oil-Press-Machine-Detailed-2-768x576.webp 768w, https:\/\/smallagrimachinery.com\/wp-content\/uploads\/2025\/05\/Big-Capacity-Red-Oil-Extractor-Palm-Fruit-Electric-or-Diesel-Oil-Press-Machine-Detailed-2-16x12.webp 16w, https:\/\/smallagrimachinery.com\/wp-content\/uploads\/2025\/05\/Big-Capacity-Red-Oil-Extractor-Palm-Fruit-Electric-or-Diesel-Oil-Press-Machine-Detailed-2-700x525.webp 700w\" sizes=\"(max-width: 999px) 100vw, 999px\" \/> <img decoding=\"async\" class=\"alignnone  wp-image-3225\" src=\"https:\/\/smallagrimachinery.com\/wp-content\/uploads\/2025\/05\/Big-Capacity-Red-Oil-Extractor-Palm-Fruit-Electric-or-Diesel-Oil-Press-Machine-Detailed-3.webp\" alt=\"\" width=\"1001\" height=\"751\" srcset=\"https:\/\/smallagrimachinery.com\/wp-content\/uploads\/2025\/05\/Big-Capacity-Red-Oil-Extractor-Palm-Fruit-Electric-or-Diesel-Oil-Press-Machine-Detailed-3.webp 1440w, https:\/\/smallagrimachinery.com\/wp-content\/uploads\/2025\/05\/Big-Capacity-Red-Oil-Extractor-Palm-Fruit-Electric-or-Diesel-Oil-Press-Machine-Detailed-3-500x375.webp 500w, https:\/\/smallagrimachinery.com\/wp-content\/uploads\/2025\/05\/Big-Capacity-Red-Oil-Extractor-Palm-Fruit-Electric-or-Diesel-Oil-Press-Machine-Detailed-3-1200x900.webp 1200w, https:\/\/smallagrimachinery.com\/wp-content\/uploads\/2025\/05\/Big-Capacity-Red-Oil-Extractor-Palm-Fruit-Electric-or-Diesel-Oil-Press-Machine-Detailed-3-768x576.webp 768w, https:\/\/smallagrimachinery.com\/wp-content\/uploads\/2025\/05\/Big-Capacity-Red-Oil-Extractor-Palm-Fruit-Electric-or-Diesel-Oil-Press-Machine-Detailed-3-16x12.webp 16w, https:\/\/smallagrimachinery.com\/wp-content\/uploads\/2025\/05\/Big-Capacity-Red-Oil-Extractor-Palm-Fruit-Electric-or-Diesel-Oil-Press-Machine-Detailed-3-700x525.webp 700w\" sizes=\"(max-width: 1001px) 100vw, 1001px\" \/> <img decoding=\"async\" class=\"alignnone  wp-image-3226\" src=\"https:\/\/smallagrimachinery.com\/wp-content\/uploads\/2025\/05\/Big-Capacity-Red-Oil-Extractor-Palm-Fruit-Electric-or-Diesel-Oil-Press-Machine-Detailed-4.webp\" alt=\"\" width=\"999\" height=\"750\" srcset=\"https:\/\/smallagrimachinery.com\/wp-content\/uploads\/2025\/05\/Big-Capacity-Red-Oil-Extractor-Palm-Fruit-Electric-or-Diesel-Oil-Press-Machine-Detailed-4.webp 1440w, https:\/\/smallagrimachinery.com\/wp-content\/uploads\/2025\/05\/Big-Capacity-Red-Oil-Extractor-Palm-Fruit-Electric-or-Diesel-Oil-Press-Machine-Detailed-4-500x375.webp 500w, https:\/\/smallagrimachinery.com\/wp-content\/uploads\/2025\/05\/Big-Capacity-Red-Oil-Extractor-Palm-Fruit-Electric-or-Diesel-Oil-Press-Machine-Detailed-4-1200x900.webp 1200w, https:\/\/smallagrimachinery.com\/wp-content\/uploads\/2025\/05\/Big-Capacity-Red-Oil-Extractor-Palm-Fruit-Electric-or-Diesel-Oil-Press-Machine-Detailed-4-768x576.webp 768w, https:\/\/smallagrimachinery.com\/wp-content\/uploads\/2025\/05\/Big-Capacity-Red-Oil-Extractor-Palm-Fruit-Electric-or-Diesel-Oil-Press-Machine-Detailed-4-16x12.webp 16w, https:\/\/smallagrimachinery.com\/wp-content\/uploads\/2025\/05\/Big-Capacity-Red-Oil-Extractor-Palm-Fruit-Electric-or-Diesel-Oil-Press-Machine-Detailed-4-700x525.webp 700w\" sizes=\"(max-width: 999px) 100vw, 999px\" \/> <img loading=\"lazy\" decoding=\"async\" class=\"alignnone  wp-image-3227\" src=\"https:\/\/smallagrimachinery.com\/wp-content\/uploads\/2025\/05\/Big-Capacity-Red-Oil-Extractor-Palm-Fruit-Electric-or-Diesel-Oil-Press-Machine-Detailed-1.webp\" alt=\"\" width=\"1001\" height=\"668\" srcset=\"https:\/\/smallagrimachinery.com\/wp-content\/uploads\/2025\/05\/Big-Capacity-Red-Oil-Extractor-Palm-Fruit-Electric-or-Diesel-Oil-Press-Machine-Detailed-1.webp 1183w, https:\/\/smallagrimachinery.com\/wp-content\/uploads\/2025\/05\/Big-Capacity-Red-Oil-Extractor-Palm-Fruit-Electric-or-Diesel-Oil-Press-Machine-Detailed-1-500x333.webp 500w, https:\/\/smallagrimachinery.com\/wp-content\/uploads\/2025\/05\/Big-Capacity-Red-Oil-Extractor-Palm-Fruit-Electric-or-Diesel-Oil-Press-Machine-Detailed-1-768x512.webp 768w, https:\/\/smallagrimachinery.com\/wp-content\/uploads\/2025\/05\/Big-Capacity-Red-Oil-Extractor-Palm-Fruit-Electric-or-Diesel-Oil-Press-Machine-Detailed-1-18x12.webp 18w, https:\/\/smallagrimachinery.com\/wp-content\/uploads\/2025\/05\/Big-Capacity-Red-Oil-Extractor-Palm-Fruit-Electric-or-Diesel-Oil-Press-Machine-Detailed-1-700x467.webp 700w\" sizes=\"(max-width: 1001px) 100vw, 1001px\" \/><\/p>","protected":false},"excerpt":{"rendered":"<ul>\n<li><strong>M\u1ea1nh m\u1ebd v\u00e0 b\u1ec1n b\u1ec9:<\/strong> th\u00e9p ch\u1eafc ch\u1eafn + l\u1edbp ph\u1ee7 ch\u1ed1ng g\u1ec9 v\u00e0 ch\u1ed1ng m\u00e0i m\u00f2n \u0111\u1ea3m b\u1ea3o ho\u1ea1t \u0111\u1ed9ng li\u00ean t\u1ee5c v\u00e0 ch\u1ed1ng \u1ea9m.<\/li>\n<li><strong>N\u0103ng l\u1ef1c x\u1eed l\u00fd hi\u1ec7u qu\u1ea3:<\/strong> c\u00f4ng su\u1ea5t x\u1eed l\u00fd m\u1ed7i gi\u1edd dao \u0111\u1ed9ng t\u1eeb 800-5000, \u0111\u00e1p \u1ee9ng nhu c\u1ea7u khai th\u00e1c d\u1ea7u \u0111\u1ecf quy m\u00f4 l\u1edbn.<\/li>\n<li><strong>Ngu\u1ed3n \u0111i\u1ec7n k\u00e9p:<\/strong> C\u00f3 th\u1ec3 l\u1ef1a ch\u1ecdn \u0111\u1ed9ng c\u01a1 diesel ho\u1eb7c \u0111\u1ed9ng c\u01a1 motor t\u00f9y theo nhu c\u1ea7u \u0111\u1ec3 \u0111\u1ea3m b\u1ea3o n\u0103ng su\u1ea5t s\u1ea3n xu\u1ea5t kh\u00f4ng b\u1ecb \u1ea3nh h\u01b0\u1edfng b\u1edfi \u0111i\u1ec7n.<\/li>\n<li><strong>C\u00f3 th\u1ec3 t\u00f9y ch\u1ec9nh:<\/strong> To\u00e0n b\u1ed9 h\u1ec7 th\u1ed1ng b\u0103ng t\u1ea3i, thang m\u00e1y, m\u00e1y \u00e9p d\u1ea7u v\u00e0 d\u00e2y chuy\u1ec1n s\u1ea3n xu\u1ea5t \u00e9p d\u1ea7u l\u1ecdc d\u1ea7u c\u00f3 th\u1ec3 \u0111\u01b0\u1ee3c t\u00f9y ch\u1ec9nh theo nhu c\u1ea7u.<\/li>\n<\/ul>","protected":false},"featured_media":3224,"comment_status":"open","ping_status":"closed","template":"","meta":[],"product_brand":[],"product_cat":[25],"product_tag":[28],"class_list":{"0":"post-3220","1":"product","2":"type-product","3":"status-publish","4":"has-post-thumbnail","6":"product_cat-oil-press-machine","7":"product_tag-diesel-powered-oil-press-machine","9":"first","10":"instock","11":"taxable","12":"shipping-taxable","13":"product-type-simple"},"_links":{"self":[{"href":"https:\/\/smallagrimachinery.com\/vi\/wp-json\/wp\/v2\/product\/3220","targetHints":{"allow":["GET"]}}],"collection":[{"href":"https:\/\/smallagrimachinery.com\/vi\/wp-json\/wp\/v2\/product"}],"about":[{"href":"https:\/\/smallagrimachinery.com\/vi\/wp-json\/wp\/v2\/types\/product"}],"replies":[{"embeddable":true,"href":"https:\/\/smallagrimachinery.com\/vi\/wp-json\/wp\/v2\/comments?post=3220"}],"wp:featuredmedia":[{"embeddable":true,"href":"https:\/\/smallagrimachinery.com\/vi\/wp-json\/wp\/v2\/media\/3224"}],"wp:attachment":[{"href":"https:\/\/smallagrimachinery.com\/vi\/wp-json\/wp\/v2\/media?parent=3220"}],"wp:term":[{"taxonomy":"product_brand","embeddable":true,"href":"https:\/\/smallagrimachinery.com\/vi\/wp-json\/wp\/v2\/product_brand?post=3220"},{"taxonomy":"product_cat","embeddable":true,"href":"https:\/\/smallagrimachinery.com\/vi\/wp-json\/wp\/v2\/product_cat?post=3220"},{"taxonomy":"product_tag","embeddable":true,"href":"https:\/\/smallagrimachinery.com\/vi\/wp-json\/wp\/v2\/product_tag?post=3220"}],"curies":[{"name":"wp","href":"https:\/\/api.w.org\/{rel}","templated":true}]}}