{"id":3207,"date":"2025-05-28T14:59:41","date_gmt":"2025-05-28T14:59:41","guid":{"rendered":"https:\/\/smallagrimachinery.com\/?post_type=product&#038;p=3207"},"modified":"2025-05-28T15:07:02","modified_gmt":"2025-05-28T15:07:02","slug":"low-temperature-cold-pressing-mobile-commercial-high-end-oil-press-machine","status":"publish","type":"product","link":"https:\/\/smallagrimachinery.com\/vi\/product\/low-temperature-cold-pressing-mobile-commercial-high-end-oil-press-machine\/","title":{"rendered":"M\u00e1y \u00e9p d\u1ea7u di \u0111\u1ed9ng th\u01b0\u01a1ng m\u1ea1i cao c\u1ea5p nhi\u1ec7t \u0111\u1ed9 th\u1ea5p 4000W"},"content":{"rendered":"<h3>Gi\u1edbi thi\u1ec7u<\/h3>\n<p>M\u00e1y \u00e9p d\u1ea7u di \u0111\u1ed9ng th\u01b0\u01a1ng m\u1ea1i b\u1eb1ng th\u00e9p kh\u00f4ng g\u1ec9 cao c\u1ea5p n\u00e0y s\u1eed d\u1ee5ng cu\u1ed9n d\u00e2y \u0111\u1ed3ng nguy\u00ean ch\u1ea5t trong \u0111\u1ed9ng c\u01a1 \u0111\u1ec3 \u0111\u1ea3m b\u1ea3o c\u00f4ng su\u1ea5t \u0111\u1ea7u ra \u1ed5n \u0111\u1ecbnh. \u0110\u01b0\u1ee3c trang b\u1ecb b\u1ed9 \u0111i\u1ec1u ch\u1ec9nh nhi\u1ec7t \u0111\u1ed9 \u00e9p; \u0111\u01b0\u1ee3c trang b\u1ecb b\u1ed9 bi\u1ebfn t\u1ea7n \u0111\u1ec3 \u0111i\u1ec1u ch\u1ec9nh t\u1ed1c \u0111\u1ed9 \u00e9p. H\u1ed7 tr\u1ee3 s\u1ea3n xu\u1ea5t li\u00ean t\u1ee5c 24 gi\u1edd.<\/p>\n<h4>\u0110i\u1ec3m b\u00e1n h\u00e0ng c\u1ed1t l\u00f5i<\/h4>\n<ol>\n<li>\u0110\u1ed9ng c\u01a1 t\u1ea7n s\u1ed1 thay \u0111\u1ed5i 4kw c\u00f4ng su\u1ea5t cao, t\u1ed1c \u0111\u1ed9 \u00e9p c\u00f3 th\u1ec3 \u0111i\u1ec1u ch\u1ec9nh, c\u00f4ng su\u1ea5t \u0111\u1ed9ng c\u01a1 m\u1ea1nh m\u1ebd, \u0111\u1ed9 b\u1ec1n l\u00e2u d\u00e0i.<\/li>\n<li>\u00c9p \u1edf nhi\u1ec7t \u0111\u1ed9 th\u1ea5p trong th\u1eddi gian d\u00e0i \u0111\u1ec3 \u00e9p d\u1ea7u ch\u1ea5t l\u01b0\u1ee3ng cao c\u00f3 th\u1ec3 \u0111\u1ea3m b\u1ea3o h\u01b0\u01a1ng v\u1ecb kh\u00f4ng b\u1ecb m\u1ea5t v\u00e0 b\u00e1nh d\u1ea7u c\u00f3 th\u1ec3 \u0111\u01b0\u1ee3c t\u00e1i s\u1eed d\u1ee5ng.<\/li>\n<li>Th\u00edch h\u1ee3p \u0111\u1ec3 \u00e9p nhi\u1ec1u lo\u1ea1i d\u1ea7u kh\u00e1c nhau: \u0111\u1eadu n\u00e0nh, h\u1ea1t nho, h\u1ea1t c\u1ea3i d\u1ea7u, h\u1ea1t x\u01b0\u01a1ng r\u1ed3ng, h\u1ea1t h\u01b0\u1edbng d\u01b0\u01a1ng, h\u1ea1t lanh, v\u1eebng, d\u1eeba n\u1ea1o, mi\u1ebfng d\u1eeba, h\u1ea1t ti\u00eau, h\u1ea1t l\u1ef1u, h\u1eafc mai bi\u1ec3n, h\u1ea1t \u0111en, h\u1ea1t brucea, h\u1ea1t lanh, h\u1ea1t c\u00e0 ph\u00ea, h\u1ea1t ca cao, qu\u1ea3 h\u1ed3 tr\u0103n, h\u1ea1t macadamia, \u0111\u1eadu ph\u1ed9ng, v\u1eebng, h\u1ea1t b\u00ed ng\u00f4, h\u00fang qu\u1ebf v\u00e0 c\u00e1c lo\u1ea1i c\u00e2y tr\u1ed3ng kh\u00e1c.<\/li>\n<li>S\u1ea3n ph\u1ea9m \u0111\u01b0\u1ee3c c\u1ea5p b\u1eb1ng s\u00e1ng ch\u1ebf: S\u1ed1 b\u1eb1ng s\u00e1ng ch\u1ebf (CN2023219843723), nhi\u1ec1u l\u1ed7 x\u1ea3 x\u1ec9, c\u00f3 th\u1ec3 \u0111\u1ea3m b\u1ea3o s\u1ea3n l\u01b0\u1ee3ng d\u1ea7u v\u00e0 n\u00e2ng cao hi\u1ec7u qu\u1ea3 \u00e9p.<\/li>\n<\/ol>\n<table>\n<tbody>\n<tr bgcolor=\"#123F53\">\n<th style=\"text-align: center;\" colspan=\"2\"><strong><span style=\"color: #fff;\">M\u00e1y \u00e9p d\u1ea7u th\u01b0\u01a1ng m\u1ea1i cao c\u1ea5p di \u0111\u1ed9ng<br \/>\n<\/span><\/strong><\/th>\n<\/tr>\n<tr>\n<th>\u0110\u1eb7c \u0111i\u1ec3m k\u1ef9 thu\u1eadt<\/th>\n<th>Chi ti\u1ebft<\/th>\n<\/tr>\n<tr>\n<th>M\u00f4 h\u00ecnh m\u00e1y \u00e9p d\u1ea7u<\/th>\n<td>S70<\/td>\n<\/tr>\n<tr>\n<th>C\u00f4ng su\u1ea5t \u0111\u1ed9ng c\u01a1<\/th>\n<td>4000W<\/td>\n<\/tr>\n<tr>\n<th>C\u00f4ng su\u1ea5t s\u01b0\u1edfi \u1ea5m<\/th>\n<td>1200W<\/td>\n<\/tr>\n<tr>\n<th>\u0110i\u1ec7n \u00e1p \u0111\u1ea7u v\u00e0o<\/th>\n<td>380V<\/td>\n<\/tr>\n<tr>\n<th>K\u00edch th\u01b0\u1edbc s\u1ea3n ph\u1ea9m<\/th>\n<td>1500\u00d7750\u00d71405mm<\/td>\n<\/tr>\n<tr>\n<th>N\u0103ng l\u1ef1c s\u1ea3n xu\u1ea5t<\/th>\n<td>150kg\/gi\u1edd<\/td>\n<\/tr>\n<tr>\n<th>C\u00e2n n\u1eb7ng<\/th>\n<td>470kg<\/td>\n<\/tr>\n<tr>\n<th>V\u1eadt li\u1ec7u<\/th>\n<td>Th\u00e9p kh\u00f4ng g\u1ec9<\/td>\n<\/tr>\n<\/tbody>\n<\/table>\n<p>*Bao b\u00ec b\u00ean ngo\u00e0i h\u1ed9p g\u1ed7 d\u00e1n xu\u1ea5t kh\u1ea9u \u0111\u1ea3m b\u1ea3o an to\u00e0n khi v\u1eadn chuy\u1ec3n;<\/p>\n<p><img fetchpriority=\"high\" decoding=\"async\" class=\"alignnone  wp-image-3212\" src=\"https:\/\/smallagrimachinery.com\/wp-content\/uploads\/2025\/05\/4000W-Low-Temperature-Cold-Pressing-Mobile-Commercial-High-end-Oil-Press-Machine-Details-3.webp\" alt=\"\" width=\"450\" height=\"570\" srcset=\"https:\/\/smallagrimachinery.com\/wp-content\/uploads\/2025\/05\/4000W-Low-Temperature-Cold-Pressing-Mobile-Commercial-High-end-Oil-Press-Machine-Details-3.webp 790w, https:\/\/smallagrimachinery.com\/wp-content\/uploads\/2025\/05\/4000W-Low-Temperature-Cold-Pressing-Mobile-Commercial-High-end-Oil-Press-Machine-Details-3-395x500.webp 395w, https:\/\/smallagrimachinery.com\/wp-content\/uploads\/2025\/05\/4000W-Low-Temperature-Cold-Pressing-Mobile-Commercial-High-end-Oil-Press-Machine-Details-3-768x972.webp 768w, https:\/\/smallagrimachinery.com\/wp-content\/uploads\/2025\/05\/4000W-Low-Temperature-Cold-Pressing-Mobile-Commercial-High-end-Oil-Press-Machine-Details-3-9x12.webp 9w, https:\/\/smallagrimachinery.com\/wp-content\/uploads\/2025\/05\/4000W-Low-Temperature-Cold-Pressing-Mobile-Commercial-High-end-Oil-Press-Machine-Details-3-700x886.webp 700w\" sizes=\"(max-width: 450px) 100vw, 450px\" \/> <img decoding=\"async\" class=\"alignnone  wp-image-3213\" src=\"https:\/\/smallagrimachinery.com\/wp-content\/uploads\/2025\/05\/4000W-Low-Temperature-Cold-Pressing-Mobile-Commercial-High-end-Oil-Press-Machine-Details-4.webp\" alt=\"\" width=\"450\" height=\"570\" srcset=\"https:\/\/smallagrimachinery.com\/wp-content\/uploads\/2025\/05\/4000W-Low-Temperature-Cold-Pressing-Mobile-Commercial-High-end-Oil-Press-Machine-Details-4.webp 790w, https:\/\/smallagrimachinery.com\/wp-content\/uploads\/2025\/05\/4000W-Low-Temperature-Cold-Pressing-Mobile-Commercial-High-end-Oil-Press-Machine-Details-4-395x500.webp 395w, https:\/\/smallagrimachinery.com\/wp-content\/uploads\/2025\/05\/4000W-Low-Temperature-Cold-Pressing-Mobile-Commercial-High-end-Oil-Press-Machine-Details-4-768x972.webp 768w, https:\/\/smallagrimachinery.com\/wp-content\/uploads\/2025\/05\/4000W-Low-Temperature-Cold-Pressing-Mobile-Commercial-High-end-Oil-Press-Machine-Details-4-9x12.webp 9w, https:\/\/smallagrimachinery.com\/wp-content\/uploads\/2025\/05\/4000W-Low-Temperature-Cold-Pressing-Mobile-Commercial-High-end-Oil-Press-Machine-Details-4-700x886.webp 700w\" sizes=\"(max-width: 450px) 100vw, 450px\" \/><\/p>\n<p><img decoding=\"async\" class=\"alignnone  wp-image-3214\" src=\"https:\/\/smallagrimachinery.com\/wp-content\/uploads\/2025\/05\/4000W-Low-Temperature-Cold-Pressing-Mobile-Commercial-High-end-Oil-Press-Machine-Details-5.webp\" alt=\"\" width=\"450\" height=\"602\" srcset=\"https:\/\/smallagrimachinery.com\/wp-content\/uploads\/2025\/05\/4000W-Low-Temperature-Cold-Pressing-Mobile-Commercial-High-end-Oil-Press-Machine-Details-5.webp 790w, https:\/\/smallagrimachinery.com\/wp-content\/uploads\/2025\/05\/4000W-Low-Temperature-Cold-Pressing-Mobile-Commercial-High-end-Oil-Press-Machine-Details-5-374x500.webp 374w, https:\/\/smallagrimachinery.com\/wp-content\/uploads\/2025\/05\/4000W-Low-Temperature-Cold-Pressing-Mobile-Commercial-High-end-Oil-Press-Machine-Details-5-768x1027.webp 768w, https:\/\/smallagrimachinery.com\/wp-content\/uploads\/2025\/05\/4000W-Low-Temperature-Cold-Pressing-Mobile-Commercial-High-end-Oil-Press-Machine-Details-5-9x12.webp 9w, https:\/\/smallagrimachinery.com\/wp-content\/uploads\/2025\/05\/4000W-Low-Temperature-Cold-Pressing-Mobile-Commercial-High-end-Oil-Press-Machine-Details-5-700x936.webp 700w\" sizes=\"(max-width: 450px) 100vw, 450px\" \/> <img loading=\"lazy\" decoding=\"async\" class=\"alignnone  wp-image-3218\" src=\"https:\/\/smallagrimachinery.com\/wp-content\/uploads\/2025\/05\/4000W-Low-Temperature-Cold-Pressing-Mobile-Commercial-High-end-Oil-Press-Machine-Details-2.webp\" alt=\"\" width=\"451\" height=\"662\" srcset=\"https:\/\/smallagrimachinery.com\/wp-content\/uploads\/2025\/05\/4000W-Low-Temperature-Cold-Pressing-Mobile-Commercial-High-end-Oil-Press-Machine-Details-2.webp 790w, https:\/\/smallagrimachinery.com\/wp-content\/uploads\/2025\/05\/4000W-Low-Temperature-Cold-Pressing-Mobile-Commercial-High-end-Oil-Press-Machine-Details-2-341x500.webp 341w, https:\/\/smallagrimachinery.com\/wp-content\/uploads\/2025\/05\/4000W-Low-Temperature-Cold-Pressing-Mobile-Commercial-High-end-Oil-Press-Machine-Details-2-768x1128.webp 768w, https:\/\/smallagrimachinery.com\/wp-content\/uploads\/2025\/05\/4000W-Low-Temperature-Cold-Pressing-Mobile-Commercial-High-end-Oil-Press-Machine-Details-2-8x12.webp 8w, https:\/\/smallagrimachinery.com\/wp-content\/uploads\/2025\/05\/4000W-Low-Temperature-Cold-Pressing-Mobile-Commercial-High-end-Oil-Press-Machine-Details-2-700x1028.webp 700w\" sizes=\"(max-width: 451px) 100vw, 451px\" \/><\/p>\n<p><img loading=\"lazy\" decoding=\"async\" class=\"alignnone  wp-image-3215\" src=\"https:\/\/smallagrimachinery.com\/wp-content\/uploads\/2025\/05\/4000W-Low-Temperature-Cold-Pressing-Mobile-Commercial-High-end-Oil-Press-Machine-Details-6.webp\" alt=\"\" width=\"450\" height=\"620\" srcset=\"https:\/\/smallagrimachinery.com\/wp-content\/uploads\/2025\/05\/4000W-Low-Temperature-Cold-Pressing-Mobile-Commercial-High-end-Oil-Press-Machine-Details-6.webp 790w, https:\/\/smallagrimachinery.com\/wp-content\/uploads\/2025\/05\/4000W-Low-Temperature-Cold-Pressing-Mobile-Commercial-High-end-Oil-Press-Machine-Details-6-363x500.webp 363w, https:\/\/smallagrimachinery.com\/wp-content\/uploads\/2025\/05\/4000W-Low-Temperature-Cold-Pressing-Mobile-Commercial-High-end-Oil-Press-Machine-Details-6-768x1058.webp 768w, https:\/\/smallagrimachinery.com\/wp-content\/uploads\/2025\/05\/4000W-Low-Temperature-Cold-Pressing-Mobile-Commercial-High-end-Oil-Press-Machine-Details-6-9x12.webp 9w, https:\/\/smallagrimachinery.com\/wp-content\/uploads\/2025\/05\/4000W-Low-Temperature-Cold-Pressing-Mobile-Commercial-High-end-Oil-Press-Machine-Details-6-700x964.webp 700w\" sizes=\"(max-width: 450px) 100vw, 450px\" \/> <img loading=\"lazy\" decoding=\"async\" class=\"alignnone  wp-image-3216\" src=\"https:\/\/smallagrimachinery.com\/wp-content\/uploads\/2025\/05\/4000W-Low-Temperature-Cold-Pressing-Mobile-Commercial-High-end-Oil-Press-Machine-Details-7.webp\" alt=\"\" width=\"507\" height=\"587\" srcset=\"https:\/\/smallagrimachinery.com\/wp-content\/uploads\/2025\/05\/4000W-Low-Temperature-Cold-Pressing-Mobile-Commercial-High-end-Oil-Press-Machine-Details-7.webp 790w, https:\/\/smallagrimachinery.com\/wp-content\/uploads\/2025\/05\/4000W-Low-Temperature-Cold-Pressing-Mobile-Commercial-High-end-Oil-Press-Machine-Details-7-432x500.webp 432w, https:\/\/smallagrimachinery.com\/wp-content\/uploads\/2025\/05\/4000W-Low-Temperature-Cold-Pressing-Mobile-Commercial-High-end-Oil-Press-Machine-Details-7-768x889.webp 768w, https:\/\/smallagrimachinery.com\/wp-content\/uploads\/2025\/05\/4000W-Low-Temperature-Cold-Pressing-Mobile-Commercial-High-end-Oil-Press-Machine-Details-7-10x12.webp 10w, https:\/\/smallagrimachinery.com\/wp-content\/uploads\/2025\/05\/4000W-Low-Temperature-Cold-Pressing-Mobile-Commercial-High-end-Oil-Press-Machine-Details-7-700x810.webp 700w\" sizes=\"(max-width: 507px) 100vw, 507px\" \/><\/p>","protected":false},"excerpt":{"rendered":"<ul>\n<li><strong>C\u00f4ng su\u1ea5t cao:<\/strong> \u0110\u1ed9ng c\u01a1 m\u1ea1nh m\u1ebd 4000W, c\u00f3 th\u1ec3 \u00e9p d\u1ec5 d\u00e0ng nhi\u1ec1u lo\u1ea1i h\u1ea1t v\u00e0 h\u1ea1t c\u00f3 d\u1ea7u.<\/li>\n<li><strong>Ch\u1eafc ch\u1eafn v\u00e0 b\u1ec1n b\u1ec9:<\/strong> th\u00e9p kh\u00f4ng g\u1ec9 + th\u00e9p cacbon + l\u1edbp ph\u1ee7 ch\u1ed1ng g\u1ec9 \u0111\u1ea3m b\u1ea3o \u0111\u1ed9 b\u1ec1n trong m\u00f4i tr\u01b0\u1eddng \u1ea9m \u01b0\u1edbt v\u00e0 nhi\u1ec7t \u0111\u1ed9 cao.<\/li>\n<li><strong>Thi\u1ebft k\u1ebf \u0111\u01b0\u1ee3c c\u1ea5p b\u1eb1ng s\u00e1ng ch\u1ebf:<\/strong> L\u1ed7 tr\u00f2n x\u1ea3 x\u1ec9 \u0111\u1ec3 tr\u00e1nh t\u1eafc x\u1ec9, n\u00e2ng cao s\u1ea3n l\u01b0\u1ee3ng d\u1ea7u v\u00e0 \u0111\u1ea3m b\u1ea3o ho\u1ea1t \u0111\u1ed9ng \u1ed5n \u0111\u1ecbnh.<\/li>\n<li><strong>Ho\u1ea1t \u0111\u1ed9ng \u0111\u01a1n gi\u1ea3n:<\/strong> B\u1ea3ng \u0111i\u1ec1u khi\u1ec3n hi\u1ec3n th\u1ecb k\u1ef9 thu\u1eadt s\u1ed1 th\u00f4ng minh, c\u00f3 th\u1ec3 \u0111i\u1ec1u ch\u1ec9nh nhi\u1ec7t \u0111\u1ed9 \u00e9p v\u00e0 t\u1ed1c \u0111\u1ed9 \u00e9p theo t\u1eebng lo\u1ea1i c\u00e2y tr\u1ed3ng.<\/li>\n<\/ul>","protected":false},"featured_media":3211,"comment_status":"open","ping_status":"closed","template":"","meta":[],"product_brand":[],"product_cat":[25],"product_tag":[38],"class_list":{"0":"post-3207","1":"product","2":"type-product","3":"status-publish","4":"has-post-thumbnail","6":"product_cat-oil-press-machine","7":"product_tag-mobile-oil-press-machine","9":"first","10":"instock","11":"taxable","12":"shipping-taxable","13":"product-type-simple"},"_links":{"self":[{"href":"https:\/\/smallagrimachinery.com\/vi\/wp-json\/wp\/v2\/product\/3207","targetHints":{"allow":["GET"]}}],"collection":[{"href":"https:\/\/smallagrimachinery.com\/vi\/wp-json\/wp\/v2\/product"}],"about":[{"href":"https:\/\/smallagrimachinery.com\/vi\/wp-json\/wp\/v2\/types\/product"}],"replies":[{"embeddable":true,"href":"https:\/\/smallagrimachinery.com\/vi\/wp-json\/wp\/v2\/comments?post=3207"}],"wp:featuredmedia":[{"embeddable":true,"href":"https:\/\/smallagrimachinery.com\/vi\/wp-json\/wp\/v2\/media\/3211"}],"wp:attachment":[{"href":"https:\/\/smallagrimachinery.com\/vi\/wp-json\/wp\/v2\/media?parent=3207"}],"wp:term":[{"taxonomy":"product_brand","embeddable":true,"href":"https:\/\/smallagrimachinery.com\/vi\/wp-json\/wp\/v2\/product_brand?post=3207"},{"taxonomy":"product_cat","embeddable":true,"href":"https:\/\/smallagrimachinery.com\/vi\/wp-json\/wp\/v2\/product_cat?post=3207"},{"taxonomy":"product_tag","embeddable":true,"href":"https:\/\/smallagrimachinery.com\/vi\/wp-json\/wp\/v2\/product_tag?post=3207"}],"curies":[{"name":"wp","href":"https:\/\/api.w.org\/{rel}","templated":true}]}}