{"id":3067,"date":"2025-05-19T14:16:56","date_gmt":"2025-05-19T14:16:56","guid":{"rendered":"https:\/\/smallagrimachinery.com\/?post_type=product&#038;p=3067"},"modified":"2025-05-19T14:28:59","modified_gmt":"2025-05-19T14:28:59","slug":"electric-or-diesel-dual-power-palm-cold-oil-press-machine-wholesale-price","status":"publish","type":"product","link":"https:\/\/smallagrimachinery.com\/vi\/product\/electric-or-diesel-dual-power-palm-cold-oil-press-machine-wholesale-price\/","title":{"rendered":"M\u00e1y \u00e9p d\u1ea7u c\u1ecd l\u1ea1nh ch\u1ea1y b\u1eb1ng \u0111i\u1ec7n ho\u1eb7c diesel gi\u00e1 s\u1ec9"},"content":{"rendered":"<h3>Gi\u1edbi thi\u1ec7u<\/h3>\n<p>M\u00e1y \u00e9p d\u1ea7u c\u1ecd ch\u1ea1y b\u1eb1ng \u0111\u1ed9ng c\u01a1 diesel n\u00e0y c\u00f3 c\u1ea5u tr\u00fac h\u1ee3p l\u00fd, c\u00e1c th\u00e0nh ph\u1ea7n c\u1ed1t l\u00f5i bao g\u1ed3m h\u1ed9p s\u1ed1, b\u00ecnh ch\u1ecbu \u00e1p su\u1ea5t, b\u01a1m, b\u00e1nh r\u0103ng, \u1ed5 tr\u1ee5c, \u0111\u1ed9ng c\u01a1 v\u00e0 m\u00f4 t\u01a1. D\u1ec5 v\u1eadn h\u00e0nh v\u00e0 b\u1ea3o tr\u00ec, c\u00f3 th\u1ec3 trang b\u1ecb \u0111\u1ed9ng c\u01a1 \u0111i\u1ec7n ho\u1eb7c \u0111\u1ed9ng c\u01a1 diesel. M\u1ed7i ng\u00e0y s\u1ea3n xu\u1ea5t 3-5 t\u1ea5n d\u1ea7u c\u1ecd. \u0110\u00e2y l\u00e0 model \u0111\u01b0\u1ee3c ng\u01b0\u1eddi d\u00f9ng s\u1ea3n xu\u1ea5t d\u1ea7u c\u1ecd \u01b0a chu\u1ed9ng. Sau khi m\u1edf r\u1ed9ng s\u1ea3n l\u01b0\u1ee3ng, c\u00f3 th\u1ec3 th\u00eam nhi\u1ec1u m\u00e1y \u00e9p d\u1ea7u gi\u1ed1ng h\u1ec7t nhau, d\u1ea7u th\u00e0nh ph\u1ea9m cu\u1ed1i c\u00f9ng l\u00e0 d\u1ea7u \u0111\u1ecf \u0103n \u0111\u01b0\u1ee3c.<br \/>\nCung c\u1ea5p d\u1ecbch v\u1ee5 sau b\u00e1n h\u00e0ng \u0111\u00e1ng tin c\u1eady, th\u1eddi h\u1ea1n b\u1ea3o h\u00e0nh cho c\u00e1c th\u00e0nh ph\u1ea7n quan tr\u1ecdng c\u1ee7a thi\u1ebft b\u1ecb l\u00e0 m\u1ed9t n\u0103m v\u00e0 ph\u1ee5 t\u00f9ng thay th\u1ebf \u0111\u01b0\u1ee3c cung c\u1ea5p mi\u1ec5n ph\u00ed trong th\u1eddi gian b\u1ea3o h\u00e0nh. V\u00e0 cung c\u1ea5p d\u1ecbch v\u1ee5 h\u01b0\u1edbng d\u1eabn s\u1eed d\u1ee5ng tr\u1ecdn \u0111\u1eddi.<\/p>\n<table>\n<tbody>\n<tr bgcolor=\"#123F53\">\n<th style=\"text-align: center;\" colspan=\"2\"><strong><span style=\"color: #fff;\">M\u00e1y \u00e9p d\u1ea7u c\u1ecd l\u1ea1nh Dual Power<br \/>\n<\/span><\/strong><\/th>\n<\/tr>\n<tr>\n<th>\u0110\u1eb7c \u0111i\u1ec3m k\u1ef9 thu\u1eadt<\/th>\n<th>Chi ti\u1ebft<\/th>\n<\/tr>\n<tr>\n<th>C\u00f4ng su\u1ea5t x\u1eed l\u00fd<\/th>\n<td>400\u2013500 kg\/gi\u1edd<\/td>\n<\/tr>\n<tr>\n<th>Ngu\u1ed3n \u0111i\u1ec7n ch\u00ednh<\/th>\n<td>\u0110\u1ed9ng c\u01a1: 3kW<\/td>\n<\/tr>\n<tr>\n<th>T\u1ed1c \u0111\u1ed9 tr\u1ee5c ch\u00ednh<\/th>\n<td>25\u201335 v\u00f2ng\/ph\u00fat<\/td>\n<\/tr>\n<tr>\n<th>Th\u1eddi gian s\u00f4i<\/th>\n<td>2 gi\u1edd (v\u1edbi h\u01a1i n\u01b0\u1edbc ho\u1eb7c n\u01b0\u1edbc 100\u00b0C)<\/td>\n<\/tr>\n<tr>\n<th>C\u00e2n n\u1eb7ng<\/th>\n<td>260kg<\/td>\n<\/tr>\n<tr>\n<th>K\u00edch th\u01b0\u1edbc \u0111\u00f3ng g\u00f3i<\/th>\n<td>1500\u00d7600\u00d7700mm<\/td>\n<\/tr>\n<tr>\n<th>Ngu\u1ed3n \u0111i\u1ec7n<\/th>\n<td>\u0110\u1ed9ng c\u01a1 Diesel 8HP ho\u1eb7c 3kW<\/td>\n<\/tr>\n<tr>\n<th>Ch\u1ee9ng nh\u1eadn<\/th>\n<td>ISO9001:2000, CE<\/td>\n<\/tr>\n<tr>\n<th>T\u1ed1c \u0111\u1ed9 tr\u1ee5c v\u00edt<\/th>\n<td>25\u201335 v\u00f2ng\/ph\u00fat<\/td>\n<\/tr>\n<\/tbody>\n<\/table>\n<p>*Bao b\u00ec b\u00ean ngo\u00e0i b\u1eb1ng g\u1ed7 d\u00e1n xu\u1ea5t kh\u1ea9u \u0111\u1ea3m b\u1ea3o an to\u00e0n khi v\u1eadn chuy\u1ec3n;<br \/>\n*H\u1ed7 tr\u1ee3 t\u00f9y ch\u1ec9nh m\u00e1y \u00e9p d\u1ea7u tr\u1ee5c v\u00edt \u0111\u00f4i l\u1edbn h\u01a1n theo y\u00eau c\u1ea7u s\u1ea3n xu\u1ea5t;<\/p>\n<p><img fetchpriority=\"high\" decoding=\"async\" class=\"alignnone size-full wp-image-3082\" src=\"https:\/\/smallagrimachinery.com\/wp-content\/uploads\/2025\/05\/Electric-or-diesel-dual-power-palm-oil-press-details-5.webp\" alt=\"Electric or diesel dual power palm oil press More models\" width=\"750\" height=\"786\" srcset=\"https:\/\/smallagrimachinery.com\/wp-content\/uploads\/2025\/05\/Electric-or-diesel-dual-power-palm-oil-press-details-5.webp 750w, https:\/\/smallagrimachinery.com\/wp-content\/uploads\/2025\/05\/Electric-or-diesel-dual-power-palm-oil-press-details-5-477x500.webp 477w, https:\/\/smallagrimachinery.com\/wp-content\/uploads\/2025\/05\/Electric-or-diesel-dual-power-palm-oil-press-details-5-11x12.webp 11w, https:\/\/smallagrimachinery.com\/wp-content\/uploads\/2025\/05\/Electric-or-diesel-dual-power-palm-oil-press-details-5-700x734.webp 700w\" sizes=\"(max-width: 750px) 100vw, 750px\" \/> <img decoding=\"async\" class=\"alignnone size-full wp-image-3080\" src=\"https:\/\/smallagrimachinery.com\/wp-content\/uploads\/2025\/05\/Electric-or-diesel-dual-power-palm-oil-press-details-3.webp\" alt=\"\" width=\"750\" height=\"789\" srcset=\"https:\/\/smallagrimachinery.com\/wp-content\/uploads\/2025\/05\/Electric-or-diesel-dual-power-palm-oil-press-details-3.webp 750w, https:\/\/smallagrimachinery.com\/wp-content\/uploads\/2025\/05\/Electric-or-diesel-dual-power-palm-oil-press-details-3-475x500.webp 475w, https:\/\/smallagrimachinery.com\/wp-content\/uploads\/2025\/05\/Electric-or-diesel-dual-power-palm-oil-press-details-3-11x12.webp 11w, https:\/\/smallagrimachinery.com\/wp-content\/uploads\/2025\/05\/Electric-or-diesel-dual-power-palm-oil-press-details-3-700x736.webp 700w\" sizes=\"(max-width: 750px) 100vw, 750px\" \/> <img decoding=\"async\" class=\"alignnone size-full wp-image-3078\" src=\"https:\/\/smallagrimachinery.com\/wp-content\/uploads\/2025\/05\/Electric-or-diesel-dual-power-palm-oil-press-wholesale-price-10.webp\" alt=\"\" width=\"750\" height=\"750\" srcset=\"https:\/\/smallagrimachinery.com\/wp-content\/uploads\/2025\/05\/Electric-or-diesel-dual-power-palm-oil-press-wholesale-price-10.webp 750w, https:\/\/smallagrimachinery.com\/wp-content\/uploads\/2025\/05\/Electric-or-diesel-dual-power-palm-oil-press-wholesale-price-10-500x500.webp 500w, https:\/\/smallagrimachinery.com\/wp-content\/uploads\/2025\/05\/Electric-or-diesel-dual-power-palm-oil-press-wholesale-price-10-150x150.webp 150w, https:\/\/smallagrimachinery.com\/wp-content\/uploads\/2025\/05\/Electric-or-diesel-dual-power-palm-oil-press-wholesale-price-10-12x12.webp 12w, https:\/\/smallagrimachinery.com\/wp-content\/uploads\/2025\/05\/Electric-or-diesel-dual-power-palm-oil-press-wholesale-price-10-300x300.webp 300w, https:\/\/smallagrimachinery.com\/wp-content\/uploads\/2025\/05\/Electric-or-diesel-dual-power-palm-oil-press-wholesale-price-10-700x700.webp 700w, https:\/\/smallagrimachinery.com\/wp-content\/uploads\/2025\/05\/Electric-or-diesel-dual-power-palm-oil-press-wholesale-price-10-100x100.webp 100w\" sizes=\"(max-width: 750px) 100vw, 750px\" \/> <img loading=\"lazy\" decoding=\"async\" class=\"alignnone size-full wp-image-3079\" src=\"https:\/\/smallagrimachinery.com\/wp-content\/uploads\/2025\/05\/Electric-or-diesel-dual-power-palm-oil-press-details-2.webp\" alt=\"\" width=\"750\" height=\"1187\" srcset=\"https:\/\/smallagrimachinery.com\/wp-content\/uploads\/2025\/05\/Electric-or-diesel-dual-power-palm-oil-press-details-2.webp 750w, https:\/\/smallagrimachinery.com\/wp-content\/uploads\/2025\/05\/Electric-or-diesel-dual-power-palm-oil-press-details-2-316x500.webp 316w, https:\/\/smallagrimachinery.com\/wp-content\/uploads\/2025\/05\/Electric-or-diesel-dual-power-palm-oil-press-details-2-8x12.webp 8w, https:\/\/smallagrimachinery.com\/wp-content\/uploads\/2025\/05\/Electric-or-diesel-dual-power-palm-oil-press-details-2-700x1108.webp 700w\" sizes=\"(max-width: 750px) 100vw, 750px\" \/> <img loading=\"lazy\" decoding=\"async\" class=\"alignnone size-full wp-image-3077\" src=\"https:\/\/smallagrimachinery.com\/wp-content\/uploads\/2025\/05\/Electric-or-diesel-dual-power-palm-oil-press-details-4.webp\" alt=\"\" width=\"750\" height=\"790\" srcset=\"https:\/\/smallagrimachinery.com\/wp-content\/uploads\/2025\/05\/Electric-or-diesel-dual-power-palm-oil-press-details-4.webp 750w, https:\/\/smallagrimachinery.com\/wp-content\/uploads\/2025\/05\/Electric-or-diesel-dual-power-palm-oil-press-details-4-475x500.webp 475w, https:\/\/smallagrimachinery.com\/wp-content\/uploads\/2025\/05\/Electric-or-diesel-dual-power-palm-oil-press-details-4-11x12.webp 11w, https:\/\/smallagrimachinery.com\/wp-content\/uploads\/2025\/05\/Electric-or-diesel-dual-power-palm-oil-press-details-4-700x737.webp 700w\" sizes=\"(max-width: 750px) 100vw, 750px\" \/><\/p>","protected":false},"excerpt":{"rendered":"<ul>\n<li><strong>C\u1ea5u tr\u00fac h\u1ee3p l\u00fd:<\/strong> K\u00edch th\u01b0\u1edbc nh\u1ecf, hi\u1ec7u su\u1ea5t \u0111\u1ea7u ra d\u1ea7u cao, v\u1eadn h\u00e0nh \u0111\u01a1n gi\u1ea3n v\u00e0 b\u1ea3o tr\u00ec thu\u1eadn ti\u1ec7n.<\/li>\n<li><strong>Gi\u00e1 c\u1ea3 ph\u1ea3i ch\u0103ng:<\/strong> giao h\u00e0ng tr\u1ef1c ti\u1ebfp t\u1eeb nh\u00e0 m\u00e1y s\u1ea3n xu\u1ea5t, gi\u1ea3m ch\u00eanh l\u1ec7ch gi\u00e1 do b\u00ean trung gian thu \u0111\u01b0\u1ee3c.<\/li>\n<li><strong>Ngu\u1ed3n \u0111i\u1ec7n k\u00e9p:<\/strong> \u0110\u1ed9ng c\u01a1 \u0111i\u1ec7n ho\u1eb7c \u0111\u1ed9ng c\u01a1 diesel c\u00f3 th\u1ec3 \u0111\u01b0\u1ee3c l\u1ef1a ch\u1ecdn l\u00e0m ngu\u1ed3n \u0111i\u1ec7n c\u1ee7a m\u00e1y \u00e9p d\u1ea7u theo \u0111i\u1ec1u ki\u1ec7n \u0111\u1ecba ph\u01b0\u01a1ng. Tr\u00e1nh h\u1ea1n ch\u1ebf v\u1ec1 ngu\u1ed3n \u0111i\u1ec7n.<\/li>\n<li><strong>\u0110\u1ea3m b\u1ea3o ch\u1ea5t l\u01b0\u1ee3ng:<\/strong> S\u1ea3n ph\u1ea9m s\u1ebd ch\u1ec9 \u0111\u01b0\u1ee3c giao sau khi v\u01b0\u1ee3t qua b\u00e0i ki\u1ec3m tra. N\u1ebfu kh\u00e1ch h\u00e0ng y\u00eau c\u1ea7u, qu\u00e1 tr\u00ecnh ki\u1ec3m tra c\u00f3 th\u1ec3 \u0111\u01b0\u1ee3c h\u1ed7 tr\u1ee3 b\u1eb1ng video tr\u1ef1c tuy\u1ebfn.<\/li>\n<\/ul>","protected":false},"featured_media":3070,"comment_status":"open","ping_status":"closed","template":"","meta":[],"product_brand":[],"product_cat":[25],"product_tag":[28],"class_list":{"0":"post-3067","1":"product","2":"type-product","3":"status-publish","4":"has-post-thumbnail","6":"product_cat-oil-press-machine","7":"product_tag-diesel-powered-oil-press-machine","9":"first","10":"instock","11":"taxable","12":"shipping-taxable","13":"product-type-simple"},"_links":{"self":[{"href":"https:\/\/smallagrimachinery.com\/vi\/wp-json\/wp\/v2\/product\/3067","targetHints":{"allow":["GET"]}}],"collection":[{"href":"https:\/\/smallagrimachinery.com\/vi\/wp-json\/wp\/v2\/product"}],"about":[{"href":"https:\/\/smallagrimachinery.com\/vi\/wp-json\/wp\/v2\/types\/product"}],"replies":[{"embeddable":true,"href":"https:\/\/smallagrimachinery.com\/vi\/wp-json\/wp\/v2\/comments?post=3067"}],"wp:featuredmedia":[{"embeddable":true,"href":"https:\/\/smallagrimachinery.com\/vi\/wp-json\/wp\/v2\/media\/3070"}],"wp:attachment":[{"href":"https:\/\/smallagrimachinery.com\/vi\/wp-json\/wp\/v2\/media?parent=3067"}],"wp:term":[{"taxonomy":"product_brand","embeddable":true,"href":"https:\/\/smallagrimachinery.com\/vi\/wp-json\/wp\/v2\/product_brand?post=3067"},{"taxonomy":"product_cat","embeddable":true,"href":"https:\/\/smallagrimachinery.com\/vi\/wp-json\/wp\/v2\/product_cat?post=3067"},{"taxonomy":"product_tag","embeddable":true,"href":"https:\/\/smallagrimachinery.com\/vi\/wp-json\/wp\/v2\/product_tag?post=3067"}],"curies":[{"name":"wp","href":"https:\/\/api.w.org\/{rel}","templated":true}]}}