{"id":3041,"date":"2025-05-18T13:30:13","date_gmt":"2025-05-18T13:30:13","guid":{"rendered":"https:\/\/smallagrimachinery.com\/?post_type=product&#038;p=3041"},"modified":"2025-05-18T14:00:59","modified_gmt":"2025-05-18T14:00:59","slug":"mobile-commercial-f-304-stainless-steel-temperature-screw-oil-press-machine","status":"publish","type":"product","link":"https:\/\/smallagrimachinery.com\/vi\/product\/mobile-commercial-f-304-stainless-steel-temperature-screw-oil-press-machine\/","title":{"rendered":"M\u00e1y \u00e9p d\u1ea7u tr\u1ee5c v\u00edt ki\u1ec3m so\u00e1t nhi\u1ec7t \u0111\u1ed9 b\u1eb1ng th\u00e9p kh\u00f4ng g\u1ec9 304 th\u01b0\u01a1ng m\u1ea1i ho\u00e0n to\u00e0n t\u1ef1 \u0111\u1ed9ng"},"content":{"rendered":"<h3>Gi\u1edbi thi\u1ec7u<\/h3>\n<p>M\u00e1y \u00e9p d\u1ea7u di \u0111\u1ed9ng n\u00e0y \u0111\u01b0\u1ee3c trang b\u1ecb h\u1ec7 th\u1ed1ng ki\u1ec3m so\u00e1t nhi\u1ec7t \u0111\u1ed9 th\u00f4ng minh v\u1edbi ph\u1ea1m vi nhi\u1ec7t \u0111\u1ed9 c\u00f3 th\u1ec3 \u0111i\u1ec1u ch\u1ec9nh t\u1eeb 0-300\u2103. M\u00e1y c\u00f3 c\u00f4ng t\u1eafc ti\u1ebfn v\u00e0 l\u00f9i, c\u00f3 th\u1ec3 d\u1ec5 d\u00e0ng tr\u1ea3 l\u1ea1i v\u1eadt li\u1ec7u h\u1ea1t c\u00f3 d\u1ea7u trong tr\u01b0\u1eddng h\u1ee3p kh\u1ea9n c\u1ea5p v\u00e0 t\u1ea1o \u0111i\u1ec1u ki\u1ec7n x\u1ea3 c\u1eb7n. \u1ede ch\u1ebf \u0111\u1ed9 \u201c\u00e9p n\u00f3ng\u201d, h\u1ea1t \u0111\u01b0\u1ee3c x\u1eed l\u00fd \u1edf nhi\u1ec7t \u0111\u1ed9 cao tr\u01b0\u1edbc khi \u0111\u01b0a v\u00e0o m\u00e1y \u00e9p \u0111\u1ec3 \u00e9p; \u1edf ch\u1ebf \u0111\u1ed9 \u201c\u00e9p l\u1ea1nh\u201d, d\u1ea7u kh\u00f4ng \u0111\u01b0\u1ee3c l\u00e0m n\u00f3ng v\u00e0 \u0111\u01b0\u1ee3c \u00e9p \u1edf nhi\u1ec7t \u0111\u1ed9 th\u1ea5p.<br \/>\nM\u00e1y c\u00f2n \u0111\u01b0\u1ee3c trang b\u1ecb b\u1ed9 \u0111i\u1ec1u ch\u1ec9nh \u0111\u1ed9 d\u00e0y c\u1eb7n, c\u00f3 th\u1ec3 \u0111i\u1ec1u ch\u1ec9nh \u0111\u1ed9 d\u00e0y c\u1ee7a c\u1eb7n \u00e9p (t\u1ed1i thi\u1ec3u 0,25-0,5mm). B\u00f3p d\u1ea7u trong h\u1ea1t c\u00f3 d\u1ea7u c\u00e0ng s\u1ea1ch c\u00e0ng t\u1ed1t \u0111\u1ec3 t\u0103ng s\u1ea3n l\u01b0\u1ee3ng d\u1ea7u. <em>*L\u01b0u \u00fd r\u1eb1ng c\u1ea7n ph\u1ea3i \u0111i\u1ec1u ch\u1ec9nh t\u00f9y theo lo\u1ea1i h\u1ea1t v\u00e0 \u0111\u1ed9 kh\u00f4.<\/em><\/p>\n<p>C\u00e1c <strong>M\u00e1y \u00e9p d\u1ea7u tr\u1ee5c v\u00edt \u0111i\u1ec1u khi\u1ec3n nhi\u1ec7t \u0111\u1ed9 th\u01b0\u01a1ng m\u1ea1i di \u0111\u1ed9ng S01<\/strong> \u0111\u01b0\u1ee3c trang b\u1ecb b\u1ed9 l\u1ecdc ch\u00e2n kh\u00f4ng \u0111\u1ec3 gi\u1ea3m t\u1ea1p ch\u1ea5t v\u00e0 l\u1ecdc tr\u1ef1c ti\u1ebfp sau khi \u00e9p. Th\u00e0nh ph\u1ea9m c\u00f3 th\u1ec3 \u0103n tr\u1ef1c ti\u1ebfp.<\/p>\n<p>Th\u00f4ng s\u1ed1 k\u1ef9 thu\u1eadt c\u1ee7a ph\u00edch c\u1eafm c\u00f3 th\u1ec3 \u0111\u01b0\u1ee3c t\u00f9y ch\u1ec9nh theo c\u00e1c th\u00f4ng s\u1ed1 k\u1ef9 thu\u1eadt kh\u00e1c nhau \u1edf \u0110\u00f4ng Nam \u00c1, Ch\u00e2u \u00c2u, V\u01b0\u01a1ng qu\u1ed1c Anh, Hoa K\u1ef3, \u00dac, Nam Phi, Nh\u1eadt B\u1ea3n, v.v.;<\/p>\n<h4>Th\u00f4ng s\u1ed1 m\u00e1y \u00e9p d\u1ea7u di \u0111\u1ed9ng b\u1eb1ng th\u00e9p kh\u00f4ng g\u1ec9 S01<\/h4>\n<table>\n<tbody>\n<tr bgcolor=\"#123F53\">\n<th style=\"text-align: center;\" colspan=\"3\"><strong><span style=\"color: #fff;\">M\u00e1y \u00e9p d\u1ea7u tr\u1ee5c v\u00edt \u0111i\u1ec1u khi\u1ec3n nhi\u1ec7t \u0111\u1ed9 th\u01b0\u01a1ng m\u1ea1i di \u0111\u1ed9ng S01<br \/>\n<\/span><\/strong><\/th>\n<\/tr>\n<tr>\n<th>M\u00f4 h\u00ecnh s\u1ea3n ph\u1ea9m<\/th>\n<th>T\u1eadp 01 (1500)<\/th>\n<th>S01 (C\u1ed8NG)<\/th>\n<\/tr>\n<tr>\n<th>\u0110i\u1ec7n \u00e1p<\/th>\n<td>220V 50Hz<\/td>\n<td>220V 50Hz<\/td>\n<\/tr>\n<tr>\n<th>T\u1ed5ng tr\u1ecdng l\u01b0\u1ee3ng<\/th>\n<td>120Kg<\/td>\n<td>130Kg<\/td>\n<\/tr>\n<tr>\n<th>C\u00f4ng su\u1ea5t \u0111\u1ed9ng c\u01a1<\/th>\n<td>1500W<\/td>\n<td>2200W<\/td>\n<\/tr>\n<tr>\n<th>C\u00f4ng su\u1ea5t s\u01b0\u1edfi \u1ea5m<\/th>\n<td>1800W<\/td>\n<td>2200W<\/td>\n<\/tr>\n<tr>\n<th>C\u00f4ng su\u1ea5t b\u01a1m ch\u00e2n kh\u00f4ng<\/th>\n<td>350W<\/td>\n<td>350W<\/td>\n<\/tr>\n<tr>\n<th>K\u00edch th\u01b0\u1edbc s\u1ea3n ph\u1ea9m<\/th>\n<td>600*560*1100MM<\/td>\n<td>670*600*1137MM<\/td>\n<\/tr>\n<tr>\n<th>T\u00ednh n\u0103ng s\u1ea3n ph\u1ea9m<\/th>\n<td>X\u1eed l\u00fd 15-25kg m\u1ed7i gi\u1edd<\/td>\n<td>X\u1eed l\u00fd 15-25kg m\u1ed7i gi\u1edd<\/td>\n<\/tr>\n<\/tbody>\n<\/table>\n<p>* \u0110o th\u1ee7 c\u00f4ng, c\u00f3 th\u1ec3 c\u00f3 sai s\u1ed1 2-5MM;<br \/>\n* Bao b\u00ec nh\u1ef1a b\u00ean trong + l\u1edbp keo d\u00e1n xu\u1ea5t kh\u1ea9u bao b\u00ec b\u00ean ngo\u00e0i \u0111\u1ec3 \u0111\u1ea3m b\u1ea3o an to\u00e0n v\u1eadn chuy\u1ec3n; k\u00edch th\u01b0\u1edbc v\u00e0 t\u1ed5ng tr\u1ecdng l\u01b0\u1ee3ng c\u1ee7a to\u00e0n b\u1ed9 m\u00e1y s\u1ebd t\u0103ng l\u00ean sau khi \u0111\u00f3ng g\u00f3i;<br \/>\n* Xem th\u00eam hai m\u00e1y \u00e9p d\u1ea7u di \u0111\u1ed9ng t\u01b0\u01a1ng t\u1ef1 kh\u00e1c trong c\u00f9ng m\u1ed9t d\u00f2ng s\u1ea3n ph\u1ea9m: <a href=\"https:\/\/smallagrimachinery.com\/vi\/san-pham\/mobile-commercial-304-stainless-steel-temperature-controlled-screw-oil-press-s02\/\" target=\"_blank\" rel=\"noopener\"><strong>M\u00e1y \u00e9p d\u1ea7u tr\u1ee5c v\u00edt th\u00f4ng th\u01b0\u1eddng S02<\/strong><\/a>; <a href=\"https:\/\/smallagrimachinery.com\/vi\/san-pham\/mobile-304-stainless-steel-temperature-controlled-mini-screw-oil-press-s03\/\" target=\"_blank\" rel=\"noopener\"><strong>M\u00e1y \u00e9p d\u1ea7u tr\u1ee5c v\u00edt S03mini<\/strong><\/a>;<\/p>\n<p><img fetchpriority=\"high\" decoding=\"async\" class=\"alignnone wp-image-3058\" src=\"https:\/\/smallagrimachinery.com\/wp-content\/uploads\/2025\/05\/Mobile-commercial-fully-automatic-304-stainless-steel-temperature-controlled-screw-oil-press-Machine-introduce-5.webp\" alt=\"Mobile commercial fully automatic 304 stainless steel temperature-controlled screw oil press Machine introduce 5\" width=\"429\" height=\"635\" srcset=\"https:\/\/smallagrimachinery.com\/wp-content\/uploads\/2025\/05\/Mobile-commercial-fully-automatic-304-stainless-steel-temperature-controlled-screw-oil-press-Machine-introduce-5.webp 790w, https:\/\/smallagrimachinery.com\/wp-content\/uploads\/2025\/05\/Mobile-commercial-fully-automatic-304-stainless-steel-temperature-controlled-screw-oil-press-Machine-introduce-5-338x500.webp 338w, https:\/\/smallagrimachinery.com\/wp-content\/uploads\/2025\/05\/Mobile-commercial-fully-automatic-304-stainless-steel-temperature-controlled-screw-oil-press-Machine-introduce-5-768x1137.webp 768w, https:\/\/smallagrimachinery.com\/wp-content\/uploads\/2025\/05\/Mobile-commercial-fully-automatic-304-stainless-steel-temperature-controlled-screw-oil-press-Machine-introduce-5-8x12.webp 8w, https:\/\/smallagrimachinery.com\/wp-content\/uploads\/2025\/05\/Mobile-commercial-fully-automatic-304-stainless-steel-temperature-controlled-screw-oil-press-Machine-introduce-5-700x1037.webp 700w\" sizes=\"(max-width: 429px) 100vw, 429px\" \/> <img decoding=\"async\" class=\"alignnone wp-image-3057\" src=\"https:\/\/smallagrimachinery.com\/wp-content\/uploads\/2025\/05\/Mobile-commercial-fully-automatic-304-stainless-steel-temperature-controlled-screw-oil-press-Machine-introduce-4.webp\" alt=\"Mobile commercial fully automatic 304 stainless steel temperature-controlled screw oil press Machine introduce 4\" width=\"402\" height=\"632\" srcset=\"https:\/\/smallagrimachinery.com\/wp-content\/uploads\/2025\/05\/Mobile-commercial-fully-automatic-304-stainless-steel-temperature-controlled-screw-oil-press-Machine-introduce-4.webp 790w, https:\/\/smallagrimachinery.com\/wp-content\/uploads\/2025\/05\/Mobile-commercial-fully-automatic-304-stainless-steel-temperature-controlled-screw-oil-press-Machine-introduce-4-318x500.webp 318w, https:\/\/smallagrimachinery.com\/wp-content\/uploads\/2025\/05\/Mobile-commercial-fully-automatic-304-stainless-steel-temperature-controlled-screw-oil-press-Machine-introduce-4-763x1200.webp 763w, https:\/\/smallagrimachinery.com\/wp-content\/uploads\/2025\/05\/Mobile-commercial-fully-automatic-304-stainless-steel-temperature-controlled-screw-oil-press-Machine-introduce-4-768x1207.webp 768w, https:\/\/smallagrimachinery.com\/wp-content\/uploads\/2025\/05\/Mobile-commercial-fully-automatic-304-stainless-steel-temperature-controlled-screw-oil-press-Machine-introduce-4-8x12.webp 8w, https:\/\/smallagrimachinery.com\/wp-content\/uploads\/2025\/05\/Mobile-commercial-fully-automatic-304-stainless-steel-temperature-controlled-screw-oil-press-Machine-introduce-4-700x1101.webp 700w\" sizes=\"(max-width: 402px) 100vw, 402px\" \/><\/p>\n<p><img decoding=\"async\" class=\"alignnone wp-image-3054\" src=\"https:\/\/smallagrimachinery.com\/wp-content\/uploads\/2025\/05\/Mobile-commercial-fully-automatic-304-stainless-steel-temperature-controlled-screw-oil-press-Machine-introduce-11.webp\" alt=\"Mobile commercial fully automatic 304 stainless steel temperature-controlled screw oil press Machine Structure\" width=\"425\" height=\"443\" srcset=\"https:\/\/smallagrimachinery.com\/wp-content\/uploads\/2025\/05\/Mobile-commercial-fully-automatic-304-stainless-steel-temperature-controlled-screw-oil-press-Machine-introduce-11.webp 790w, https:\/\/smallagrimachinery.com\/wp-content\/uploads\/2025\/05\/Mobile-commercial-fully-automatic-304-stainless-steel-temperature-controlled-screw-oil-press-Machine-introduce-11-479x500.webp 479w, https:\/\/smallagrimachinery.com\/wp-content\/uploads\/2025\/05\/Mobile-commercial-fully-automatic-304-stainless-steel-temperature-controlled-screw-oil-press-Machine-introduce-11-768x801.webp 768w, https:\/\/smallagrimachinery.com\/wp-content\/uploads\/2025\/05\/Mobile-commercial-fully-automatic-304-stainless-steel-temperature-controlled-screw-oil-press-Machine-introduce-11-12x12.webp 12w, https:\/\/smallagrimachinery.com\/wp-content\/uploads\/2025\/05\/Mobile-commercial-fully-automatic-304-stainless-steel-temperature-controlled-screw-oil-press-Machine-introduce-11-700x730.webp 700w\" sizes=\"(max-width: 425px) 100vw, 425px\" \/> <img loading=\"lazy\" decoding=\"async\" class=\"alignnone wp-image-3049\" src=\"https:\/\/smallagrimachinery.com\/wp-content\/uploads\/2025\/05\/Mobile-commercial-fully-automatic-304-stainless-steel-temperature-controlled-screw-oil-press-Machine-introduce-6.webp\" alt=\"Mobile commercial fully automatic 304 stainless steel temperature-controlled screw oil press Machine introduce 6\" width=\"405\" height=\"443\" srcset=\"https:\/\/smallagrimachinery.com\/wp-content\/uploads\/2025\/05\/Mobile-commercial-fully-automatic-304-stainless-steel-temperature-controlled-screw-oil-press-Machine-introduce-6.webp 790w, https:\/\/smallagrimachinery.com\/wp-content\/uploads\/2025\/05\/Mobile-commercial-fully-automatic-304-stainless-steel-temperature-controlled-screw-oil-press-Machine-introduce-6-457x500.webp 457w, https:\/\/smallagrimachinery.com\/wp-content\/uploads\/2025\/05\/Mobile-commercial-fully-automatic-304-stainless-steel-temperature-controlled-screw-oil-press-Machine-introduce-6-768x840.webp 768w, https:\/\/smallagrimachinery.com\/wp-content\/uploads\/2025\/05\/Mobile-commercial-fully-automatic-304-stainless-steel-temperature-controlled-screw-oil-press-Machine-introduce-6-11x12.webp 11w, https:\/\/smallagrimachinery.com\/wp-content\/uploads\/2025\/05\/Mobile-commercial-fully-automatic-304-stainless-steel-temperature-controlled-screw-oil-press-Machine-introduce-6-700x766.webp 700w\" sizes=\"(max-width: 405px) 100vw, 405px\" \/><\/p>\n<p><img loading=\"lazy\" decoding=\"async\" class=\"alignnone wp-image-3050\" src=\"https:\/\/smallagrimachinery.com\/wp-content\/uploads\/2025\/05\/Mobile-commercial-fully-automatic-304-stainless-steel-temperature-controlled-screw-oil-press-Machine-introduce-7.webp\" alt=\"Mobile commercial fully automatic 304 stainless steel temperature-controlled screw oil press Machine introduce 7\" width=\"416\" height=\"619\" srcset=\"https:\/\/smallagrimachinery.com\/wp-content\/uploads\/2025\/05\/Mobile-commercial-fully-automatic-304-stainless-steel-temperature-controlled-screw-oil-press-Machine-introduce-7.webp 790w, https:\/\/smallagrimachinery.com\/wp-content\/uploads\/2025\/05\/Mobile-commercial-fully-automatic-304-stainless-steel-temperature-controlled-screw-oil-press-Machine-introduce-7-336x500.webp 336w, https:\/\/smallagrimachinery.com\/wp-content\/uploads\/2025\/05\/Mobile-commercial-fully-automatic-304-stainless-steel-temperature-controlled-screw-oil-press-Machine-introduce-7-768x1143.webp 768w, https:\/\/smallagrimachinery.com\/wp-content\/uploads\/2025\/05\/Mobile-commercial-fully-automatic-304-stainless-steel-temperature-controlled-screw-oil-press-Machine-introduce-7-8x12.webp 8w, https:\/\/smallagrimachinery.com\/wp-content\/uploads\/2025\/05\/Mobile-commercial-fully-automatic-304-stainless-steel-temperature-controlled-screw-oil-press-Machine-introduce-7-700x1042.webp 700w\" sizes=\"(max-width: 416px) 100vw, 416px\" \/> <img loading=\"lazy\" decoding=\"async\" class=\"alignnone wp-image-3051\" src=\"https:\/\/smallagrimachinery.com\/wp-content\/uploads\/2025\/05\/Mobile-commercial-fully-automatic-304-stainless-steel-temperature-controlled-screw-oil-press-Machine-introduce-8.webp\" alt=\"Mobile commercial fully automatic 304 stainless steel temperature-controlled screw oil press Machine introduce 8\" width=\"407\" height=\"620\" srcset=\"https:\/\/smallagrimachinery.com\/wp-content\/uploads\/2025\/05\/Mobile-commercial-fully-automatic-304-stainless-steel-temperature-controlled-screw-oil-press-Machine-introduce-8.webp 790w, https:\/\/smallagrimachinery.com\/wp-content\/uploads\/2025\/05\/Mobile-commercial-fully-automatic-304-stainless-steel-temperature-controlled-screw-oil-press-Machine-introduce-8-328x500.webp 328w, https:\/\/smallagrimachinery.com\/wp-content\/uploads\/2025\/05\/Mobile-commercial-fully-automatic-304-stainless-steel-temperature-controlled-screw-oil-press-Machine-introduce-8-788x1200.webp 788w, https:\/\/smallagrimachinery.com\/wp-content\/uploads\/2025\/05\/Mobile-commercial-fully-automatic-304-stainless-steel-temperature-controlled-screw-oil-press-Machine-introduce-8-768x1169.webp 768w, https:\/\/smallagrimachinery.com\/wp-content\/uploads\/2025\/05\/Mobile-commercial-fully-automatic-304-stainless-steel-temperature-controlled-screw-oil-press-Machine-introduce-8-8x12.webp 8w, https:\/\/smallagrimachinery.com\/wp-content\/uploads\/2025\/05\/Mobile-commercial-fully-automatic-304-stainless-steel-temperature-controlled-screw-oil-press-Machine-introduce-8-700x1066.webp 700w\" sizes=\"(max-width: 407px) 100vw, 407px\" \/><\/p>","protected":false},"excerpt":{"rendered":"<ul>\n<li><strong>Ch\u1ed1ng g\u1ec9 v\u00e0 ch\u1ed1ng \u0103n m\u00f2n:<\/strong> To\u00e0n b\u1ed9 m\u00e1y \u0111\u01b0\u1ee3c l\u00e0m b\u1eb1ng th\u00e9p kh\u00f4ng g\u1ec9 304, b\u1ec1n ch\u1eafc, ch\u1ed1ng \u0103n m\u00f2n v\u00e0 ch\u1ecbu \u0111\u01b0\u1ee3c nhi\u1ec7t \u0111\u1ed9 cao, c\u00f3 th\u1ec3 ch\u1ecbu \u0111\u01b0\u1ee3c m\u00f4i tr\u01b0\u1eddng m\u01b0a v\u00e0 \u1ea9m \u01b0\u1edbt c\u1ee7a v\u00f9ng nhi\u1ec7t \u0111\u1edbi.<\/li>\n<li><strong>Ph\u1ea1m vi s\u1eed d\u1ee5ng r\u1ed9ng r\u00e3i:<\/strong> M\u00e1y \u0111\u00e1p \u1ee9ng \u0111\u01b0\u1ee3c ho\u1ea1t \u0111\u1ed9ng \u00e9p d\u1ea7u c\u1ee7a h\u01a1n 30 lo\u1ea1i h\u1ea1t c\u00f3 d\u1ea7u v\u1eeba v\u00e0 nh\u1ecf, th\u00edch h\u1ee3p cho \u0111\u1eadu ph\u1ed9ng, h\u1ea1t d\u01b0a, h\u1ea1t c\u1ea3i d\u1ea7u, qu\u1ea3 \u00f3c ch\u00f3, h\u1ea1t th\u1ea7u d\u1ea7u, \u0111\u1eadu n\u00e0nh, v\u1eebng, v.v.<\/li>\n<li><strong>C\u1ea5u tr\u00fac \u00e9p d\u1ea7u xo\u1eafn \u1ed1c:<\/strong> Thanh \u00e9p xo\u1eafn \u1ed1c \u0111\u01b0\u1ee3c l\u00e0m b\u1eb1ng th\u00e9p ch\u1ea5t l\u01b0\u1ee3ng cao th\u00f4ng qua c\u00f4ng ngh\u1ec7 x\u1eed l\u00fd nhi\u1ec7t ti\u00ean ti\u1ebfn nh\u01b0 th\u1ea5m cacbon, c\u00f3 \u0111\u1eb7c t\u00ednh \u0111\u1ed9 c\u1ee9ng cao, ch\u1ed1ng m\u00e0i m\u00f2n v\u00e0 tu\u1ed5i th\u1ecd cao.<\/li>\n<li><strong>\u00c9p l\u1ea1nh v\u00e0 \u00e9p n\u00f3ng:<\/strong> H\u1ed7 tr\u1ee3 \u0111i\u1ec1u ch\u1ec9nh nhi\u1ec7t \u0111\u1ed9, t\u1ef1 do l\u1ef1a ch\u1ecdn ch\u1ebf \u0111\u1ed9 \u00e9p l\u1ea1nh (gi\u1eef nguy\u00ean h\u01b0\u01a1ng v\u1ecb ban \u0111\u1ea7u) v\u00e0 \u00e9p n\u00f3ng (h\u01b0\u01a1ng th\u01a1m \u0111\u1eadm \u0111\u00e0, n\u0103ng su\u1ea5t d\u1ea7u cao).<\/li>\n<\/ul>","protected":false},"featured_media":3047,"comment_status":"open","ping_status":"closed","template":"","meta":[],"product_brand":[],"product_cat":[25],"product_tag":[38],"class_list":{"0":"post-3041","1":"product","2":"type-product","3":"status-publish","4":"has-post-thumbnail","6":"product_cat-oil-press-machine","7":"product_tag-mobile-oil-press-machine","9":"first","10":"instock","11":"taxable","12":"shipping-taxable","13":"product-type-simple"},"_links":{"self":[{"href":"https:\/\/smallagrimachinery.com\/vi\/wp-json\/wp\/v2\/product\/3041","targetHints":{"allow":["GET"]}}],"collection":[{"href":"https:\/\/smallagrimachinery.com\/vi\/wp-json\/wp\/v2\/product"}],"about":[{"href":"https:\/\/smallagrimachinery.com\/vi\/wp-json\/wp\/v2\/types\/product"}],"replies":[{"embeddable":true,"href":"https:\/\/smallagrimachinery.com\/vi\/wp-json\/wp\/v2\/comments?post=3041"}],"wp:featuredmedia":[{"embeddable":true,"href":"https:\/\/smallagrimachinery.com\/vi\/wp-json\/wp\/v2\/media\/3047"}],"wp:attachment":[{"href":"https:\/\/smallagrimachinery.com\/vi\/wp-json\/wp\/v2\/media?parent=3041"}],"wp:term":[{"taxonomy":"product_brand","embeddable":true,"href":"https:\/\/smallagrimachinery.com\/vi\/wp-json\/wp\/v2\/product_brand?post=3041"},{"taxonomy":"product_cat","embeddable":true,"href":"https:\/\/smallagrimachinery.com\/vi\/wp-json\/wp\/v2\/product_cat?post=3041"},{"taxonomy":"product_tag","embeddable":true,"href":"https:\/\/smallagrimachinery.com\/vi\/wp-json\/wp\/v2\/product_tag?post=3041"}],"curies":[{"name":"wp","href":"https:\/\/api.w.org\/{rel}","templated":true}]}}