{"id":3022,"date":"2025-05-18T09:52:08","date_gmt":"2025-05-18T09:52:08","guid":{"rendered":"https:\/\/smallagrimachinery.com\/?post_type=product&#038;p=3022"},"modified":"2025-05-18T09:55:17","modified_gmt":"2025-05-18T09:55:17","slug":"customizable-fully-automatic-spiral-pressure-cooking-oil-press","status":"publish","type":"product","link":"https:\/\/smallagrimachinery.com\/vi\/product\/customizable-fully-automatic-spiral-pressure-cooking-oil-press\/","title":{"rendered":"M\u00e1y \u00e9p d\u1ea7u \u0103n xo\u1eafn \u1ed1c ho\u00e0n to\u00e0n t\u1ef1 \u0111\u1ed9ng t\u00f9y ch\u1ec9nh"},"content":{"rendered":"<h3>Gi\u1edbi thi\u1ec7u<\/h3>\n<p>M\u00e1y \u00e9p d\u1ea7u \u0103n xo\u1eafn \u1ed1c n\u00e0y l\u00e0 m\u00e1y \u00e9p d\u1ea7u xo\u1eafn \u1ed1c nhi\u1ec7t \u0111\u1ed9 th\u1ea5p th\u1ebf h\u1ec7 m\u1edbi, \u0111\u01b0\u1ee3c thi\u1ebft k\u1ebf \u0111\u1ec3 \u00e9p n\u00f3ng v\u00e0 \u00e9p l\u1ea1nh nhi\u1ec1u lo\u1ea1i d\u1ea7u, \u0111\u1eb7c bi\u1ec7t th\u00edch h\u1ee3p \u0111\u1ec3 \u00e9p c\u00e1c lo\u1ea1i c\u00e2y tr\u1ed3ng h\u1eefu c\u01a1 v\u00e0 c\u00e2y tr\u1ed3ng th\u01b0\u01a1ng m\u1ea1i c\u00f3 gi\u00e1 tr\u1ecb gia t\u0103ng cao. \u00c9p nhi\u1ec1u giai \u0111o\u1ea1n, n\u0103ng su\u1ea5t d\u1ea7u cao, l\u01b0\u1ee3ng d\u1ea7u c\u00f2n l\u1ea1i trong b\u00e1nh d\u1ea7u th\u1ea5p v\u00e0 \u00e9p s\u1ea1ch c\u00f9ng m\u1ed9t l\u00fac. D\u1ea7u ch\u1ebf bi\u1ebfn c\u00f3 m\u00e0u nh\u1ea1t (c\u1ea7n l\u1ecdc d\u1ea7u), ch\u1ea5t l\u01b0\u1ee3ng t\u1ed1t v\u00e0 gi\u00e0u dinh d\u01b0\u1ee1ng, \u0111\u00e1p \u1ee9ng c\u00e1c ti\u00eau chu\u1ea9n th\u1ecb tr\u01b0\u1eddng qu\u1ed1c t\u1ebf. Nhi\u1ec1u model kh\u00e1c nhau t\u01b0\u01a1ng \u1ee9ng v\u1edbi c\u00e1c th\u00f4ng s\u1ed1 k\u1ef9 thu\u1eadt v\u00e0 c\u1ea5u h\u00ecnh kh\u00e1c nhau, ph\u00f9 h\u1ee3p v\u1edbi c\u00e1c lo\u1ea1i c\u00e2n \u00e9p d\u1ea7u kh\u00e1c nhau.<br \/>\nDi\u1ec7n t\u00edch nh\u1ecf, ch\u1ec9 c\u1ea7n 10-20 m\u00e9t vu\u00f4ng \u0111\u1ec3 th\u1ef1c hi\u1ec7n ho\u1ea1t \u0111\u1ed9ng \u00e9p d\u1ea7u.<\/p>\n<h4>Quy tr\u00ecnh \u00e9p d\u1ea7u c\u1ee7a m\u00e1y \u00e9p d\u1ea7u tr\u1ee5c v\u00edt:<\/h4>\n<p>H\u1ea1t c\u1ea3i d\u1ea7u \u0111\u00e3 qua ch\u1ebf bi\u1ebfn (\u0111\u00e3 l\u1ecdc\/n\u01b0\u1edbng) \u0111i v\u00e0o bu\u1ed3ng \u00e9p c\u1ee7a m\u00e1y t\u1eeb ph\u1ec5u. D\u1ea7u li\u00ean t\u1ee5c \u0111\u01b0\u1ee3c \u0111\u1ea9y v\u00e0o b\u00ean trong b\u1eb1ng tr\u1ee5c v\u00edt \u00e9p \u0111\u1ec3 \u00e9p. V\u00ec h\u1ea1t c\u00f3 d\u1ea7u \u0111ang chuy\u1ec3n \u0111\u1ed9ng trong bu\u1ed3ng \u00e9p c\u1ee7a thi\u1ebft b\u1ecb \u00e9p d\u1ea7u h\u1ea1t c\u1ea3i n\u00ean x\u1ea3y ra chuy\u1ec3n \u0111\u1ed9ng t\u01b0\u01a1ng \u0111\u1ed1i. Khi \u00e1p su\u1ea5t trong bu\u1ed3ng \u00e9p cao, c\u00f3 l\u1ef1c c\u1ea3n ma s\u00e1t l\u1edbn gi\u1eefa h\u1ea1t c\u00f3 d\u1ea7u v\u00e0 tr\u1ee5c v\u00edt, v\u00e0 gi\u1eefa h\u1ea1t c\u00f3 d\u1ea7u v\u00e0 bu\u1ed3ng \u00e9p. M\u1eb7t kh\u00e1c, v\u00ec \u0111\u01b0\u1eddng k\u00ednh c\u1ee7a thanh \u00e9p tr\u1ee5c v\u00edt t\u0103ng d\u1ea7n v\u00e0 b\u01b0\u1edbc xo\u1eafn gi\u1ea3m d\u1ea7n, khi m\u00e1y \u00e9p tr\u1ee5c v\u00edt quay, ren c\u00f3 th\u1ec3 \u0111\u1ea9y v\u1ec1 ph\u00eda tr\u01b0\u1edbc v\u00e0 quay ra ngo\u00e0i, v\u00e0 l\u1edbp v\u1eadt li\u1ec7u g\u1ea7n b\u1ec1 m\u1eb7t ren c\u0169ng quay v\u00e0 \u00e9p c\u00f9ng v\u1edbi tr\u1ee5c \u00e9p. Nhi\u1ec7t sinh ra do ma s\u00e1t c\u0169ng \u0111\u00e1p \u1ee9ng nhi\u1ec7t c\u1ea7n thi\u1ebft cho qu\u00e1 tr\u00ecnh \u00e9p d\u1ea7u, gi\u00fap th\u00fac \u0111\u1ea9y qu\u00e1 tr\u00ecnh bi\u1ebfn t\u00ednh nhi\u1ec7t c\u1ee7a protein trong h\u1ea1t c\u00f3 d\u1ea7u, ph\u00e1 h\u1ee7y keo, t\u0103ng \u0111\u1ed9 d\u1ebbo v\u00e0 gi\u1ea3m \u0111\u1ed9 nh\u1edbt, gi\u00fap d\u1ec5 d\u00e0ng ch\u1ea3y ra kh\u1ecfi c\u00e1c khe h\u1edf gi\u1eefa c\u00e1c h\u00e0ng tr\u00f2n v\u00e0 h\u00e0ng d\u1ea3i.<\/p>\n<table>\n<tbody>\n<tr bgcolor=\"#123F53\">\n<th style=\"text-align: center;\" colspan=\"6\"><strong><span style=\"color: #fff;\">M\u00e1y \u00e9p d\u1ea7u \u0103n xo\u1eafn \u1ed1c ho\u00e0n to\u00e0n t\u1ef1 \u0111\u1ed9ng t\u00f9y ch\u1ec9nh<br \/>\n<\/span><\/strong><\/th>\n<\/tr>\n<tr>\n<th>Ng\u01b0\u1eddi m\u1eabu<\/th>\n<th>Quy\u1ec1n l\u1ef1c<\/th>\n<th>Dung t\u00edch<\/th>\n<th>\u0110i\u1ec7n \u00e1p<\/th>\n<th>C\u00e2n n\u1eb7ng<\/th>\n<th>K\u00edch c\u1ee1<\/th>\n<\/tr>\n<tr>\n<th>60A<\/th>\n<td>2,2kW<\/td>\n<td>30\u201340 kg\/gi\u1edd<\/td>\n<td>220V, m\u1ed9t pha<\/td>\n<td>230kg<\/td>\n<td>1200\u00d7750\u00d71200mm<\/td>\n<\/tr>\n<tr>\n<th>70A<\/th>\n<td>3kW<\/td>\n<td>60\u201370 kg\/gi\u1edd<\/td>\n<td>220V, m\u1ed9t pha<\/td>\n<td>280kg<\/td>\n<td>1250\u00d7800\u00d71300mm<\/td>\n<\/tr>\n<tr>\n<th>80A<\/th>\n<td>5,5kW<\/td>\n<td>80\u2013130 kg\/gi\u1edd<\/td>\n<td>380V, ba pha<\/td>\n<td>600kg<\/td>\n<td>1850\u00d7950\u00d71650mm<\/td>\n<\/tr>\n<tr>\n<th>100A<\/th>\n<td>7,5kW<\/td>\n<td>150\u2013250 kg\/gi\u1edd<\/td>\n<td>380V, ba pha<\/td>\n<td>900kg<\/td>\n<td>1800\u00d71300\u00d71720mm<\/td>\n<\/tr>\n<tr>\n<th>120A<\/th>\n<td>15kW<\/td>\n<td>250\u2013350 kg\/gi\u1edd<\/td>\n<td>380V, ba pha<\/td>\n<td>1080kg<\/td>\n<td>2200\u00d71200\u00d71850mm<\/td>\n<\/tr>\n<tr>\n<th>125A<\/th>\n<td>15kW<\/td>\n<td>300\u2013400 kg\/gi\u1edd<\/td>\n<td>380V, ba pha<\/td>\n<td>1280kg<\/td>\n<td>2100\u00d71630\u00d71920mm<\/td>\n<\/tr>\n<tr>\n<th>130A<\/th>\n<td>18,5kW<\/td>\n<td>380\u2013500 kg\/gi\u1edd<\/td>\n<td>380V, ba pha<\/td>\n<td>1260kg<\/td>\n<td>2500\u00d71200\u00d71900mm<\/td>\n<\/tr>\n<tr>\n<th>160A<\/th>\n<td>22kW<\/td>\n<td>650\u2013850 kg\/gi\u1edd<\/td>\n<td>380V, ba pha<\/td>\n<td>1400kg<\/td>\n<td>2550\u00d71300\u00d71950mm<\/td>\n<\/tr>\n<\/tbody>\n<\/table>\n<p>*Bao b\u00ec nh\u1ef1a b\u00ean trong + bao b\u00ec h\u1ed9p g\u1ed7 d\u00e1n xu\u1ea5t kh\u1ea9u b\u00ean ngo\u00e0i \u0111\u1ea3m b\u1ea3o an to\u00e0n khi v\u1eadn chuy\u1ec3n;<\/p>\n<p><img fetchpriority=\"high\" decoding=\"async\" class=\"alignnone  wp-image-3029\" src=\"https:\/\/smallagrimachinery.com\/wp-content\/uploads\/2025\/05\/Customizable-fully-automatic-spiral-pressure-cooking-oil-press-introduction-5.webp\" alt=\"\" width=\"800\" height=\"600\" srcset=\"https:\/\/smallagrimachinery.com\/wp-content\/uploads\/2025\/05\/Customizable-fully-automatic-spiral-pressure-cooking-oil-press-introduction-5.webp 1280w, https:\/\/smallagrimachinery.com\/wp-content\/uploads\/2025\/05\/Customizable-fully-automatic-spiral-pressure-cooking-oil-press-introduction-5-500x375.webp 500w, https:\/\/smallagrimachinery.com\/wp-content\/uploads\/2025\/05\/Customizable-fully-automatic-spiral-pressure-cooking-oil-press-introduction-5-1200x900.webp 1200w, https:\/\/smallagrimachinery.com\/wp-content\/uploads\/2025\/05\/Customizable-fully-automatic-spiral-pressure-cooking-oil-press-introduction-5-768x576.webp 768w, https:\/\/smallagrimachinery.com\/wp-content\/uploads\/2025\/05\/Customizable-fully-automatic-spiral-pressure-cooking-oil-press-introduction-5-16x12.webp 16w, https:\/\/smallagrimachinery.com\/wp-content\/uploads\/2025\/05\/Customizable-fully-automatic-spiral-pressure-cooking-oil-press-introduction-5-700x525.webp 700w\" sizes=\"(max-width: 800px) 100vw, 800px\" \/> <img decoding=\"async\" class=\"alignnone  wp-image-3030\" src=\"https:\/\/smallagrimachinery.com\/wp-content\/uploads\/2025\/05\/Customizable-fully-automatic-spiral-pressure-cooking-oil-press-introduction-6.webp\" alt=\"\" width=\"800\" height=\"600\" srcset=\"https:\/\/smallagrimachinery.com\/wp-content\/uploads\/2025\/05\/Customizable-fully-automatic-spiral-pressure-cooking-oil-press-introduction-6.webp 1280w, https:\/\/smallagrimachinery.com\/wp-content\/uploads\/2025\/05\/Customizable-fully-automatic-spiral-pressure-cooking-oil-press-introduction-6-500x375.webp 500w, https:\/\/smallagrimachinery.com\/wp-content\/uploads\/2025\/05\/Customizable-fully-automatic-spiral-pressure-cooking-oil-press-introduction-6-1200x900.webp 1200w, https:\/\/smallagrimachinery.com\/wp-content\/uploads\/2025\/05\/Customizable-fully-automatic-spiral-pressure-cooking-oil-press-introduction-6-768x576.webp 768w, https:\/\/smallagrimachinery.com\/wp-content\/uploads\/2025\/05\/Customizable-fully-automatic-spiral-pressure-cooking-oil-press-introduction-6-16x12.webp 16w, https:\/\/smallagrimachinery.com\/wp-content\/uploads\/2025\/05\/Customizable-fully-automatic-spiral-pressure-cooking-oil-press-introduction-6-700x525.webp 700w\" sizes=\"(max-width: 800px) 100vw, 800px\" \/><\/p>","protected":false},"excerpt":{"rendered":"<ul>\n<li><strong>Ti\u1ebft ki\u1ec7m n\u0103ng l\u01b0\u1ee3ng:<\/strong> C\u00f9ng m\u1ed9t c\u00f4ng su\u1ea5t c\u00f3 th\u1ec3 gi\u1ea3m \u0111\u01b0\u1ee3c 40% \u0111i\u1ec7n, trung b\u00ecnh m\u1ed7i gi\u1edd c\u00f3 th\u1ec3 ti\u1ebft ki\u1ec7m \u0111\u01b0\u1ee3c kho\u1ea3ng 6 kWh \u0111i\u1ec7n.<\/li>\n<li><strong>D\u1ea7u c\u00f3 ch\u1ea5t l\u01b0\u1ee3ng cao:<\/strong> nguy\u00ean li\u1ec7u c\u00f3 \u0111\u1ea7y \u0111\u1ee7 dinh d\u01b0\u1ee1ng, c\u00f3 v\u1ecb ng\u1ecdt d\u1ecbu, kh\u00f4ng b\u00e9o. L\u01b0\u1ee3ng d\u1ea7u cao, l\u01b0\u1ee3ng d\u1ea7u c\u00f2n l\u1ea1i trong b\u00e1nh gi\u1ea3m.<\/li>\n<li><strong>M\u1ed9t m\u00e1y c\u00f3 th\u1ec3 s\u1eed d\u1ee5ng cho nhi\u1ec1u m\u1ee5c \u0111\u00edch:<\/strong> C\u00e1c lo\u1ea1i c\u00e2y tr\u1ed3ng \u00e9p bao g\u1ed3m h\u1ea1t c\u1ea3i d\u1ea7u, h\u1ea1t b\u00f4ng, h\u1ea1t c\u1ecd, \u0111\u1eadu n\u00e0nh, \u0111\u1eadu ph\u1ed9ng, h\u1ea1t lanh, v\u1ecf d\u1eeba, qu\u1ea3 \u00f4 liu, th\u1ea7u d\u1ea7u, h\u1ea1t t\u00eda t\u00f4, v\u1eebng, h\u1ea1t h\u01b0\u1edbng d\u01b0\u01a1ng, c\u00e1m g\u1ea1o, m\u1ea7m ng\u00f4, qu\u1ea3 \u00f3c ch\u00f3, h\u1ea1nh nh\u00e2n, h\u1ea1t nguy\u1ec7t qu\u1ebf v\u00e0 c\u00e1c lo\u1ea1i h\u1ea1t kh\u00e1c.<\/li>\n<li><strong>Ti\u1ebft ki\u1ec7m lao \u0111\u1ed9ng:<\/strong> C\u00f9ng m\u1ed9t s\u1ea3n l\u01b0\u1ee3ng c\u00f3 th\u1ec3 ti\u1ebft ki\u1ec7m \u0111\u01b0\u1ee3c 60% nh\u00e2n c\u00f4ng v\u00e0 1 \u0111\u1ebfn 2 ng\u01b0\u1eddi c\u00f3 th\u1ec3 ho\u00e0n th\u00e0nh to\u00e0n b\u1ed9 qu\u00e1 tr\u00ecnh \u00e9p d\u1ea7u.<\/li>\n<\/ul>","protected":false},"featured_media":3025,"comment_status":"open","ping_status":"closed","template":"","meta":[],"product_brand":[],"product_cat":[25],"product_tag":[26],"class_list":{"0":"post-3022","1":"product","2":"type-product","3":"status-publish","4":"has-post-thumbnail","6":"product_cat-oil-press-machine","7":"product_tag-screw-oil-press-machine","9":"first","10":"instock","11":"taxable","12":"shipping-taxable","13":"product-type-simple"},"_links":{"self":[{"href":"https:\/\/smallagrimachinery.com\/vi\/wp-json\/wp\/v2\/product\/3022","targetHints":{"allow":["GET"]}}],"collection":[{"href":"https:\/\/smallagrimachinery.com\/vi\/wp-json\/wp\/v2\/product"}],"about":[{"href":"https:\/\/smallagrimachinery.com\/vi\/wp-json\/wp\/v2\/types\/product"}],"replies":[{"embeddable":true,"href":"https:\/\/smallagrimachinery.com\/vi\/wp-json\/wp\/v2\/comments?post=3022"}],"wp:featuredmedia":[{"embeddable":true,"href":"https:\/\/smallagrimachinery.com\/vi\/wp-json\/wp\/v2\/media\/3025"}],"wp:attachment":[{"href":"https:\/\/smallagrimachinery.com\/vi\/wp-json\/wp\/v2\/media?parent=3022"}],"wp:term":[{"taxonomy":"product_brand","embeddable":true,"href":"https:\/\/smallagrimachinery.com\/vi\/wp-json\/wp\/v2\/product_brand?post=3022"},{"taxonomy":"product_cat","embeddable":true,"href":"https:\/\/smallagrimachinery.com\/vi\/wp-json\/wp\/v2\/product_cat?post=3022"},{"taxonomy":"product_tag","embeddable":true,"href":"https:\/\/smallagrimachinery.com\/vi\/wp-json\/wp\/v2\/product_tag?post=3022"}],"curies":[{"name":"wp","href":"https:\/\/api.w.org\/{rel}","templated":true}]}}