{"id":3003,"date":"2025-05-18T07:48:09","date_gmt":"2025-05-18T07:48:09","guid":{"rendered":"https:\/\/smallagrimachinery.com\/?post_type=product&#038;p=3003"},"modified":"2025-05-18T07:59:14","modified_gmt":"2025-05-18T07:59:14","slug":"commercial-single-screw-screw-high-oil-output-round-row-oil-press","status":"publish","type":"product","link":"https:\/\/smallagrimachinery.com\/vi\/product\/commercial-single-screw-screw-high-oil-output-round-row-oil-press\/","title":{"rendered":"M\u00e1y \u00e9p d\u1ea7u tr\u1ee5c v\u00edt \u0111\u01a1n th\u01b0\u01a1ng m\u1ea1i c\u00f3 c\u00f4ng su\u1ea5t d\u1ea7u cao h\u00e0ng tr\u00f2n"},"content":{"rendered":"<h3>Gi\u1edbi thi\u1ec7u<\/h3>\n<p>M\u00e1y \u00e9p d\u1ea7u xo\u1eafn \u1ed1c n\u00e0y c\u00f3 th\u1ec3 \u00e9p h\u1ea7u h\u1ebft c\u00e1c lo\u1ea1i c\u00e2y tr\u1ed3ng c\u00f3 d\u1ea7u, bao g\u1ed3m \u0111\u1eadu ph\u1ed9ng, \u0111\u1eadu n\u00e0nh, h\u1ea1t c\u00f3 d\u1ea7u, h\u1ea1t c\u1ea3i d\u1ea7u, qu\u1ea3 \u00f3c ch\u00f3, h\u1ea1t b\u00f4ng, v.v., \u0111\u1ec3 \u0111\u00e1p \u1ee9ng c\u00e1c nhu c\u1ea7u \u00e9p d\u1ea7u kh\u00e1c nhau. \u0110\u01b0\u1ee3c l\u00e0m b\u1eb1ng th\u00e9p cacbon cao, t\u00f4i luy\u1ec7n t\u1ea7n s\u1ed1 cao v\u00e0 x\u1eed l\u00fd ch\u1ecbu nhi\u1ec7t. Do \u0111\u00f3, m\u00e1y c\u00f3 \u0111\u1ed9 c\u1ee9ng cao, \u0111\u1ed9 b\u1ec1n cao, kh\u1ea3 n\u0103ng ch\u1ed1ng m\u00e0i m\u00f2n t\u1ed1t v\u00e0 c\u00f3 th\u1ec3 th\u00edch \u1ee9ng v\u1edbi ho\u1ea1t \u0111\u1ed9ng li\u00ean t\u1ee5c \u1edf nhi\u1ec7t \u0111\u1ed9 cao v\u00e0 \u00e1p su\u1ea5t cao. M\u1ed7i m\u00e1y \u0111\u1ec1u tr\u1ea3i qua qu\u00e1 tr\u00ecnh ki\u1ec3m so\u00e1t ch\u1ea5t l\u01b0\u1ee3ng nghi\u00eam ng\u1eb7t v\u00e0 \u0111\u01b0\u1ee3c th\u1eed nghi\u1ec7m tr\u01b0\u1edbc khi xu\u1ea5t x\u01b0\u1edfng. V\u00ec v\u1eady, c\u00e1c m\u00e1y \u0111\u1ec1u \u0111\u01b0\u1ee3c ch\u1ee9ng nh\u1eadn CE v\u00e0 ISO.<\/p>\n<h3>T\u00ednh n\u0103ng s\u1ea3n ph\u1ea9m:<\/h3>\n<p><strong>N\u0103ng su\u1ea5t d\u1ea7u cao \u2013<\/strong> So v\u1edbi thi\u1ebft b\u1ecb c\u0169, s\u1ea3n l\u01b0\u1ee3ng d\u1ea7u b\u00ecnh th\u01b0\u1eddng c\u00f3 th\u1ec3 cao h\u01a1n 2-3 \u0111i\u1ec3m ph\u1ea7n tr\u0103m v\u00e0 l\u1ee3i \u00edch kinh t\u1ebf h\u00e0ng n\u0103m l\u00e0 \u0111\u00e1ng k\u1ec3.<br \/>\n<strong>Ti\u1ebft ki\u1ec7m n\u0103ng l\u01b0\u1ee3ng \u2013<\/strong> c\u00f9ng m\u1ed9t c\u00f4ng su\u1ea5t \u0111\u1ea7u ra l\u00e0m gi\u1ea3m l\u01b0\u1ee3ng \u0111i\u1ec7n ti\u00eau th\u1ee5 40%.<br \/>\n<strong>Ti\u1ebft ki\u1ec7m lao \u0111\u1ed9ng \u2013<\/strong> c\u00f9ng m\u1ed9t s\u1ea3n l\u01b0\u1ee3ng ti\u1ebft ki\u1ec7m \u0111\u01b0\u1ee3c 60% nh\u00e2n c\u00f4ng, 1-2 ng\u01b0\u1eddi c\u00f3 th\u1ec3 ho\u00e0n th\u00e0nh vi\u1ec7c \u00e9p d\u1ea7u.<br \/>\n<strong>D\u1ea5u ch\u00e2n nh\u1ecf \u2013<\/strong> ch\u1ec9 c\u1ea7n 10-20 m\u00e9t vu\u00f4ng.<br \/>\n<strong>Xu\u1ea5t kh\u1ea9u chuy\u00ean nghi\u1ec7p \u2013<\/strong> xu\u1ea5t kh\u1ea9u \u0111i kh\u1eafp n\u01a1i tr\u00ean th\u1ebf gi\u1edbi, b\u1ea1n ch\u1ec9 c\u1ea7n \u0111\u01b0a ra y\u00eau c\u1ea7u, \u0111\u1ed9i ng\u0169 chuy\u00ean nghi\u1ec7p c\u1ee7a ch\u00fang t\u00f4i s\u1ebd thi\u1ebft k\u1ebf ri\u00eang m\u1ed9t b\u1ed9 d\u00e2y chuy\u1ec1n s\u1ea3n xu\u1ea5t \u00e9p d\u1ea7u ho\u00e0n ch\u1ec9nh cho doanh nghi\u1ec7p \u00e9p d\u1ea7u c\u1ee7a b\u1ea1n. Giao h\u00e0ng nhanh ch\u00f3ng.<\/p>\n<table>\n<tbody>\n<tr bgcolor=\"#123F53\">\n<th style=\"text-align: center;\" colspan=\"6\"><strong><span style=\"color: #fff;\">M\u00e1y \u00e9p d\u1ea7u h\u00e0ng tr\u00f2n tr\u1ee5c v\u00edt \u0111\u01a1n th\u01b0\u01a1ng m\u1ea1i c\u00f4ng su\u1ea5t l\u1edbn<br \/>\n<\/span><\/strong><\/th>\n<\/tr>\n<tr>\n<th>Ng\u01b0\u1eddi m\u1eabu<\/th>\n<th>Dung t\u00edch<\/th>\n<th>Quy\u1ec1n l\u1ef1c<\/th>\n<th>K\u00edch c\u1ee1<\/th>\n<th>C\u00e2n n\u1eb7ng<\/th>\n<th>T\u1ed1c \u0111\u1ed9<\/th>\n<\/tr>\n<tr>\n<th>85<\/th>\n<td>1,4\u20132 T\/24 gi\u1edd<\/td>\n<td>5,5 kW\u20134P<\/td>\n<td>1200\u00d7400\u00d7900mm<\/td>\n<td>260kg<\/td>\n<td>60\u201380 kg\/gi\u1edd<\/td>\n<\/tr>\n<tr>\n<th>105<\/th>\n<td>3,5\u20135 T\/24 gi\u1edd<\/td>\n<td>7,5\u201311 kW\u20136P<\/td>\n<td>1600\u00d7700\u00d71350mm<\/td>\n<td>530kg<\/td>\n<td>150\u2013200 kg\/gi\u1edd<\/td>\n<\/tr>\n<tr>\n<th>125<\/th>\n<td>4\u20137 T\/24 gi\u1edd<\/td>\n<td>15 kW\u20134P<\/td>\n<td>1850\u00d7700\u00d71350mm<\/td>\n<td>580kg<\/td>\n<td>210\u2013300 kg\/gi\u1edd<\/td>\n<\/tr>\n<tr>\n<th>128<\/th>\n<td>7\u20139 T\/24 gi\u1edd<\/td>\n<td>15 kW\u20136P<\/td>\n<td>2000\u00d7800\u00d71170mm<\/td>\n<td>720kg<\/td>\n<td>300\u2013375 kg\/gi\u1edd<\/td>\n<\/tr>\n<tr>\n<th>130<\/th>\n<td>10\u201312T\/24 gi\u1edd<\/td>\n<td>18,5 kW\u20136P<\/td>\n<td>2010\u00d7800\u00d71380mm<\/td>\n<td>820kg<\/td>\n<td>450\u2013500 kg\/gi\u1edd<\/td>\n<\/tr>\n<tr>\n<th>150<\/th>\n<td>16\u201320 T\/24 gi\u1edd<\/td>\n<td>30 kW\u20136P<\/td>\n<td>2180\u00d7790\u00d71790mm<\/td>\n<td>1060kg<\/td>\n<td>750\u2013850 kg\/gi\u1edd<\/td>\n<\/tr>\n<\/tbody>\n<\/table>\n<p>*Bao b\u00ec nh\u1ef1a b\u00ean trong + bao b\u00ec h\u1ed9p g\u1ed7 d\u00e1n xu\u1ea5t kh\u1ea9u b\u00ean ngo\u00e0i \u0111\u1ea3m b\u1ea3o an to\u00e0n khi v\u1eadn chuy\u1ec3n;<br \/>\n<img fetchpriority=\"high\" decoding=\"async\" class=\"alignnone wp-image-2995\" src=\"https:\/\/smallagrimachinery.com\/wp-content\/uploads\/2025\/05\/Heavy-duty-large-capacity-round-row-screw-oil-press-details-2.webp\" alt=\"Heavy duty large capacity round row screw oil press details (2)\" width=\"750\" height=\"444\" srcset=\"https:\/\/smallagrimachinery.com\/wp-content\/uploads\/2025\/05\/Heavy-duty-large-capacity-round-row-screw-oil-press-details-2.webp 750w, https:\/\/smallagrimachinery.com\/wp-content\/uploads\/2025\/05\/Heavy-duty-large-capacity-round-row-screw-oil-press-details-2-500x296.webp 500w, https:\/\/smallagrimachinery.com\/wp-content\/uploads\/2025\/05\/Heavy-duty-large-capacity-round-row-screw-oil-press-details-2-18x12.webp 18w, https:\/\/smallagrimachinery.com\/wp-content\/uploads\/2025\/05\/Heavy-duty-large-capacity-round-row-screw-oil-press-details-2-700x414.webp 700w\" sizes=\"(max-width: 750px) 100vw, 750px\" \/><br \/>\n<img decoding=\"async\" class=\"alignnone wp-image-2996\" src=\"https:\/\/smallagrimachinery.com\/wp-content\/uploads\/2025\/05\/Heavy-duty-large-capacity-round-row-screw-oil-press-details-4.webp\" alt=\"\" width=\"384\" height=\"212\" srcset=\"https:\/\/smallagrimachinery.com\/wp-content\/uploads\/2025\/05\/Heavy-duty-large-capacity-round-row-screw-oil-press-details-4.webp 750w, https:\/\/smallagrimachinery.com\/wp-content\/uploads\/2025\/05\/Heavy-duty-large-capacity-round-row-screw-oil-press-details-4-500x275.webp 500w, https:\/\/smallagrimachinery.com\/wp-content\/uploads\/2025\/05\/Heavy-duty-large-capacity-round-row-screw-oil-press-details-4-18x10.webp 18w, https:\/\/smallagrimachinery.com\/wp-content\/uploads\/2025\/05\/Heavy-duty-large-capacity-round-row-screw-oil-press-details-4-700x385.webp 700w\" sizes=\"(max-width: 384px) 100vw, 384px\" \/> <img decoding=\"async\" class=\"alignnone wp-image-2997\" src=\"https:\/\/smallagrimachinery.com\/wp-content\/uploads\/2025\/05\/Heavy-duty-large-capacity-round-row-screw-oil-press-details-6.webp\" alt=\"\" width=\"343\" height=\"212\" srcset=\"https:\/\/smallagrimachinery.com\/wp-content\/uploads\/2025\/05\/Heavy-duty-large-capacity-round-row-screw-oil-press-details-6.webp 750w, https:\/\/smallagrimachinery.com\/wp-content\/uploads\/2025\/05\/Heavy-duty-large-capacity-round-row-screw-oil-press-details-6-500x309.webp 500w, https:\/\/smallagrimachinery.com\/wp-content\/uploads\/2025\/05\/Heavy-duty-large-capacity-round-row-screw-oil-press-details-6-18x12.webp 18w, https:\/\/smallagrimachinery.com\/wp-content\/uploads\/2025\/05\/Heavy-duty-large-capacity-round-row-screw-oil-press-details-6-700x432.webp 700w\" sizes=\"(max-width: 343px) 100vw, 343px\" \/><br \/>\n<img loading=\"lazy\" decoding=\"async\" class=\"alignnone size-full wp-image-3012\" src=\"https:\/\/smallagrimachinery.com\/wp-content\/uploads\/2025\/05\/Commercial-single-screw-screw-high-oil-output-round-row-oil-press-details-8-2.webp\" alt=\"\" width=\"750\" height=\"451\" srcset=\"https:\/\/smallagrimachinery.com\/wp-content\/uploads\/2025\/05\/Commercial-single-screw-screw-high-oil-output-round-row-oil-press-details-8-2.webp 750w, https:\/\/smallagrimachinery.com\/wp-content\/uploads\/2025\/05\/Commercial-single-screw-screw-high-oil-output-round-row-oil-press-details-8-2-500x301.webp 500w, https:\/\/smallagrimachinery.com\/wp-content\/uploads\/2025\/05\/Commercial-single-screw-screw-high-oil-output-round-row-oil-press-details-8-2-18x12.webp 18w, https:\/\/smallagrimachinery.com\/wp-content\/uploads\/2025\/05\/Commercial-single-screw-screw-high-oil-output-round-row-oil-press-details-8-2-700x421.webp 700w\" sizes=\"(max-width: 750px) 100vw, 750px\" \/> <img loading=\"lazy\" decoding=\"async\" class=\"alignnone size-full wp-image-3013\" src=\"https:\/\/smallagrimachinery.com\/wp-content\/uploads\/2025\/05\/Commercial-single-screw-screw-high-oil-output-round-row-oil-press-details-display-8.webp\" alt=\"\" width=\"750\" height=\"500\" srcset=\"https:\/\/smallagrimachinery.com\/wp-content\/uploads\/2025\/05\/Commercial-single-screw-screw-high-oil-output-round-row-oil-press-details-display-8.webp 750w, https:\/\/smallagrimachinery.com\/wp-content\/uploads\/2025\/05\/Commercial-single-screw-screw-high-oil-output-round-row-oil-press-details-display-8-500x333.webp 500w, https:\/\/smallagrimachinery.com\/wp-content\/uploads\/2025\/05\/Commercial-single-screw-screw-high-oil-output-round-row-oil-press-details-display-8-18x12.webp 18w, https:\/\/smallagrimachinery.com\/wp-content\/uploads\/2025\/05\/Commercial-single-screw-screw-high-oil-output-round-row-oil-press-details-display-8-700x467.webp 700w\" sizes=\"(max-width: 750px) 100vw, 750px\" \/><\/p>","protected":false},"excerpt":{"rendered":"<ul>\n<li><strong>Th\u00e9p c\u01b0\u1eddng \u0111\u1ed9 cao:<\/strong> Tr\u1ee5c v\u00edt \u00e9p d\u1ea7u \u0111\u01b0\u1ee3c l\u00e0m b\u1eb1ng th\u00e9p c\u01b0\u1eddng \u0111\u1ed9 cao s\u1eed d\u1ee5ng c\u00f4ng ngh\u1ec7 t\u00f4i luy\u1ec7n, c\u00f3 \u0111\u1ed9 b\u1ec1n cao v\u00e0 c\u00f3 th\u1ec3 ch\u1ecbu \u0111\u01b0\u1ee3c \u00e1p su\u1ea5t \u00e9p d\u1ea7u c\u01b0\u1eddng \u0111\u1ed9 cao.<\/li>\n<li><strong>\u00c9p xo\u1eafn \u1ed1c:<\/strong> C\u1ea5u tr\u00fac k\u1ebft h\u1ee3p c\u1ee7a thanh \u00e9p v\u00e0 v\u00f2ng \u00e9p cho ph\u00e9p \u00e9p ho\u00e0n to\u00e0n h\u1ea1t c\u00f3 d\u1ea7u v\u00e0 h\u1ea1t gi\u1ed1ng trong kh\u00f4ng gian gi\u1ea3m d\u1ea7n.<\/li>\n<li><strong>\u00c1p d\u1ee5ng cho nhi\u1ec1u lo\u1ea1i h\u1ea1t c\u00f3 d\u1ea7u:<\/strong> h\u1ed7 tr\u1ee3 \u00e9p l\u1ea1nh v\u00e0 \u00e9p n\u00f3ng c\u00e1c lo\u1ea1i h\u1ea1t \u0111\u1eadu ph\u1ed9ng, \u0111\u1eadu n\u00e0nh, h\u1ea1t c\u1ea3i d\u1ea7u, h\u1ea1t h\u01b0\u1edbng d\u01b0\u01a1ng, h\u1ea1t tr\u00e0, h\u1ea1t v\u1eebng, h\u1ea1t b\u00f4ng, h\u1ea1t d\u1ea7u tr\u1ea9u, h\u1ea1t th\u1ea7u d\u1ea7u, h\u1ea1nh nh\u00e2n v\u00e0 c\u00e1c lo\u1ea1i c\u00e2y tr\u1ed3ng c\u00f3 d\u1ea7u kh\u00e1c, v\u1edbi hi\u1ec7u su\u1ea5t \u00e9p cao, v\u1eadn h\u00e0nh d\u1ec5 d\u00e0ng v\u00e0 ch\u1ea5t l\u01b0\u1ee3ng d\u1ea7u \u00e9p t\u1ed1t.<\/li>\n<li><strong>C\u00f3 nhi\u1ec1u m\u1eabu m\u00e3 kh\u00e1c nhau:<\/strong> C\u00f3 nhi\u1ec1u th\u00f4ng s\u1ed1 k\u1ef9 thu\u1eadt kh\u00e1c nhau, v\u1edbi s\u1ea3n l\u01b0\u1ee3ng h\u00e0ng ng\u00e0y dao \u0111\u1ed9ng t\u1eeb 1,4 t\u1ea5n \u0111\u1ebfn 20 t\u1ea5n. B\u1ea1n c\u00f3 th\u1ec3 ch\u1ecdn m\u1ed9t m\u00f4 h\u00ecnh ti\u1ebft ki\u1ec7m chi ph\u00ed theo nhu c\u1ea7u s\u1ea3n l\u01b0\u1ee3ng h\u00e0ng ng\u00e0y t\u1ea1i \u0111\u1ecba ph\u01b0\u01a1ng c\u1ee7a b\u1ea1n.<\/li>\n<\/ul>","protected":false},"featured_media":3008,"comment_status":"open","ping_status":"closed","template":"","meta":[],"product_brand":[],"product_cat":[25],"product_tag":[26],"class_list":{"0":"post-3003","1":"product","2":"type-product","3":"status-publish","4":"has-post-thumbnail","6":"product_cat-oil-press-machine","7":"product_tag-screw-oil-press-machine","9":"first","10":"instock","11":"taxable","12":"shipping-taxable","13":"product-type-simple"},"_links":{"self":[{"href":"https:\/\/smallagrimachinery.com\/vi\/wp-json\/wp\/v2\/product\/3003","targetHints":{"allow":["GET"]}}],"collection":[{"href":"https:\/\/smallagrimachinery.com\/vi\/wp-json\/wp\/v2\/product"}],"about":[{"href":"https:\/\/smallagrimachinery.com\/vi\/wp-json\/wp\/v2\/types\/product"}],"replies":[{"embeddable":true,"href":"https:\/\/smallagrimachinery.com\/vi\/wp-json\/wp\/v2\/comments?post=3003"}],"wp:featuredmedia":[{"embeddable":true,"href":"https:\/\/smallagrimachinery.com\/vi\/wp-json\/wp\/v2\/media\/3008"}],"wp:attachment":[{"href":"https:\/\/smallagrimachinery.com\/vi\/wp-json\/wp\/v2\/media?parent=3003"}],"wp:term":[{"taxonomy":"product_brand","embeddable":true,"href":"https:\/\/smallagrimachinery.com\/vi\/wp-json\/wp\/v2\/product_brand?post=3003"},{"taxonomy":"product_cat","embeddable":true,"href":"https:\/\/smallagrimachinery.com\/vi\/wp-json\/wp\/v2\/product_cat?post=3003"},{"taxonomy":"product_tag","embeddable":true,"href":"https:\/\/smallagrimachinery.com\/vi\/wp-json\/wp\/v2\/product_tag?post=3003"}],"curies":[{"name":"wp","href":"https:\/\/api.w.org\/{rel}","templated":true}]}}