{"id":2912,"date":"2025-05-16T14:37:42","date_gmt":"2025-05-16T14:37:42","guid":{"rendered":"https:\/\/smallagrimachinery.com\/?post_type=product&#038;p=2912"},"modified":"2025-09-10T06:26:05","modified_gmt":"2025-09-10T06:26:05","slug":"automatic-hydraulic-oil-press-machine-with-multiple-piston-models","status":"publish","type":"product","link":"https:\/\/smallagrimachinery.com\/vi\/product\/automatic-hydraulic-oil-press-machine-with-multiple-piston-models\/","title":{"rendered":"M\u00e1y \u00e9p d\u1ea7u th\u1ee7y l\u1ef1c t\u1ef1 \u0111\u1ed9ng v\u1edbi nhi\u1ec1u model piston"},"content":{"rendered":"<p><img fetchpriority=\"high\" decoding=\"async\" class=\"size-full wp-image-2915\" src=\"https:\/\/smallagrimachinery.com\/wp-content\/uploads\/2025\/05\/Automatic-hydraulic-oil-press-with-multiple-piston-models-280.webp\" alt=\"Automatic hydraulic oil press with multiple piston models 280\" width=\"500\" height=\"500\" srcset=\"https:\/\/smallagrimachinery.com\/wp-content\/uploads\/2025\/05\/Automatic-hydraulic-oil-press-with-multiple-piston-models-280.webp 500w, https:\/\/smallagrimachinery.com\/wp-content\/uploads\/2025\/05\/Automatic-hydraulic-oil-press-with-multiple-piston-models-280-150x150.webp 150w, https:\/\/smallagrimachinery.com\/wp-content\/uploads\/2025\/05\/Automatic-hydraulic-oil-press-with-multiple-piston-models-280-12x12.webp 12w, https:\/\/smallagrimachinery.com\/wp-content\/uploads\/2025\/05\/Automatic-hydraulic-oil-press-with-multiple-piston-models-280-300x300.webp 300w, https:\/\/smallagrimachinery.com\/wp-content\/uploads\/2025\/05\/Automatic-hydraulic-oil-press-with-multiple-piston-models-280-100x100.webp 100w\" sizes=\"(max-width: 500px) 100vw, 500px\" \/><\/p>\n<h4>280 Th\u00f4ng s\u1ed1 k\u1ef9 thu\u1eadt thi\u1ebft b\u1ecb:<\/h4>\n<ul>\n<li>C\u00f4ng su\u1ea5t ph\u00f9 h\u1ee3p: 3kw;<\/li>\n<li>\u0110\u01b0\u1eddng k\u00ednh n\u00f2ng: 480mm;<\/li>\n<li>Chi\u1ec1u cao n\u00f2ng s\u00fang: 800mm;<\/li>\n<li>C\u00f4ng su\u1ea5t x\u1eed l\u00fd h\u00e0ng ng\u00e0y: 1000kg\/24h;<\/li>\n<li>\u0110\u01b0\u1eddng k\u00ednh piston: 280mm;<\/li>\n<li>H\u00e0nh tr\u00ecnh d\u1ea7u tr\u00ean c\u00f9ng: 750mm;<\/li>\n<li>Khung: th\u00e9p h\u00ecnh ch\u1eef U;<\/li>\n<li>\u00c1p su\u1ea5t l\u00e0m vi\u1ec7c: 30mpa;<\/li>\n<li>Dimensions: 1250*1250*2400;<\/li>\n<\/ul>\n<p><img decoding=\"async\" class=\"size-full wp-image-2913\" src=\"https:\/\/smallagrimachinery.com\/wp-content\/uploads\/2025\/05\/Automatic-hydraulic-oil-press-with-multiple-piston-models-320-\u7a7f\u5b54\u538b\u69a8\u6876\u6b3e.webp\" alt=\"Automatic hydraulic oil press with multiple piston models 320 drilled press cylinder\" width=\"300\" height=\"300\" srcset=\"https:\/\/smallagrimachinery.com\/wp-content\/uploads\/2025\/05\/Automatic-hydraulic-oil-press-with-multiple-piston-models-320-\u7a7f\u5b54\u538b\u69a8\u6876\u6b3e.webp 300w, https:\/\/smallagrimachinery.com\/wp-content\/uploads\/2025\/05\/Automatic-hydraulic-oil-press-with-multiple-piston-models-320-\u7a7f\u5b54\u538b\u69a8\u6876\u6b3e-150x150.webp 150w, https:\/\/smallagrimachinery.com\/wp-content\/uploads\/2025\/05\/Automatic-hydraulic-oil-press-with-multiple-piston-models-320-\u7a7f\u5b54\u538b\u69a8\u6876\u6b3e-12x12.webp 12w, https:\/\/smallagrimachinery.com\/wp-content\/uploads\/2025\/05\/Automatic-hydraulic-oil-press-with-multiple-piston-models-320-\u7a7f\u5b54\u538b\u69a8\u6876\u6b3e-100x100.webp 100w\" sizes=\"(max-width: 300px) 100vw, 300px\" \/><\/p>\n<h4>M\u00e1y \u00e9p xi lanh khoan 320 Model: (d\u00e0nh cho nguy\u00ean li\u1ec7u th\u00f4 \u00edt ch\u1ea5t b\u00e9o)<\/h4>\n<ul>\n<li>C\u00f4ng su\u1ea5t ph\u00f9 h\u1ee3p: 3kw;<\/li>\n<li>\u0110\u01b0\u1eddng k\u00ednh n\u00f2ng: 410mm;<\/li>\n<li>Chi\u1ec1u cao n\u00f2ng s\u00fang: 800mm;<\/li>\n<li>C\u00f4ng su\u1ea5t x\u1eed l\u00fd h\u00e0ng ng\u00e0y: 1500kg\/24h;<\/li>\n<li>\u0110\u01b0\u1eddng k\u00ednh piston: 320mm;<\/li>\n<li>H\u00e0nh tr\u00ecnh d\u1ea7u tr\u00ean c\u00f9ng: 750mm;<\/li>\n<li>Khung: th\u00e9p h\u00ecnh ch\u1eef U;<\/li>\n<li>\u00c1p su\u1ea5t l\u00e0m vi\u1ec7c: 30mpa;<\/li>\n<li>Dimensions: 1250*1250*2400;<\/li>\n<\/ul>\n<p><img decoding=\"async\" class=\"size-full wp-image-2914\" src=\"https:\/\/smallagrimachinery.com\/wp-content\/uploads\/2025\/05\/Automatic-hydraulic-oil-press-with-multiple-piston-models-320-\u6761\u5f62\u538b\u69a8\u6876\u6b3e.webp\" alt=\"Automatic hydraulic oil press with multiple piston models 320 strip-row press cylinder\" width=\"500\" height=\"500\" srcset=\"https:\/\/smallagrimachinery.com\/wp-content\/uploads\/2025\/05\/Automatic-hydraulic-oil-press-with-multiple-piston-models-320-\u6761\u5f62\u538b\u69a8\u6876\u6b3e.webp 500w, https:\/\/smallagrimachinery.com\/wp-content\/uploads\/2025\/05\/Automatic-hydraulic-oil-press-with-multiple-piston-models-320-\u6761\u5f62\u538b\u69a8\u6876\u6b3e-150x150.webp 150w, https:\/\/smallagrimachinery.com\/wp-content\/uploads\/2025\/05\/Automatic-hydraulic-oil-press-with-multiple-piston-models-320-\u6761\u5f62\u538b\u69a8\u6876\u6b3e-12x12.webp 12w, https:\/\/smallagrimachinery.com\/wp-content\/uploads\/2025\/05\/Automatic-hydraulic-oil-press-with-multiple-piston-models-320-\u6761\u5f62\u538b\u69a8\u6876\u6b3e-300x300.webp 300w, https:\/\/smallagrimachinery.com\/wp-content\/uploads\/2025\/05\/Automatic-hydraulic-oil-press-with-multiple-piston-models-320-\u6761\u5f62\u538b\u69a8\u6876\u6b3e-100x100.webp 100w\" sizes=\"(max-width: 500px) 100vw, 500px\" \/><\/p>\n<h4>M\u00e1y \u00e9p tr\u1ee5c ngang 320 Model: (d\u00e0nh cho nguy\u00ean li\u1ec7u th\u00f4 c\u00f3 h\u00e0m l\u01b0\u1ee3ng ch\u1ea5t b\u00e9o cao)<\/h4>\n<ul>\n<li>C\u00f4ng su\u1ea5t ph\u00f9 h\u1ee3p: 3kw;<\/li>\n<li>\u0110\u01b0\u1eddng k\u00ednh n\u00f2ng: 410mm;<\/li>\n<li>Chi\u1ec1u cao n\u00f2ng s\u00fang: 800mm;<\/li>\n<li>C\u00f4ng su\u1ea5t x\u1eed l\u00fd h\u00e0ng ng\u00e0y: 1500kg\/24h;<\/li>\n<li>\u0110\u01b0\u1eddng k\u00ednh piston: 320mm;<\/li>\n<li>H\u00e0nh tr\u00ecnh d\u1ea7u tr\u00ean c\u00f9ng: 750mm;<\/li>\n<li>Khung: th\u00e9p t\u1ea5m;<\/li>\n<li>\u00c1p su\u1ea5t l\u00e0m vi\u1ec7c: 30mpa;<\/li>\n<li>Dimensions: 1250*1250*2400;<\/li>\n<\/ul>","protected":false},"excerpt":{"rendered":"<ul>\n<li><strong>C\u00f3 hai lo\u1ea1i xi lanh \u00e9p:<\/strong> C\u00f3 hai lo\u1ea1i t\u00f9y ch\u1ecdn th\u00e9p \u00e9p, xi lanh \u00e9p d\u1ea3i v\u00e0 xi lanh \u00e9p khoan, \u0111\u1ec3 \u0111\u00e1p \u1ee9ng c\u00e1c nhu c\u1ea7u d\u1ea7u kh\u00e1c nhau.<\/li>\n<li><strong>Hai m\u00f4 h\u00ecnh:<\/strong> Hai m\u1eabu m\u00e1y \u00e9p d\u1ea7u th\u1ee7y l\u1ef1c kh\u00e1c nhau t\u01b0\u01a1ng \u1ee9ng v\u1edbi hai k\u00edch th\u01b0\u1edbc \u0111\u01b0\u1eddng k\u00ednh piston l\u00e0 280mm v\u00e0 320mm.<\/li>\n<li><strong>N\u0103ng su\u1ea5t d\u1ea7u cao:<\/strong> 30MPa pressure and slow pressing significantly improve oil yield.<\/li>\n<\/ul>\n<p>* Each pressing time is about 2 hours, depending on the type of raw material (hardness of the material). For a faster, more powerful version, <a href=\"https:\/\/smallagrimachinery.com\/vi\/san-pham\/upgraded-high-pressure-hydraulic-oil-press-for-industrial-cold-pressed-oil\/\" target=\"_blank\" rel=\"noopener\">please see our GQYS model.<\/a><\/p>","protected":false},"featured_media":2915,"comment_status":"open","ping_status":"closed","template":"","meta":[],"product_brand":[],"product_cat":[25],"product_tag":[27],"class_list":{"0":"post-2912","1":"product","2":"type-product","3":"status-publish","4":"has-post-thumbnail","6":"product_cat-oil-press-machine","7":"product_tag-hydraulic-oil-press-machine","9":"first","10":"instock","11":"taxable","12":"shipping-taxable","13":"product-type-simple"},"_links":{"self":[{"href":"https:\/\/smallagrimachinery.com\/vi\/wp-json\/wp\/v2\/product\/2912","targetHints":{"allow":["GET"]}}],"collection":[{"href":"https:\/\/smallagrimachinery.com\/vi\/wp-json\/wp\/v2\/product"}],"about":[{"href":"https:\/\/smallagrimachinery.com\/vi\/wp-json\/wp\/v2\/types\/product"}],"replies":[{"embeddable":true,"href":"https:\/\/smallagrimachinery.com\/vi\/wp-json\/wp\/v2\/comments?post=2912"}],"wp:featuredmedia":[{"embeddable":true,"href":"https:\/\/smallagrimachinery.com\/vi\/wp-json\/wp\/v2\/media\/2915"}],"wp:attachment":[{"href":"https:\/\/smallagrimachinery.com\/vi\/wp-json\/wp\/v2\/media?parent=2912"}],"wp:term":[{"taxonomy":"product_brand","embeddable":true,"href":"https:\/\/smallagrimachinery.com\/vi\/wp-json\/wp\/v2\/product_brand?post=2912"},{"taxonomy":"product_cat","embeddable":true,"href":"https:\/\/smallagrimachinery.com\/vi\/wp-json\/wp\/v2\/product_cat?post=2912"},{"taxonomy":"product_tag","embeddable":true,"href":"https:\/\/smallagrimachinery.com\/vi\/wp-json\/wp\/v2\/product_tag?post=2912"}],"curies":[{"name":"wp","href":"https:\/\/api.w.org\/{rel}","templated":true}]}}