{"id":2896,"date":"2025-05-16T13:17:19","date_gmt":"2025-05-16T13:17:19","guid":{"rendered":"https:\/\/smallagrimachinery.com\/?post_type=product&#038;p=2896"},"modified":"2025-05-16T13:35:12","modified_gmt":"2025-05-16T13:35:12","slug":"commercial-fully-automatic-hydraulic-oil-press-machine-can-be-customized-with-single-and-double-barrels","status":"publish","type":"product","link":"https:\/\/smallagrimachinery.com\/vi\/product\/hydraulic-oil-press-machine-can-be-customized-with-single-and-double-barrels\/","title":{"rendered":"M\u00e1y \u00e9p d\u1ea7u th\u1ee7y l\u1ef1c th\u01b0\u01a1ng m\u1ea1i ho\u00e0n to\u00e0n t\u1ef1 \u0111\u1ed9ng c\u00f3 th\u1ec3 t\u00f9y ch\u1ec9nh v\u1edbi th\u00f9ng \u0111\u01a1n v\u00e0 th\u00f9ng \u0111\u00f4i"},"content":{"rendered":"<table border=\"1\">\n<tbody>\n<tr bgcolor=\"#123F53\">\n<th style=\"text-align: center;\" colspan=\"13\"><strong><span style=\"color: #fff;\">M\u00e1y \u00e9p d\u1ea7u th\u1ee7y l\u1ef1c th\u01b0\u01a1ng m\u1ea1i ho\u00e0n to\u00e0n t\u1ef1 \u0111\u1ed9ng c\u00f3 th\u1ec3 t\u00f9y ch\u1ec9nh v\u1edbi th\u00f9ng \u0111\u01a1n v\u00e0 th\u00f9ng \u0111\u00f4i<\/span><\/strong><\/th>\n<\/tr>\n<tr>\n<th>Ng\u01b0\u1eddi m\u1eabu<\/th>\n<th>Lo\u1ea1i th\u00f9ng<\/th>\n<th>S\u1ee9c ch\u1ee9a th\u00f9ng<\/th>\n<th>Ngu\u1ed3n \u0111i\u1ec7n \u0111\u01b0\u1ee3c trang b\u1ecb<\/th>\n<th>Chi\u1ec1u cao th\u00f9ng<\/th>\n<th>Nh\u1ea5n Stroke<\/th>\n<th>\u0110i\u1ec7n \u00e1p<\/th>\n<th>\u0110\u01b0\u1eddng k\u00ednh piston<\/th>\n<th>\u0110\u01b0\u1eddng k\u00ednh th\u00f9ng<\/th>\n<th>\u00c1p su\u1ea5t l\u00e0m vi\u1ec7c<\/th>\n<th>L\u1ef1c \u0111\u1ea9y l\u00e0m vi\u1ec7c<\/th>\n<th>C\u00e2n n\u1eb7ng<\/th>\n<th>K\u00edch th\u01b0\u1edbc<\/th>\n<\/tr>\n<tr>\n<th>250D-SS<\/th>\n<td>N\u00f2ng \u0111\u01a1n \/ d\u1ea3i<\/td>\n<td>75KG<\/td>\n<td>3KW<\/td>\n<td>700mm<\/td>\n<td>700mm<\/td>\n<td>380V<\/td>\n<td>250mm<\/td>\n<td>400mm<\/td>\n<td>40MPa<\/td>\n<td>200 t\u1ea5n<\/td>\n<td>1400KG<\/td>\n<td>1400\u00d71300\u00d72300mm<\/td>\n<\/tr>\n<tr>\n<th>250D-DS<\/th>\n<td>N\u00f2ng \u0111\u00f4i \/ d\u1ea3i<\/td>\n<td>75KG<\/td>\n<td>3KW<\/td>\n<td>700mm<\/td>\n<td>700mm<\/td>\n<td>380V<\/td>\n<td>250mm<\/td>\n<td>400mm<\/td>\n<td>40MPa<\/td>\n<td>200 t\u1ea5n<\/td>\n<td>1600KG<\/td>\n<td>2050\u00d71300\u00d72300mm<\/td>\n<\/tr>\n<tr>\n<th>250D-SP<\/th>\n<td>N\u00f2ng \u0111\u01a1n \/ \u0111\u1ea5m<\/td>\n<td>75KG<\/td>\n<td>3KW<\/td>\n<td>700mm<\/td>\n<td>700mm<\/td>\n<td>380V<\/td>\n<td>250mm<\/td>\n<td>400mm<\/td>\n<td>40MPa<\/td>\n<td>200 t\u1ea5n<\/td>\n<td>1350KG<\/td>\n<td>1400\u00d71300\u00d72300mm<\/td>\n<\/tr>\n<tr>\n<th>250D-DP<\/th>\n<td>N\u00f2ng \u0111\u00f4i \/ \u0111\u1ea5m<\/td>\n<td>75KG<\/td>\n<td>3KW<\/td>\n<td>700mm<\/td>\n<td>700mm<\/td>\n<td>380V<\/td>\n<td>250mm<\/td>\n<td>400mm<\/td>\n<td>40MPa<\/td>\n<td>200 t\u1ea5n<\/td>\n<td>1550KG<\/td>\n<td>2050\u00d71300\u00d72300mm<\/td>\n<\/tr>\n<tr>\n<th>280D-SS<\/th>\n<td>N\u00f2ng \u0111\u01a1n \/ d\u1ea3i<\/td>\n<td>100KG<\/td>\n<td>3KW<\/td>\n<td>800mm<\/td>\n<td>800mm<\/td>\n<td>380V<\/td>\n<td>280mm<\/td>\n<td>420mm<\/td>\n<td>60MPa<\/td>\n<td>308 t\u1ea5n<\/td>\n<td>2450KG<\/td>\n<td>1400\u00d71300\u00d72550mm<\/td>\n<\/tr>\n<tr>\n<th>280D-DS<\/th>\n<td>N\u00f2ng \u0111\u00f4i \/ d\u1ea3i<\/td>\n<td>100KG<\/td>\n<td>3KW<\/td>\n<td>800mm<\/td>\n<td>800mm<\/td>\n<td>380V<\/td>\n<td>280mm<\/td>\n<td>420mm<\/td>\n<td>60MPa<\/td>\n<td>308 t\u1ea5n<\/td>\n<td>2750KG<\/td>\n<td>2020\u00d71300\u00d72550mm<\/td>\n<\/tr>\n<tr>\n<th>280D-SP<\/th>\n<td>N\u00f2ng \u0111\u01a1n \/ \u0111\u1ea5m<\/td>\n<td>100KG<\/td>\n<td>3KW<\/td>\n<td>800mm<\/td>\n<td>800mm<\/td>\n<td>380V<\/td>\n<td>280mm<\/td>\n<td>420mm<\/td>\n<td>60MPa<\/td>\n<td>308 t\u1ea5n<\/td>\n<td>2350KG<\/td>\n<td>1400\u00d71300\u00d72550mm<\/td>\n<\/tr>\n<tr>\n<th>280D-DP<\/th>\n<td>N\u00f2ng \u0111\u00f4i \/ \u0111\u1ea5m<\/td>\n<td>100KG<\/td>\n<td>3KW<\/td>\n<td>800mm<\/td>\n<td>800mm<\/td>\n<td>380V<\/td>\n<td>280mm<\/td>\n<td>420mm<\/td>\n<td>60MPa<\/td>\n<td>308 t\u1ea5n<\/td>\n<td>2550KG<\/td>\n<td>2020\u00d71300\u00d72550mm<\/td>\n<\/tr>\n<\/tbody>\n<\/table>\n<p>*B\u1ea3o h\u00e0nh m\u1ed9t n\u0103m cho to\u00e0n b\u1ed9 m\u00e1y; bao b\u00ec b\u00ean trong b\u1eb1ng nh\u1ef1a + bao b\u00ec b\u00ean ngo\u00e0i b\u1eb1ng h\u1ed9p g\u1ed7 \u0111\u1ea3m b\u1ea3o an to\u00e0n khi v\u1eadn chuy\u1ec3n;<\/p>\n<h3>Gi\u1edbi thi\u1ec7u<\/h3>\n<p>M\u00e1y \u00e9p d\u1ea7u th\u1ee7y l\u1ef1c n\u00e0y \u0111\u01b0\u1ee3c chia th\u00e0nh hai lo\u1ea1i: m\u1ed9t l\u00e0 m\u00e1y \u00e9p d\u1ea7u th\u1ee7y l\u1ef1c xi lanh \u00e9p d\u1ea3i; m\u1ed9t l\u00e0 m\u00e1y \u00e9p d\u1ea7u th\u1ee7y l\u1ef1c xi lanh \u00e9p khoan. N\u00f3i chung, v\u1eadt li\u1ec7u c\u00f3 h\u00e0m l\u01b0\u1ee3ng d\u1ea7u cao c\u00f3 th\u1ec3 s\u1eed d\u1ee5ng m\u00e1y \u00e9p d\u1ea7u th\u1ee7y l\u1ef1c xi lanh \u00e9p d\u1ea3i (tu\u1ed5i th\u1ecd h\u01a1n 15 n\u0103m), v\u00e0 v\u1eadt li\u1ec7u c\u00f3 h\u00e0m l\u01b0\u1ee3ng d\u1ea7u th\u1ea5p c\u00f3 th\u1ec3 ch\u1ecdn m\u00e1y \u00e9p d\u1ea7u th\u1ee7y l\u1ef1c xi lanh \u00e9p khoan (tu\u1ed5i th\u1ecd h\u01a1n 10 n\u0103m).<br \/>\nNgo\u00e0i ra, hai lo\u1ea1i m\u00e1y \u00e9p th\u1ee7y l\u1ef1c n\u00e0y c\u00f2n \u0111\u01b0\u1ee3c chia th\u00e0nh m\u00e1y \u00e9p m\u1ed9t th\u00f9ng v\u00e0 m\u00e1y \u00e9p hai th\u00f9ng. M\u00e1y \u00e9p m\u1ed9t th\u00f9ng ti\u1ebft ki\u1ec7m h\u01a1n, ph\u00f9 h\u1ee3p v\u1edbi kh\u00e1ch h\u00e0ng c\u00f3 s\u1ea3n l\u01b0\u1ee3ng nh\u1ecf, trong khi m\u00e1y \u00e9p hai th\u00f9ng ti\u1ebft ki\u1ec7m nh\u00e2n c\u00f4ng v\u00e0 chi ph\u00ed, ph\u00f9 h\u1ee3p v\u1edbi kh\u00e1ch h\u00e0ng c\u00f3 s\u1ea3n l\u01b0\u1ee3ng l\u1edbn.<br \/>\n\u0110\u1ec3 gi\u1ea3i quy\u1ebft v\u1ea5n \u0111\u1ec1 d\u1ea7u b\u1eafn tung t\u00f3e trong qu\u00e1 tr\u00ecnh s\u1eed d\u1ee5ng m\u00e1y \u00e9p d\u1ea7u th\u1ee7y l\u1ef1c truy\u1ec1n th\u1ed1ng, b\u00ean ngo\u00e0i m\u1ed7i xi lanh \u00e9p \u0111\u01b0\u1ee3c l\u1eafp m\u1ed9t t\u1ea5m ch\u1eafn b\u1eb1ng th\u00e9p kh\u00f4ng g\u1ec9 \u0111\u1ec3 gi\u1ea3i quy\u1ebft v\u1ea5n \u0111\u1ec1 d\u1ea7u b\u1eafn tung t\u00f3e, gi\u1ea3m thi\u1ec3u l\u00e3ng ph\u00ed kh\u00f4ng c\u1ea7n thi\u1ebft cho kh\u00e1ch h\u00e0ng.<\/p>\n<h4>V\u1eadt li\u1ec7u k\u1ebft c\u1ea5u:<\/h4>\n<ul>\n<li>T\u1ea5m tr\u00ean c\u00f9ng \u0111\u01b0\u1ee3c l\u00e0m b\u1eb1ng v\u1eadt li\u1ec7u WISCO Q345, c\u00f3 th\u1ec3 ch\u1ecbu \u0111\u01b0\u1ee3c \u00e1p l\u1ef1c c\u1ef1c m\u1ea1nh c\u1ee7a piston m\u00e1y; thi\u1ebft k\u1ebf ph\u1eb3ng gi\u00fap gi\u1ea3m ma s\u00e1t, c\u00f3 th\u1ec3 c\u1ed1 \u0111\u1ecbnh t\u1ea5m tr\u00ean c\u00f9ng, kh\u00f4ng c\u00f3 g\u00f3c nghi\u00eang v\u00e0 duy tr\u00ec s\u1ef1 c\u00e2n b\u1eb1ng c\u1ee7a qu\u00e1 tr\u00ecnh \u00e9p d\u1ea7u.<\/li>\n<li>\u0110\u1ed3ng h\u1ed3 \u0111o \u00e1p su\u1ea5t ti\u1ebfp x\u00fac \u0111i\u1ec7n, ho\u00e0n to\u00e0n t\u1ef1 \u0111\u1ed9ng, t\u1ef1 \u0111\u1ed9ng chuy\u1ec3n \u0111\u1ed5i \u00e1p su\u1ea5t cao v\u00e0 th\u1ea5p, \u0111\u1ec3 ng\u0103n ng\u1eeba \u00e1p su\u1ea5t qu\u00e1 m\u1ee9c g\u00e2y h\u01b0 h\u1ecfng m\u00e1y m\u00f3c v\u00e0 th\u01b0\u01a1ng vong. C\u00f3 th\u1ec3 s\u1eed d\u1ee5ng \u0111\u1ec3 \u00e9p v\u1eadt li\u1ec7u nhi\u1ec1u l\u1ea7n \u0111\u1ec3 t\u0103ng s\u1ea3n l\u01b0\u1ee3ng d\u1ea7u.<\/li>\n<li>C\u1ed9t c\u1ee7a m\u00e1y \u00e9p d\u1ea7u \u0111\u01b0\u1ee3c l\u00e0m b\u1eb1ng v\u1eadt li\u1ec7u Jigang 40CR, c\u00f3 th\u1ec3 cung c\u1ea5p gi\u00e1 \u0111\u1ee1 d\u1ea1ng d\u1ea7m cho m\u00e1y li\u00ean t\u1ee5c \u00e9p l\u00ean xu\u1ed1ng.<\/li>\n<li>V\u00f2ng gia c\u1ed1 \u0111\u01b0\u1ee3c x\u1eed l\u00fd nhi\u1ec7t b\u1eb1ng th\u00e9p 45 \u0111\u1ec3 \u0111\u1ea3m b\u1ea3o tu\u1ed5i th\u1ecd c\u1ee7a m\u00e1y. M\u1ed9t s\u1ed1 m\u00e1y \u00e9p d\u1ea7u th\u1ee7y l\u1ef1c c\u1ee7a c\u00e1c nh\u00e0 s\u1ea3n xu\u1ea5t nh\u1ecf tr\u00ean th\u1ecb tr\u01b0\u1eddng d\u1ec5 b\u1ecb h\u1ecfng n\u1ebfu kh\u00f4ng c\u00f3 gia c\u1ed1.<\/li>\n<li>\u0110\u1ebf m\u00e1y \u0111\u01b0\u1ee3c l\u00e0m b\u1eb1ng th\u00e9p t\u1ea5m c\u1ea5p h\u00e0ng kh\u00f4ng v\u0169 tr\u1ee5 \u0111\u1ec3 \u0111\u1ea3m b\u1ea3o kh\u1ea3 n\u0103ng ch\u1ecbu t\u1ea3i c\u1ee7a m\u00e1y \u00e9p d\u1ea7u v\u00e0 tu\u1ed5i th\u1ecd c\u1ee7a m\u00e1y.<\/li>\n<\/ul>\n<p>M\u00e1y \u00e9p l\u1ea1nh th\u1ee7y l\u1ef1c n\u00e0y c\u00f3 nh\u1eefng \u01b0u \u0111i\u1ec3m sau:<\/p>\n<ol>\n<li>L\u1ef1c \u0111\u00f9n l\u1edbn v\u00e0 ti\u1ebfng \u1ed3n th\u1ea5p.<\/li>\n<li>Hi\u1ec7u qu\u1ea3 nhanh ch\u00f3ng.<\/li>\n<li>H\u1ed7 tr\u1ee3 \u00e9p l\u1ea1nh v\u00e0 \u00e9p n\u00f3ng, kh\u00e1ch h\u00e0ng c\u00f3 th\u1ec3 tho\u1ea3i m\u00e1i l\u1ef1a ch\u1ecdn theo nhu c\u1ea7u.<\/li>\n<li>V\u1eadn h\u00e0nh \u0111\u01a1n gi\u1ea3n v\u00e0 b\u1ea3o tr\u00ec thu\u1eadn ti\u1ec7n.<\/li>\n<li>Ph\u1ea1m vi s\u1eed d\u1ee5ng r\u1ed9ng r\u00e3i, di\u1ec7n t\u00edch nh\u00e0 x\u01b0\u1edfng nh\u1ecf.<\/li>\n<li>\u0110\u1ed9 c\u1ee9ng cao, \u0111\u1ed9 b\u1ec1n cao, kh\u1ea3 n\u0103ng ch\u1ed1ng m\u00e0i m\u00f2n t\u1ed1t v\u00e0 tu\u1ed5i th\u1ecd cao.<\/li>\n<\/ol>\n<p><img fetchpriority=\"high\" decoding=\"async\" class=\"wp-image-2906\" src=\"https:\/\/smallagrimachinery.com\/wp-content\/uploads\/2025\/05\/Detailed-display-7.webp\" alt=\"Hydraulic oil press certification\" width=\"1000\" height=\"750\" srcset=\"https:\/\/smallagrimachinery.com\/wp-content\/uploads\/2025\/05\/Detailed-display-7.webp 1200w, https:\/\/smallagrimachinery.com\/wp-content\/uploads\/2025\/05\/Detailed-display-7-500x375.webp 500w, https:\/\/smallagrimachinery.com\/wp-content\/uploads\/2025\/05\/Detailed-display-7-768x576.webp 768w, https:\/\/smallagrimachinery.com\/wp-content\/uploads\/2025\/05\/Detailed-display-7-16x12.webp 16w, https:\/\/smallagrimachinery.com\/wp-content\/uploads\/2025\/05\/Detailed-display-7-700x525.webp 700w\" sizes=\"(max-width: 1000px) 100vw, 1000px\" \/><\/p>\n<p><img decoding=\"async\" class=\"alignnone  wp-image-2907\" src=\"https:\/\/smallagrimachinery.com\/wp-content\/uploads\/2025\/05\/Detailed-display-8.webp\" alt=\"\" width=\"1000\" height=\"673\" srcset=\"https:\/\/smallagrimachinery.com\/wp-content\/uploads\/2025\/05\/Detailed-display-8.webp 978w, https:\/\/smallagrimachinery.com\/wp-content\/uploads\/2025\/05\/Detailed-display-8-500x336.webp 500w, https:\/\/smallagrimachinery.com\/wp-content\/uploads\/2025\/05\/Detailed-display-8-768x517.webp 768w, https:\/\/smallagrimachinery.com\/wp-content\/uploads\/2025\/05\/Detailed-display-8-18x12.webp 18w, https:\/\/smallagrimachinery.com\/wp-content\/uploads\/2025\/05\/Detailed-display-8-700x471.webp 700w\" sizes=\"(max-width: 1000px) 100vw, 1000px\" \/> <img decoding=\"async\" class=\"alignnone  wp-image-2910\" src=\"https:\/\/smallagrimachinery.com\/wp-content\/uploads\/2025\/05\/Detailed-display-4.webp\" alt=\"\" width=\"504\" height=\"441\" srcset=\"https:\/\/smallagrimachinery.com\/wp-content\/uploads\/2025\/05\/Detailed-display-4.webp 448w, https:\/\/smallagrimachinery.com\/wp-content\/uploads\/2025\/05\/Detailed-display-4-14x12.webp 14w\" sizes=\"(max-width: 504px) 100vw, 504px\" \/> <img loading=\"lazy\" decoding=\"async\" class=\"alignnone  wp-image-2911\" src=\"https:\/\/smallagrimachinery.com\/wp-content\/uploads\/2025\/05\/Detailed-display-5.webp\" alt=\"\" width=\"486\" height=\"441\" srcset=\"https:\/\/smallagrimachinery.com\/wp-content\/uploads\/2025\/05\/Detailed-display-5.webp 430w, https:\/\/smallagrimachinery.com\/wp-content\/uploads\/2025\/05\/Detailed-display-5-13x12.webp 13w\" sizes=\"(max-width: 486px) 100vw, 486px\" \/> <img loading=\"lazy\" decoding=\"async\" class=\"alignnone  wp-image-2909\" src=\"https:\/\/smallagrimachinery.com\/wp-content\/uploads\/2025\/05\/Detailed-display-12.webp\" alt=\"\" width=\"1000\" height=\"320\" srcset=\"https:\/\/smallagrimachinery.com\/wp-content\/uploads\/2025\/05\/Detailed-display-12.webp 1100w, https:\/\/smallagrimachinery.com\/wp-content\/uploads\/2025\/05\/Detailed-display-12-500x160.webp 500w, https:\/\/smallagrimachinery.com\/wp-content\/uploads\/2025\/05\/Detailed-display-12-768x246.webp 768w, https:\/\/smallagrimachinery.com\/wp-content\/uploads\/2025\/05\/Detailed-display-12-18x6.webp 18w, https:\/\/smallagrimachinery.com\/wp-content\/uploads\/2025\/05\/Detailed-display-12-700x224.webp 700w\" sizes=\"(max-width: 1000px) 100vw, 1000px\" \/> <img loading=\"lazy\" decoding=\"async\" class=\"alignnone  wp-image-2908\" src=\"https:\/\/smallagrimachinery.com\/wp-content\/uploads\/2025\/05\/Detailed-display-11.webp\" alt=\"\" width=\"1000\" height=\"320\" srcset=\"https:\/\/smallagrimachinery.com\/wp-content\/uploads\/2025\/05\/Detailed-display-11.webp 1100w, https:\/\/smallagrimachinery.com\/wp-content\/uploads\/2025\/05\/Detailed-display-11-500x160.webp 500w, https:\/\/smallagrimachinery.com\/wp-content\/uploads\/2025\/05\/Detailed-display-11-768x246.webp 768w, https:\/\/smallagrimachinery.com\/wp-content\/uploads\/2025\/05\/Detailed-display-11-18x6.webp 18w, https:\/\/smallagrimachinery.com\/wp-content\/uploads\/2025\/05\/Detailed-display-11-700x224.webp 700w\" sizes=\"(max-width: 1000px) 100vw, 1000px\" \/><\/p>","protected":false},"excerpt":{"rendered":"<ul>\n<li><strong>Ch\u1ea5t l\u01b0\u1ee3ng d\u1ea7u h\u1ea1ng nh\u1ea5t:<\/strong> D\u1ea7u \u00e9p c\u00f3 m\u00e0u trong su\u1ed1t, r\u1ea5t \u0111\u01b0\u1ee3c ng\u01b0\u1eddi ti\u00eau d\u00f9ng \u01b0a chu\u1ed9ng v\u00e0 t\u00ecm ki\u1ebfm.<\/li>\n<li><strong>M\u1ed9t m\u00e1y c\u00f3 th\u1ec3 s\u1eed d\u1ee5ng cho nhi\u1ec1u m\u1ee5c \u0111\u00edch:<\/strong> \u0110\u01b0\u1ee3c s\u1eed d\u1ee5ng \u0111\u1ec3 \u00e9p c\u00e1c lo\u1ea1i h\u1ea1t d\u1ea7u th\u1ef1c v\u1eadt kh\u00e1c nhau, ch\u1eb3ng h\u1ea1n nh\u01b0 d\u1eeba, \u00f4 liu, b\u01a1, h\u1ea1t m\u1ee1, b\u01a1, ng\u00f4, c\u00e1m g\u1ea1o v\u00e0 c\u00e1c lo\u1ea1i c\u00e2y tr\u1ed3ng c\u00f3 d\u1ea7u kh\u00e1c. Th\u00edch h\u1ee3p \u0111\u1ec3 \u00e9p l\u1ea1nh, ch\u1eb3ng h\u1ea1n nh\u01b0 \u00e9p d\u1ea7u d\u1eeba, d\u1ea7u \u00f4 liu v\u00e0 d\u1ea7u b\u01a1.<\/li>\n<li><strong>Th\u00e9p ch\u1ea5t l\u01b0\u1ee3ng cao:<\/strong> T\u1ea5m tr\u00ean c\u00f9ng \u0111\u01b0\u1ee3c l\u00e0m b\u1eb1ng th\u00e9p V\u0169 H\u00e1n Q345, c\u1ed9t \u0111\u01b0\u1ee3c l\u00e0m b\u1eb1ng th\u00e9p Jigang 40CR v\u00e0 \u0111\u1ebf \u0111\u01b0\u1ee3c l\u00e0m b\u1eb1ng th\u00e9p t\u1ea5m c\u1ea5p h\u00e0ng kh\u00f4ng v\u0169 tr\u1ee5.<\/li>\n<li><strong>B\u1ea3o v\u1ec7 to\u00e0n di\u1ec7n:<\/strong> \u0110\u1ed3ng h\u1ed3 \u0111o \u00e1p su\u1ea5t ti\u1ebfp x\u00fac \u0111i\u1ec7n ho\u00e0n to\u00e0n t\u1ef1 \u0111\u1ed9ng c\u00f3 th\u1ec3 t\u1ef1 \u0111\u1ed9ng chuy\u1ec3n \u0111\u1ed5i gi\u1eefa \u00e1p su\u1ea5t cao v\u00e0 th\u1ea5p theo t\u00ecnh h\u00ecnh th\u1eddi gian th\u1ef1c \u0111\u1ec3 ng\u0103n \u00e1p su\u1ea5t qu\u00e1 m\u1ee9c l\u00e0m h\u1ecfng m\u00e1y. \u0110\u1ed9ng c\u01a1 c\u0169ng c\u00f3 n\u1eafp b\u1ea3o v\u1ec7 b\u00ean ngo\u00e0i \u0111\u1ec3 b\u1ea3o v\u1ec7 \u0111\u1ed9ng c\u01a1 \u0111\u1ed3ng th\u1eddi \u0111\u1ea3m b\u1ea3o an to\u00e0n cho ng\u01b0\u1eddi v\u1eadn h\u00e0nh \u00e9p d\u1ea7u.<\/li>\n<\/ul>","protected":false},"featured_media":2897,"comment_status":"open","ping_status":"closed","template":"","meta":[],"product_brand":[],"product_cat":[25],"product_tag":[27],"class_list":{"0":"post-2896","1":"product","2":"type-product","3":"status-publish","4":"has-post-thumbnail","6":"product_cat-oil-press-machine","7":"product_tag-hydraulic-oil-press-machine","9":"first","10":"instock","11":"taxable","12":"shipping-taxable","13":"product-type-simple"},"_links":{"self":[{"href":"https:\/\/smallagrimachinery.com\/vi\/wp-json\/wp\/v2\/product\/2896","targetHints":{"allow":["GET"]}}],"collection":[{"href":"https:\/\/smallagrimachinery.com\/vi\/wp-json\/wp\/v2\/product"}],"about":[{"href":"https:\/\/smallagrimachinery.com\/vi\/wp-json\/wp\/v2\/types\/product"}],"replies":[{"embeddable":true,"href":"https:\/\/smallagrimachinery.com\/vi\/wp-json\/wp\/v2\/comments?post=2896"}],"wp:featuredmedia":[{"embeddable":true,"href":"https:\/\/smallagrimachinery.com\/vi\/wp-json\/wp\/v2\/media\/2897"}],"wp:attachment":[{"href":"https:\/\/smallagrimachinery.com\/vi\/wp-json\/wp\/v2\/media?parent=2896"}],"wp:term":[{"taxonomy":"product_brand","embeddable":true,"href":"https:\/\/smallagrimachinery.com\/vi\/wp-json\/wp\/v2\/product_brand?post=2896"},{"taxonomy":"product_cat","embeddable":true,"href":"https:\/\/smallagrimachinery.com\/vi\/wp-json\/wp\/v2\/product_cat?post=2896"},{"taxonomy":"product_tag","embeddable":true,"href":"https:\/\/smallagrimachinery.com\/vi\/wp-json\/wp\/v2\/product_tag?post=2896"}],"curies":[{"name":"wp","href":"https:\/\/api.w.org\/{rel}","templated":true}]}}