{"id":2882,"date":"2025-05-16T12:54:26","date_gmt":"2025-05-16T12:54:26","guid":{"rendered":"https:\/\/smallagrimachinery.com\/?post_type=product&#038;p=2882"},"modified":"2026-03-14T05:54:50","modified_gmt":"2026-03-14T05:54:50","slug":"multifunctional-vertical-hydraulic-automatic-cold-oil-press-machine","status":"publish","type":"product","link":"https:\/\/smallagrimachinery.com\/vi\/product\/multifunctional-vertical-hydraulic-automatic-cold-oil-press-machine\/","title":{"rendered":"M\u00e1y \u00e9p d\u1ea7u l\u1ea1nh t\u1ef1 \u0111\u1ed9ng th\u1ee7y l\u1ef1c \u0111a ch\u1ee9c n\u0103ng d\u1ea1ng \u0111\u1ee9ng"},"content":{"rendered":"<table border=\"1\">\n<tbody>\n<tr bgcolor=\"#123F53\">\n<th style=\"text-align: center;\" colspan=\"11\"><strong><span style=\"color: #fff;\">M\u00e1y \u00e9p d\u1ea7u l\u1ea1nh t\u1ef1 \u0111\u1ed9ng th\u1ee7y l\u1ef1c \u0111a ch\u1ee9c n\u0103ng<\/span><\/strong><\/th>\n<\/tr>\n<tr>\n<th>Ng\u01b0\u1eddi m\u1eabu<\/th>\n<th>\u0110\u01b0\u1eddng k\u00ednh xi lanh (mm)<\/th>\n<th>K\u00edch th\u01b0\u1edbc (m)<\/th>\n<th>Tr\u1ecdng l\u01b0\u1ee3ng (kg)<\/th>\n<th>\u00c1p su\u1ea5t (KN)<\/th>\n<th>Working<br \/>\nPressure (Mpa)<\/th>\n<th>C\u00f4ng su\u1ea5t s\u01b0\u1edfi \u1ea5m (W)<\/th>\n<th>Nhi\u1ec7t \u0111\u1ed9 (\u00b0C)<\/th>\n<th>M\u1ed7i l\u1ea7n t\u1ea3i (kg)<\/th>\n<th>Hourly output (kg\/h)<\/th>\n<th>C\u00f4ng su\u1ea5t \u0111\u1ed9ng c\u01a1 (kW)<\/th>\n<\/tr>\n<tr>\n<th>YZ-150<\/th>\n<td>150<\/td>\n<td>0,7 \u00d7 0,8 \u00d7 0,78<\/td>\n<td>240<\/td>\n<td>650<\/td>\n<td>55\u201360<\/td>\n<td>600<\/td>\n<td>50\u201360<\/td>\n<td>2<\/td>\n<td>20<\/td>\n<td>0.75<\/td>\n<\/tr>\n<tr>\n<th>YZ-180<\/th>\n<td>180<\/td>\n<td>0,8 \u00d7 0,9 \u00d7 1,05<\/td>\n<td>550<\/td>\n<td>1600<\/td>\n<td>55\u201360<\/td>\n<td>720<\/td>\n<td>50\u201360<\/td>\n<td>4<\/td>\n<td>50<\/td>\n<td>1.5<\/td>\n<\/tr>\n<tr>\n<th>YZ-230<\/th>\n<td>230<\/td>\n<td>0,9 \u00d7 1 \u00d7 1,4<\/td>\n<td>950<\/td>\n<td>2200<\/td>\n<td>55\u201360<\/td>\n<td>850<\/td>\n<td>50\u201360<\/td>\n<td>8<\/td>\n<td>60<\/td>\n<td>1.5<\/td>\n<\/tr>\n<tr>\n<th>YZ-260<\/th>\n<td>260<\/td>\n<td>1,05 \u00d7 1,1 \u00d7 1,55<\/td>\n<td>1200<\/td>\n<td>2600<\/td>\n<td>55\u201360<\/td>\n<td>950<\/td>\n<td>50\u201360<\/td>\n<td>12<\/td>\n<td>80<\/td>\n<td>1.5<\/td>\n<\/tr>\n<tr>\n<th>YZ-320<\/th>\n<td>320<\/td>\n<td>1,12 \u00d7 1,2 \u00d7 1,65<\/td>\n<td>1700<\/td>\n<td>3000<\/td>\n<td>55\u201360<\/td>\n<td>1100<\/td>\n<td>50\u201360<\/td>\n<td>17.5<\/td>\n<td>90<\/td>\n<td>2.2<\/td>\n<\/tr>\n<tr>\n<th>YZ-360<\/th>\n<td>360<\/td>\n<td>1,2 \u00d7 1,2 \u00d7 1,68<\/td>\n<td>2000<\/td>\n<td>3600<\/td>\n<td>55\u201360<\/td>\n<td>1250<\/td>\n<td>50\u201360<\/td>\n<td>22.5<\/td>\n<td>100<\/td>\n<td>2.2<\/td>\n<\/tr>\n<tr>\n<th>YZ-415<\/th>\n<td>415<\/td>\n<td>1,25 \u00d7 1,25 \u00d7 1,7<\/td>\n<td>2200<\/td>\n<td>4300<\/td>\n<td>55\u201360<\/td>\n<td>1500<\/td>\n<td>50\u201360<\/td>\n<td>30<\/td>\n<td>120<\/td>\n<td>2.2<\/td>\n<\/tr>\n<tr>\n<th>YZ-460<\/th>\n<td>460<\/td>\n<td>1,5 \u00d7 1,5 \u00d7 2,15<\/td>\n<td>3000<\/td>\n<td>4800<\/td>\n<td>55\u201360<\/td>\n<td>2000<\/td>\n<td>50\u201360<\/td>\n<td>45<\/td>\n<td>180<\/td>\n<td>3.0<\/td>\n<\/tr>\n<\/tbody>\n<\/table>\n<p>*B\u1ea3o h\u00e0nh m\u1ed9t n\u0103m cho to\u00e0n b\u1ed9 m\u00e1y; bao b\u00ec b\u00ean trong b\u1eb1ng nh\u1ef1a + bao b\u00ec b\u00ean ngo\u00e0i b\u1eb1ng h\u1ed9p g\u1ed7 \u0111\u1ea3m b\u1ea3o an to\u00e0n khi v\u1eadn chuy\u1ec3n;<br \/>\n*The above specifications are for reference only. The machine is constantly being upgraded, so the parameters may differ from the actual ones. Please understand.<br \/>\n<iframe title=\"YouTube video player\" src=\"https:\/\/www.youtube.com\/embed\/-H7L1_-5SAQ?si=8WqjCcvrTKA4GkN8\" width=\"750\" height=\"422\" frameborder=\"0\" allowfullscreen=\"allowfullscreen\"><span data-mce-type=\"bookmark\" style=\"display: inline-block; width: 0px; overflow: hidden; line-height: 0;\" class=\"mce_SELRES_start\"><\/span><\/iframe><\/p>\n<h3>Gi\u1edbi thi\u1ec7u<\/h3>\n<p>This hydraulic oil press uses a hydraulic cylinder to generate huge pressure in the press chamber to separate oil from the oil material. The grease is discharged from the gap between the pressing rod and the pressing ring. This hydraulic cold press offers high pressing efficiency, with a single press time ranging from 5 to 20 minutes (depending on the machine model and the weight of the raw material).<br \/>\nM\u00e1y \u00e9p d\u1ea7u c\u1ee7a ch\u00fang t\u00f4i c\u00f3 c\u00f4ng su\u1ea5t s\u1ea3n xu\u1ea5t m\u1ea1nh m\u1ebd v\u00e0 c\u00f3 th\u1ec3 s\u1ea3n xu\u1ea5t 95% d\u1ea7u c\u00e2y tr\u1ed3ng tr\u00ean th\u1ecb tr\u01b0\u1eddng. Cho d\u00f9 l\u00e0 \u0111\u1eadu ph\u1ed9ng, \u0111\u1eadu n\u00e0nh, h\u1ea1t c\u1ea3i d\u1ea7u hay c\u00e1c lo\u1ea1i d\u1ea7u c\u00e2y tr\u1ed3ng ph\u1ed5 bi\u1ebfn kh\u00e1c, m\u00e1y \u00e9p d\u1ea7u c\u1ee7a ch\u00fang t\u00f4i \u0111\u1ec1u c\u00f3 th\u1ec3 s\u1ea3n xu\u1ea5t hi\u1ec7u qu\u1ea3 v\u00e0 s\u1ea3n xu\u1ea5t d\u1ea7u th\u1ef1c v\u1eadt ch\u1ea5t l\u01b0\u1ee3ng cao.<br \/>\nThe oil press is equipped with a one-button start function, just press the button to start the machine. The oil pressing process can be easily started without complicated settings and adjustments. The machine complies with CE and ISO certification.<br \/>\n*C\u00e1c th\u00e0nh ph\u1ea7n c\u1ed1t l\u00f5i (\u0111\u1ed9ng c\u01a1, b\u00ecnh ch\u1ecbu \u00e1p su\u1ea5t, PLC, b\u00e1nh r\u0103ng, \u1ed5 tr\u1ee5c, \u0111\u1ed9ng c\u01a1, h\u1ed9p s\u1ed1) \u0111\u01b0\u1ee3c b\u1ea3o h\u00e0nh trong m\u1ed9t n\u0103m.<\/p>\n<p><img fetchpriority=\"high\" decoding=\"async\" class=\"alignnone size-full wp-image-2890\" src=\"https:\/\/smallagrimachinery.com\/wp-content\/uploads\/2025\/05\/Multifunctional-vertical-hydraulic-automatic-oil-press-details-Introduction-5.webp\" alt=\"\" width=\"750\" height=\"789\" srcset=\"https:\/\/smallagrimachinery.com\/wp-content\/uploads\/2025\/05\/Multifunctional-vertical-hydraulic-automatic-oil-press-details-Introduction-5.webp 750w, https:\/\/smallagrimachinery.com\/wp-content\/uploads\/2025\/05\/Multifunctional-vertical-hydraulic-automatic-oil-press-details-Introduction-5-475x500.webp 475w, https:\/\/smallagrimachinery.com\/wp-content\/uploads\/2025\/05\/Multifunctional-vertical-hydraulic-automatic-oil-press-details-Introduction-5-11x12.webp 11w, https:\/\/smallagrimachinery.com\/wp-content\/uploads\/2025\/05\/Multifunctional-vertical-hydraulic-automatic-oil-press-details-Introduction-5-700x736.webp 700w\" sizes=\"(max-width: 750px) 100vw, 750px\" \/> <img decoding=\"async\" class=\"alignnone size-full wp-image-2892\" src=\"https:\/\/smallagrimachinery.com\/wp-content\/uploads\/2025\/05\/Multifunctional-vertical-hydraulic-automatic-oil-press-details-Introduction-1.webp\" alt=\"\" width=\"750\" height=\"500\" srcset=\"https:\/\/smallagrimachinery.com\/wp-content\/uploads\/2025\/05\/Multifunctional-vertical-hydraulic-automatic-oil-press-details-Introduction-1.webp 750w, https:\/\/smallagrimachinery.com\/wp-content\/uploads\/2025\/05\/Multifunctional-vertical-hydraulic-automatic-oil-press-details-Introduction-1-500x333.webp 500w, https:\/\/smallagrimachinery.com\/wp-content\/uploads\/2025\/05\/Multifunctional-vertical-hydraulic-automatic-oil-press-details-Introduction-1-18x12.webp 18w, https:\/\/smallagrimachinery.com\/wp-content\/uploads\/2025\/05\/Multifunctional-vertical-hydraulic-automatic-oil-press-details-Introduction-1-700x467.webp 700w\" sizes=\"(max-width: 750px) 100vw, 750px\" \/><img decoding=\"async\" class=\"alignnone size-full wp-image-2893\" src=\"https:\/\/smallagrimachinery.com\/wp-content\/uploads\/2025\/05\/Multifunctional-vertical-hydraulic-automatic-oil-press-details-Introduction-2.webp\" alt=\"\" width=\"750\" height=\"747\" srcset=\"https:\/\/smallagrimachinery.com\/wp-content\/uploads\/2025\/05\/Multifunctional-vertical-hydraulic-automatic-oil-press-details-Introduction-2.webp 750w, https:\/\/smallagrimachinery.com\/wp-content\/uploads\/2025\/05\/Multifunctional-vertical-hydraulic-automatic-oil-press-details-Introduction-2-500x498.webp 500w, https:\/\/smallagrimachinery.com\/wp-content\/uploads\/2025\/05\/Multifunctional-vertical-hydraulic-automatic-oil-press-details-Introduction-2-150x150.webp 150w, https:\/\/smallagrimachinery.com\/wp-content\/uploads\/2025\/05\/Multifunctional-vertical-hydraulic-automatic-oil-press-details-Introduction-2-12x12.webp 12w, https:\/\/smallagrimachinery.com\/wp-content\/uploads\/2025\/05\/Multifunctional-vertical-hydraulic-automatic-oil-press-details-Introduction-2-300x300.webp 300w, https:\/\/smallagrimachinery.com\/wp-content\/uploads\/2025\/05\/Multifunctional-vertical-hydraulic-automatic-oil-press-details-Introduction-2-700x697.webp 700w, https:\/\/smallagrimachinery.com\/wp-content\/uploads\/2025\/05\/Multifunctional-vertical-hydraulic-automatic-oil-press-details-Introduction-2-100x100.webp 100w\" sizes=\"(max-width: 750px) 100vw, 750px\" \/> <img loading=\"lazy\" decoding=\"async\" class=\"alignnone size-full wp-image-2891\" src=\"https:\/\/smallagrimachinery.com\/wp-content\/uploads\/2025\/05\/Multifunctional-vertical-hydraulic-automatic-oil-press-details-Introduction-7.webp\" alt=\"\" width=\"750\" height=\"1120\" srcset=\"https:\/\/smallagrimachinery.com\/wp-content\/uploads\/2025\/05\/Multifunctional-vertical-hydraulic-automatic-oil-press-details-Introduction-7.webp 750w, https:\/\/smallagrimachinery.com\/wp-content\/uploads\/2025\/05\/Multifunctional-vertical-hydraulic-automatic-oil-press-details-Introduction-7-335x500.webp 335w, https:\/\/smallagrimachinery.com\/wp-content\/uploads\/2025\/05\/Multifunctional-vertical-hydraulic-automatic-oil-press-details-Introduction-7-8x12.webp 8w, https:\/\/smallagrimachinery.com\/wp-content\/uploads\/2025\/05\/Multifunctional-vertical-hydraulic-automatic-oil-press-details-Introduction-7-700x1045.webp 700w\" sizes=\"(max-width: 750px) 100vw, 750px\" \/> <img loading=\"lazy\" decoding=\"async\" class=\"alignnone size-full wp-image-2895\" src=\"https:\/\/smallagrimachinery.com\/wp-content\/uploads\/2025\/05\/Multifunctional-vertical-hydraulic-automatic-oil-press-details-Introduction-4.webp\" alt=\"\" width=\"750\" height=\"900\" srcset=\"https:\/\/smallagrimachinery.com\/wp-content\/uploads\/2025\/05\/Multifunctional-vertical-hydraulic-automatic-oil-press-details-Introduction-4.webp 750w, https:\/\/smallagrimachinery.com\/wp-content\/uploads\/2025\/05\/Multifunctional-vertical-hydraulic-automatic-oil-press-details-Introduction-4-417x500.webp 417w, https:\/\/smallagrimachinery.com\/wp-content\/uploads\/2025\/05\/Multifunctional-vertical-hydraulic-automatic-oil-press-details-Introduction-4-10x12.webp 10w, https:\/\/smallagrimachinery.com\/wp-content\/uploads\/2025\/05\/Multifunctional-vertical-hydraulic-automatic-oil-press-details-Introduction-4-700x840.webp 700w\" sizes=\"(max-width: 750px) 100vw, 750px\" \/> <img loading=\"lazy\" decoding=\"async\" class=\"alignnone size-full wp-image-2894\" src=\"https:\/\/smallagrimachinery.com\/wp-content\/uploads\/2025\/05\/Multifunctional-vertical-hydraulic-automatic-oil-press-details-Introduction-3.webp\" alt=\"\" width=\"750\" height=\"886\" srcset=\"https:\/\/smallagrimachinery.com\/wp-content\/uploads\/2025\/05\/Multifunctional-vertical-hydraulic-automatic-oil-press-details-Introduction-3.webp 750w, https:\/\/smallagrimachinery.com\/wp-content\/uploads\/2025\/05\/Multifunctional-vertical-hydraulic-automatic-oil-press-details-Introduction-3-423x500.webp 423w, https:\/\/smallagrimachinery.com\/wp-content\/uploads\/2025\/05\/Multifunctional-vertical-hydraulic-automatic-oil-press-details-Introduction-3-10x12.webp 10w, https:\/\/smallagrimachinery.com\/wp-content\/uploads\/2025\/05\/Multifunctional-vertical-hydraulic-automatic-oil-press-details-Introduction-3-700x827.webp 700w\" sizes=\"(max-width: 750px) 100vw, 750px\" \/><\/p>","protected":false},"excerpt":{"rendered":"<ul>\n<li><strong>D\u1ec5 d\u00e0ng v\u1eadn h\u00e0nh:<\/strong> Ch\u1ec9 c\u1ea7n m\u1ed9t n\u00fat b\u1ea5m l\u00e0 c\u00f3 th\u1ec3 \u00e9p t\u1ef1 \u0111\u1ed9ng, kh\u00f4ng c\u1ea7n ki\u1ebfn th\u1ee9c chuy\u00ean m\u00f4n, c\u00f3 th\u1ec3 \u00e9p d\u1ea7u t\u1eeb s\u1ed1 kh\u00f4ng.<\/li>\n<li><strong>Nhi\u1ec1u m\u00f4 h\u00ecnh:<\/strong> C\u00f3 nhi\u1ec1u m\u1eabu thi\u1ebft b\u1ecb \u00e9p d\u1ea7u kh\u00e1c nhau \u0111\u1ec3 ph\u00f9 h\u1ee3p v\u1edbi nhi\u1ec1u s\u1ea3n l\u01b0\u1ee3ng, c\u00f4ng su\u1ea5t v\u00e0 nhu c\u1ea7u c\u00e1 nh\u00e2n kh\u00e1c nhau.<\/li>\n<li><strong>\u00c9p n\u00f3ng v\u00e0 \u00e9p l\u1ea1nh hai l\u1ea7n:<\/strong> H\u1ed7 tr\u1ee3 c\u1ea3 ph\u01b0\u01a1ng ph\u00e1p \u00e9p n\u00f3ng v\u00e0 \u00e9p l\u1ea1nh, c\u00f3 th\u1ec3 \u0111\u1ea3m b\u1ea3o s\u1ea3n l\u01b0\u1ee3ng d\u1ea7u t\u1eeb c\u00e1c lo\u1ea1i c\u00e2y tr\u1ed3ng c\u00f3 nhi\u1ec1u d\u1ea7u v\u00e0 c\u0169ng c\u00f3 th\u1ec3 \u00e9p l\u1ea1nh trong c\u00e1c ho\u1ea1t \u0111\u1ed9ng \u00e9p d\u1ea7u c\u1ea7n gi\u1eef nguy\u00ean h\u01b0\u01a1ng v\u1ecb t\u1ef1 nhi\u00ean nh\u01b0 \u00f4 liu v\u00e0 b\u01a1.<\/li>\n<li><strong>C\u00f3 th\u1ec3 \u00e9p \u0111\u01b0\u1ee3c nhi\u1ec1u lo\u1ea1i c\u00e2y tr\u1ed3ng:<\/strong> c\u00f3 th\u1ec3 \u00e9p \u0111\u1eadu ph\u1ed9ng, \u0111\u1eadu n\u00e0nh, d\u1ea7u \u00f4 liu, h\u1ea1t c\u1ea3i d\u1ea7u, v\u1eebng, d\u1ea7u h\u00fang qu\u1ebf, h\u1ea1t lanh, h\u1ea1t h\u01b0\u1edbng d\u01b0\u01a1ng, qu\u1ea3 \u00f3c ch\u00f3, h\u1ea1t c\u1ecd, h\u1ea1nh nh\u00e2n, h\u1ea1t h\u01b0\u1edbng d\u01b0\u01a1ng, h\u1ea1t tr\u1ea9u, h\u1ea1t th\u00f4ng, b\u01a1, d\u1eeba v\u00e0 c\u00e1c lo\u1ea1i c\u00e2y tr\u1ed3ng kh\u00e1c, t\u1ea1o ra m\u1ed9t chi\u1ebfc m\u00e1y ph\u1ee5c v\u1ee5 nhi\u1ec1u m\u1ee5c \u0111\u00edch s\u1eed d\u1ee5ng.<\/li>\n<\/ul>","protected":false},"featured_media":2885,"comment_status":"open","ping_status":"closed","template":"","meta":[],"product_brand":[],"product_cat":[25],"product_tag":[27],"class_list":{"0":"post-2882","1":"product","2":"type-product","3":"status-publish","4":"has-post-thumbnail","6":"product_cat-oil-press-machine","7":"product_tag-hydraulic-oil-press-machine","9":"first","10":"instock","11":"taxable","12":"shipping-taxable","13":"product-type-simple"},"_links":{"self":[{"href":"https:\/\/smallagrimachinery.com\/vi\/wp-json\/wp\/v2\/product\/2882","targetHints":{"allow":["GET"]}}],"collection":[{"href":"https:\/\/smallagrimachinery.com\/vi\/wp-json\/wp\/v2\/product"}],"about":[{"href":"https:\/\/smallagrimachinery.com\/vi\/wp-json\/wp\/v2\/types\/product"}],"replies":[{"embeddable":true,"href":"https:\/\/smallagrimachinery.com\/vi\/wp-json\/wp\/v2\/comments?post=2882"}],"wp:featuredmedia":[{"embeddable":true,"href":"https:\/\/smallagrimachinery.com\/vi\/wp-json\/wp\/v2\/media\/2885"}],"wp:attachment":[{"href":"https:\/\/smallagrimachinery.com\/vi\/wp-json\/wp\/v2\/media?parent=2882"}],"wp:term":[{"taxonomy":"product_brand","embeddable":true,"href":"https:\/\/smallagrimachinery.com\/vi\/wp-json\/wp\/v2\/product_brand?post=2882"},{"taxonomy":"product_cat","embeddable":true,"href":"https:\/\/smallagrimachinery.com\/vi\/wp-json\/wp\/v2\/product_cat?post=2882"},{"taxonomy":"product_tag","embeddable":true,"href":"https:\/\/smallagrimachinery.com\/vi\/wp-json\/wp\/v2\/product_tag?post=2882"}],"curies":[{"name":"wp","href":"https:\/\/api.w.org\/{rel}","templated":true}]}}