{"id":2686,"date":"2025-05-12T14:52:42","date_gmt":"2025-05-12T14:52:42","guid":{"rendered":"https:\/\/smallagrimachinery.com\/?post_type=product&#038;p=2686"},"modified":"2025-11-18T06:48:30","modified_gmt":"2025-11-18T06:48:30","slug":"customized-spiral-temperature-controlled-oil-filter-integrated-oil-press-machine","status":"publish","type":"product","link":"https:\/\/smallagrimachinery.com\/vi\/product\/customized-spiral-temperature-controlled-oil-filter-integrated-oil-press-machine\/","title":{"rendered":"M\u00e1y \u00e9p d\u1ea7u t\u00edch h\u1ee3p b\u1ed9 l\u1ecdc d\u1ea7u \u0111i\u1ec1u khi\u1ec3n nhi\u1ec7t \u0111\u1ed9 xo\u1eafn \u1ed1c t\u00f9y ch\u1ec9nh"},"content":{"rendered":"<table>\n<tbody>\n<tr bgcolor=\"#123F53\">\n<th style=\"text-align: center;\" colspan=\"5\"><strong><span style=\"color: #fff;\">M\u00e1y \u00e9p d\u1ea7u t\u00edch h\u1ee3p b\u1ed9 l\u1ecdc d\u1ea7u \u0111i\u1ec1u khi\u1ec3n nhi\u1ec7t \u0111\u1ed9 xo\u1eafn \u1ed1c t\u00f9y ch\u1ec9nh<\/span><\/strong><\/th>\n<\/tr>\n<tr>\n<th>S\u1ed1 hi\u1ec7u m\u1eabu<\/th>\n<th>Capacity(KG\/H)<\/th>\n<th>Weight (Kg)<\/th>\n<th>Power(Kw)<\/th>\n<th>K\u00edch th\u01b0\u1edbc (mm)<\/th>\n<\/tr>\n<tr>\n<th>70<\/th>\n<td>40-70<\/td>\n<td>200<\/td>\n<td>3kW<\/td>\n<td>1100 \u00d7 800 \u00d7 1100 mm<\/td>\n<\/tr>\n<tr>\n<th>80<\/th>\n<td>80-150<\/td>\n<td>280<\/td>\n<td>4kW<\/td>\n<td>1200 \u00d7 900 \u00d7 1290 mm<\/td>\n<\/tr>\n<tr>\n<th>100<\/th>\n<td>150-220<\/td>\n<td>900<\/td>\n<td>7,5kW<\/td>\n<td>1800 \u00d7 1100 \u00d7 1500 mm<\/td>\n<\/tr>\n<tr>\n<th>125<\/th>\n<td>230-350<\/td>\n<td>1100<\/td>\n<td>15kW<\/td>\n<td>1900 \u00d7 1200 \u00d7 2000 mm<\/td>\n<\/tr>\n<tr>\n<th>130<\/th>\n<td>360-400<\/td>\n<td>1300<\/td>\n<td>22kW<\/td>\n<td>2100 \u00d7 1250 \u00d7 2000 mm<\/td>\n<\/tr>\n<tr>\n<th>150<\/th>\n<td>400-500<\/td>\n<td>1500<\/td>\n<td>30kW<\/td>\n<td>2400 \u00d7 1350 \u00d7 2200 mm<\/td>\n<\/tr>\n<tr>\n<th>200<\/th>\n<td>600-700<\/td>\n<td>2000<\/td>\n<td>37kW<\/td>\n<td>2900 \u00d7 1600 \u00d7 2200 mm<\/td>\n<\/tr>\n<\/tbody>\n<\/table>\n<table>\n<tbody>\n<tr bgcolor=\"#123F53\">\n<th style=\"text-align: center;\" colspan=\"5\"><strong><span style=\"color: #fff;\">M\u00e1y \u00e9p d\u1ea7u t\u00edch h\u1ee3p b\u1ed9 l\u1ecdc d\u1ea7u \u0111i\u1ec1u khi\u1ec3n nhi\u1ec7t \u0111\u1ed9 xo\u1eafn \u1ed1c t\u00f9y ch\u1ec9nh<\/span><\/strong><\/th>\n<\/tr>\n<tr>\n<th>S\u1ed1 hi\u1ec7u m\u1eabu<\/th>\n<th>\u0110\u01b0\u1eddng k\u00ednh v\u00edt<\/th>\n<th>T\u1ed1c \u0111\u1ed9 quay (v\u00f2ng\/ph\u00fat)<\/th>\n<th>Ngu\u1ed3n (M\u00e1y ch\u1ee7)<\/th>\n<th>K\u00edch th\u01b0\u1edbc (mm)<\/th>\n<\/tr>\n<tr>\n<th>40<\/th>\n<td>40mm<\/td>\n<td>47 v\u00f2ng\/ph\u00fat<\/td>\n<td>1,5kW<\/td>\n<td>850 \u00d7 480 \u00d7 750mm<\/td>\n<\/tr>\n<tr>\n<th>60<\/th>\n<td>60mm<\/td>\n<td>47 v\u00f2ng\/ph\u00fat<\/td>\n<td>2,2kW<\/td>\n<td>1020 \u00d7 720 \u00d7 798mm<\/td>\n<\/tr>\n<tr>\n<th>80<\/th>\n<td>80mm<\/td>\n<td>37 v\u00f2ng\/ph\u00fat<\/td>\n<td>4kW<\/td>\n<td>1700 \u00d7 1100 \u00d7 1600mm<\/td>\n<\/tr>\n<tr>\n<th>100<\/th>\n<td>100mm<\/td>\n<td>37 v\u00f2ng\/ph\u00fat<\/td>\n<td>7,5kW<\/td>\n<td>1900 \u00d7 1200 \u00d7 1600mm<\/td>\n<\/tr>\n<tr>\n<th>120<\/th>\n<td>120mm<\/td>\n<td>37 v\u00f2ng\/ph\u00fat<\/td>\n<td>11kW<\/td>\n<td>1900 \u00d7 1200 \u00d7 1600mm<\/td>\n<\/tr>\n<tr>\n<th>125<\/th>\n<td>125mm<\/td>\n<td>50 r\/min<\/td>\n<td>15kW<\/td>\n<td>2600 \u00d7 1300 \u00d7 2300mm<\/td>\n<\/tr>\n<tr>\n<th>130<\/th>\n<td>130mm<\/td>\n<td>50 r\/min<\/td>\n<td>22kW<\/td>\n<td>2700 \u00d7 1400 \u00d7 2450mm<\/td>\n<\/tr>\n<tr>\n<th>150<\/th>\n<td>150mm<\/td>\n<td>50 r\/min<\/td>\n<td>30kW<\/td>\n<td>2700 \u00d7 1400 \u00d7 2450mm<\/td>\n<\/tr>\n<tr>\n<th>180<\/th>\n<td>180mm<\/td>\n<td>72 r\/min<\/td>\n<td>30kW<\/td>\n<td>2900 \u00d7 2550 \u00d7 2250mm<\/td>\n<\/tr>\n<tr>\n<th>200<\/th>\n<td>200mm<\/td>\n<td>72 r\/min<\/td>\n<td>37kW<\/td>\n<td>3100 \u00d7 2550 \u00d7 2250mm<\/td>\n<\/tr>\n<\/tbody>\n<\/table>\n<p>*The above specifications are for reference only. The machine is constantly being upgraded, so the parameters may differ from the actual ones. Please understand.<br \/>\n*B\u1ea3o h\u00e0nh m\u1ed9t n\u0103m cho to\u00e0n b\u1ed9 m\u00e1y; bao b\u00ec b\u00ean trong b\u1eb1ng nh\u1ef1a + bao b\u00ec b\u00ean ngo\u00e0i b\u1eb1ng h\u1ed9p g\u1ed7 \u0111\u1ea3m b\u1ea3o an to\u00e0n khi v\u1eadn chuy\u1ec3n;<\/p>\n<div style=\"text-align: center;\"><iframe title=\"Video m\u00e1y \u00e9p d\u1ea7u\" src=\"https:\/\/www.youtube.com\/embed\/esuCv9BEdFU\" width=\"750\" height=\"500\" frameborder=\"0\" allowfullscreen=\"allowfullscreen\"><span data-mce-type=\"bookmark\" style=\"display: inline-block; width: 0px; overflow: hidden; line-height: 0;\" class=\"mce_SELRES_start\"><\/span><br \/>\n<\/iframe><\/div>\n<h3>Gi\u1edbi thi\u1ec7u<\/h3>\n<p>M\u00e1y \u00e9p d\u1ea7u t\u00edch h\u1ee3p b\u1ed9 l\u1ecdc d\u1ea7u v\u00e0 ki\u1ec3m so\u00e1t nhi\u1ec7t \u0111\u1ed9 xo\u1eafn \u1ed1c n\u00e0y do ch\u00fang t\u00f4i ph\u00e1t tri\u1ec3n k\u1ebft h\u1ee3p c\u00e1c ch\u1ee9c n\u0103ng \u00e9p l\u1ea1nh v\u00e0 \u00e9p n\u00f3ng \u0111\u1ec3 \u0111\u1ea3m b\u1ea3o s\u1ea3n l\u01b0\u1ee3ng d\u1ea7u t\u1ed1t nh\u1ea5t trong khi v\u1eabn gi\u1eef \u0111\u01b0\u1ee3c gi\u00e1 tr\u1ecb dinh d\u01b0\u1ee1ng c\u1ee7a d\u1ea7u. H\u1ec7 th\u1ed1ng ki\u1ec3m so\u00e1t nhi\u1ec7t \u0111\u1ed9 t\u00edch h\u1ee3p c\u00f3 th\u1ec3 \u0111\u01b0\u1ee3c \u0111i\u1ec1u ch\u1ec9nh ch\u00ednh x\u00e1c v\u00e0 ph\u00f9 h\u1ee3p v\u1edbi nhi\u1ec1u lo\u1ea1i h\u1ea1t c\u00f3 d\u1ea7u nh\u01b0 \u0111\u1eadu ph\u1ed9ng, \u0111\u1eadu n\u00e0nh, h\u1ea1t lanh, h\u1ea1t tr\u00e0, x\u01b0\u01a1ng r\u1ed3ng, d\u1eeba, h\u1ea1nh nh\u00e2n, h\u1ea1t c\u1ecd, h\u1ea1t h\u01b0\u1edbng d\u01b0\u01a1ng v\u00e0 v\u1eebng. Ngo\u00e0i ra, h\u1ec7 th\u1ed1ng l\u1ecdc n\u00e9n kh\u00ed t\u00edch h\u1ee3p \u0111\u1ea3m b\u1ea3o d\u1ea7u chi\u1ebft xu\u1ea5t tinh khi\u1ebft v\u00e0 kh\u00f4ng t\u00ec v\u1ebft v\u00e0 c\u00f3 th\u1ec3 \u0103n tr\u1ef1c ti\u1ebfp m\u00e0 kh\u00f4ng c\u1ea7n ch\u1ebf bi\u1ebfn th\u00eam.<\/p>\n<p>M\u00e1y \u0111\u01b0\u1ee3c l\u00e0m b\u1eb1ng th\u00e9p kh\u00f4ng g\u1ec9 c\u1ea5p th\u1ef1c ph\u1ea9m 316 \u0111\u1ec3 \u0111\u1ea3m b\u1ea3o \u0111\u1ed9 b\u1ec1n v\u00e0 v\u1ec7 sinh, \u0111i\u1ec1u n\u00e0y r\u1ea5t c\u1ea7n thi\u1ebft \u0111\u1ec3 duy tr\u00ec ch\u1ea5t l\u01b0\u1ee3ng d\u1ea7u. Giao di\u1ec7n th\u00e2n thi\u1ec7n v\u1edbi ng\u01b0\u1eddi d\u00f9ng gi\u00fap \u0111\u01a1n gi\u1ea3n h\u00f3a thao t\u00e1c, gi\u00fap ngay c\u1ea3 ng\u01b0\u1eddi m\u1edbi s\u1eed d\u1ee5ng m\u00e1y \u00e9p d\u1ea7u c\u0169ng c\u00f3 th\u1ec3 d\u1ec5 d\u00e0ng b\u1eaft \u0111\u1ea7u. Cho d\u00f9 b\u1ea1n l\u00e0 nh\u00e0 s\u1ea3n xu\u1ea5t quy m\u00f4 nh\u1ecf hay doanh nghi\u1ec7p quy m\u00f4 l\u1edbn, m\u00e1y n\u00e0y s\u1ebd \u0111\u00e1p \u1ee9ng nhu c\u1ea7u c\u1ee7a b\u1ea1n, mang l\u1ea1i hi\u1ec7u su\u1ea5t \u1ed5n \u0111\u1ecbnh v\u00e0 ho\u1ea1t \u0111\u1ed9ng hi\u1ec7u qu\u1ea3.<\/p>\n<p>Vi\u1ec7c \u0111\u01b0a m\u00e1y \u00e9p d\u1ea7u n\u00e0y v\u00e0o d\u00e2y chuy\u1ec1n s\u1ea3n xu\u1ea5t c\u1ee7a b\u1ea1n c\u00f3 ngh\u0129a l\u00e0 ph\u1ea3i \u0111\u1ea3m b\u1ea3o \u0111\u1ed9 tin c\u1eady, ch\u1ea5t l\u01b0\u1ee3ng v\u00e0 s\u1ef1 \u0111\u1ed5i m\u1edbi. \u0110\u00e2y kh\u00f4ng ch\u1ec9 l\u00e0 m\u1ed9t chi\u1ebfc m\u00e1y; m\u00e0 c\u00f2n l\u00e0 b\u01b0\u1edbc ti\u1ebfn t\u1edbi vi\u1ec7c t\u0103ng s\u1ea3n l\u01b0\u1ee3ng d\u1ea7u c\u1ee7a b\u1ea1n \u0111\u1ec3 \u0111\u00e1p \u1ee9ng c\u00e1c ti\u00eau chu\u1ea9n hi\u1ec7n \u0111\u1ea1i v\u00e0 k\u1ef3 v\u1ecdng c\u1ee7a ng\u01b0\u1eddi ti\u00eau d\u00f9ng.<\/p>\n<p><img fetchpriority=\"high\" decoding=\"async\" class=\"alignnone wp-image-2750\" src=\"https:\/\/smallagrimachinery.com\/wp-content\/uploads\/2025\/05\/Customized-spiral-temperature-controlled-oil-filter-integrated-oil-press-introduction-1.webp\" alt=\"\" width=\"427\" height=\"449\" srcset=\"https:\/\/smallagrimachinery.com\/wp-content\/uploads\/2025\/05\/Customized-spiral-temperature-controlled-oil-filter-integrated-oil-press-introduction-1.webp 750w, https:\/\/smallagrimachinery.com\/wp-content\/uploads\/2025\/05\/Customized-spiral-temperature-controlled-oil-filter-integrated-oil-press-introduction-1-475x500.webp 475w, https:\/\/smallagrimachinery.com\/wp-content\/uploads\/2025\/05\/Customized-spiral-temperature-controlled-oil-filter-integrated-oil-press-introduction-1-11x12.webp 11w, https:\/\/smallagrimachinery.com\/wp-content\/uploads\/2025\/05\/Customized-spiral-temperature-controlled-oil-filter-integrated-oil-press-introduction-1-700x736.webp 700w\" sizes=\"(max-width: 427px) 100vw, 427px\" \/> <img decoding=\"async\" class=\"alignnone wp-image-2752\" src=\"https:\/\/smallagrimachinery.com\/wp-content\/uploads\/2025\/05\/Customized-spiral-temperature-controlled-oil-filter-integrated-oil-press-introduction-2.webp\" alt=\"\" width=\"466\" height=\"445\" srcset=\"https:\/\/smallagrimachinery.com\/wp-content\/uploads\/2025\/05\/Customized-spiral-temperature-controlled-oil-filter-integrated-oil-press-introduction-2.webp 750w, https:\/\/smallagrimachinery.com\/wp-content\/uploads\/2025\/05\/Customized-spiral-temperature-controlled-oil-filter-integrated-oil-press-introduction-2-500x477.webp 500w, https:\/\/smallagrimachinery.com\/wp-content\/uploads\/2025\/05\/Customized-spiral-temperature-controlled-oil-filter-integrated-oil-press-introduction-2-13x12.webp 13w, https:\/\/smallagrimachinery.com\/wp-content\/uploads\/2025\/05\/Customized-spiral-temperature-controlled-oil-filter-integrated-oil-press-introduction-2-700x668.webp 700w\" sizes=\"(max-width: 466px) 100vw, 466px\" \/><br \/>\n<img decoding=\"async\" class=\"alignnone wp-image-2754\" src=\"https:\/\/smallagrimachinery.com\/wp-content\/uploads\/2025\/05\/Customized-spiral-temperature-controlled-oil-filter-integrated-oil-press-introduction-3.webp\" alt=\"\" width=\"448\" height=\"529\" srcset=\"https:\/\/smallagrimachinery.com\/wp-content\/uploads\/2025\/05\/Customized-spiral-temperature-controlled-oil-filter-integrated-oil-press-introduction-3.webp 750w, https:\/\/smallagrimachinery.com\/wp-content\/uploads\/2025\/05\/Customized-spiral-temperature-controlled-oil-filter-integrated-oil-press-introduction-3-423x500.webp 423w, https:\/\/smallagrimachinery.com\/wp-content\/uploads\/2025\/05\/Customized-spiral-temperature-controlled-oil-filter-integrated-oil-press-introduction-3-10x12.webp 10w, https:\/\/smallagrimachinery.com\/wp-content\/uploads\/2025\/05\/Customized-spiral-temperature-controlled-oil-filter-integrated-oil-press-introduction-3-700x827.webp 700w\" sizes=\"(max-width: 448px) 100vw, 448px\" \/> <img loading=\"lazy\" decoding=\"async\" class=\"alignnone wp-image-2755\" src=\"https:\/\/smallagrimachinery.com\/wp-content\/uploads\/2025\/05\/Customized-spiral-temperature-controlled-oil-filter-integrated-oil-press-introduction-4.webp\" alt=\"\" width=\"445\" height=\"529\" srcset=\"https:\/\/smallagrimachinery.com\/wp-content\/uploads\/2025\/05\/Customized-spiral-temperature-controlled-oil-filter-integrated-oil-press-introduction-4.webp 750w, https:\/\/smallagrimachinery.com\/wp-content\/uploads\/2025\/05\/Customized-spiral-temperature-controlled-oil-filter-integrated-oil-press-introduction-4-421x500.webp 421w, https:\/\/smallagrimachinery.com\/wp-content\/uploads\/2025\/05\/Customized-spiral-temperature-controlled-oil-filter-integrated-oil-press-introduction-4-10x12.webp 10w, https:\/\/smallagrimachinery.com\/wp-content\/uploads\/2025\/05\/Customized-spiral-temperature-controlled-oil-filter-integrated-oil-press-introduction-4-700x832.webp 700w\" sizes=\"(max-width: 445px) 100vw, 445px\" \/><br \/>\n<img loading=\"lazy\" decoding=\"async\" class=\"alignnone wp-image-2751\" src=\"https:\/\/smallagrimachinery.com\/wp-content\/uploads\/2025\/05\/Customized-spiral-temperature-controlled-oil-filter-integrated-oil-press-introduction-1-2.webp\" alt=\"\" width=\"451\" height=\"566\" srcset=\"https:\/\/smallagrimachinery.com\/wp-content\/uploads\/2025\/05\/Customized-spiral-temperature-controlled-oil-filter-integrated-oil-press-introduction-1-2.webp 750w, https:\/\/smallagrimachinery.com\/wp-content\/uploads\/2025\/05\/Customized-spiral-temperature-controlled-oil-filter-integrated-oil-press-introduction-1-2-398x500.webp 398w, https:\/\/smallagrimachinery.com\/wp-content\/uploads\/2025\/05\/Customized-spiral-temperature-controlled-oil-filter-integrated-oil-press-introduction-1-2-10x12.webp 10w, https:\/\/smallagrimachinery.com\/wp-content\/uploads\/2025\/05\/Customized-spiral-temperature-controlled-oil-filter-integrated-oil-press-introduction-1-2-700x879.webp 700w\" sizes=\"(max-width: 451px) 100vw, 451px\" \/> <img loading=\"lazy\" decoding=\"async\" class=\"alignnone wp-image-2753\" src=\"https:\/\/smallagrimachinery.com\/wp-content\/uploads\/2025\/05\/Customized-spiral-temperature-controlled-oil-filter-integrated-oil-press-introduction-2-2.webp\" alt=\"\" width=\"425\" height=\"570\" srcset=\"https:\/\/smallagrimachinery.com\/wp-content\/uploads\/2025\/05\/Customized-spiral-temperature-controlled-oil-filter-integrated-oil-press-introduction-2-2.webp 750w, https:\/\/smallagrimachinery.com\/wp-content\/uploads\/2025\/05\/Customized-spiral-temperature-controlled-oil-filter-integrated-oil-press-introduction-2-2-372x500.webp 372w, https:\/\/smallagrimachinery.com\/wp-content\/uploads\/2025\/05\/Customized-spiral-temperature-controlled-oil-filter-integrated-oil-press-introduction-2-2-9x12.webp 9w, https:\/\/smallagrimachinery.com\/wp-content\/uploads\/2025\/05\/Customized-spiral-temperature-controlled-oil-filter-integrated-oil-press-introduction-2-2-700x940.webp 700w\" sizes=\"(max-width: 425px) 100vw, 425px\" \/><\/p>","protected":false},"excerpt":{"rendered":"<ul>\n<li><strong>Nhi\u1ec1u m\u00f4 h\u00ecnh:<\/strong> C\u00f3 nhi\u1ec1u m\u1eabu thi\u1ebft b\u1ecb kh\u00e1c nhau \u0111\u1ec3 \u0111\u00e1p \u1ee9ng c\u00e1c y\u00eau c\u1ea7u s\u1ea3n xu\u1ea5t kh\u00e1c nhau;<\/li>\n<li><strong>Ki\u1ec3m so\u00e1t nhi\u1ec7t \u0111\u1ed9 t\u1ef1 \u0111\u1ed9ng:<\/strong> \u00c9p 4 giai \u0111o\u1ea1n + b\u1ed9 gia nhi\u1ec7t ki\u1ec3m so\u00e1t nhi\u1ec7t \u0111\u1ed9 \u0111\u1ec3 c\u1ea3i thi\u1ec7n s\u1ea3n l\u01b0\u1ee3ng d\u1ea7u v\u00e0 t\u1ef7 l\u1ec7 b\u00e1nh d\u1ea7u;<\/li>\n<li><strong>C\u1ea5u tr\u00fac b\u1ec1n v\u1eefng:<\/strong> Gang k\u1ebft c\u1ea5u \u0111\u1ea1t ti\u00eau chu\u1ea9n iOS, h\u1ed9p s\u1ed1 \u0111\u1eb7c bi\u1ec7t c\u00f3 t\u1ed1c \u0111\u1ed9 \u1ed5n \u0111\u1ecbnh, thanh th\u00e9p h\u1ee3p kim mangan cao v\u00e0 v\u00edt \u0111\u01b0\u1ee3c s\u1eed d\u1ee5ng l\u00e0m ch\u1ed1t k\u1ebft c\u1ea5u ch\u00ednh;<\/li>\n<li><strong>Th\u00edch nghi v\u1edbi nhi\u1ec1u lo\u1ea1i c\u00e2y tr\u1ed3ng:<\/strong> M\u00e1y c\u00f3 th\u1ec3 \u00e9p \u0111\u1eadu ph\u1ed9ng, \u0111\u1eadu n\u00e0nh, h\u1ea1t lanh, h\u1ea1t tr\u00e0, v\u1eebng, h\u1ea1t h\u01b0\u1edbng d\u01b0\u01a1ng, d\u1eeba, h\u1ea1nh nh\u00e2n, \u00f4 liu, qu\u1ea3 \u00f3c ch\u00f3 v\u00e0 c\u00e1c lo\u1ea1i c\u00e2y tr\u1ed3ng kh\u00e1c, th\u1ef1c hi\u1ec7n nhi\u1ec1u c\u00f4ng d\u1ee5ng tr\u00ean c\u00f9ng m\u1ed9t m\u00e1y;<\/li>\n<\/ul>","protected":false},"featured_media":2687,"comment_status":"open","ping_status":"closed","template":"","meta":[],"product_brand":[],"product_cat":[25],"product_tag":[26,29],"class_list":{"0":"post-2686","1":"product","2":"type-product","3":"status-publish","4":"has-post-thumbnail","6":"product_cat-oil-press-machine","7":"product_tag-screw-oil-press-machine","8":"product_tag-temperature-controlled-oil-filter-integrated-oil-press","10":"first","11":"instock","12":"taxable","13":"shipping-taxable","14":"product-type-simple"},"_links":{"self":[{"href":"https:\/\/smallagrimachinery.com\/vi\/wp-json\/wp\/v2\/product\/2686","targetHints":{"allow":["GET"]}}],"collection":[{"href":"https:\/\/smallagrimachinery.com\/vi\/wp-json\/wp\/v2\/product"}],"about":[{"href":"https:\/\/smallagrimachinery.com\/vi\/wp-json\/wp\/v2\/types\/product"}],"replies":[{"embeddable":true,"href":"https:\/\/smallagrimachinery.com\/vi\/wp-json\/wp\/v2\/comments?post=2686"}],"wp:featuredmedia":[{"embeddable":true,"href":"https:\/\/smallagrimachinery.com\/vi\/wp-json\/wp\/v2\/media\/2687"}],"wp:attachment":[{"href":"https:\/\/smallagrimachinery.com\/vi\/wp-json\/wp\/v2\/media?parent=2686"}],"wp:term":[{"taxonomy":"product_brand","embeddable":true,"href":"https:\/\/smallagrimachinery.com\/vi\/wp-json\/wp\/v2\/product_brand?post=2686"},{"taxonomy":"product_cat","embeddable":true,"href":"https:\/\/smallagrimachinery.com\/vi\/wp-json\/wp\/v2\/product_cat?post=2686"},{"taxonomy":"product_tag","embeddable":true,"href":"https:\/\/smallagrimachinery.com\/vi\/wp-json\/wp\/v2\/product_tag?post=2686"}],"curies":[{"name":"wp","href":"https:\/\/api.w.org\/{rel}","templated":true}]}}