{"id":2652,"date":"2025-05-11T09:50:43","date_gmt":"2025-05-11T09:50:43","guid":{"rendered":"https:\/\/smallagrimachinery.com\/?post_type=product&#038;p=2652"},"modified":"2025-06-04T15:08:32","modified_gmt":"2025-06-04T15:08:32","slug":"electric-temperature-screw-oil-press-oil-filter-all-in-one-machine","status":"publish","type":"product","link":"https:\/\/smallagrimachinery.com\/vi\/product\/electric-temperature-screw-oil-press-oil-filter-all-in-one-machine\/","title":{"rendered":"M\u00e1y \u00e9p d\u1ea7u tr\u1ee5c v\u00edt \u0111i\u1ec1u khi\u1ec3n nhi\u1ec7t \u0111\u1ed9 b\u1eb1ng \u0111i\u1ec7n, m\u00e1y l\u1ecdc d\u1ea7u th\u01b0\u01a1ng m\u1ea1i t\u1ea5t c\u1ea3 trong m\u1ed9t"},"content":{"rendered":"<table>\n<tbody>\n<tr bgcolor=\"#123F53\">\n<th style=\"text-align: center;\" colspan=\"5\"><strong><span style=\"color: #fff;\">M\u00e1y \u00e9p d\u1ea7u tr\u1ee5c v\u00edt \u0111i\u1ec1u khi\u1ec3n nhi\u1ec7t \u0111\u1ed9 b\u1eb1ng \u0111i\u1ec7n l\u1ecdc d\u1ea7u t\u1ea5t c\u1ea3 trong m\u1ed9t<br \/>\n<\/span><\/strong><\/th>\n<\/tr>\n<tr>\n<th>S\u1ed1 hi\u1ec7u m\u1eabu<\/th>\n<th>80<\/th>\n<th>100<\/th>\n<th>125<\/th>\n<th>150<\/th>\n<\/tr>\n<tr>\n<th>\u0110\u01b0\u1eddng k\u00ednh khoan \u00e9p<\/th>\n<td>80mm<\/td>\n<td>100mm<\/td>\n<td>125mm<\/td>\n<td>150mm<\/td>\n<\/tr>\n<tr>\n<th>T\u1ed1c \u0111\u1ed9 tr\u1ee5c v\u00edt<\/th>\n<td>63 v\u00f2ng\/ph\u00fat<\/td>\n<td>43 v\u00f2ng\/ph\u00fat<\/td>\n<td>36 v\u00f2ng\/ph\u00fat<\/td>\n<td>33\u201342 v\u00f2ng\/ph\u00fat<\/td>\n<\/tr>\n<tr>\n<th>Quy\u1ec1n l\u1ef1c<\/th>\n<td>5,5kW<\/td>\n<td>7,5kW<\/td>\n<td>11kW<\/td>\n<td>15kW<\/td>\n<\/tr>\n<tr>\n<th>Dung t\u00edch<\/th>\n<td>80\u2013150 kg\/gi\u1edd<\/td>\n<td>150\u2013250 kg\/gi\u1edd<\/td>\n<td>250\u2013350 kg\/gi\u1edd<\/td>\n<td>300\u2013450 kg\/gi\u1edd<\/td>\n<\/tr>\n<tr>\n<th>C\u00e2n n\u1eb7ng<\/th>\n<td>830kg<\/td>\n<td>1100kg<\/td>\n<td>1150kg<\/td>\n<td>1950kg<\/td>\n<\/tr>\n<tr>\n<th>K\u00edch th\u01b0\u1edbc<\/th>\n<td>1650 \u00d7 1440 \u00d7 1700mm<\/td>\n<td>1960 \u00d7 1630 \u00d7 1900mm<\/td>\n<td>2100 \u00d7 1680 \u00d7 1900mm<\/td>\n<td>2380 \u00d7 1850 \u00d7 2000mm<\/td>\n<\/tr>\n<\/tbody>\n<\/table>\n<p>*B\u1ea3o h\u00e0nh m\u1ed9t n\u0103m cho to\u00e0n b\u1ed9 m\u00e1y; bao b\u00ec b\u00ean trong b\u1eb1ng nh\u1ef1a + bao b\u00ec b\u00ean ngo\u00e0i b\u1eb1ng h\u1ed9p g\u1ed7 \u0111\u1ea3m b\u1ea3o an to\u00e0n khi v\u1eadn chuy\u1ec3n;<\/p>\n<h3>Gi\u1edbi thi\u1ec7u<\/h3>\n<p>L\u00e0 m\u1ed9t chuy\u00ean gia d\u00e0y d\u1ea1n kinh nghi\u1ec7m trong ng\u00e0nh khai th\u00e1c d\u1ea7u, t\u00f4i hi\u1ec3u nh\u1eefng th\u00e1ch th\u1ee9c trong vi\u1ec7c c\u00e2n b\u1eb1ng hi\u1ec7u qu\u1ea3, ch\u1ea5t l\u01b0\u1ee3ng v\u00e0 \u0111\u1ed9 tin c\u1eady. M\u00e1y \u00e9p d\u1ea7u tr\u1ee5c v\u00edt \u0111i\u1ec1u khi\u1ec3n nhi\u1ec7t \u0111\u1ed9 \u0111i\u1ec7n v\u1edbi b\u1ed9 l\u1ecdc d\u1ea7u th\u01b0\u01a1ng m\u1ea1i t\u00edch h\u1ee3p cung c\u1ea5p gi\u1ea3i ph\u00e1p to\u00e0n di\u1ec7n cho nh\u1eefng th\u00e1ch th\u1ee9c n\u00e0y.<\/p>\n<p>M\u00e1y t\u1ea5t c\u1ea3 trong m\u1ed9t n\u00e0y k\u1ebft h\u1ee3p ki\u1ec3m so\u00e1t nhi\u1ec7t \u0111\u1ed9 t\u1ef1 \u0111\u1ed9ng v\u1edbi qu\u00e1 tr\u00ecnh l\u1ecdc ch\u00ednh x\u00e1c, \u0111\u1ea3m b\u1ea3o s\u1ea3n l\u01b0\u1ee3ng d\u1ea7u v\u00e0 \u0111\u1ed9 tinh khi\u1ebft t\u1ed1i \u01b0u. K\u1ebft c\u1ea5u th\u00e9p kh\u00f4ng g\u1ec9 ch\u1eafc ch\u1eafn v\u00e0 thi\u1ebft k\u1ebf ti\u1ebft ki\u1ec7m n\u0103ng l\u01b0\u1ee3ng gi\u00fap m\u00e1y ph\u00f9 h\u1ee3p \u0111\u1ec3 ch\u1ebf bi\u1ebfn nhi\u1ec1u lo\u1ea1i h\u1ea1t c\u00f3 d\u1ea7u, bao g\u1ed3m \u0111\u1eadu ph\u1ed9ng\/\u0111\u1eadu n\u00e0nh\/c\u1ecd\/d\u1eeba\/\u00f3c ch\u00f3\/h\u1ea1nh nh\u00e2n\/h\u1ea1t th\u00f4ng\/h\u1ea1t h\u01b0\u1edbng d\u01b0\u01a1ng\/h\u1ea1t c\u1ea3i d\u1ea7u\/h\u1ea1t v\u1eebng\/h\u1ea1t th\u1ea7u d\u1ea7u\/h\u1ea1t lanh\/h\u1ea1t tung\/h\u1ea1t m\u00f9 t\u1ea1t\/h\u1ea1t b\u00f4ng v\u00e0 c\u00e1c lo\u1ea1i h\u1ea1t c\u00f3 d\u1ea7u v\u00e0 c\u00e2y tr\u1ed3ng l\u1ea5y h\u1ea1t kh\u00e1c. V\u1edbi c\u00f4ng su\u1ea5t l\u00ean \u0111\u1ebfn 450 kg\/h v\u00e0 di\u1ec7n t\u00edch nh\u1ecf g\u1ecdn, m\u00e1y ph\u00f9 h\u1ee3p v\u1edbi c\u1ea3 c\u00e1c x\u01b0\u1edfng nh\u1ecf v\u00e0 c\u00e1c c\u01a1 s\u1edf s\u1ea3n xu\u1ea5t l\u1edbn h\u01a1n.<\/p>\n<p>\u0110i\u1ec3m kh\u00e1c bi\u1ec7t c\u1ee7a m\u00e1y n\u00e0y l\u00e0 giao di\u1ec7n th\u00e2n thi\u1ec7n v\u1edbi ng\u01b0\u1eddi d\u00f9ng v\u00e0 y\u00eau c\u1ea7u b\u1ea3o tr\u00ec th\u1ea5p, gi\u00fap gi\u1ea3m th\u1eddi gian ch\u1ebft v\u00e0 chi ph\u00ed v\u1eadn h\u00e0nh. Vi\u1ec7c t\u00edch h\u1ee3p c\u00e1c quy tr\u00ecnh \u00e9p v\u00e0 l\u1ecdc kh\u00f4ng ch\u1ec9 h\u1ee3p l\u00fd h\u00f3a s\u1ea3n xu\u1ea5t m\u00e0 c\u00f2n n\u00e2ng cao ch\u1ea5t l\u01b0\u1ee3ng s\u1ea3n ph\u1ea9m cu\u1ed1i c\u00f9ng. \u0110\u1ed1i v\u1edbi c\u00e1c doanh nghi\u1ec7p mu\u1ed1n c\u1ea3i thi\u1ec7n hi\u1ec7u qu\u1ea3 v\u00e0 ch\u1ea5t l\u01b0\u1ee3ng s\u1ea3n ph\u1ea9m, m\u00e1y n\u00e0y l\u00e0 m\u1ed9t kho\u1ea3n \u0111\u1ea7u t\u01b0 th\u00f4ng minh.<\/p>\n<div style=\"text-align:center;\">\n  <iframe width=\"750\" height=\"500\" src=\"https:\/\/www.youtube.com\/embed\/x9BgKm3Ribw\" \n    title=\"Video m\u00e1y \u00e9p d\u1ea7u\" frameborder=\"0\" \n    allow=\"accelerometer; autoplay; clipboard-write; encrypted-media; gyroscope; picture-in-picture; web-share\" \n    allowfullscreen><br \/>\n  <\/iframe>\n<\/div>\n<p><img fetchpriority=\"high\" decoding=\"async\" class=\"alignnone wp-image-2693\" src=\"https:\/\/smallagrimachinery.com\/wp-content\/uploads\/2025\/05\/Electric-temperature-controlled-screw-oil-press-commercial-oil-filter-all-in-one-machine-Detailed-display-1-\u62f7\u8d1d-303x500.webp\" alt=\"\" width=\"345\" height=\"570\" srcset=\"https:\/\/smallagrimachinery.com\/wp-content\/uploads\/2025\/05\/Electric-temperature-controlled-screw-oil-press-commercial-oil-filter-all-in-one-machine-Detailed-display-1-\u62f7\u8d1d-303x500.webp 303w, https:\/\/smallagrimachinery.com\/wp-content\/uploads\/2025\/05\/Electric-temperature-controlled-screw-oil-press-commercial-oil-filter-all-in-one-machine-Detailed-display-1-\u62f7\u8d1d-727x1200.webp 727w, https:\/\/smallagrimachinery.com\/wp-content\/uploads\/2025\/05\/Electric-temperature-controlled-screw-oil-press-commercial-oil-filter-all-in-one-machine-Detailed-display-1-\u62f7\u8d1d-7x12.webp 7w, https:\/\/smallagrimachinery.com\/wp-content\/uploads\/2025\/05\/Electric-temperature-controlled-screw-oil-press-commercial-oil-filter-all-in-one-machine-Detailed-display-1-\u62f7\u8d1d-700x1155.webp 700w, https:\/\/smallagrimachinery.com\/wp-content\/uploads\/2025\/05\/Electric-temperature-controlled-screw-oil-press-commercial-oil-filter-all-in-one-machine-Detailed-display-1-\u62f7\u8d1d.webp 750w\" sizes=\"(max-width: 345px) 100vw, 345px\" \/> <img decoding=\"async\" class=\"alignnone wp-image-2694\" src=\"https:\/\/smallagrimachinery.com\/wp-content\/uploads\/2025\/05\/Electric-temperature-controlled-screw-oil-press-commercial-oil-filter-all-in-one-machine-Detailed-display-2-\u62f7\u8d1d-500x500.webp\" alt=\"\" width=\"570\" height=\"570\" srcset=\"https:\/\/smallagrimachinery.com\/wp-content\/uploads\/2025\/05\/Electric-temperature-controlled-screw-oil-press-commercial-oil-filter-all-in-one-machine-Detailed-display-2-\u62f7\u8d1d-500x500.webp 500w, https:\/\/smallagrimachinery.com\/wp-content\/uploads\/2025\/05\/Electric-temperature-controlled-screw-oil-press-commercial-oil-filter-all-in-one-machine-Detailed-display-2-\u62f7\u8d1d-150x150.webp 150w, https:\/\/smallagrimachinery.com\/wp-content\/uploads\/2025\/05\/Electric-temperature-controlled-screw-oil-press-commercial-oil-filter-all-in-one-machine-Detailed-display-2-\u62f7\u8d1d-12x12.webp 12w, https:\/\/smallagrimachinery.com\/wp-content\/uploads\/2025\/05\/Electric-temperature-controlled-screw-oil-press-commercial-oil-filter-all-in-one-machine-Detailed-display-2-\u62f7\u8d1d-300x300.webp 300w, https:\/\/smallagrimachinery.com\/wp-content\/uploads\/2025\/05\/Electric-temperature-controlled-screw-oil-press-commercial-oil-filter-all-in-one-machine-Detailed-display-2-\u62f7\u8d1d-700x700.webp 700w, https:\/\/smallagrimachinery.com\/wp-content\/uploads\/2025\/05\/Electric-temperature-controlled-screw-oil-press-commercial-oil-filter-all-in-one-machine-Detailed-display-2-\u62f7\u8d1d-100x100.webp 100w, https:\/\/smallagrimachinery.com\/wp-content\/uploads\/2025\/05\/Electric-temperature-controlled-screw-oil-press-commercial-oil-filter-all-in-one-machine-Detailed-display-2-\u62f7\u8d1d.webp 750w\" sizes=\"(max-width: 570px) 100vw, 570px\" \/><\/p>\n<p><img decoding=\"async\" class=\"alignnone wp-image-2695\" src=\"https:\/\/smallagrimachinery.com\/wp-content\/uploads\/2025\/05\/Electric-temperature-controlled-screw-oil-press-commercial-oil-filter-all-in-one-machine-Detailed-display-3-\u62f7\u8d1d-425x500.webp\" alt=\"\" width=\"387\" height=\"455\" srcset=\"https:\/\/smallagrimachinery.com\/wp-content\/uploads\/2025\/05\/Electric-temperature-controlled-screw-oil-press-commercial-oil-filter-all-in-one-machine-Detailed-display-3-\u62f7\u8d1d-425x500.webp 425w, https:\/\/smallagrimachinery.com\/wp-content\/uploads\/2025\/05\/Electric-temperature-controlled-screw-oil-press-commercial-oil-filter-all-in-one-machine-Detailed-display-3-\u62f7\u8d1d-10x12.webp 10w, https:\/\/smallagrimachinery.com\/wp-content\/uploads\/2025\/05\/Electric-temperature-controlled-screw-oil-press-commercial-oil-filter-all-in-one-machine-Detailed-display-3-\u62f7\u8d1d-700x824.webp 700w, https:\/\/smallagrimachinery.com\/wp-content\/uploads\/2025\/05\/Electric-temperature-controlled-screw-oil-press-commercial-oil-filter-all-in-one-machine-Detailed-display-3-\u62f7\u8d1d.webp 750w\" sizes=\"(max-width: 387px) 100vw, 387px\" \/> <img loading=\"lazy\" decoding=\"async\" class=\"alignnone wp-image-2696\" src=\"https:\/\/smallagrimachinery.com\/wp-content\/uploads\/2025\/05\/Electric-temperature-controlled-screw-oil-press-commercial-oil-filter-all-in-one-machine-Detailed-display-4-\u62f7\u8d1d-500x429.webp\" alt=\"\" width=\"528\" height=\"453\" srcset=\"https:\/\/smallagrimachinery.com\/wp-content\/uploads\/2025\/05\/Electric-temperature-controlled-screw-oil-press-commercial-oil-filter-all-in-one-machine-Detailed-display-4-\u62f7\u8d1d-500x429.webp 500w, https:\/\/smallagrimachinery.com\/wp-content\/uploads\/2025\/05\/Electric-temperature-controlled-screw-oil-press-commercial-oil-filter-all-in-one-machine-Detailed-display-4-\u62f7\u8d1d-14x12.webp 14w, https:\/\/smallagrimachinery.com\/wp-content\/uploads\/2025\/05\/Electric-temperature-controlled-screw-oil-press-commercial-oil-filter-all-in-one-machine-Detailed-display-4-\u62f7\u8d1d-700x600.webp 700w, https:\/\/smallagrimachinery.com\/wp-content\/uploads\/2025\/05\/Electric-temperature-controlled-screw-oil-press-commercial-oil-filter-all-in-one-machine-Detailed-display-4-\u62f7\u8d1d.webp 750w\" sizes=\"(max-width: 528px) 100vw, 528px\" \/><\/p>","protected":false},"excerpt":{"rendered":"<ul>\n<li><strong>Nhi\u1ec1u m\u00f4 h\u00ecnh:<\/strong> C\u00f3 nhi\u1ec1u m\u1eabu m\u00e1y \u00e9p d\u1ea7u kh\u00e1c nhau \u0111\u1ec3 \u0111\u00e1p \u1ee9ng c\u00e1c y\u00eau c\u1ea7u s\u1ea3n xu\u1ea5t kh\u00e1c nhau;<\/li>\n<li><strong>Ki\u1ec3m so\u00e1t nhi\u1ec7t \u0111\u1ed9 t\u1ef1 \u0111\u1ed9ng:<\/strong> \u0110\u01b0\u1ee3c trang b\u1ecb b\u1ed9 ph\u1eadn gia nhi\u1ec7t c\u00f3 th\u1ec3 \u0111i\u1ec1u ch\u1ec9nh nhi\u1ec7t \u0111\u1ed9, nhi\u1ec7t \u0111\u1ed9 gia nhi\u1ec7t c\u00f3 th\u1ec3 \u0111\u01b0\u1ee3c \u0111i\u1ec1u ch\u1ec9nh theo nhu c\u1ea7u \u00e9p d\u1ea7u c\u1ee7a c\u00e2y tr\u1ed3ng \u0111\u1ec3 t\u0103ng s\u1ea3n l\u01b0\u1ee3ng d\u1ea7u;<\/li>\n<li><strong>L\u1ecdc ch\u00e2n kh\u00f4ng:<\/strong> \u0110\u01b0\u1ee3c trang b\u1ecb b\u1ed9 l\u1ecdc d\u1ea7u ch\u00e2n kh\u00f4ng, to\u00e0n b\u1ed9 qu\u00e1 tr\u00ecnh t\u1eeb \u00e9p d\u1ea7u \u0111\u1ebfn l\u1ecdc d\u1ea7u \u0111\u1ec1u \u0111\u01b0\u1ee3c ho\u00e0n thi\u1ec7n, ti\u1ebft ki\u1ec7m th\u1eddi gian v\u00e0 n\u0103ng l\u01b0\u1ee3ng;<\/li>\n<li><strong>Th\u00edch nghi v\u1edbi nhi\u1ec1u lo\u1ea1i c\u00e2y tr\u1ed3ng:<\/strong> M\u00e1y c\u00f3 th\u1ec3 \u00e9p \u0111\u1eadu ph\u1ed9ng, \u0111\u1eadu n\u00e0nh, h\u1ea1t v\u1eebng, h\u1ea1t d\u01b0a, d\u1eeba, \u00f3c ch\u00f3 v\u00e0 c\u00e1c lo\u1ea1i c\u00e2y tr\u1ed3ng kh\u00e1c, th\u1ef1c hi\u1ec7n nhi\u1ec1u c\u00f4ng d\u1ee5ng tr\u00ean c\u00f9ng m\u1ed9t m\u00e1y;<\/li>\n<\/ul>","protected":false},"featured_media":2653,"comment_status":"open","ping_status":"closed","template":"","meta":[],"product_brand":[],"product_cat":[25],"product_tag":[26,29],"class_list":{"0":"post-2652","1":"product","2":"type-product","3":"status-publish","4":"has-post-thumbnail","6":"product_cat-oil-press-machine","7":"product_tag-screw-oil-press-machine","8":"product_tag-temperature-controlled-oil-filter-integrated-oil-press","10":"first","11":"instock","12":"taxable","13":"shipping-taxable","14":"product-type-simple"},"_links":{"self":[{"href":"https:\/\/smallagrimachinery.com\/vi\/wp-json\/wp\/v2\/product\/2652","targetHints":{"allow":["GET"]}}],"collection":[{"href":"https:\/\/smallagrimachinery.com\/vi\/wp-json\/wp\/v2\/product"}],"about":[{"href":"https:\/\/smallagrimachinery.com\/vi\/wp-json\/wp\/v2\/types\/product"}],"replies":[{"embeddable":true,"href":"https:\/\/smallagrimachinery.com\/vi\/wp-json\/wp\/v2\/comments?post=2652"}],"wp:featuredmedia":[{"embeddable":true,"href":"https:\/\/smallagrimachinery.com\/vi\/wp-json\/wp\/v2\/media\/2653"}],"wp:attachment":[{"href":"https:\/\/smallagrimachinery.com\/vi\/wp-json\/wp\/v2\/media?parent=2652"}],"wp:term":[{"taxonomy":"product_brand","embeddable":true,"href":"https:\/\/smallagrimachinery.com\/vi\/wp-json\/wp\/v2\/product_brand?post=2652"},{"taxonomy":"product_cat","embeddable":true,"href":"https:\/\/smallagrimachinery.com\/vi\/wp-json\/wp\/v2\/product_cat?post=2652"},{"taxonomy":"product_tag","embeddable":true,"href":"https:\/\/smallagrimachinery.com\/vi\/wp-json\/wp\/v2\/product_tag?post=2652"}],"curies":[{"name":"wp","href":"https:\/\/api.w.org\/{rel}","templated":true}]}}